{"id":8822,"date":"2018-10-10T14:03:55","date_gmt":"2018-10-10T18:03:55","guid":{"rendered":"https:\/\/montreal-west.ca\/loisirs-et-culture\/activites-et-inscription-en-ligne\/youth\/"},"modified":"2025-08-13T13:16:10","modified_gmt":"2025-08-13T17:16:10","slug":"jeunes","status":"publish","type":"page","link":"https:\/\/montreal-ouest.ca\/fr\/loisirs-et-culture\/activites-et-inscription-en-ligne\/jeunes\/","title":{"rendered":"Jeunes"},"content":{"rendered":"\t\t<div data-elementor-type=\"wp-post\" data-elementor-id=\"8822\" class=\"elementor elementor-8822 elementor-5514\" data-elementor-post-type=\"page\">\n\t\t\t\t\t\t<section class=\"elementor-section elementor-top-section elementor-element elementor-element-0a99477 elementor-section-boxed elementor-section-height-default elementor-section-height-default\" data-id=\"0a99477\" data-element_type=\"section\" data-e-type=\"section\">\n\t\t\t\t\t\t<div class=\"elementor-container elementor-column-gap-default\">\n\t\t\t\t\t<div class=\"elementor-column elementor-col-100 elementor-top-column elementor-element elementor-element-5b9930a\" data-id=\"5b9930a\" data-element_type=\"column\" data-e-type=\"column\">\n\t\t\t<div class=\"elementor-widget-wrap elementor-element-populated\">\n\t\t\t\t\t\t<div class=\"elementor-element elementor-element-c49605e elementor-widget elementor-widget-text-editor\" data-id=\"c49605e\" data-element_type=\"widget\" data-e-type=\"widget\" data-widget_type=\"text-editor.default\">\n\t\t\t\t<div class=\"elementor-widget-container\">\n\t\t\t\t\t\t\t\t\t<h2>Programmes d&rsquo;automne 2025<\/h2><p>Les inscriptions h\u00e2tives pour nos programmes d&rsquo;automne d\u00e9butent bient\u00f4t !<\/p><ul><li>18 ao\u00fbt\u00a0: r\u00e9sidents de Montr\u00e9al-Ouest<\/li><li>19 ao\u00fbt\u00a0: r\u00e9sidents de C\u00f4te Saint-Luc et Hampstead<\/li><li>20 ao\u00fbt : tout le monde<\/li><\/ul><p>Inscrivez-vous <strong>avant le 29 ao\u00fbt<\/strong> pour profiter du tarif r\u00e9duit!<\/p><p><i class=\"fa fa-file-pdf-o\"><\/i> <a href=\"https:\/\/montreal-west.ca\/wp-content\/uploads\/2025\/08\/Programmation-automne-2025-Enfants.pdf\" target=\"_blank\" rel=\"noopener\">Consultez l&rsquo;horaire des cours<\/a><\/p><p><a href=\"https:\/\/app.amilia.com\/store\/en\/ville-de-montreal-ouest\/shop\/programs\">Visitez Amilia <\/a>pour les dates d&rsquo;inscription, les descriptions des programmes et les horaires.<\/p>\t\t\t\t\t\t\t\t<\/div>\n\t\t\t\t<\/div>\n\t\t\t\t<div class=\"elementor-element elementor-element-7f96db9 elementor-hidden-desktop elementor-hidden-tablet elementor-hidden-mobile elementor-widget elementor-widget-accordion\" data-id=\"7f96db9\" data-element_type=\"widget\" data-e-type=\"widget\" data-widget_type=\"accordion.default\">\n\t\t\t\t<div class=\"elementor-widget-container\">\n\t\t\t\t\t\n\t\t<div class=\"penega-accordion\">\n\t\t\t\t\t\t\t<div class=\"accordion-card\">\n\t\t\t\t\t<div class=\"accordion-header\" id=\"elementor-tab-title-0\">\n\t\t  \t\t        <button class=\"btn btn-link d-flex align-items-center justify-content-between collapsed\" data-toggle=\"collapse\" data-target=\"#elementor-tab-content-0\" aria-expanded=\"true\" aria-controls=\"elementor-tab-content-0\">\n\t\t\t\t\t\t\tPr\u00e9-ballet\t\t\t\t\t\t\t<img decoding=\"async\" src=\"https:\/\/montreal-ouest.ca\/wp-content\/themes\/penega\/images\/right-arrow.png\" alt=\"Right arrow\">\n\t\t\t\t\t\t<\/button>\n\t\t\t\t\t<\/div>\n\t\t\t\t\t<div id=\"elementor-tab-content-0\" class=\"collapse\" aria-labbeledby=\"elementor-tab-title-0\" data-parent=\".penega-accordion\">\n\t\t\t\t\t\t<div class=\"card-body\">\n\t\t\t\t\t\t\t<p>Les jeunes enfants sont initi\u00e9s au monde du ballet \u00e0 travers des chansons et des enseignants de l'imagination.<\/p><ul><li>3 \u00e0 4.5 ans<\/li><\/ul>\t\t\t\t\t\t<\/div>\n\t\t\t\t\t<\/div>\n\t\t\t\t<\/div>\n\t\t\t\t\t\t\t\t<div class=\"accordion-card\">\n\t\t\t\t\t<div class=\"accordion-header\" id=\"elementor-tab-title-1\">\n\t\t  \t\t        <button class=\"btn btn-link d-flex align-items-center justify-content-between collapsed\" data-toggle=\"collapse\" data-target=\"#elementor-tab-content-1\" aria-expanded=\"true\" aria-controls=\"elementor-tab-content-1\">\n\t\t\t\t\t\t\tBallet\t\t\t\t\t\t\t<img decoding=\"async\" src=\"https:\/\/montreal-ouest.ca\/wp-content\/themes\/penega\/images\/right-arrow.png\" alt=\"Right arrow\">\n\t\t\t\t\t\t<\/button>\n\t\t\t\t\t<\/div>\n\t\t\t\t\t<div id=\"elementor-tab-content-1\" class=\"collapse\" aria-labbeledby=\"elementor-tab-title-1\" data-parent=\".penega-accordion\">\n\t\t\t\t\t\t<div class=\"card-body\">\n\t\t\t\t\t\t\t<p>Un pas de plus dans les comp\u00e9tences de ballet ; l'accent est toujours mis sur l'exploration de la cr\u00e9ativit\u00e9 naturelle et de l'imagination tout en renfor\u00e7ant le corps et la posture par la technique.<\/p><ul><li>5-6 ans<\/li><li>7-8 ans<\/li><li>9 ans et plus<\/li><\/ul>\t\t\t\t\t\t<\/div>\n\t\t\t\t\t<\/div>\n\t\t\t\t<\/div>\n\t\t\t\t\t\t\t\t<div class=\"accordion-card\">\n\t\t\t\t\t<div class=\"accordion-header\" id=\"elementor-tab-title-2\">\n\t\t  \t\t        <button class=\"btn btn-link d-flex align-items-center justify-content-between collapsed\" data-toggle=\"collapse\" data-target=\"#elementor-tab-content-2\" aria-expanded=\"true\" aria-controls=\"elementor-tab-content-2\">\n\t\t\t\t\t\t\tCaptain Catalyst\t\t\t\t\t\t\t<img decoding=\"async\" src=\"https:\/\/montreal-ouest.ca\/wp-content\/themes\/penega\/images\/right-arrow.png\" alt=\"Right arrow\">\n\t\t\t\t\t\t<\/button>\n\t\t\t\t\t<\/div>\n\t\t\t\t\t<div id=\"elementor-tab-content-2\" class=\"collapse\" aria-labbeledby=\"elementor-tab-title-2\" data-parent=\".penega-accordion\">\n\t\t\t\t\t\t<div class=\"card-body\">\n\t\t\t\t\t\t\t<p>Les jeunes d\u00e9couvriront des exp\u00e9riences pratiques et des casse-t\u00eates stimulants qui explorent le monde scientifique.<\/p>\t\t\t\t\t\t<\/div>\n\t\t\t\t\t<\/div>\n\t\t\t\t<\/div>\n\t\t\t\t\t\t\t\t<div class=\"accordion-card\">\n\t\t\t\t\t<div class=\"accordion-header\" id=\"elementor-tab-title-3\">\n\t\t  \t\t        <button class=\"btn btn-link d-flex align-items-center justify-content-between collapsed\" data-toggle=\"collapse\" data-target=\"#elementor-tab-content-3\" aria-expanded=\"true\" aria-controls=\"elementor-tab-content-3\">\n\t\t\t\t\t\t\tCours Gardiens avertis de la Croix-Rouge\t\t\t\t\t\t\t<img decoding=\"async\" src=\"https:\/\/montreal-ouest.ca\/wp-content\/themes\/penega\/images\/right-arrow.png\" alt=\"Right arrow\">\n\t\t\t\t\t\t<\/button>\n\t\t\t\t\t<\/div>\n\t\t\t\t\t<div id=\"elementor-tab-content-3\" class=\"collapse\" aria-labbeledby=\"elementor-tab-title-3\" data-parent=\".penega-accordion\">\n\t\t\t\t\t\t<div class=\"card-body\">\n\t\t\t\t\t\t\t<p><span data-sheets-value=\"{&quot;1&quot;:2,&quot;2&quot;:&quot;Le cours Gardiens avertis destin\u00e9 aux jeunes de 11 \u00e0 15 ans couvre une vaste gamme de sujets, allant de la gestion des comportements difficiles aux comp\u00e9tences en leadership, en passant par ce que l\u2019on attend de la part des gardiennes et gardiens d\u2019enfants. \\n\\nLe cours approfondira et renforcera le sentiment de responsabilit\u00e9 que les jeunes ressentent lorsqu\u2019ils gardent des enfants. En s\u2019appuyant sur les derni\u00e8res donn\u00e9es scientifiques, les m\u00e9thodes p\u00e9dagogiques du nouveau programme ont \u00e9galement \u00e9t\u00e9 revues afin de faciliter l\u2019apprentissage des soins \u00e0 donner en cas d\u2019urgence. Les participants recevront un certificat de la Croix-Rouge canadienne apr\u00e8s avoir termin\u00e9 le cours. (Cours donn\u00e9 en anglais)&quot;}\" data-sheets-userformat=\"{&quot;2&quot;:15107,&quot;3&quot;:{&quot;1&quot;:0},&quot;4&quot;:{&quot;1&quot;:2,&quot;2&quot;:15389148},&quot;11&quot;:4,&quot;12&quot;:0,&quot;14&quot;:{&quot;1&quot;:2,&quot;2&quot;:3355443},&quot;15&quot;:&quot;Calibri&quot;,&quot;16&quot;:11}\">Le cours Gardiens avertis destin\u00e9 aux jeunes de 11 \u00e0 15 ans couvre une vaste gamme de sujets, allant de la gestion des comportements difficiles aux comp\u00e9tences en leadership, en passant par ce que l\u2019on attend de la part des gardiennes et gardiens d\u2019enfants. <\/span><\/p><p>Le cours approfondira et renforcera le sentiment de responsabilit\u00e9 que les jeunes ressentent lorsqu\u2019ils gardent des enfants. En s\u2019appuyant sur les derni\u00e8res donn\u00e9es scientifiques, les m\u00e9thodes p\u00e9dagogiques du nouveau programme ont \u00e9galement \u00e9t\u00e9 revues afin de faciliter l\u2019apprentissage des soins \u00e0 donner en cas d\u2019urgence. Les participants recevront un certificat de la Croix-Rouge canadienne apr\u00e8s avoir termin\u00e9 le cours. (Cours donn\u00e9 en anglais)<\/p>\t\t\t\t\t\t<\/div>\n\t\t\t\t\t<\/div>\n\t\t\t\t<\/div>\n\t\t\t\t\t\t\t\t<div class=\"accordion-card\">\n\t\t\t\t\t<div class=\"accordion-header\" id=\"elementor-tab-title-4\">\n\t\t  \t\t        <button class=\"btn btn-link d-flex align-items-center justify-content-between collapsed\" data-toggle=\"collapse\" data-target=\"#elementor-tab-content-4\" aria-expanded=\"true\" aria-controls=\"elementor-tab-content-4\">\n\t\t\t\t\t\t\tPr\u00eats \u00e0 rester seuls! de la Croix-Rouge\t\t\t\t\t\t\t<img decoding=\"async\" src=\"https:\/\/montreal-ouest.ca\/wp-content\/themes\/penega\/images\/right-arrow.png\" alt=\"Right arrow\">\n\t\t\t\t\t\t<\/button>\n\t\t\t\t\t<\/div>\n\t\t\t\t\t<div id=\"elementor-tab-content-4\" class=\"collapse\" aria-labbeledby=\"elementor-tab-title-4\" data-parent=\".penega-accordion\">\n\t\t\t\t\t\t<div class=\"card-body\">\n\t\t\t\t\t\t\t<p><span data-sheets-value=\"{&quot;1&quot;:2,&quot;2&quot;:&quot;Dans la vraie vie, m\u00eame les enfants peuvent \u00eatre amen\u00e9s \u00e0 intervenir lorsqu\u2019une situation d\u2019urgence survient. Le programme\u00a0Pr\u00eats \u00e0 rester seuls! vise \u00e0 doter les jeunes de comp\u00e9tences utiles et adapt\u00e9es \u00e0 leur \u00e2ge, tout en renfor\u00e7ant leur capacit\u00e9 \u00e0 assurer leur propre s\u00e9curit\u00e9. Les participants apprendront \u00e0 bien r\u00e9agir \u00e0 toutes sortes de sc\u00e9narios, que ce soit dans leur communaut\u00e9 ou \u00e0 la maison, et seront ainsi\u00a0Pr\u00eats \u00e0 rester seuls! (Cours donn\u00e9 en anglais)&quot;}\" data-sheets-userformat=\"{&quot;2&quot;:13247,&quot;3&quot;:{&quot;1&quot;:0},&quot;4&quot;:{&quot;1&quot;:2,&quot;2&quot;:14275305},&quot;5&quot;:{&quot;1&quot;:[{&quot;1&quot;:2,&quot;2&quot;:0,&quot;5&quot;:{&quot;1&quot;:2,&quot;2&quot;:0}},{&quot;1&quot;:0,&quot;2&quot;:0,&quot;3&quot;:3},{&quot;1&quot;:1,&quot;2&quot;:0,&quot;4&quot;:1}]},&quot;6&quot;:{&quot;1&quot;:[{&quot;1&quot;:2,&quot;2&quot;:0,&quot;5&quot;:{&quot;1&quot;:2,&quot;2&quot;:0}},{&quot;1&quot;:0,&quot;2&quot;:0,&quot;3&quot;:3},{&quot;1&quot;:1,&quot;2&quot;:0,&quot;4&quot;:1}]},&quot;7&quot;:{&quot;1&quot;:[{&quot;1&quot;:2,&quot;2&quot;:0,&quot;5&quot;:{&quot;1&quot;:2,&quot;2&quot;:0}},{&quot;1&quot;:0,&quot;2&quot;:0,&quot;3&quot;:3},{&quot;1&quot;:1,&quot;2&quot;:0,&quot;4&quot;:1}]},&quot;8&quot;:{&quot;1&quot;:[{&quot;1&quot;:2,&quot;2&quot;:0,&quot;5&quot;:{&quot;1&quot;:2,&quot;2&quot;:0}},{&quot;1&quot;:0,&quot;2&quot;:0,&quot;3&quot;:3},{&quot;1&quot;:1,&quot;2&quot;:0,&quot;4&quot;:1}]},&quot;10&quot;:1,&quot;11&quot;:4,&quot;12&quot;:0,&quot;15&quot;:&quot;Calibri&quot;,&quot;16&quot;:11}\">Dans la vraie vie, m\u00eame les enfants peuvent \u00eatre amen\u00e9s \u00e0 intervenir lorsqu\u2019une situation d\u2019urgence survient. Le programme\u00a0Pr\u00eats \u00e0 rester seuls! vise \u00e0 doter les jeunes de comp\u00e9tences utiles et adapt\u00e9es \u00e0 leur \u00e2ge, tout en renfor\u00e7ant leur capacit\u00e9 \u00e0 assurer leur propre s\u00e9curit\u00e9. Les participants apprendront \u00e0 bien r\u00e9agir \u00e0 toutes sortes de sc\u00e9narios, que ce soit dans leur communaut\u00e9 ou \u00e0 la maison, et seront ainsi\u00a0Pr\u00eats \u00e0 rester seuls! (Cours donn\u00e9 en anglais)<\/span><\/p>\t\t\t\t\t\t<\/div>\n\t\t\t\t\t<\/div>\n\t\t\t\t<\/div>\n\t\t\t\t\t\t\t\t<div class=\"accordion-card\">\n\t\t\t\t\t<div class=\"accordion-header\" id=\"elementor-tab-title-5\">\n\t\t  \t\t        <button class=\"btn btn-link d-flex align-items-center justify-content-between collapsed\" data-toggle=\"collapse\" data-target=\"#elementor-tab-content-5\" aria-expanded=\"true\" aria-controls=\"elementor-tab-content-5\">\n\t\t\t\t\t\t\tIntroduction \u00e0 Donjons et Dragons\t\t\t\t\t\t\t<img decoding=\"async\" src=\"https:\/\/montreal-ouest.ca\/wp-content\/themes\/penega\/images\/right-arrow.png\" alt=\"Right arrow\">\n\t\t\t\t\t\t<\/button>\n\t\t\t\t\t<\/div>\n\t\t\t\t\t<div id=\"elementor-tab-content-5\" class=\"collapse\" aria-labbeledby=\"elementor-tab-title-5\" data-parent=\".penega-accordion\">\n\t\t\t\t\t\t<div class=\"card-body\">\n\t\t\t\t\t\t\t<p>Donjons et Dragons est un jeu de r\u00f4le interactif, bas\u00e9 sur l\u2019imagination, qui encourage une approche cr\u00e9ative et collaborative de la r\u00e9solution de probl\u00e8mes. Inscrivez-vous d\u00e8s maintenant pour vivre des aventures fantastiques tout en nouant de v\u00e9ritables amiti\u00e9s durables.<\/p>\t\t\t\t\t\t<\/div>\n\t\t\t\t\t<\/div>\n\t\t\t\t<\/div>\n\t\t\t\t\t\t\t\t<div class=\"accordion-card\">\n\t\t\t\t\t<div class=\"accordion-header\" id=\"elementor-tab-title-6\">\n\t\t  \t\t        <button class=\"btn btn-link d-flex align-items-center justify-content-between collapsed\" data-toggle=\"collapse\" data-target=\"#elementor-tab-content-6\" aria-expanded=\"true\" aria-controls=\"elementor-tab-content-6\">\n\t\t\t\t\t\t\tIntroduction aux sports de raquette\t\t\t\t\t\t\t<img decoding=\"async\" src=\"https:\/\/montreal-ouest.ca\/wp-content\/themes\/penega\/images\/right-arrow.png\" alt=\"Right arrow\">\n\t\t\t\t\t\t<\/button>\n\t\t\t\t\t<\/div>\n\t\t\t\t\t<div id=\"elementor-tab-content-6\" class=\"collapse\" aria-labbeledby=\"elementor-tab-title-6\" data-parent=\".penega-accordion\">\n\t\t\t\t\t\t<div class=\"card-body\">\n\t\t\t\t\t\t\t<p>Introduire les participants aux comp\u00e9tences et connaissances de base associ\u00e9es \u00e0 la pratique de divers sports de raquette tels que le tennis, le badminton, le handball, le pickle ball, etc. Le but ultime de ce cours<br \/>est de fournir aux participants les connaissances et les comp\u00e9tences n\u00e9cessaires pour qu\u2019ils continuent \u00e0 pratiquer les sports de raquette tout au long de leur vie.<\/p>\t\t\t\t\t\t<\/div>\n\t\t\t\t\t<\/div>\n\t\t\t\t<\/div>\n\t\t\t\t\t\t\t\t<div class=\"accordion-card\">\n\t\t\t\t\t<div class=\"accordion-header\" id=\"elementor-tab-title-7\">\n\t\t  \t\t        <button class=\"btn btn-link d-flex align-items-center justify-content-between collapsed\" data-toggle=\"collapse\" data-target=\"#elementor-tab-content-7\" aria-expanded=\"true\" aria-controls=\"elementor-tab-content-7\">\n\t\t\t\t\t\t\tNOUVEAU ! Mini hip hop avec Sonja\t\t\t\t\t\t\t<img decoding=\"async\" src=\"https:\/\/montreal-ouest.ca\/wp-content\/themes\/penega\/images\/right-arrow.png\" alt=\"Right arrow\">\n\t\t\t\t\t\t<\/button>\n\t\t\t\t\t<\/div>\n\t\t\t\t\t<div id=\"elementor-tab-content-7\" class=\"collapse\" aria-labbeledby=\"elementor-tab-title-7\" data-parent=\".penega-accordion\">\n\t\t\t\t\t\t<div class=\"card-body\">\n\t\t\t\t\t\t\t<p>Sonja danse depuis 16 ans et enseigne depuis cinq ans. Vous la connaissez peut-\u00eatre de la piscine de Montr\u00e9al-Ouest o\u00f9 elle a travaill\u00e9 pendant cinq \u00e9t\u00e9s en tant qu'instructrice de natation et de plongeon. La danse est sa passion et elle est ravie de la partager avec vous !<\/p><p>Pour les 4 \u00e0 5 ans<\/p>\t\t\t\t\t\t<\/div>\n\t\t\t\t\t<\/div>\n\t\t\t\t<\/div>\n\t\t\t\t\t\t\t\t<div class=\"accordion-card\">\n\t\t\t\t\t<div class=\"accordion-header\" id=\"elementor-tab-title-8\">\n\t\t  \t\t        <button class=\"btn btn-link d-flex align-items-center justify-content-between collapsed\" data-toggle=\"collapse\" data-target=\"#elementor-tab-content-8\" aria-expanded=\"true\" aria-controls=\"elementor-tab-content-8\">\n\t\t\t\t\t\t\tNOUVEAU! Hip hop jazz avec Sonja\t\t\t\t\t\t\t<img decoding=\"async\" src=\"https:\/\/montreal-ouest.ca\/wp-content\/themes\/penega\/images\/right-arrow.png\" alt=\"Right arrow\">\n\t\t\t\t\t\t<\/button>\n\t\t\t\t\t<\/div>\n\t\t\t\t\t<div id=\"elementor-tab-content-8\" class=\"collapse\" aria-labbeledby=\"elementor-tab-title-8\" data-parent=\".penega-accordion\">\n\t\t\t\t\t\t<div class=\"card-body\">\n\t\t\t\t\t\t\t<p>Sonja danse depuis 16 ans et enseigne depuis cinq ans. Vous la connaissez peut-\u00eatre de la piscine de Montr\u00e9al-Ouest o\u00f9 elle a travaill\u00e9 pendant cinq \u00e9t\u00e9s en tant qu'instructrice de natation et de plongeon. La danse est sa passion et elle est ravie de la partager avec vous !<\/p><p>Pour les 5 \u00e0 7 ans.<\/p>\t\t\t\t\t\t<\/div>\n\t\t\t\t\t<\/div>\n\t\t\t\t<\/div>\n\t\t\t\t\t\t<\/div>\n\n\n\t\t\t\t\t\t<\/div>\n\t\t\t\t<\/div>\n\t\t\t\t<div class=\"elementor-element elementor-element-df0ea8e elementor-align-center elementor-widget elementor-widget-button\" data-id=\"df0ea8e\" data-element_type=\"widget\" data-e-type=\"widget\" data-widget_type=\"button.default\">\n\t\t\t\t<div class=\"elementor-widget-container\">\n\t\t\t\t\t\t\t\t\t<div class=\"elementor-button-wrapper\">\n\t\t\t\t\t<a class=\"elementor-button elementor-button-link elementor-size-lg\" href=\"https:\/\/www.amilia.com\/store\/fr\/ville-de-montreal-ouest\/shop\/programs\" target=\"_blank\">\n\t\t\t\t\t\t<span class=\"elementor-button-content-wrapper\">\n\t\t\t\t\t\t<span class=\"elementor-button-icon\">\n\t\t\t\t<i aria-hidden=\"true\" class=\"fas fa-external-link-alt\"><\/i>\t\t\t<\/span>\n\t\t\t\t\t\t\t\t\t<span class=\"elementor-button-text\">Inscriptions en ligne<\/span>\n\t\t\t\t\t<\/span>\n\t\t\t\t\t<\/a>\n\t\t\t\t<\/div>\n\t\t\t\t\t\t\t\t<\/div>\n\t\t\t\t<\/div>\n\t\t\t\t\t<\/div>\n\t\t<\/div>\n\t\t\t\t\t<\/div>\n\t\t<\/section>\n\t\t\t\t<\/div>\n\t\t","protected":false},"excerpt":{"rendered":"<p>Programmes d&rsquo;automne 2025 Les inscriptions h\u00e2tives pour nos programmes d&rsquo;automne d\u00e9butent bient\u00f4t ! 18 ao\u00fbt\u00a0: r\u00e9sidents de Montr\u00e9al-Ouest 19 ao\u00fbt\u00a0: r\u00e9sidents de C\u00f4te Saint-Luc et Hampstead 20 ao\u00fbt : tout le monde Inscrivez-vous avant le 29 ao\u00fbt pour [&hellip;]<\/p>\n","protected":false},"author":3,"featured_media":0,"parent":4349,"menu_order":0,"comment_status":"closed","ping_status":"closed","template":"","meta":{"_acf_changed":false,"footnotes":""},"tags":[203,184,195,202,201,198,199,197,194,190,200,196,182],"class_list":["post-8822","page","type-page","status-publish","hentry","tag-activites","tag-ballet","tag-bilingue","tag-capitaine-catalyst","tag-croix-rouge","tag-danse","tag-decouverte","tag-echecs","tag-gardiennage","tag-hip-hop","tag-jeux","tag-jeux-de-societe","tag-science"],"better_featured_image":null,"acf":{"header_image":{"ID":47771,"id":47771,"title":"action-activity-boy-296301","filename":"action-activity-boy-296301.png","filesize":"1088927","url":"https:\/\/montreal-ouest.ca\/wp-content\/uploads\/2022\/08\/action-activity-boy-296301.png","link":"https:\/\/montreal-ouest.ca\/fr\/loisirs-et-culture\/activites-et-inscription-en-ligne\/jeunes\/action-activity-boy-296301-2\/","alt":"","author":"3","description":"","caption":"","name":"action-activity-boy-296301-2","status":"inherit","uploaded_to":8822,"date":"2022-08-15 18:05:01","modified":"2022-08-15 18:05:01","menu_order":0,"mime_type":"image\/png","type":"image","subtype":"png","icon":"https:\/\/montreal-ouest.ca\/wp-includes\/images\/media\/default.png","width":2000,"height":1325,"sizes":{"thumbnail":"https:\/\/montreal-ouest.ca\/wp-content\/uploads\/2022\/08\/action-activity-boy-296301-285x285.png","thumbnail-width":285,"thumbnail-height":285,"medium":"https:\/\/montreal-ouest.ca\/wp-content\/uploads\/2022\/08\/action-activity-boy-296301-992x657.png","medium-width":992,"medium-height":657,"medium_large":"https:\/\/montreal-ouest.ca\/wp-content\/uploads\/2022\/08\/action-activity-boy-296301-768x509.png","medium_large-width":768,"medium_large-height":509,"large":"https:\/\/montreal-ouest.ca\/wp-content\/uploads\/2022\/08\/action-activity-boy-296301-1920x1272.png","large-width":1920,"large-height":1272,"1536x1536":"https:\/\/montreal-ouest.ca\/wp-content\/uploads\/2022\/08\/action-activity-boy-296301-1536x1018.png","1536x1536-width":1536,"1536x1536-height":1018,"2048x2048":"https:\/\/montreal-ouest.ca\/wp-content\/uploads\/2022\/08\/action-activity-boy-296301.png","2048x2048-width":2000,"2048x2048-height":1325}},"header_title":"","header_subtitle":"","sidebar_image":false,"event_types":false,"hide_sidebar":false},"publishpress_future_workflow_manual_trigger":{"enabledWorkflows":[]},"_links":{"self":[{"href":"https:\/\/montreal-ouest.ca\/fr\/wp-json\/wp\/v2\/pages\/8822","targetHints":{"allow":["GET"]}}],"collection":[{"href":"https:\/\/montreal-ouest.ca\/fr\/wp-json\/wp\/v2\/pages"}],"about":[{"href":"https:\/\/montreal-ouest.ca\/fr\/wp-json\/wp\/v2\/types\/page"}],"author":[{"embeddable":true,"href":"https:\/\/montreal-ouest.ca\/fr\/wp-json\/wp\/v2\/users\/3"}],"replies":[{"embeddable":true,"href":"https:\/\/montreal-ouest.ca\/fr\/wp-json\/wp\/v2\/comments?post=8822"}],"version-history":[{"count":0,"href":"https:\/\/montreal-ouest.ca\/fr\/wp-json\/wp\/v2\/pages\/8822\/revisions"}],"up":[{"embeddable":true,"href":"https:\/\/montreal-ouest.ca\/fr\/wp-json\/wp\/v2\/pages\/4349"}],"wp:attachment":[{"href":"https:\/\/montreal-ouest.ca\/fr\/wp-json\/wp\/v2\/media?parent=8822"}],"wp:term":[{"taxonomy":"post_tag","embeddable":true,"href":"https:\/\/montreal-ouest.ca\/fr\/wp-json\/wp\/v2\/tags?post=8822"}],"curies":[{"name":"wp","href":"https:\/\/api.w.org\/{rel}","templated":true}]}}