{"id":78637,"date":"2024-06-25T15:43:18","date_gmt":"2024-06-25T19:43:18","guid":{"rendered":"https:\/\/montreal-west.ca\/?page_id=78637"},"modified":"2024-06-25T15:49:53","modified_gmt":"2024-06-25T19:49:53","slug":"bon-voisinage","status":"publish","type":"page","link":"https:\/\/montreal-ouest.ca\/fr\/bon-voisinage\/","title":{"rendered":"Code du bon voisinage"},"content":{"rendered":"\t\t<div data-elementor-type=\"wp-page\" data-elementor-id=\"78637\" class=\"elementor elementor-78637 elementor-78627\" data-elementor-post-type=\"page\">\n\t\t\t\t\t\t<section class=\"elementor-section elementor-top-section elementor-element elementor-element-2598f4d elementor-section-boxed elementor-section-height-default elementor-section-height-default\" data-id=\"2598f4d\" data-element_type=\"section\" data-e-type=\"section\">\n\t\t\t\t\t\t<div class=\"elementor-container elementor-column-gap-default\">\n\t\t\t\t\t<div class=\"elementor-column elementor-col-100 elementor-top-column elementor-element elementor-element-f4ac785\" data-id=\"f4ac785\" data-element_type=\"column\" data-e-type=\"column\">\n\t\t\t<div class=\"elementor-widget-wrap elementor-element-populated\">\n\t\t\t\t\t\t<div class=\"elementor-element elementor-element-4b0820f elementor-widget elementor-widget-text-editor\" data-id=\"4b0820f\" data-element_type=\"widget\" data-e-type=\"widget\" data-widget_type=\"text-editor.default\">\n\t\t\t\t<div class=\"elementor-widget-container\">\n\t\t\t\t\t\t\t\t\t<p>L&rsquo;objectif du Code du bon voisinage est de promouvoir et de maintenir des relations harmonieuses entre les r\u00e9sidents, en mettant en avant plan la convivialit\u00e9, le respect mutuel et la coop\u00e9ration entre voisins.<\/p>\n<p><strong><u>Parlez-en avec vos voisins<\/u><\/strong><\/p>\n<p>Le fait d\u2019avoir une bonne communication avec nos voisins est essentiel pour favoriser un milieu de vie agr\u00e9able et harmonieux. En \u00e9tablissant des relations amicales et en \u00e9tant ouverts \u00e0 la communication, nous pouvons r\u00e9soudre les conflits de mani\u00e8re pacifique et trouver des solutions ensemble.<\/p>\n<p>Ceci est \u00e9galement essentiel pour construire des relations positives, renforcer le tissu social de notre communaut\u00e9 et garantir un environnement de vie s\u00e9curitaire, sain et agr\u00e9able pour tous.<\/p>\n<p><strong><u>Consultez les r\u00e8glements municipaux <\/u><\/strong><\/p>\n<p>Le fait de se renseigner et de consulter les <a href=\"https:\/\/montreal-west.ca\/fr\/services-aux-residents\/services-administratifs\/reglements-municipaux\/\">r\u00e8glements municipaux<\/a> peut s\u2019av\u00e9rer tr\u00e8s utile pour maintenir un bon voisinage et assurer une cohabitation harmonieuse. Ces r\u00e8glements \u00e9tablissent des normes claires concernant notamment le bruit, la gestion des d\u00e9chets et l&rsquo;entretien des propri\u00e9t\u00e9s. En nous familiarisant avec ces r\u00e8gles, nous pouvons \u00e9viter des malentendus avec nos voisins. En somme, \u00eatre inform\u00e9 et respecter les r\u00e8glements municipaux est un geste de civisme qui b\u00e9n\u00e9ficie \u00e0 l&rsquo;ensemble des r\u00e9sidents de Montr\u00e9al-Ouest.<\/p>\n<p>M\u00eame si votre voisin de confiance vous a communiqu\u00e9 des informations sur les permis et les r\u00e8glements municipaux, il est toujours pr\u00e9f\u00e9rable de faire vos propres recherches et de v\u00e9rifier par vous-m\u00eame les r\u00e8glements de la ville.<\/p>\n<p>Prendre ces mesures permet d&rsquo;obtenir les informations appropri\u00e9es concernant les travaux que vous voulez effectuer sur votre propri\u00e9t\u00e9, en vous assurant d&rsquo;avoir les permis et autorisations n\u00e9cessaires avant de commencer les travaux.<\/p>\n<p>\u00a0<\/p>\n<p><strong><u>Ressource suppl\u00e9mentaire<\/u><\/strong><\/p>\n<p>Voici les lignes directrices du minist\u00e8re de la Justice sur les <a href=\"https:\/\/www.quebec.ca\/habitation-territoire\/rapports-de-voisinage\">rapports de voisinage<\/a>.<\/p>\n<p><img fetchpriority=\"high\" decoding=\"async\" class=\"size-medium wp-image-78640 aligncenter\" src=\"https:\/\/montreal-west.ca\/wp-content\/uploads\/2024\/06\/Bon-Voisinage-p.-1-992x777.jpg\" alt=\"\" width=\"992\" height=\"777\" srcset=\"https:\/\/montreal-ouest.ca\/wp-content\/uploads\/2024\/06\/Bon-Voisinage-p.-1-992x777.jpg 992w, https:\/\/montreal-ouest.ca\/wp-content\/uploads\/2024\/06\/Bon-Voisinage-p.-1-768x601.jpg 768w, https:\/\/montreal-ouest.ca\/wp-content\/uploads\/2024\/06\/Bon-Voisinage-p.-1.jpg 1073w\" sizes=\"(max-width: 992px) 100vw, 992px\" \/> <img decoding=\"async\" class=\"size-medium wp-image-78642 aligncenter\" src=\"https:\/\/montreal-west.ca\/wp-content\/uploads\/2024\/06\/Bon-Voisinage-p.-2-992x778.jpg\" alt=\"\" width=\"992\" height=\"778\" srcset=\"https:\/\/montreal-ouest.ca\/wp-content\/uploads\/2024\/06\/Bon-Voisinage-p.-2-992x778.jpg 992w, https:\/\/montreal-ouest.ca\/wp-content\/uploads\/2024\/06\/Bon-Voisinage-p.-2-768x603.jpg 768w, https:\/\/montreal-ouest.ca\/wp-content\/uploads\/2024\/06\/Bon-Voisinage-p.-2.jpg 1072w\" sizes=\"(max-width: 992px) 100vw, 992px\" \/><\/p>\n<p>\u00a0<\/p>\n<p>\u00a0<\/p>\t\t\t\t\t\t\t\t<\/div>\n\t\t\t\t<\/div>\n\t\t\t\t\t<\/div>\n\t\t<\/div>\n\t\t\t\t\t<\/div>\n\t\t<\/section>\n\t\t\t\t<\/div>\n\t\t","protected":false},"excerpt":{"rendered":"<p>L&rsquo;objectif du Code du bon voisinage est de promouvoir et de maintenir des relations harmonieuses entre les r\u00e9sidents, en mettant en avant plan la convivialit\u00e9, le respect mutuel et la coop\u00e9ration entre voisins. Parlez-en avec vos voisins Le [&hellip;]<\/p>\n","protected":false},"author":24,"featured_media":0,"parent":0,"menu_order":0,"comment_status":"closed","ping_status":"closed","template":"","meta":{"_acf_changed":false,"footnotes":""},"tags":[],"class_list":["post-78637","page","type-page","status-publish","hentry"],"better_featured_image":null,"acf":{"header_image":false,"header_title":"","header_subtitle":"","sidebar_image":false,"hide_sidebar":false,"event_types":false},"publishpress_future_workflow_manual_trigger":{"enabledWorkflows":[]},"_links":{"self":[{"href":"https:\/\/montreal-ouest.ca\/fr\/wp-json\/wp\/v2\/pages\/78637","targetHints":{"allow":["GET"]}}],"collection":[{"href":"https:\/\/montreal-ouest.ca\/fr\/wp-json\/wp\/v2\/pages"}],"about":[{"href":"https:\/\/montreal-ouest.ca\/fr\/wp-json\/wp\/v2\/types\/page"}],"author":[{"embeddable":true,"href":"https:\/\/montreal-ouest.ca\/fr\/wp-json\/wp\/v2\/users\/24"}],"replies":[{"embeddable":true,"href":"https:\/\/montreal-ouest.ca\/fr\/wp-json\/wp\/v2\/comments?post=78637"}],"version-history":[{"count":0,"href":"https:\/\/montreal-ouest.ca\/fr\/wp-json\/wp\/v2\/pages\/78637\/revisions"}],"wp:attachment":[{"href":"https:\/\/montreal-ouest.ca\/fr\/wp-json\/wp\/v2\/media?parent=78637"}],"wp:term":[{"taxonomy":"post_tag","embeddable":true,"href":"https:\/\/montreal-ouest.ca\/fr\/wp-json\/wp\/v2\/tags?post=78637"}],"curies":[{"name":"wp","href":"https:\/\/api.w.org\/{rel}","templated":true}]}}