{"id":7464,"date":"2018-11-23T11:42:44","date_gmt":"2018-11-23T15:42:44","guid":{"rendered":"https:\/\/montreal-west.ca\/loisirs-et-culture\/community-life\/"},"modified":"2025-05-20T09:23:44","modified_gmt":"2025-05-20T13:23:44","slug":"vie-communautaire","status":"publish","type":"page","link":"https:\/\/montreal-ouest.ca\/fr\/loisirs-et-culture\/vie-communautaire\/","title":{"rendered":"Vie communautaire"},"content":{"rendered":"\t\t<div data-elementor-type=\"wp-post\" data-elementor-id=\"7464\" class=\"elementor elementor-7464 elementor-7375\" data-elementor-post-type=\"page\">\n\t\t\t\t\t\t<section class=\"elementor-section elementor-top-section elementor-element elementor-element-63d65a3 elementor-section-boxed elementor-section-height-default elementor-section-height-default\" data-id=\"63d65a3\" data-element_type=\"section\" data-e-type=\"section\">\n\t\t\t\t\t\t<div class=\"elementor-container elementor-column-gap-default\">\n\t\t\t\t\t<div class=\"elementor-column elementor-col-100 elementor-top-column elementor-element elementor-element-55a5f31\" data-id=\"55a5f31\" data-element_type=\"column\" data-e-type=\"column\">\n\t\t\t<div class=\"elementor-widget-wrap elementor-element-populated\">\n\t\t\t\t\t\t<div class=\"elementor-element elementor-element-7fd4869 elementor-widget elementor-widget-text-editor\" data-id=\"7fd4869\" data-element_type=\"widget\" data-e-type=\"widget\" data-widget_type=\"text-editor.default\">\n\t\t\t\t<div class=\"elementor-widget-container\">\n\t\t\t\t\t\t\t\t\t<p>La Ville de Montr\u00e9al-Ouest offre de nombreuses opportunit\u00e9s \u00e0 ses r\u00e9sidents de s&rsquo;impliquer dans leur communaut\u00e9.<\/p><ul><li style=\"list-style-type: none\"><ul><li><a href=\"https:\/\/montreal-west.ca\/fr\/loisirs-et-culture\/vie-communautaire\/organismes\/\">Organismes locaux<\/a><\/li><li><a href=\"https:\/\/montreal-west.ca\/fr\/loisirs-et-culture\/installations-et-parcs\/location-des-installations\/\">Location des installations<\/a><\/li><li><a href=\"https:\/\/montreal-west.ca\/fr\/loisirs-et-culture\/vie-communautaire\/benevolat\/\">B\u00e9n\u00e9volat<\/a><\/li><li><a href=\"https:\/\/montreal-west.ca\/fr\/loisirs-et-culture\/installations-et-parcs\/centre-sportif-et-recreatif\/\">Centre sportif et r\u00e9cr\u00e9atif 2.0<\/a><\/li><li><a href=\"https:\/\/montreal-west.ca\/fr\/loisirs-et-culture\/vie-communautaire\/club-60\/\">Club 60+<\/a><\/li><\/ul><\/li><\/ul><p>\u00a0<\/p>\t\t\t\t\t\t\t\t<\/div>\n\t\t\t\t<\/div>\n\t\t\t\t\t<\/div>\n\t\t<\/div>\n\t\t\t\t\t<\/div>\n\t\t<\/section>\n\t\t\t\t<\/div>\n\t\t","protected":false},"excerpt":{"rendered":"<p>La Ville de Montr\u00e9al-Ouest offre de nombreuses opportunit\u00e9s \u00e0 ses r\u00e9sidents de s&rsquo;impliquer dans leur communaut\u00e9. Organismes locaux Location des installations B\u00e9n\u00e9volat Centre sportif et r\u00e9cr\u00e9atif 2.0 Club 60+ \u00a0<\/p>\n","protected":false},"author":3,"featured_media":0,"parent":4336,"menu_order":2,"comment_status":"closed","ping_status":"closed","template":"","meta":{"_acf_changed":false,"footnotes":""},"tags":[],"class_list":["post-7464","page","type-page","status-publish","hentry"],"better_featured_image":null,"acf":{"header_image":{"ID":13820,"id":13820,"title":"action-activity-boy-296301","filename":"action-activity-boy-296301.jpg","filesize":4438650,"url":"https:\/\/montreal-ouest.ca\/wp-content\/uploads\/2019\/08\/action-activity-boy-296301.jpg","link":"https:\/\/montreal-ouest.ca\/fr\/loisirs-et-culture\/vie-communautaire\/action-activity-boy-296301\/","alt":"","author":"3","description":"","caption":"","name":"action-activity-boy-296301","status":"inherit","uploaded_to":7464,"date":"2019-08-22 15:10:38","modified":"2019-08-22 15:10:38","menu_order":0,"mime_type":"image\/jpeg","type":"image","subtype":"jpeg","icon":"https:\/\/montreal-ouest.ca\/wp-includes\/images\/media\/default.png","width":6144,"height":4069,"sizes":{"thumbnail":"https:\/\/montreal-ouest.ca\/wp-content\/uploads\/2019\/08\/action-activity-boy-296301-285x285.jpg","thumbnail-width":285,"thumbnail-height":285,"medium":"https:\/\/montreal-ouest.ca\/wp-content\/uploads\/2019\/08\/action-activity-boy-296301-992x657.jpg","medium-width":992,"medium-height":657,"medium_large":"https:\/\/montreal-ouest.ca\/wp-content\/uploads\/2019\/08\/action-activity-boy-296301-768x509.jpg","medium_large-width":768,"medium_large-height":509,"large":"https:\/\/montreal-ouest.ca\/wp-content\/uploads\/2019\/08\/action-activity-boy-296301-1920x1272.jpg","large-width":1920,"large-height":1272,"1536x1536":"https:\/\/montreal-ouest.ca\/wp-content\/uploads\/2019\/08\/action-activity-boy-296301.jpg","1536x1536-width":1536,"1536x1536-height":1017,"2048x2048":"https:\/\/montreal-ouest.ca\/wp-content\/uploads\/2019\/08\/action-activity-boy-296301.jpg","2048x2048-width":2048,"2048x2048-height":1356}},"header_title":"","header_subtitle":"","sidebar_image":false,"event_types":false,"hide_sidebar":false},"publishpress_future_workflow_manual_trigger":{"enabledWorkflows":[]},"_links":{"self":[{"href":"https:\/\/montreal-ouest.ca\/fr\/wp-json\/wp\/v2\/pages\/7464","targetHints":{"allow":["GET"]}}],"collection":[{"href":"https:\/\/montreal-ouest.ca\/fr\/wp-json\/wp\/v2\/pages"}],"about":[{"href":"https:\/\/montreal-ouest.ca\/fr\/wp-json\/wp\/v2\/types\/page"}],"author":[{"embeddable":true,"href":"https:\/\/montreal-ouest.ca\/fr\/wp-json\/wp\/v2\/users\/3"}],"replies":[{"embeddable":true,"href":"https:\/\/montreal-ouest.ca\/fr\/wp-json\/wp\/v2\/comments?post=7464"}],"version-history":[{"count":0,"href":"https:\/\/montreal-ouest.ca\/fr\/wp-json\/wp\/v2\/pages\/7464\/revisions"}],"up":[{"embeddable":true,"href":"https:\/\/montreal-ouest.ca\/fr\/wp-json\/wp\/v2\/pages\/4336"}],"wp:attachment":[{"href":"https:\/\/montreal-ouest.ca\/fr\/wp-json\/wp\/v2\/media?parent=7464"}],"wp:term":[{"taxonomy":"post_tag","embeddable":true,"href":"https:\/\/montreal-ouest.ca\/fr\/wp-json\/wp\/v2\/tags?post=7464"}],"curies":[{"name":"wp","href":"https:\/\/api.w.org\/{rel}","templated":true}]}}