{"id":50047,"date":"2022-10-31T16:32:05","date_gmt":"2022-10-31T20:32:05","guid":{"rendered":"https:\/\/montreal-west.ca\/?page_id=50047"},"modified":"2023-10-26T15:38:21","modified_gmt":"2023-10-26T19:38:21","slug":"revitalisation-de-lartere-commerciale-westminster","status":"publish","type":"page","link":"https:\/\/montreal-ouest.ca\/fr\/revitalisation-de-lartere-commerciale-westminster\/","title":{"rendered":"Revitalisation de l&rsquo;art\u00e8re commerciale Westminster"},"content":{"rendered":"\t\t<div data-elementor-type=\"wp-page\" data-elementor-id=\"50047\" class=\"elementor elementor-50047\" data-elementor-post-type=\"page\">\n\t\t\t\t\t\t<section class=\"elementor-section elementor-top-section elementor-element elementor-element-9be61f2 elementor-section-boxed elementor-section-height-default elementor-section-height-default\" data-id=\"9be61f2\" data-element_type=\"section\" data-e-type=\"section\">\n\t\t\t\t\t\t<div class=\"elementor-container elementor-column-gap-default\">\n\t\t\t\t\t<div class=\"elementor-column elementor-col-100 elementor-top-column elementor-element elementor-element-6ea46b1\" data-id=\"6ea46b1\" data-element_type=\"column\" data-e-type=\"column\">\n\t\t\t<div class=\"elementor-widget-wrap elementor-element-populated\">\n\t\t\t\t\t\t<div class=\"elementor-element elementor-element-d1742d7 elementor-widget elementor-widget-text-editor\" data-id=\"d1742d7\" data-element_type=\"widget\" data-e-type=\"widget\" data-widget_type=\"text-editor.default\">\n\t\t\t\t<div class=\"elementor-widget-container\">\n\t\t\t\t\t\t\t\t\t<h3>Dans le cadre du projet de revitalisation de Westminster, la Ville de Montr\u00e9al-Ouest et PME MTL Centre-Ouest annoncent le lancement de deux programmes d\u2019aide financi\u00e8re destin\u00e9 aux commer\u00e7ants pour promouvoir et revitaliser notre importante art\u00e8re commerciale.<\/h3><p>En effet, la Ville investira jusqu\u2019\u00e0 50 000$ dans le soutien de ses commerces locaux sur l\u2019avenue Westminster. Cette aide financi\u00e8re vous sera b\u00e9n\u00e9fique si vous pr\u00e9voyez r\u00e9aliser des travaux de r\u00e9novation de vos fa\u00e7ades commerciales, des travaux ext\u00e9rieurs d\u2019accessibilit\u00e9 universelle ou souhaitez profiter de cette belle opportunit\u00e9 pour remplacer votre enseigne.<\/p><p>Exp\u00e9riment\u00e9s et munis de connaissances approfondies, les experts de <a href=\"https:\/\/pmemtl.com\/centre-ouest\" target=\"_blank\" rel=\"noopener\">PME MTL Centre-Ouest<\/a> soutiennent les entreprises de commerce de d\u00e9tail dans l\u2019am\u00e9lioration de leur offre de service. Gr\u00e2ce au fonds Entrepreneuriat commercial, vous pourriez b\u00e9n\u00e9ficier d\u2019une subvention d\u2019un montant maximal de 25\u2009000 $. Sont admissibles au programme : les am\u00e9liorations locatives, l&rsquo;achat de nouveaux \u00e9quipements et l&rsquo;implantation de projets li\u00e9s au commerce \u00e9lectronique. Cette aide financi\u00e8re peut \u00eatre jumel\u00e9e \u00e0 celle offerte par la Ville de Montr\u00e9al-Ouest.<\/p>\t\t\t\t\t\t\t\t<\/div>\n\t\t\t\t<\/div>\n\t\t\t\t\t<\/div>\n\t\t<\/div>\n\t\t\t\t\t<\/div>\n\t\t<\/section>\n\t\t\t\t<section class=\"elementor-section elementor-top-section elementor-element elementor-element-5dcc677 elementor-section-boxed elementor-section-height-default elementor-section-height-default\" data-id=\"5dcc677\" data-element_type=\"section\" data-e-type=\"section\">\n\t\t\t\t\t\t<div class=\"elementor-container elementor-column-gap-default\">\n\t\t\t\t\t<div class=\"elementor-column elementor-col-100 elementor-top-column elementor-element elementor-element-e709711\" data-id=\"e709711\" data-element_type=\"column\" data-e-type=\"column\">\n\t\t\t<div class=\"elementor-widget-wrap elementor-element-populated\">\n\t\t\t\t\t\t<div class=\"elementor-element elementor-element-1f7b705 elementor-widget elementor-widget-toggle\" data-id=\"1f7b705\" data-element_type=\"widget\" data-e-type=\"widget\" data-widget_type=\"toggle.default\">\n\t\t\t\t<div class=\"elementor-widget-container\">\n\t\t\t\t\t\t\t<div class=\"elementor-toggle\">\n\t\t\t\t\t\t\t<div class=\"elementor-toggle-item\">\n\t\t\t\t\t<div id=\"elementor-tab-title-3301\" class=\"elementor-tab-title\" data-tab=\"1\" role=\"button\" aria-controls=\"elementor-tab-content-3301\" aria-expanded=\"false\">\n\t\t\t\t\t\t\t\t\t\t\t\t<span class=\"elementor-toggle-icon elementor-toggle-icon-left\" aria-hidden=\"true\">\n\t\t\t\t\t\t\t\t\t\t\t\t\t\t\t<span class=\"elementor-toggle-icon-closed\"><i class=\"fas fa-caret-right\"><\/i><\/span>\n\t\t\t\t\t\t\t\t<span class=\"elementor-toggle-icon-opened\"><i class=\"elementor-toggle-icon-opened fas fa-caret-up\"><\/i><\/span>\n\t\t\t\t\t\t\t\t\t\t\t\t\t<\/span>\n\t\t\t\t\t\t\t\t\t\t\t\t<a class=\"elementor-toggle-title\" tabindex=\"0\">D\u00e9tails du programme de la Ville de Montr\u00e9al-Ouest<\/a>\n\t\t\t\t\t<\/div>\n\n\t\t\t\t\t<div id=\"elementor-tab-content-3301\" class=\"elementor-tab-content elementor-clearfix\" data-tab=\"1\" role=\"region\" aria-labelledby=\"elementor-tab-title-3301\"><p>Les travaux admissibles \u00e0 une aide financi\u00e8re sont\u00a0:<\/p><ol><li>Travaux de restauration et de r\u00e9fection des fa\u00e7ades commerciales existantes afin d\u2019en am\u00e9liorer l\u2019apparence et la fonctionnalit\u00e9.<\/li><li>Les travaux r\u00e9alis\u00e9s sur les diff\u00e9rentes composantes d\u2019une fa\u00e7ade commerciale, notamment les ouvertures, les saillies, les corniches, les \u00e9l\u00e9ments d\u00e9coratifs, les escaliers et les surfaces destin\u00e9es \u00e0 une terrasse sise en fa\u00e7ade.<\/li><li>Le remplacement d\u2019une enseigne existante ou l\u2019installation d\u2019une nouvelle enseigne commerciale, y incluant sa structure de support.<\/li><li>Les travaux d\u2019accessibilit\u00e9 destin\u00e9s \u00e0 rendre accessible aux personnes handicap\u00e9es ou \u00e0 mobilit\u00e9 r\u00e9duite, un \u00e9tablissement commercial accueillant du public.<\/li><\/ol><p>Le secteur vis\u00e9 est l\u2019avenue Westminster entre le chemin Avon et l\u2019avenue Nelson (plus pr\u00e9cis\u00e9ment aux \u00e9tablissements commerciaux ayant leur adresse dans les zones MA-1, MA-3, MA-4, MA-5, MB-1 et MB-2.)<\/p><p><strong>Aide financi\u00e8re<\/strong><\/p><p>Une aide financi\u00e8re n\u2019est applicable que pour des travaux dont le co\u00fbt total (mat\u00e9riaux et main-d\u2019\u0153uvre) sera:<\/p><ol><li>d&rsquo;au moins 10 000$ pour la r\u00e9novation d&rsquo;une fa\u00e7ade commerciale;<\/li><li>d\u2019au moins 2 000$ pour le remplacement d&rsquo;une enseigne existante ou l\u2019installation d\u2019une nouvelle enseigne;<\/li><li>d\u2019au moins 1 000$ pour des travaux d\u2019accessibilit\u00e9 aux personnes handicap\u00e9es ou \u00e0 mobilit\u00e9 r\u00e9duite.<\/li><\/ol><p>Le montant maximal d\u2019aide financi\u00e8re par \u00e9tablissement est \u00e9tabli de la fa\u00e7on suivante:<\/p><table style=\"width: 100%;\"><tbody><tr><td style=\"width: 50%;\"><strong>Type de travaux<\/strong><\/td><td style=\"width: 50%;\"><strong>Montant maximal d\u2019aide financi\u00e8re<\/strong><\/td><\/tr><tr><td style=\"width: 50%;\">R\u00e9novation d&rsquo;une fa\u00e7ade commerciale<\/td><td style=\"width: 50%;\">15 000 $<\/td><\/tr><tr><td style=\"width: 50%;\">Remplacement d&rsquo;une enseigne existante ou installation d\u2019une nouvelle enseigne<\/td><td style=\"width: 50%;\">2\u00a0500 $<\/td><\/tr><tr><td style=\"width: 50%;\">Travaux d\u2019accessibilit\u00e9 aux personnes handicap\u00e9es ou \u00e0 mobilit\u00e9 r\u00e9duite<\/td><td style=\"width: 50%;\">2\u00a0500 $<\/td><\/tr><\/tbody><\/table><p>Les co\u00fbt admissibles comprennent\u00a0:<\/p><ol><li>le co\u00fbt de la main-d\u2019\u0153uvre et celui des mat\u00e9riaux;<\/li><li>les honoraires pour la pr\u00e9paration des plans et devis ainsi que les autres frais d\u2019expertise li\u00e9s \u00e0 la r\u00e9alisation des travaux admissibles;<\/li><li>les tarifs des permis et certificats exig\u00e9s par la Ville;<\/li><li>les taxes applicables.<\/li><\/ol><p>Un fonds d\u2019aide financi\u00e8re annuel d\u2019un montant total de 50\u00a0000$ est allou\u00e9 \u00e0 ce programme. Ce programme fonctionne sur la base du premier arriv\u00e9, premier servi et ce, jusqu\u2019\u00e0 l\u2019\u00e9puisement de ce fonds.<\/p><p><strong>Proc\u00e9dure \u00e0 suivre<\/strong><\/p><ol><li>T\u00e9l\u00e9charger et compl\u00e9ter la <a href=\"https:\/\/montreal-west.ca\/wp-content\/uploads\/2022\/11\/Programme-daide-financiere-Westminster-formulaire.pdf\" target=\"_blank\" rel=\"noopener\">demande d\u2019aide financi\u00e8re<\/a>.<\/li><li>S\u2019assurer de regrouper tous les documents requis et de les inclure \u00e0 votre demande.<\/li><li>Retourner la demande sign\u00e9e accompagn\u00e9e des documents requis.<\/li><\/ol><p>Tout projet de r\u00e9novation de fa\u00e7ade commerciale admissible, ainsi que le remplacement d\u2019une enseigne existante et l\u2019installation d\u2019une nouvelle enseigne admissible doivent au pr\u00e9alable faire l\u2019objet d\u2019une proc\u00e9dure de PIIA, se traduisant par une recommandation du CCU et une approbation par le conseil. Les travaux d\u2019accessibilit\u00e9 ne sont pas assujettis \u00e0 cette proc\u00e9dure.<\/p><p><i class=\"fa fa-file-pdf-o\"><\/i> <a href=\"https:\/\/montreal-west.ca\/wp-content\/uploads\/2022\/10\/Programme-daide-financiere-revitalisation-Westminster-Documentation-requise.pdf\" target=\"_blank\" rel=\"noopener\">Documentation requise lors des travaux<\/a><\/p><p><i class=\"fa fa-file-pdf-o\"><\/i> <a href=\"https:\/\/montreal-west.ca\/wp-content\/uploads\/2022\/11\/Programme-daide-financiere-Westminster-formulaire.pdf\" target=\"_blank\" rel=\"noopener\">Formulaire d&rsquo;aide financi\u00e8re<\/a><\/p><p>Consulter le\u00a0<a href=\"https:\/\/montreal-west.ca\/wp-content\/uploads\/2022\/11\/2020-003-commercial-revitalization-by-law.pdf\" target=\"_blank\" rel=\"noopener\"><em>R\u00e8glement concernant la cr\u00e9ation d\u2019un programme d\u2019aide financi\u00e8re pour la revitalisation des fa\u00e7ades et des enseignes commerciales et l\u2019accessibilit\u00e9 des commerces aux personnes handicap\u00e9es<\/em><\/a><em> pour plus de d\u00e9tails.<\/em><\/p><\/div>\n\t\t\t\t<\/div>\n\t\t\t\t\t\t\t<div class=\"elementor-toggle-item\">\n\t\t\t\t\t<div id=\"elementor-tab-title-3302\" class=\"elementor-tab-title\" data-tab=\"2\" role=\"button\" aria-controls=\"elementor-tab-content-3302\" aria-expanded=\"false\">\n\t\t\t\t\t\t\t\t\t\t\t\t<span class=\"elementor-toggle-icon elementor-toggle-icon-left\" aria-hidden=\"true\">\n\t\t\t\t\t\t\t\t\t\t\t\t\t\t\t<span class=\"elementor-toggle-icon-closed\"><i class=\"fas fa-caret-right\"><\/i><\/span>\n\t\t\t\t\t\t\t\t<span class=\"elementor-toggle-icon-opened\"><i class=\"elementor-toggle-icon-opened fas fa-caret-up\"><\/i><\/span>\n\t\t\t\t\t\t\t\t\t\t\t\t\t<\/span>\n\t\t\t\t\t\t\t\t\t\t\t\t<a class=\"elementor-toggle-title\" tabindex=\"0\">D\u00e9tails du concours de PME MTL Centre-Ouest<\/a>\n\t\t\t\t\t<\/div>\n\n\t\t\t\t\t<div id=\"elementor-tab-content-3302\" class=\"elementor-tab-content elementor-clearfix\" data-tab=\"2\" role=\"region\" aria-labelledby=\"elementor-tab-title-3302\"><p>PME MTL Centre-Ouest g\u00e8re des fonds d\u2019investissement vari\u00e9s et adapt\u00e9s aux besoins des entrepreneurs montr\u00e9alais dont le fonds entrepreneuriat commercial soutenant les commerces de d\u00e9tail.<\/p><h3>Aide financi\u00e8re<\/h3><p>Une subvention d\u2019un montant maximal de 25\u2009000 $ peut \u00eatre allou\u00e9e. Cette subvention ne peut d\u00e9passer 25 % du co\u00fbt total du projet d\u2019affaires.<\/p><h3>Entreprises admissibles<\/h3><p>Sont admissibles les entreprises dont le projet d\u2019affaires se situe dans l\u2019un des secteurs ou sous-secteurs d\u2019activit\u00e9 \u00e9conomique suivants, d\u00e9crits dans le Syst\u00e8me de classification des industries de l&rsquo;Am\u00e9rique du Nord (SCIAN) :<\/p><ul><li>les secteurs 44 et 45 (commerce de d\u00e9tail), \u00e0 l\u2019exception des sous-secteurs 441 (concessionnaires de v\u00e9hicules et de pi\u00e8ces automobiles) et 447 (stations-service) ;<\/li><li>le sous-secteur 722 (services de restauration et d\u00e9bits de boissons).<\/li><\/ul><h3>D\u00e9p\u00f4t d\u2019une demande<\/h3><p>Pour d\u00e9poser une demande de financement, veuillez contacter Guillaume Rivard-Lamy : <a href=\"mail&#116;&#111;&#58;&#103;&#114;&#105;&#118;&#x61;&#x72;&#x64;&#x6c;&#x61;&#x6d;&#x79;&#x40;&#x70;memt&#108;&#46;&#99;&#111;&#109;\">&#x67;r&#x69;&#118;a&#x72;&#100;&#x6c;&#x61;m&#x79;&#64;p&#x6d;&#101;&#x6d;&#116;l&#x2e;&#99;o&#x6d;<\/a>.<\/p><p><a href=\"https:\/\/pmemtl.com\/centre-ouest\/services\/financement\/prets-et-subventions\">\u00c0 noter que d\u2019autres programmes de financement, pouvant aller jusqu\u2019\u00e0 400 000$, sont disponibles.<\/a> \u00a0<\/p><\/div>\n\t\t\t\t<\/div>\n\t\t\t\t\t\t\t\t<\/div>\n\t\t\t\t\t\t<\/div>\n\t\t\t\t<\/div>\n\t\t\t\t\t<\/div>\n\t\t<\/div>\n\t\t\t\t\t<\/div>\n\t\t<\/section>\n\t\t\t\t<section class=\"elementor-section elementor-top-section elementor-element elementor-element-e5a2c4f elementor-section-boxed elementor-section-height-default elementor-section-height-default\" data-id=\"e5a2c4f\" data-element_type=\"section\" data-e-type=\"section\">\n\t\t\t\t\t\t<div class=\"elementor-container elementor-column-gap-default\">\n\t\t\t\t\t<div class=\"elementor-column elementor-col-50 elementor-top-column elementor-element elementor-element-84c7815\" data-id=\"84c7815\" data-element_type=\"column\" data-e-type=\"column\">\n\t\t\t<div class=\"elementor-widget-wrap elementor-element-populated\">\n\t\t\t\t\t\t<div class=\"elementor-element elementor-element-b5d9f1a elementor-widget elementor-widget-image\" data-id=\"b5d9f1a\" data-element_type=\"widget\" data-e-type=\"widget\" data-widget_type=\"image.default\">\n\t\t\t\t<div class=\"elementor-widget-container\">\n\t\t\t\t\t\t\t\t\t\t\t\t\t\t\t<img decoding=\"async\" src=\"https:\/\/montreal-west.ca\/wp-content\/uploads\/2022\/11\/logo-no-background-300-x-300-1.png\"  alt=\"\" loading=\"lazy\" \/>\t\t\t\t\t\t\t\t\t\t\t\t\t\t\t<\/div>\n\t\t\t\t<\/div>\n\t\t\t\t\t<\/div>\n\t\t<\/div>\n\t\t\t\t<div class=\"elementor-column elementor-col-50 elementor-top-column elementor-element elementor-element-52e7803\" data-id=\"52e7803\" data-element_type=\"column\" data-e-type=\"column\">\n\t\t\t<div class=\"elementor-widget-wrap elementor-element-populated\">\n\t\t\t\t\t\t<div class=\"elementor-element elementor-element-a70090c elementor-widget elementor-widget-image\" data-id=\"a70090c\" data-element_type=\"widget\" data-e-type=\"widget\" data-widget_type=\"image.default\">\n\t\t\t\t<div class=\"elementor-widget-container\">\n\t\t\t\t\t\t\t\t\t\t\t\t\t\t\t<img decoding=\"async\" src=\"https:\/\/montreal-west.ca\/wp-content\/uploads\/2022\/11\/PME-MTL-CentreOuest_FondBlanc_RGB.jpg\"  alt=\"\" loading=\"lazy\" \/>\t\t\t\t\t\t\t\t\t\t\t\t\t\t\t<\/div>\n\t\t\t\t<\/div>\n\t\t\t\t<div class=\"elementor-element elementor-element-e62680d elementor-widget elementor-widget-image\" data-id=\"e62680d\" data-element_type=\"widget\" data-e-type=\"widget\" data-widget_type=\"image.default\">\n\t\t\t\t<div class=\"elementor-widget-container\">\n\t\t\t\t\t\t\t\t\t\t\t\t\t\t\t<img decoding=\"async\" src=\"https:\/\/montreal-ouest.ca\/wp-content\/uploads\/elementor\/thumbs\/CentreOuest_FondBlanc_RGB-pxevil9lu7zmyg90ddbr689i92p9g67uf8808njvb8.jpg\"  alt=\"PME_CentreOuest_RGB_FondBlanc\" loading=\"lazy\" \/>\t\t\t\t\t\t\t\t\t\t\t\t\t\t\t<\/div>\n\t\t\t\t<\/div>\n\t\t\t\t\t<\/div>\n\t\t<\/div>\n\t\t\t\t\t<\/div>\n\t\t<\/section>\n\t\t\t\t<\/div>\n\t\t","protected":false},"excerpt":{"rendered":"<p>Dans le cadre du projet de revitalisation de Westminster, la Ville de Montr\u00e9al-Ouest et PME MTL Centre-Ouest annoncent le lancement de deux programmes d\u2019aide financi\u00e8re destin\u00e9 aux commer\u00e7ants pour promouvoir et revitaliser notre importante art\u00e8re commerciale. En effet, [&hellip;]<\/p>\n","protected":false},"author":3,"featured_media":0,"parent":0,"menu_order":0,"comment_status":"closed","ping_status":"closed","template":"","meta":{"_acf_changed":false,"footnotes":""},"tags":[],"class_list":["post-50047","page","type-page","status-publish","hentry"],"better_featured_image":null,"acf":{"event_types":false,"header_image":{"ID":12882,"id":12882,"title":"westminster-lights","filename":"westminster-lights.jpg","filesize":384280,"url":"https:\/\/montreal-ouest.ca\/wp-content\/uploads\/2019\/06\/westminster-lights.jpg","link":"https:\/\/montreal-ouest.ca\/fr\/notre-ville\/profil-et-histoire\/entreprises-locales\/westminster-lights-2\/","alt":"","author":"3","description":"","caption":"","name":"westminster-lights-2","status":"inherit","uploaded_to":4491,"date":"2019-06-25 17:41:17","modified":"2019-06-25 17:41:17","menu_order":0,"mime_type":"image\/jpeg","type":"image","subtype":"jpeg","icon":"https:\/\/montreal-ouest.ca\/wp-includes\/images\/media\/default.png","width":2430,"height":801,"sizes":{"thumbnail":"https:\/\/montreal-ouest.ca\/wp-content\/uploads\/2019\/06\/westminster-lights-285x285.jpg","thumbnail-width":285,"thumbnail-height":285,"medium":"https:\/\/montreal-ouest.ca\/wp-content\/uploads\/2019\/06\/westminster-lights-992x327.jpg","medium-width":992,"medium-height":327,"medium_large":"https:\/\/montreal-ouest.ca\/wp-content\/uploads\/2019\/06\/westminster-lights-768x253.jpg","medium_large-width":768,"medium_large-height":253,"large":"https:\/\/montreal-ouest.ca\/wp-content\/uploads\/2019\/06\/westminster-lights-1920x633.jpg","large-width":1920,"large-height":633,"1536x1536":"https:\/\/montreal-ouest.ca\/wp-content\/uploads\/2019\/06\/westminster-lights.jpg","1536x1536-width":1536,"1536x1536-height":506,"2048x2048":"https:\/\/montreal-ouest.ca\/wp-content\/uploads\/2019\/06\/westminster-lights.jpg","2048x2048-width":2048,"2048x2048-height":675}},"header_title":"","header_subtitle":"","sidebar_image":false,"hide_sidebar":false},"publishpress_future_workflow_manual_trigger":{"enabledWorkflows":[]},"_links":{"self":[{"href":"https:\/\/montreal-ouest.ca\/fr\/wp-json\/wp\/v2\/pages\/50047","targetHints":{"allow":["GET"]}}],"collection":[{"href":"https:\/\/montreal-ouest.ca\/fr\/wp-json\/wp\/v2\/pages"}],"about":[{"href":"https:\/\/montreal-ouest.ca\/fr\/wp-json\/wp\/v2\/types\/page"}],"author":[{"embeddable":true,"href":"https:\/\/montreal-ouest.ca\/fr\/wp-json\/wp\/v2\/users\/3"}],"replies":[{"embeddable":true,"href":"https:\/\/montreal-ouest.ca\/fr\/wp-json\/wp\/v2\/comments?post=50047"}],"version-history":[{"count":0,"href":"https:\/\/montreal-ouest.ca\/fr\/wp-json\/wp\/v2\/pages\/50047\/revisions"}],"wp:attachment":[{"href":"https:\/\/montreal-ouest.ca\/fr\/wp-json\/wp\/v2\/media?parent=50047"}],"wp:term":[{"taxonomy":"post_tag","embeddable":true,"href":"https:\/\/montreal-ouest.ca\/fr\/wp-json\/wp\/v2\/tags?post=50047"}],"curies":[{"name":"wp","href":"https:\/\/api.w.org\/{rel}","templated":true}]}}