{"id":47756,"date":"2022-08-15T10:25:11","date_gmt":"2022-08-15T14:25:11","guid":{"rendered":"https:\/\/montreal-west.ca\/loisirs-et-culture\/activites-et-inscription-en-ligne\/parent-and-child-classes\/"},"modified":"2025-08-13T13:15:48","modified_gmt":"2025-08-13T17:15:48","slug":"parents-enfants","status":"publish","type":"page","link":"https:\/\/montreal-ouest.ca\/fr\/loisirs-et-culture\/activites-et-inscription-en-ligne\/parents-enfants\/","title":{"rendered":"Parents-enfants"},"content":{"rendered":"\t\t<div data-elementor-type=\"wp-page\" data-elementor-id=\"47756\" class=\"elementor elementor-47756 elementor-47680\" data-elementor-post-type=\"page\">\n\t\t\t\t\t\t<section class=\"elementor-section elementor-top-section elementor-element elementor-element-7f47ebf elementor-section-boxed elementor-section-height-default elementor-section-height-default\" data-id=\"7f47ebf\" data-element_type=\"section\" data-e-type=\"section\">\n\t\t\t\t\t\t<div class=\"elementor-container elementor-column-gap-default\">\n\t\t\t\t\t<div class=\"elementor-column elementor-col-100 elementor-top-column elementor-element elementor-element-5572598\" data-id=\"5572598\" data-element_type=\"column\" data-e-type=\"column\">\n\t\t\t<div class=\"elementor-widget-wrap elementor-element-populated\">\n\t\t\t\t\t\t<div class=\"elementor-element elementor-element-5696b6f elementor-widget elementor-widget-text-editor\" data-id=\"5696b6f\" data-element_type=\"widget\" data-e-type=\"widget\" data-widget_type=\"text-editor.default\">\n\t\t\t\t<div class=\"elementor-widget-container\">\n\t\t\t\t\t\t\t\t\t<h2>Programmes d&rsquo;automne 2025<\/h2><p>Les inscriptions h\u00e2tives pour nos programmes d&rsquo;automne d\u00e9butent bient\u00f4t !<\/p><ul><li>18 ao\u00fbt\u00a0: r\u00e9sidents de Montr\u00e9al-Ouest<\/li><li>19 ao\u00fbt\u00a0: r\u00e9sidents de C\u00f4te Saint-Luc et Hampstead<\/li><li>20 ao\u00fbt : tout le monde<\/li><\/ul><p>Inscrivez-vous <strong>avant le 29 ao\u00fbt<\/strong> pour profiter du tarif r\u00e9duit!<\/p><p><i class=\"fa fa-file-pdf-o\"><\/i> <a href=\"https:\/\/montreal-west.ca\/wp-content\/uploads\/2025\/08\/Programmation-automne-2025-Enfants.pdf\" target=\"_blank\" rel=\"noopener\">Consultez l&rsquo;horaire des cours<\/a><\/p><p><a href=\"https:\/\/app.amilia.com\/store\/en\/ville-de-montreal-ouest\/shop\/programs\">Visitez Amilia <\/a>pour les dates d&rsquo;inscription, les descriptions des programmes et les horaires.<\/p>\t\t\t\t\t\t\t\t<\/div>\n\t\t\t\t<\/div>\n\t\t\t\t<div class=\"elementor-element elementor-element-ee00201 elementor-hidden-desktop elementor-hidden-tablet elementor-hidden-mobile elementor-widget elementor-widget-text-editor\" data-id=\"ee00201\" data-element_type=\"widget\" data-e-type=\"widget\" data-widget_type=\"text-editor.default\">\n\t\t\t\t<div class=\"elementor-widget-container\">\n\t\t\t\t\t\t\t\t\t<h2>Description des cours<\/h2>\t\t\t\t\t\t\t\t<\/div>\n\t\t\t\t<\/div>\n\t\t\t\t<div class=\"elementor-element elementor-element-fc7bb1a elementor-hidden-desktop elementor-hidden-tablet elementor-hidden-mobile elementor-widget elementor-widget-toggle\" data-id=\"fc7bb1a\" data-element_type=\"widget\" data-e-type=\"widget\" data-widget_type=\"toggle.default\">\n\t\t\t\t<div class=\"elementor-widget-container\">\n\t\t\t\t\t\t\t<div class=\"elementor-toggle\">\n\t\t\t\t\t\t\t<div class=\"elementor-toggle-item\">\n\t\t\t\t\t<div id=\"elementor-tab-title-2641\" class=\"elementor-tab-title\" data-tab=\"1\" role=\"button\" aria-controls=\"elementor-tab-content-2641\" aria-expanded=\"false\">\n\t\t\t\t\t\t\t\t\t\t\t\t<span class=\"elementor-toggle-icon elementor-toggle-icon-left\" aria-hidden=\"true\">\n\t\t\t\t\t\t\t\t\t\t\t\t\t\t\t<span class=\"elementor-toggle-icon-closed\"><i class=\"fas fa-caret-right\"><\/i><\/span>\n\t\t\t\t\t\t\t\t<span class=\"elementor-toggle-icon-opened\"><i class=\"elementor-toggle-icon-opened fas fa-caret-up\"><\/i><\/span>\n\t\t\t\t\t\t\t\t\t\t\t\t\t<\/span>\n\t\t\t\t\t\t\t\t\t\t\t\t<a class=\"elementor-toggle-title\" tabindex=\"0\">Musique avec Shawny<\/a>\n\t\t\t\t\t<\/div>\n\n\t\t\t\t\t<div id=\"elementor-tab-content-2641\" class=\"elementor-tab-content elementor-clearfix\" data-tab=\"1\" role=\"region\" aria-labelledby=\"elementor-tab-title-2641\"><p>Rejoignez l\u2019\u00e9ducateur local Shawny pour des sessions musicales hebdomadaires ! Son objectif est de cr\u00e9er de la musique amusante, entra\u00eenante et accessible aux enfants, tout en abordant des th\u00e8mes importants tels que la prise en charge de soi, l\u2019acceptation et la gentillesse envers les autres.<\/p><\/div>\n\t\t\t\t<\/div>\n\t\t\t\t\t\t\t\t<\/div>\n\t\t\t\t\t\t<\/div>\n\t\t\t\t<\/div>\n\t\t\t\t<div class=\"elementor-element elementor-element-29f5667 elementor-align-center elementor-hidden-desktop elementor-hidden-tablet elementor-hidden-mobile elementor-widget elementor-widget-button\" data-id=\"29f5667\" data-element_type=\"widget\" data-e-type=\"widget\" data-widget_type=\"button.default\">\n\t\t\t\t<div class=\"elementor-widget-container\">\n\t\t\t\t\t\t\t\t\t<div class=\"elementor-button-wrapper\">\n\t\t\t\t\t<a class=\"elementor-button elementor-button-link elementor-size-lg\" href=\"https:\/\/www.amilia.com\/store\/en\/ville-de-montreal-ouest\/shop\/programs\" target=\"_blank\">\n\t\t\t\t\t\t<span class=\"elementor-button-content-wrapper\">\n\t\t\t\t\t\t<span class=\"elementor-button-icon\">\n\t\t\t\t<i aria-hidden=\"true\" class=\"fas fa-external-link-alt\"><\/i>\t\t\t<\/span>\n\t\t\t\t\t\t\t\t\t<span class=\"elementor-button-text\">Inscriptions en ligne<\/span>\n\t\t\t\t\t<\/span>\n\t\t\t\t\t<\/a>\n\t\t\t\t<\/div>\n\t\t\t\t\t\t\t\t<\/div>\n\t\t\t\t<\/div>\n\t\t\t\t\t<\/div>\n\t\t<\/div>\n\t\t\t\t\t<\/div>\n\t\t<\/section>\n\t\t\t\t<\/div>\n\t\t","protected":false},"excerpt":{"rendered":"<p>Programmes d&rsquo;automne 2025 Les inscriptions h\u00e2tives pour nos programmes d&rsquo;automne d\u00e9butent bient\u00f4t ! 18 ao\u00fbt\u00a0: r\u00e9sidents de Montr\u00e9al-Ouest 19 ao\u00fbt\u00a0: r\u00e9sidents de C\u00f4te Saint-Luc et Hampstead 20 ao\u00fbt : tout le monde Inscrivez-vous avant le 29 ao\u00fbt pour [&hellip;]<\/p>\n","protected":false},"author":3,"featured_media":0,"parent":4349,"menu_order":0,"comment_status":"closed","ping_status":"closed","template":"","meta":{"_acf_changed":false,"footnotes":""},"tags":[],"class_list":["post-47756","page","type-page","status-publish","hentry"],"better_featured_image":null,"acf":{"event_types":false,"header_image":{"ID":48031,"id":48031,"title":"cours parent-b\u00e9b\u00e9","filename":"cours-parent-bebe-scaled.jpeg","filesize":"248048","url":"https:\/\/montreal-ouest.ca\/wp-content\/uploads\/2022\/08\/cours-parent-bebe-scaled.jpeg","link":"https:\/\/montreal-ouest.ca\/fr\/loisirs-et-culture\/activites-et-inscription-en-ligne\/parents-enfants\/cours-parent-bebe\/","alt":"","author":"3","description":"","caption":"","name":"cours-parent-bebe","status":"inherit","uploaded_to":47756,"date":"2022-08-25 15:19:31","modified":"2022-08-25 15:19:31","menu_order":0,"mime_type":"image\/jpeg","type":"image","subtype":"jpeg","icon":"https:\/\/montreal-ouest.ca\/wp-includes\/images\/media\/default.png","width":2048,"height":1138,"sizes":{"thumbnail":"https:\/\/montreal-ouest.ca\/wp-content\/uploads\/2022\/08\/cours-parent-bebe-285x285.jpeg","thumbnail-width":285,"thumbnail-height":285,"medium":"https:\/\/montreal-ouest.ca\/wp-content\/uploads\/2022\/08\/cours-parent-bebe-992x551.jpeg","medium-width":992,"medium-height":551,"medium_large":"https:\/\/montreal-ouest.ca\/wp-content\/uploads\/2022\/08\/cours-parent-bebe-768x427.jpeg","medium_large-width":768,"medium_large-height":427,"large":"https:\/\/montreal-ouest.ca\/wp-content\/uploads\/2022\/08\/cours-parent-bebe-1920x1067.jpeg","large-width":1920,"large-height":1067,"1536x1536":"https:\/\/montreal-ouest.ca\/wp-content\/uploads\/2022\/08\/cours-parent-bebe-1536x853.jpeg","1536x1536-width":1536,"1536x1536-height":853,"2048x2048":"https:\/\/montreal-ouest.ca\/wp-content\/uploads\/2022\/08\/cours-parent-bebe-2048x1138.jpeg","2048x2048-width":2048,"2048x2048-height":1138}},"header_title":"","header_subtitle":"","sidebar_image":false,"hide_sidebar":false},"publishpress_future_workflow_manual_trigger":{"enabledWorkflows":[]},"_links":{"self":[{"href":"https:\/\/montreal-ouest.ca\/fr\/wp-json\/wp\/v2\/pages\/47756","targetHints":{"allow":["GET"]}}],"collection":[{"href":"https:\/\/montreal-ouest.ca\/fr\/wp-json\/wp\/v2\/pages"}],"about":[{"href":"https:\/\/montreal-ouest.ca\/fr\/wp-json\/wp\/v2\/types\/page"}],"author":[{"embeddable":true,"href":"https:\/\/montreal-ouest.ca\/fr\/wp-json\/wp\/v2\/users\/3"}],"replies":[{"embeddable":true,"href":"https:\/\/montreal-ouest.ca\/fr\/wp-json\/wp\/v2\/comments?post=47756"}],"version-history":[{"count":0,"href":"https:\/\/montreal-ouest.ca\/fr\/wp-json\/wp\/v2\/pages\/47756\/revisions"}],"up":[{"embeddable":true,"href":"https:\/\/montreal-ouest.ca\/fr\/wp-json\/wp\/v2\/pages\/4349"}],"wp:attachment":[{"href":"https:\/\/montreal-ouest.ca\/fr\/wp-json\/wp\/v2\/media?parent=47756"}],"wp:term":[{"taxonomy":"post_tag","embeddable":true,"href":"https:\/\/montreal-ouest.ca\/fr\/wp-json\/wp\/v2\/tags?post=47756"}],"curies":[{"name":"wp","href":"https:\/\/api.w.org\/{rel}","templated":true}]}}