{"id":4534,"date":"2018-07-06T20:38:04","date_gmt":"2018-07-07T00:38:04","guid":{"rendered":"https:\/\/montreal-west.ca\/loisirs-et-culture\/installations-et-parcs\/municipal-pool\/"},"modified":"2026-04-09T08:43:43","modified_gmt":"2026-04-09T12:43:43","slug":"piscine-municipale","status":"publish","type":"page","link":"https:\/\/montreal-ouest.ca\/fr\/loisirs-et-culture\/installations-et-parcs\/piscine-municipale\/","title":{"rendered":"Piscine municipale"},"content":{"rendered":"\t\t<div data-elementor-type=\"wp-post\" data-elementor-id=\"4534\" class=\"elementor elementor-4534 elementor-890\" data-elementor-post-type=\"page\">\n\t\t\t\t\t\t<section class=\"elementor-section elementor-top-section elementor-element elementor-element-e3b9794 elementor-section-boxed elementor-section-height-default elementor-section-height-default\" data-id=\"e3b9794\" data-element_type=\"section\" data-e-type=\"section\">\n\t\t\t\t\t\t<div class=\"elementor-container elementor-column-gap-default\">\n\t\t\t\t\t<div class=\"elementor-column elementor-col-100 elementor-top-column elementor-element elementor-element-ef22ed7\" data-id=\"ef22ed7\" data-element_type=\"column\" data-e-type=\"column\">\n\t\t\t<div class=\"elementor-widget-wrap elementor-element-populated\">\n\t\t\t\t\t\t<div class=\"elementor-element elementor-element-92f9b0f elementor-widget elementor-widget-text-editor\" data-id=\"92f9b0f\" data-element_type=\"widget\" data-e-type=\"widget\" data-widget_type=\"text-editor.default\">\n\t\t\t\t<div class=\"elementor-widget-container\">\n\t\t\t\t\t\t\t\t\t<p>La Ville est heureuse d\u2019accueillir les r\u00e9sidentes et r\u00e9sidents \u00e0 sa nouvelle piscine municipale, qui ouvrira pour la saison estivale 2026!<\/p><p>Con\u00e7ue pour les nageurs et nageuses de tous \u00e2ges et de toutes capacit\u00e9s, cette installation ext\u00e9rieure moderne offre un environnement s\u00e9curitaire, accessible et agr\u00e9able pour se rafra\u00eechir, rester actif et profiter de l\u2019\u00e9t\u00e9 en famille ou entre amis.<\/p><p>La piscine comprend un bassin de 25 m\u00e8tres avec six corridors et leurs blocs de d\u00e9part, id\u00e9al pour la nage en longueur, les le\u00e7ons et les activit\u00e9s r\u00e9cr\u00e9atives. La durabilit\u00e9 est au c\u0153ur de la conception, puisque l\u2019eau est chauff\u00e9e gr\u00e2ce \u00e0 la r\u00e9cup\u00e9ration de chaleur des compresseurs de l\u2019ar\u00e9na. Les installations comprennent \u00e9galement\u00a0:<\/p><ul><li>deux tremplins de 3 m\u00e8tres<\/li><li>une rampe d\u2019acc\u00e8s facilitant l\u2019entr\u00e9e dans l\u2019eau<\/li><li>pataugeoire cl\u00f4tur\u00e9e pour les jeunes enfants<\/li><li>des douches ext\u00e9rieures<\/li><li>des vestiaires familiaux spacieux.<\/li><\/ul><p>Vous trouverez ci-dessous les renseignements relatifs aux diff\u00e9rents abonnements et aux frais pour la prochaine saison.<\/p>\t\t\t\t\t\t\t\t<\/div>\n\t\t\t\t<\/div>\n\t\t\t\t<div class=\"elementor-element elementor-element-e956af7 elementor-widget elementor-widget-text-editor\" data-id=\"e956af7\" data-element_type=\"widget\" data-e-type=\"widget\" data-widget_type=\"text-editor.default\">\n\t\t\t\t<div class=\"elementor-widget-container\">\n\t\t\t\t\t\t\t\t\t<h2>Inscriptions<\/h2><p>Les inscriptions pour les activit\u00e9s aquatiques pour la saison 2026 d\u00e9butent le\u00a0<\/p><ul><li><strong>1er avril \u00e0 9 h<\/strong> pour les r\u00e9sidents de Montr\u00e9al-Ouest<\/li><li><strong>8 avril \u00e0 9 h<\/strong> pour les non-r\u00e9sidents<\/li><\/ul>\t\t\t\t\t\t\t\t<\/div>\n\t\t\t\t<\/div>\n\t\t\t\t<div class=\"elementor-element elementor-element-c1b27c3 elementor-align-center elementor-widget elementor-widget-button\" data-id=\"c1b27c3\" data-element_type=\"widget\" data-e-type=\"widget\" data-widget_type=\"button.default\">\n\t\t\t\t<div class=\"elementor-widget-container\">\n\t\t\t\t\t\t\t\t\t<div class=\"elementor-button-wrapper\">\n\t\t\t\t\t<a class=\"elementor-button elementor-button-link elementor-size-sm\" href=\"https:\/\/montreal-west.ca\/fr\/loisirs-et-culture\/activites-et-inscription-en-ligne\/activites-aquatiques\/\">\n\t\t\t\t\t\t<span class=\"elementor-button-content-wrapper\">\n\t\t\t\t\t\t<span class=\"elementor-button-icon\">\n\t\t\t\t<i aria-hidden=\"true\" class=\"fas fa-swimmer\"><\/i>\t\t\t<\/span>\n\t\t\t\t\t\t\t\t\t<span class=\"elementor-button-text\">Programmation<\/span>\n\t\t\t\t\t<\/span>\n\t\t\t\t\t<\/a>\n\t\t\t\t<\/div>\n\t\t\t\t\t\t\t\t<\/div>\n\t\t\t\t<\/div>\n\t\t\t\t<div class=\"elementor-element elementor-element-4fa5ea7 elementor-widget elementor-widget-text-editor\" data-id=\"4fa5ea7\" data-element_type=\"widget\" data-e-type=\"widget\" data-widget_type=\"text-editor.default\">\n\t\t\t\t<div class=\"elementor-widget-container\">\n\t\t\t\t\t\t\t\t\t<h2>Frais d&rsquo;abonnement<\/h2><p>Il y a trois types d\u2019abonnement: individuel, famille et a\u00een\u00e9s. Les frais pour r\u00e9sidents s&rsquo;appliquent aux r\u00e9sidents de Montr\u00e9al-Ouest seulement.<strong> Il est n\u00e9cessaire d&rsquo;avoir un abonnement \u00e0 la piscine pour s&rsquo;inscrire aux activit\u00e9s de la piscine.<\/strong><\/p><p><a href=\"https:\/\/www.amilia.com\/store\/en\/ville-de-montreal-ouest\/shop\/programs\" target=\"_blank\" rel=\"noopener\">Procurez-vous votre abonnement<\/a> sur Amilia (en vente bient\u00f4t).<\/p><h3>Abonnement familial<\/h3><p>Pour les parents et leurs enfants seulement (les conjoins adultes vivants \u00e0 la m\u00eame adresse et leurs enfants de moins de 18 ans).<\/p><ul><li>R\u00e9sidents: 145$<\/li><li>Non-r\u00e9sidents: 180$<\/li><\/ul><h3>Abonnement individuel<\/h3><ul><li>R\u00e9sidents: 80$<\/li><li>Non-r\u00e9sidents: 100$<\/li><\/ul><h3>Abonnement a\u00een\u00e9s (65+)<\/h3><ul><li>R\u00e9sidents: 75$<\/li><li>Non-r\u00e9sidents: 90$<\/li><\/ul><h2>Tarif quotidien<\/h2><p>Toute personne souhaitant avoir acc\u00e8s \u00e0 la zone piscine sans d\u00e9tenir un abonnement doit acquitter les droits d\u2019entr\u00e9e quotidiens.<\/p><ul><li>Adultes (18 \u00e0 65 ans): 6$<\/li><li>Enfants (5 \u00e0 17 ans: 4$<\/li><li>Enfant (0-4 ans): 1$<\/li><li>A\u00een\u00e9s (plus de 65 ans): 4$<\/li><\/ul>\t\t\t\t\t\t\t\t<\/div>\n\t\t\t\t<\/div>\n\t\t\t\t<div class=\"elementor-element elementor-element-4de92cb elementor-widget elementor-widget-text-editor\" data-id=\"4de92cb\" data-element_type=\"widget\" data-e-type=\"widget\" data-widget_type=\"text-editor.default\">\n\t\t\t\t<div class=\"elementor-widget-container\">\n\t\t\t\t\t\t\t\t\t<h2>Fermeture de la piscine<\/h2><p>La piscine sera ferm\u00e9e pour les \u00e9v\u00e9nements suivants:<\/p><ul><li>Si la temp\u00e9rature est de 15\u00b0 ou moins.<\/li><li>Les \u00e9v\u00e9nements sp\u00e9ciaux (\u00e0 d\u00e9terminer).<\/li><li>Entra\u00eenements du personnel.<\/li><li>La piscine peut devoir fermer en raison de circonstances impr\u00e9vues; elle rouvrira aussit\u00f4t que possible.<\/li><\/ul><h2>Coordonn\u00e9es<\/h2><p>220 avenue Bedbrook<br \/>T\u00e9l\u00e9phone: 514-4894-6186<\/p>\t\t\t\t\t\t\t\t<\/div>\n\t\t\t\t<\/div>\n\t\t\t\t\t<\/div>\n\t\t<\/div>\n\t\t\t\t\t<\/div>\n\t\t<\/section>\n\t\t\t\t<section class=\"elementor-section elementor-top-section elementor-element elementor-element-efaea8d elementor-section-boxed elementor-section-height-default elementor-section-height-default\" data-id=\"efaea8d\" data-element_type=\"section\" data-e-type=\"section\">\n\t\t\t\t\t\t<div class=\"elementor-container elementor-column-gap-default\">\n\t\t\t\t\t<div class=\"elementor-column elementor-col-100 elementor-top-column elementor-element elementor-element-e2f5386\" data-id=\"e2f5386\" data-element_type=\"column\" data-e-type=\"column\">\n\t\t\t<div class=\"elementor-widget-wrap elementor-element-populated\">\n\t\t\t\t\t\t<div class=\"elementor-element elementor-element-453689a elementor-alert-warning elementor-hidden-desktop elementor-hidden-tablet elementor-hidden-mobile elementor-widget elementor-widget-alert\" data-id=\"453689a\" data-element_type=\"widget\" data-e-type=\"widget\" data-widget_type=\"alert.default\">\n\t\t\t\t<div class=\"elementor-widget-container\">\n\t\t\t\t\t\t\t<div class=\"elementor-alert\" role=\"alert\">\n\n\t\t\t\t\t\t<span class=\"elementor-alert-title\">26 juillet - horaire modifi\u00e9<\/span>\n\t\t\t\n\t\t\t\t\t\t<span class=\"elementor-alert-description\">La piscine fermera \u00e0 18 h le mercredi 26 juillet pour une comp\u00e9tition de natation. \nLa p\u00e9riode de nage en couloir est d\u00e9plac\u00e9 \u00e0 17 h 15 \u00e0 18 h ce soir (en remplacement de la plage horaire r\u00e9serv\u00e9e pour l'\u00e9quipe de natation). <br><br>\n\nL'horaire r\u00e9gulier reprendra le jeudi 27 juillet.<\/span>\n\t\t\t\n\t\t\t\t\t\t<button type=\"button\" class=\"elementor-alert-dismiss\" aria-label=\"Ignorer cette alerte.\">\n\t\t\t\t\t\t\t\t\t<span aria-hidden=\"true\">&times;<\/span>\n\t\t\t\t\t\t\t<\/button>\n\t\t\t\n\t\t<\/div>\n\t\t\t\t\t\t<\/div>\n\t\t\t\t<\/div>\n\t\t\t\t\t<\/div>\n\t\t<\/div>\n\t\t\t\t\t<\/div>\n\t\t<\/section>\n\t\t\t\t<section class=\"elementor-section elementor-top-section elementor-element elementor-element-2c44f35 elementor-hidden-mobile elementor-hidden-desktop elementor-hidden-tablet elementor-section-boxed elementor-section-height-default elementor-section-height-default\" data-id=\"2c44f35\" data-element_type=\"section\" data-e-type=\"section\">\n\t\t\t\t\t\t<div class=\"elementor-container elementor-column-gap-default\">\n\t\t\t\t\t<div class=\"elementor-column elementor-col-100 elementor-top-column elementor-element elementor-element-39911ec\" data-id=\"39911ec\" data-element_type=\"column\" data-e-type=\"column\">\n\t\t\t<div class=\"elementor-widget-wrap elementor-element-populated\">\n\t\t\t\t\t\t<div class=\"elementor-element elementor-element-c413f5a elementor-hidden-tablet elementor-hidden-phone elementor-widget elementor-widget-text-editor\" data-id=\"c413f5a\" data-element_type=\"widget\" data-e-type=\"widget\" data-widget_type=\"text-editor.default\">\n\t\t\t\t<div class=\"elementor-widget-container\">\n\t\t\t\t\t\t\t\t\t<h3>Diff\u00e9rentes p\u00e9riodes de natation<\/h3><ul><li>Nage en couloir: la piscine accorde la priorit\u00e9 aux nageurs qui font des longueurs<\/li><li>Bain libre: la piscine est ouverte \u00e0 tous<\/li><li>Bain familial: les enfants doivent \u00eatre accompagn\u00e9s par un adulte<\/li><li>\u00c9quipe de natation: la piscine est seulement ouverte aux nageurs qui font partie de l&rsquo;\u00e9quipe de natation<\/li><li>\u00c9quipe de plongeon: la piscine profonde est ferm\u00e9e<\/li><\/ul><h2>Frais d&rsquo;abonnement<\/h2><p>Il y a quatre types d\u2019abonnement: individuel, famille, a\u00een\u00e9s ou a\u00een\u00e9s couple. Les frais pour r\u00e9sidents s&rsquo;appliquent aux r\u00e9sidents de Montr\u00e9al-Ouest seulement.<strong> Il est n\u00e9cessaire d&rsquo;avoir un abonnement \u00e0 la piscine pour s&rsquo;inscrire aux activit\u00e9s de la piscine.<\/strong><\/p><p>Procurez-vous votre abonnement sur Amilia (disponible \u00e0 partir du 20 avril 2023 pour les r\u00e9sidents de Montr\u00e9al-Ouest et du 27 avril 2023 pour les non-r\u00e9sidents).<\/p><h3>Abonnement familial<\/h3><p>Pour les parents et leurs enfants seulement (gardienne ou gardien, nounou, grands-parents et invit\u00e9s sont exclus de l\u2019abonnement familial)<\/p><h3>Abonnement a\u00een\u00e9s couple<\/h3><p>Nouveaut\u00e9 cette ann\u00e9e, cet abonnement est valide pour deux a\u00een\u00e9s vivant \u00e0 la m\u00eame adresse.<\/p><h2>Tarif quotidien<\/h2><p>Toute personne souhaitant avoir acc\u00e8s \u00e0 la zone piscine sans d\u00e9tenir un abonnement doit acquitter les droits d\u2019entr\u00e9e quotidiens.<\/p><table class=\" aligncenter\" style=\"width: 80%;\"><thead><tr><td width=\"20%\">\u00a0<\/td><td width=\"26%\"><b>Abonnements pour r\u00e9sidents<\/b><\/td><td width=\"26%\"><b>Abonnements pour non-r\u00e9sidents<\/b><\/td><td width=\"26%\"><b>Tarifs quotidiens<\/b><\/td><\/tr><\/thead><tbody><tr><td><b>Individuel<\/b><\/td><td width=\"26%\">70$<\/td><td width=\"26%\">90$<\/td><td width=\"26%\">5.00$ (18 ans et +)<br \/>3.00$ (5-17 ans)<br \/>1.00$ (moins de 5 ans)<\/td><\/tr><tr><td width=\"20%\"><b>A\u00een\u00e9s (65+)<\/b><\/td><td width=\"26%\">50$<\/td><td width=\"26%\">70$<\/td><td width=\"26%\">3.00$<\/td><\/tr><tr><td width=\"20%\"><b>Famille<\/b><\/td><td width=\"26%\">120$<\/td><td width=\"26%\">160$<\/td><td width=\"26%\">&#8211;<\/td><\/tr><tr><td><b>A\u00een\u00e9s couple<\/b><\/td><td>90$<\/td><td>130$<\/td><td>\u00a0<\/td><\/tr><\/tbody><\/table>\t\t\t\t\t\t\t\t<\/div>\n\t\t\t\t<\/div>\n\t\t\t\t\t<\/div>\n\t\t<\/div>\n\t\t\t\t\t<\/div>\n\t\t<\/section>\n\t\t\t\t<section class=\"elementor-section elementor-top-section elementor-element elementor-element-f5de961 elementor-section-boxed elementor-section-height-default elementor-section-height-default\" data-id=\"f5de961\" data-element_type=\"section\" data-e-type=\"section\">\n\t\t\t\t\t\t<div class=\"elementor-container elementor-column-gap-default\">\n\t\t\t\t\t<div class=\"elementor-column elementor-col-100 elementor-top-column elementor-element elementor-element-e3d921f\" data-id=\"e3d921f\" data-element_type=\"column\" data-e-type=\"column\">\n\t\t\t<div class=\"elementor-widget-wrap\">\n\t\t\t\t\t\t\t<\/div>\n\t\t<\/div>\n\t\t\t\t\t<\/div>\n\t\t<\/section>\n\t\t\t\t<section class=\"elementor-section elementor-top-section elementor-element elementor-element-4088802 elementor-hidden-desktop elementor-hidden-tablet elementor-hidden-mobile elementor-section-boxed elementor-section-height-default elementor-section-height-default\" data-id=\"4088802\" data-element_type=\"section\" data-e-type=\"section\">\n\t\t\t\t\t\t<div class=\"elementor-container elementor-column-gap-default\">\n\t\t\t\t\t<div class=\"elementor-column elementor-col-100 elementor-top-column elementor-element elementor-element-937a869\" data-id=\"937a869\" data-element_type=\"column\" data-e-type=\"column\">\n\t\t\t<div class=\"elementor-widget-wrap elementor-element-populated\">\n\t\t\t\t\t\t<div class=\"elementor-element elementor-element-0421386 elementor-widget elementor-widget-text-editor\" data-id=\"0421386\" data-element_type=\"widget\" data-e-type=\"widget\" data-widget_type=\"text-editor.default\">\n\t\t\t\t<div class=\"elementor-widget-container\">\n\t\t\t\t\t\t\t\t\t<p><strong>Afin de permettre aux citoyens de se rafra\u00eechir lors des chaudes journ\u00e9es \u00e0 venir, la piscine ouvrira ses portes d\u00e8s le mercredi 31 mai 2023.<\/strong><\/p><ul><li>Mercredi 31 mai: de 16 h \u00e0 20 h 30<\/li><li>Jeudi 1er juin: de 16 h \u00e0 20 h 30<\/li><li>Vendredi 2 juin: de 18 h \u00e0 20 h 30<\/li><li>Samedi 3 juin: l&rsquo;horaire pr\u00e9-saison entre en vigeur<\/li><\/ul><p>\u00a0<\/p><h3>Consultez <a href=\"https:\/\/montreal-west.ca\/fr\/loisirs-et-culture\/activites-et-inscription-en-ligne\/activites-aquatiques\">notre programmation estivale<\/a>.<\/h3><h2>Horaire de la piscine 2022<\/h2><p><em>Les r\u00e9servations ne sont plus n\u00e9cessaires pour acc\u00e9der \u00e0 la piscine.<\/em><\/p><h3>Post saison\u00a0<br \/>Du 22 ao\u00fbt au 5 septembre et du 10 et 11 septembre<\/h3><p>Cliquer sur l&rsquo;image pour l&rsquo;agrandir.<\/p><p>Procurez-vous votre abonnement par le biais d&rsquo;Amilia (disponible \u00e0 partir du 4 avril 2022 pour les r\u00e9sidents de Montr\u00e9al-Ouest et le 11 avril pour les non-r\u00e9sidents).<\/p>\t\t\t\t\t\t\t\t<\/div>\n\t\t\t\t<\/div>\n\t\t\t\t<div class=\"elementor-element elementor-element-dc87793 elementor-widget elementor-widget-image\" data-id=\"dc87793\" data-element_type=\"widget\" data-e-type=\"widget\" data-widget_type=\"image.default\">\n\t\t\t\t<div class=\"elementor-widget-container\">\n\t\t\t\t\t\t\t\t\t\t\t\t\t\t\t\t<a href=\"https:\/\/montreal-west.ca\/wp-content\/uploads\/2022\/08\/horaire-piscine-postsaisonweb.pdf\" target=\"_blank\">\n\t\t\t\t\t\t\t<img decoding=\"async\" src=\"https:\/\/montreal-ouest.ca\/wp-content\/uploads\/elementor\/thumbs\/horaire-piscine-postsaisonweb-ptn1qnr32qyhatver4p2df4j0k8m6t8l5g3yf7m7j4.jpg\"  alt=\"horaire piscine postsaisonweb\" loading=\"lazy\" \/>\t\t\t\t\t\t\t\t<\/a>\n\t\t\t\t\t\t\t\t\t\t\t\t\t\t\t<\/div>\n\t\t\t\t<\/div>\n\t\t\t\t\t<\/div>\n\t\t<\/div>\n\t\t\t\t\t<\/div>\n\t\t<\/section>\n\t\t\t\t<section class=\"elementor-section elementor-top-section elementor-element elementor-element-fc2911b elementor-section-boxed elementor-section-height-default elementor-section-height-default\" data-id=\"fc2911b\" data-element_type=\"section\" data-e-type=\"section\">\n\t\t\t\t\t\t<div class=\"elementor-container elementor-column-gap-default\">\n\t\t\t\t\t<div class=\"elementor-column elementor-col-100 elementor-top-column elementor-element elementor-element-c890ed1\" data-id=\"c890ed1\" data-element_type=\"column\" data-e-type=\"column\">\n\t\t\t<div class=\"elementor-widget-wrap\">\n\t\t\t\t\t\t\t<\/div>\n\t\t<\/div>\n\t\t\t\t\t<\/div>\n\t\t<\/section>\n\t\t\t\t<section class=\"elementor-section elementor-top-section elementor-element elementor-element-1bb89c2 elementor-section-boxed elementor-section-height-default elementor-section-height-default\" data-id=\"1bb89c2\" data-element_type=\"section\" data-e-type=\"section\">\n\t\t\t\t\t\t<div class=\"elementor-container elementor-column-gap-default\">\n\t\t\t\t\t<div class=\"elementor-column elementor-col-100 elementor-top-column elementor-element elementor-element-a7c2368\" data-id=\"a7c2368\" data-element_type=\"column\" data-e-type=\"column\">\n\t\t\t<div class=\"elementor-widget-wrap elementor-element-populated\">\n\t\t\t\t\t\t<div class=\"elementor-element elementor-element-490f78f elementor-hidden-desktop elementor-hidden-tablet elementor-hidden-mobile elementor-widget elementor-widget-text-editor\" data-id=\"490f78f\" data-element_type=\"widget\" data-e-type=\"widget\" data-widget_type=\"text-editor.default\">\n\t\t\t\t<div class=\"elementor-widget-container\">\n\t\t\t\t\t\t\t\t\t<p>En raison de la construction du nouveau\u00a0<a href=\"https:\/\/montreal-west.ca\/fr\/loisirs-et-culture\/centre-sportif-et-recreatif\/\">Centre sportif et r\u00e9cr\u00e9atif<\/a>, la piscine de la Ville de Montr\u00e9al-Ouest est ferm\u00e9e. L&rsquo;ouverture de la piscine est pr\u00e9vue pour l&rsquo;\u00e9t\u00e9 2026.<\/p>\t\t\t\t\t\t\t\t<\/div>\n\t\t\t\t<\/div>\n\t\t\t\t\t<\/div>\n\t\t<\/div>\n\t\t\t\t\t<\/div>\n\t\t<\/section>\n\t\t\t\t<\/div>\n\t\t","protected":false},"excerpt":{"rendered":"<p>La Ville est heureuse d\u2019accueillir les r\u00e9sidentes et r\u00e9sidents \u00e0 sa nouvelle piscine municipale, qui ouvrira pour la saison estivale 2026! Con\u00e7ue pour les nageurs et nageuses de tous \u00e2ges et de toutes capacit\u00e9s, cette installation ext\u00e9rieure moderne [&hellip;]<\/p>\n","protected":false},"author":1,"featured_media":0,"parent":4370,"menu_order":5,"comment_status":"closed","ping_status":"closed","template":"","meta":{"_acf_changed":false,"footnotes":""},"tags":[],"class_list":["post-4534","page","type-page","status-publish","hentry"],"better_featured_image":null,"acf":{"header_title":"","header_image":{"ID":3593,"id":3593,"title":"municipal-pool","filename":"municipal-pool.jpg","filesize":115010,"url":"https:\/\/montreal-ouest.ca\/wp-content\/uploads\/2018\/09\/municipal-pool.jpg","link":"https:\/\/montreal-ouest.ca\/fr\/loisirs-et-culture\/installations-et-parcs\/piscine-municipale\/municipal-pool-2\/","alt":"","author":"3","description":"","caption":"","name":"municipal-pool-2","status":"inherit","uploaded_to":4534,"date":"2018-09-25 15:54:01","modified":"2018-11-23 17:43:16","menu_order":0,"mime_type":"image\/jpeg","type":"image","subtype":"jpeg","icon":"https:\/\/montreal-ouest.ca\/wp-includes\/images\/media\/default.png","width":960,"height":720,"sizes":{"thumbnail":"https:\/\/montreal-ouest.ca\/wp-content\/uploads\/2018\/09\/municipal-pool-285x285.jpg","thumbnail-width":285,"thumbnail-height":285,"medium":"https:\/\/montreal-ouest.ca\/wp-content\/uploads\/2018\/09\/municipal-pool.jpg","medium-width":960,"medium-height":720,"medium_large":"https:\/\/montreal-ouest.ca\/wp-content\/uploads\/2018\/09\/municipal-pool-768x576.jpg","medium_large-width":768,"medium_large-height":576,"large":"https:\/\/montreal-ouest.ca\/wp-content\/uploads\/2018\/09\/municipal-pool.jpg","large-width":960,"large-height":720,"1536x1536":"https:\/\/montreal-ouest.ca\/wp-content\/uploads\/2018\/09\/municipal-pool.jpg","1536x1536-width":960,"1536x1536-height":720,"2048x2048":"https:\/\/montreal-ouest.ca\/wp-content\/uploads\/2018\/09\/municipal-pool.jpg","2048x2048-width":960,"2048x2048-height":720}},"header_subtitle":"","sidebar_image":false,"event_types":false,"hide_sidebar":false},"publishpress_future_workflow_manual_trigger":{"enabledWorkflows":[]},"_links":{"self":[{"href":"https:\/\/montreal-ouest.ca\/fr\/wp-json\/wp\/v2\/pages\/4534","targetHints":{"allow":["GET"]}}],"collection":[{"href":"https:\/\/montreal-ouest.ca\/fr\/wp-json\/wp\/v2\/pages"}],"about":[{"href":"https:\/\/montreal-ouest.ca\/fr\/wp-json\/wp\/v2\/types\/page"}],"author":[{"embeddable":true,"href":"https:\/\/montreal-ouest.ca\/fr\/wp-json\/wp\/v2\/users\/1"}],"replies":[{"embeddable":true,"href":"https:\/\/montreal-ouest.ca\/fr\/wp-json\/wp\/v2\/comments?post=4534"}],"version-history":[{"count":0,"href":"https:\/\/montreal-ouest.ca\/fr\/wp-json\/wp\/v2\/pages\/4534\/revisions"}],"up":[{"embeddable":true,"href":"https:\/\/montreal-ouest.ca\/fr\/wp-json\/wp\/v2\/pages\/4370"}],"wp:attachment":[{"href":"https:\/\/montreal-ouest.ca\/fr\/wp-json\/wp\/v2\/media?parent=4534"}],"wp:term":[{"taxonomy":"post_tag","embeddable":true,"href":"https:\/\/montreal-ouest.ca\/fr\/wp-json\/wp\/v2\/tags?post=4534"}],"curies":[{"name":"wp","href":"https:\/\/api.w.org\/{rel}","templated":true}]}}