{"id":4503,"date":"2018-09-24T14:59:42","date_gmt":"2018-09-24T18:59:42","guid":{"rendered":"https:\/\/montreal-west.ca\/services-aux-residents\/permis-et-autorisations\/construction-et-renovation-de-maisons\/building-permit-rules\/"},"modified":"2018-10-12T12:48:03","modified_gmt":"2018-10-12T16:48:03","slug":"reglements-du-permis-de-construction","status":"publish","type":"page","link":"https:\/\/montreal-ouest.ca\/fr\/services-aux-residents\/urbanisme\/permis-et-autorisations\/reglements-du-permis-de-construction\/","title":{"rendered":"R\u00e8glements du permis de construction"},"content":{"rendered":"\t\t<div data-elementor-type=\"wp-post\" data-elementor-id=\"4503\" class=\"elementor elementor-4503 elementor-3425 elementor-bc-flex-widget\" data-elementor-post-type=\"page\">\n\t\t\t\t\t\t<section class=\"elementor-section elementor-top-section elementor-element elementor-element-8d7fb8b elementor-section-boxed elementor-section-height-default elementor-section-height-default\" data-id=\"8d7fb8b\" data-element_type=\"section\" data-e-type=\"section\">\n\t\t\t\t\t\t<div class=\"elementor-container elementor-column-gap-default\">\n\t\t\t\t\t<div class=\"elementor-column elementor-col-100 elementor-top-column elementor-element elementor-element-580452a\" data-id=\"580452a\" data-element_type=\"column\" data-e-type=\"column\">\n\t\t\t<div class=\"elementor-widget-wrap elementor-element-populated\">\n\t\t\t\t\t\t<div class=\"elementor-element elementor-element-45aeb90 elementor-widget elementor-widget-text-editor\" data-id=\"45aeb90\" data-element_type=\"widget\" data-e-type=\"widget\" data-widget_type=\"text-editor.default\">\n\t\t\t\t<div class=\"elementor-widget-container\">\n\t\t\t\t\t\t\t\t\t<h2>Extraits du r\u00e8glement (#2009-011)<\/h2><h3>Heures de travail<\/h3><p>Aucun travail de construction ne doit s\u2019effectuer:<\/p><ol style=\"list-style-type: lower-alpha;\"><li>entre 19 h et 7 h du lundi au vendredi;<\/li><li>entre 19 h et 9 h le samedi;<\/li><li>entre 19 h et 10 h le dimanche<\/li><\/ol><h3>S\u00e9curit\u00e9<\/h3><p><strong>Cl\u00f4ture\/enceinte de s\u00e9curit\u00e9:\u00a0<\/strong>Avant de commencer tout travail se rapportant \u00e0 un projet y compris, sans restriction,\u00a0toute excavation quelle qu\u2019elle soit de l\u2019emplacement, et affin d\u2019assurer la s\u00e9curit\u00e9\u00a0publique, une cl\u00f4ture solide, des planches clou\u00e9es ou une palissade formant une bonne fermeture, d\u2019au moins 1.8m (6 pieds) de hauteur, doit \u00eatre \u00e9rig\u00e9e sur tous les chantiers de construction entre le chantier et la voie publique et tous les c\u00f4t\u00e9s de l\u2019emplacement.<\/p><p>De plus, ladite cl\u00f4ture, lesdites planches clou\u00e9es ou ladite palissade devront \u00eatre entretenues pendant toute la dur\u00e9e des travaux et ne seront enlev\u00e9es qu\u2019avec\u00a0l\u2019approbation de la Ville.<\/p><h3>Responsabilit\u00e9s et obligation<\/h3><p>Toute personne qui n\u00e9glige de se conformer \u00e0 tout ordre ou avis \u00e9mis par l\u2019autorit\u00e9 comp\u00e9tente, ou qui permet qu\u2019une contravention de ces exigences se poursuive, contrevient au pr\u00e9sent r\u00e8glement.<\/p><p>Aucune personne ne doit s\u2019\u00e9carter des plans et cahiers des charges \u00e0 l\u2019\u00e9gard desquels un permis de construction a \u00e9t\u00e9 \u00e9mis, ou omettre ou n\u00e9gliger de compl\u00e9ter, avant l\u2019occupation les travaux requis par lesdits plans et cahiers des charges accept\u00e9s par l\u2019inspecteur des b\u00e2timents, sans avoir d\u2019abord obtenu par \u00e9crit une approbation \u00e0 cet effet de l\u2019inspecteur des b\u00e2timents.<\/p><p>Nonobstant toute disposition du pr\u00e9sent r\u00e8glement, ni la Ville ni aucun de ses employ\u00e9s n\u2019est responsable des dommages r\u00e9sultant d\u2019un acte ou d\u2019une omission quelconque ou toutes les dispositions du pr\u00e9sent r\u00e8glement.<\/p><h3>Obligations de propri\u00e9taire<\/h3><p>Nul ne peut commencer ou continuer tout projet en vue de la construction, de la transformation, de l\u2019agrandissement ou de l\u2019addition de b\u00e2timents sans l\u2019obtention d\u2019un permis de construction.<\/p><p>Tout propri\u00e9taire doit fournir un certificat de location du b\u00e2timent lorsque et quand il est requis de le faire par l\u2019inspecteur des b\u00e2timents.<\/p><p>Lorsque l\u2019inspecteur des b\u00e2timents l\u2019exige, toute propri\u00e9taire doit remettre en place \u00e0 ses propres frais tout travail qui a \u00e9t\u00e9 couvert \u00e0 l\u2019encontre d\u2019un ordre \u00e9mis par l\u2019inspecteur des b\u00e2timents.<\/p><p>Avant le d\u00e9but de toute excavation pour des fondations, il est n\u00e9cessaire d&rsquo;obtenir du Directeur des travaux publics, l\u2019emplacement des conduits d\u2019\u00e9gout et d\u2019aqueduc et des tuyaux de drainage et d\u2019alimentation en eau du b\u00e2timent, s\u2019ils existent.<\/p><p>Donner \u00e0 l\u2019inspecteur des b\u00e2timents un avis d\u2019au moins quarante-huit heures de son intention de commencer les travaux sur l\u2019emplacement de construction.<\/p><h3>Obligations du constructeur<\/h3><p>Tout constructeur doit s\u2019assurer que toutes les exigences en mati\u00e8re de s\u00e9curit\u00e9 dans la construction soient respect\u00e9es en tout temps.<\/p><p>Tout constructeur a la responsabilit\u00e9 de s\u2019assurer qu\u2019aucun travail d\u2019excavation ou autre ne soit entrepris sur la propri\u00e9t\u00e9 publique, et qu\u2019aucun b\u00e2timent ne soit \u00e9rig\u00e9 ou que des mat\u00e9riaux ne soient stock\u00e9s en tout ou en partie sur ladite propri\u00e9t\u00e9 sans avoir d\u2019abord obtenu par \u00e9crit une approbation \u00e0 cet effet de l\u2019autorit\u00e9 gouvernementale appropri\u00e9e.<\/p><h3>Demande pour permis d\u2019occupation<\/h3><p>Ce qui suit doit \u00eatre soumis en m\u00eame temps que la demande d&rsquo;application:<\/p><ol><li>Devis et plan doivent \u00eatre soumis indiquant la superficie des planchers, ainsi<br \/>que celle de l&rsquo;\u00e9difice et les sorties d&rsquo;urgences. \u00c9chelle minimum 1\/8&Prime;=1&prime;-0&Prime;.<\/li><li>Si des mat\u00e9riaux dangereux ou toxiques sont employ\u00e9s, une liste doit \u00eatre<br \/>soumise.<\/li><li>Une copie du bail, si celui-ci n&rsquo;est pas disponible, fournir les renseignements<br \/>suivants:<br \/><ol style=\"list-style-type: lower-alpha;\"><li>La superficie de l&rsquo;endroit en pieds carr\u00e9s<\/li><li>Loyer annuel<\/li><li>P\u00e9riode qui est couverte par le bail<\/li><li>Services inclus dans le loyer<\/li><\/ol><\/li><\/ol><p>Aucun permis ne sera d\u00e9livr\u00e9 si les pr\u00e9requis ne sont pas inclus.<\/p>\t\t\t\t\t\t\t\t<\/div>\n\t\t\t\t<\/div>\n\t\t\t\t\t<\/div>\n\t\t<\/div>\n\t\t\t\t\t<\/div>\n\t\t<\/section>\n\t\t\t\t<\/div>\n\t\t","protected":false},"excerpt":{"rendered":"<p>Extraits du r\u00e8glement (#2009-011) Heures de travail Aucun travail de construction ne doit s\u2019effectuer: entre 19 h et 7 h du lundi au vendredi; entre 19 h et 9 h le samedi; entre 19 h et 10 h [&hellip;]<\/p>\n","protected":false},"author":3,"featured_media":0,"parent":4013,"menu_order":0,"comment_status":"closed","ping_status":"closed","template":"","meta":{"_acf_changed":false,"footnotes":""},"tags":[],"class_list":["post-4503","page","type-page","status-publish","hentry"],"better_featured_image":null,"acf":{"header_image":false,"header_title":"","header_subtitle":"","sidebar_image":false},"publishpress_future_workflow_manual_trigger":{"enabledWorkflows":[]},"_links":{"self":[{"href":"https:\/\/montreal-ouest.ca\/fr\/wp-json\/wp\/v2\/pages\/4503","targetHints":{"allow":["GET"]}}],"collection":[{"href":"https:\/\/montreal-ouest.ca\/fr\/wp-json\/wp\/v2\/pages"}],"about":[{"href":"https:\/\/montreal-ouest.ca\/fr\/wp-json\/wp\/v2\/types\/page"}],"author":[{"embeddable":true,"href":"https:\/\/montreal-ouest.ca\/fr\/wp-json\/wp\/v2\/users\/3"}],"replies":[{"embeddable":true,"href":"https:\/\/montreal-ouest.ca\/fr\/wp-json\/wp\/v2\/comments?post=4503"}],"version-history":[{"count":0,"href":"https:\/\/montreal-ouest.ca\/fr\/wp-json\/wp\/v2\/pages\/4503\/revisions"}],"up":[{"embeddable":true,"href":"https:\/\/montreal-ouest.ca\/fr\/wp-json\/wp\/v2\/pages\/4013"}],"wp:attachment":[{"href":"https:\/\/montreal-ouest.ca\/fr\/wp-json\/wp\/v2\/media?parent=4503"}],"wp:term":[{"taxonomy":"post_tag","embeddable":true,"href":"https:\/\/montreal-ouest.ca\/fr\/wp-json\/wp\/v2\/tags?post=4503"}],"curies":[{"name":"wp","href":"https:\/\/api.w.org\/{rel}","templated":true}]}}