{"id":4371,"date":"2018-07-06T20:39:18","date_gmt":"2018-07-07T00:39:18","guid":{"rendered":"https:\/\/montreal-west.ca\/loisirs\/facilities-parks\/arena-outdoor-rinks\/"},"modified":"2023-08-29T12:04:02","modified_gmt":"2023-08-29T16:04:02","slug":"arena-de-la-legion","status":"publish","type":"page","link":"https:\/\/montreal-ouest.ca\/fr\/loisirs-et-culture\/installations-et-parcs\/arena-de-la-legion\/","title":{"rendered":"Ar\u00e9na de la L\u00e9gion"},"content":{"rendered":"\t\t<div data-elementor-type=\"wp-post\" data-elementor-id=\"4371\" class=\"elementor elementor-4371 elementor-885\" data-elementor-post-type=\"page\">\n\t\t\t\t\t\t<section class=\"elementor-section elementor-top-section elementor-element elementor-element-3358fa2 elementor-section-boxed elementor-section-height-default elementor-section-height-default\" data-id=\"3358fa2\" data-element_type=\"section\" data-e-type=\"section\">\n\t\t\t\t\t\t<div class=\"elementor-container elementor-column-gap-default\">\n\t\t\t\t\t<div class=\"elementor-column elementor-col-100 elementor-top-column elementor-element elementor-element-77ec009\" data-id=\"77ec009\" data-element_type=\"column\" data-e-type=\"column\">\n\t\t\t<div class=\"elementor-widget-wrap elementor-element-populated\">\n\t\t\t\t\t\t<div class=\"elementor-element elementor-element-837ec90 elementor-alert-danger elementor-hidden-desktop elementor-hidden-tablet elementor-hidden-mobile elementor-widget elementor-widget-alert\" data-id=\"837ec90\" data-element_type=\"widget\" data-e-type=\"widget\" data-widget_type=\"alert.default\">\n\t\t\t\t<div class=\"elementor-widget-container\">\n\t\t\t\t\t\t\t<div class=\"elementor-alert\" role=\"alert\">\n\n\t\t\t\t\t\t<span class=\"elementor-alert-title\">Patin libre annul\u00e9 le 18 mars<\/span>\n\t\t\t\n\t\t\t\t\t\t<span class=\"elementor-alert-description\">Le patin libre de 17 h \u00e0 17 h 50 est annul\u00e9 ce samedi 18 mars.<\/span>\n\t\t\t\n\t\t\t\t\t\t<button type=\"button\" class=\"elementor-alert-dismiss\" aria-label=\"Ignorer cette alerte.\">\n\t\t\t\t\t\t\t\t\t<span aria-hidden=\"true\">&times;<\/span>\n\t\t\t\t\t\t\t<\/button>\n\t\t\t\n\t\t<\/div>\n\t\t\t\t\t\t<\/div>\n\t\t\t\t<\/div>\n\t\t\t\t<div class=\"elementor-element elementor-element-4b660b9 elementor-widget elementor-widget-text-editor\" data-id=\"4b660b9\" data-element_type=\"widget\" data-e-type=\"widget\" data-widget_type=\"text-editor.default\">\n\t\t\t\t<div class=\"elementor-widget-container\">\n\t\t\t\t\t\t\t\t\t<h3>L&rsquo;ar\u00e9na de la L\u00e9gion situ\u00e9e au 220, avenue Bedbrook est temporairement ferm\u00e9e en raison de la construction du <a href=\"https:\/\/montreal-west.ca\/fr\/loisirs-et-culture\/centre-sportif-et-recreatif\/\">nouveau Centre sportif et r\u00e9cr\u00e9atif<\/a>.<\/h3>\t\t\t\t\t\t\t\t<\/div>\n\t\t\t\t<\/div>\n\t\t\t\t<div class=\"elementor-element elementor-element-f0ed8d6 elementor-hidden-desktop elementor-hidden-tablet elementor-hidden-mobile elementor-widget elementor-widget-text-editor\" data-id=\"f0ed8d6\" data-element_type=\"widget\" data-e-type=\"widget\" data-widget_type=\"text-editor.default\">\n\t\t\t\t<div class=\"elementor-widget-container\">\n\t\t\t\t\t\t\t\t\t<h3>Patinage libre<\/h3><p>Plusieurs s\u00e9ances de patin libre sont propos\u00e9es \u00e0 nos r\u00e9sidents chaque semaine. L&rsquo;entr\u00e9e est gratuite et les r\u00e9servations ne sont pas n\u00e9cessaires.<\/p><ul><li>Le port du casque est obligatoire pour tous les patineurs lorsqu&rsquo;ils se trouvent sur la patinoire.<\/li><li>Des appuis en plastique pour apprentissage du patin sont disponibles gratuitement pour les d\u00e9butants<\/li><\/ul><table style=\"border-collapse: collapse; width: 44.1935%;\"><thead><tr><td style=\"width: 97.7578%;\" colspan=\"2\"><b>Horaire\u00a0<\/b><\/td><\/tr><\/thead><tbody><tr><td style=\"width: 38.565%;\">Vendredi<\/td><td style=\"width: 59.1928%;\">15 h \u00e0 16 h<\/td><\/tr><tr><td style=\"width: 38.565%;\">Samedi<\/td><td style=\"width: 59.1928%;\">17 h \u00e0 17 h 50<\/td><\/tr><tr><td style=\"width: 38.565%;\">Dimanche<\/td><td style=\"width: 59.1928%;\">13 h \u00e0 14 h 30<\/td><\/tr><\/tbody><\/table>\t\t\t\t\t\t\t\t<\/div>\n\t\t\t\t<\/div>\n\t\t\t\t<div class=\"elementor-element elementor-element-e4022d0 elementor-hidden-mobile elementor-hidden-desktop elementor-hidden-tablet elementor-widget elementor-widget-text-editor\" data-id=\"e4022d0\" data-element_type=\"widget\" data-e-type=\"widget\" data-widget_type=\"text-editor.default\">\n\t\t\t\t<div class=\"elementor-widget-container\">\n\t\t\t\t\t\t\t\t\t<p><strong><span style=\"color: #ff0000;\"><em>Il n&rsquo;y aura pas de patinage libre le samedi 7 janvier en raison d&rsquo;un tournoi \u00e0 la patinoire.<\/em><\/span><\/strong><\/p><h2>Horaire des f\u00eates<\/h2><p><em>L&rsquo;ar\u00e9na sera ferm\u00e9e les 24, 25 et 31 d\u00e9cembre et le 1er janvier.<\/em><\/p><ul><li>Hockey libre: le port du prot\u00e8ge-cou, des gants et du casque est obligatoire<\/li><li>Patin libre: le port du casque est obligatoire pour tous les patineurs lorsqu&rsquo;ils se trouvent sur la patinoire.<\/li><\/ul><table style=\"border-collapse: collapse; width: 45%;\"><thead><tr><td style=\"width: 99.1031%;\" colspan=\"2\"><strong>Horaire du 26 d\u00e9cembre 2022 au 6 janvier 2023<\/strong><\/td><\/tr><\/thead><tbody><tr><td style=\"width: 30.4932%;\">10 h \u00e0 11 h<\/td><td style=\"width: 68.6099%;\">Hockey libre: Novice\/Atome<\/td><\/tr><tr><td style=\"width: 30.4932%;\">11 h \u00e0 12 h<\/td><td style=\"width: 68.6099%;\">Hockey libre: Pee Wee<\/td><\/tr><tr><td style=\"width: 30.4932%;\">12 h \u00e0 13 h<\/td><td style=\"width: 68.6099%;\">Hockey libre: Bantam\/Midget<\/td><\/tr><tr><td style=\"width: 30.4932%;\">13 h \u00e0 14 h<\/td><td style=\"width: 68.6099%;\">Patin libre<\/td><\/tr><tr><td style=\"width: 30.4932%;\">14 h \u00e0 15 h<\/td><td style=\"width: 68.6099%;\">Hockey libre: Novice\/Atome<\/td><\/tr><tr><td style=\"width: 30.4932%;\">15 h \u00e0 16 h<\/td><td style=\"width: 68.6099%;\">Hockey libre: Pee Wee<\/td><\/tr><tr><td style=\"width: 30.4932%;\">16 h \u00e0 17 h<\/td><td style=\"width: 68.6099%;\">Hockey libre: Bantam\/Midget<\/td><\/tr><tr><td style=\"width: 30.4932%;\">17 h \u00e0 18 h<\/td><td style=\"width: 68.6099%;\">Hockey libre: adultes 18+<\/td><\/tr><tr><td style=\"width: 30.4932%;\">18 h \u00e0 19 h<\/td><td style=\"width: 68.6099%;\">Patin libre<\/td><\/tr><\/tbody><\/table><h2>Horaire de la semaine de rel\u00e2che (du 28 f\u00e9vrier au 4 mars)<\/h2><h3>Lundi et mercredi<\/h3><table style=\"width: 59.3764%;\"><tbody><tr><td style=\"width: 32.7922%;\">12 h \u00e0 12 h 50<\/td><td style=\"width: 65.2597%;\">Hockey libre Novice\/Atome<\/td><\/tr><tr><td style=\"width: 32.7922%;\">13 h \u00e0 13 h 50<\/td><td style=\"width: 65.2597%;\">Patin libre<\/td><\/tr><tr><td style=\"width: 32.7922%;\">14 h \u00e0 14 h 50<\/td><td style=\"width: 65.2597%;\">Hockey libre PW\/Bantam<\/td><\/tr><tr><td style=\"width: 32.7922%;\">15 h \u00e0 15 h 50<\/td><td style=\"width: 65.2597%;\">Patin libre<\/td><\/tr><\/tbody><\/table><h3>Mardi, jeudi et vendredi<\/h3><table><tbody><tr><td>12 h \u00e0 12 h 50<\/td><td>Hockey libre Novice\/Atome<\/td><\/tr><tr><td>13 h \u00e0 13 h 50<\/td><td>Patin libre<\/td><\/tr><tr><td>14 h \u00e0 14 h 50<\/td><td>Hockey libre PW\/Bantam<\/td><\/tr><tr><td>15 h \u00e0 15 h 50<\/td><td>Patin libre<\/td><\/tr><tr><td>16 h \u00e0 16 h 50<\/td><td>Patin libre<\/td><\/tr><\/tbody><\/table><h3>Location de la patinoire pour le hockey familial<\/h3><p>La location de la patinoire est possible par bloc de 30 minutes et ne peut \u00eatre utilis\u00e9e que par les membres directs d&rsquo;une m\u00eame famille. L&rsquo;utilisation de b\u00e2tons de hockey et de rondelles a \u00e9t\u00e9 autoris\u00e9e par la Sant\u00e9 publique tant que seuls les membres de la famille vivant sous le m\u00eame t<span style=\"font-size: 12pt;\">o\u00eet sont sur la glace en m\u00eame temps. Les casques sont obligatoires pour tous les participants.<\/span><\/p><p><strong>25 $ par bloc de 30 minutes.<\/strong> Maximum d&rsquo;une location par semaine en raison de la demande.<\/p><table class=\" aligncenter\" style=\"border-collapse: collapse; width: 45%;\"><thead><tr><td style=\"width: 22.5%;\" colspan=\"2\"><b>Horaire du 31 janvier au 6 f\u00e9vrier 2022<\/b><\/td><\/tr><\/thead><tbody><tr><td style=\"width: 22.5%;\">Dimanche<\/td><td style=\"width: 22.5%;\">&#8211;<\/td><\/tr><tr><td style=\"width: 22.5%;\">Lundi<\/td><td style=\"width: 22.5%;\">15 h 30 \u00e0 16 h<\/td><\/tr><tr><td style=\"width: 22.5%;\">Mardi<\/td><td style=\"width: 22.5%;\">15 h 30 \u00e0 16 h<\/td><\/tr><tr><td style=\"width: 22.5%;\">Mercredi<\/td><td style=\"width: 22.5%;\">&#8211;<\/td><\/tr><tr><td style=\"width: 22.5%;\">Jeudi<\/td><td style=\"width: 22.5%;\">&#8211;<\/td><\/tr><tr><td style=\"width: 22.5%;\">Vendredi<\/td><td style=\"width: 22.5%;\">16 h 15 \u00e0 16 h 45<\/td><\/tr><tr><td style=\"width: 22.5%;\">Samedi<\/td><td style=\"width: 22.5%;\">8 h 30 \u00e0 9 h<br \/>19 h \u00e0 19 h 30<br \/>19 h 45 \u00e0 20 h 15<\/td><\/tr><\/tbody><\/table>\t\t\t\t\t\t\t\t<\/div>\n\t\t\t\t<\/div>\n\t\t\t\t<div class=\"elementor-element elementor-element-715d8d8 elementor-hidden-desktop elementor-hidden-tablet elementor-hidden-mobile elementor-widget elementor-widget-text-editor\" data-id=\"715d8d8\" data-element_type=\"widget\" data-e-type=\"widget\" data-widget_type=\"text-editor.default\">\n\t\t\t\t<div class=\"elementor-widget-container\">\n\t\t\t\t\t\t\t\t\t<h2>Horaire de la semaine de rel\u00e2che<\/h2><p><strong>(27 f\u00e9vrier au 10 mars)<\/strong><\/p><p>Cette ann\u00e9e, la Ville offrira des cliniques de hockey et de patinage pour les 5 \u00e0 18 ans. <a href=\"https:\/\/www.amilia.com\/store\/en\/ville-de-montreal-ouest\/shop\/programs\/86896\" target=\"_blank\" rel=\"noopener\">Consultez la plate-forme Amilia<\/a> pour les descriptions de chaque clinique ainsi que pour vous inscrire.<\/p><ul><li>Clinique de patinage de puissance<\/li><li>Clinique de perfectionnement des habilet\u00e9s<\/li><li>Clinique de gardiens de but<\/li><li>Intro: Apprendre \u00e0 patiner<\/li><\/ul><p><i>Nul besoin de s&rsquo;inscrire aux activit\u00e9s de patin libre et de hockey libre.<\/i><\/p><p><strong>Lundi 27 f\u00e9vrier\u00a0<\/strong><\/p><table style=\"width: 100%;\" width=\"100%\"><tbody><tr><td style=\"width: 24.5968%;\" width=\"50%\"><p>10 h \u00e0 10 h 50<\/p><\/td><td style=\"width: 75.4032%;\" width=\"50%\"><p><a href=\"https:\/\/www.amilia.com\/store\/en\/ville-de-montreal-ouest\/shop\/programs\/86896\">Clinique de patinage de puissance<\/a> (11 ans et moins)<\/p><p><a href=\"https:\/\/www.amilia.com\/store\/en\/ville-de-montreal-ouest\/shop\/programs\/86896\">Clinique de gardiens de but<\/a> (11 ans et moins)<\/p><\/td><\/tr><tr><td style=\"width: 24.5968%;\" width=\"50%\"><p>11 h \u00e0 11 h 50<\/p><\/td><td style=\"width: 75.4032%;\" width=\"50%\"><p><a href=\"https:\/\/www.amilia.com\/store\/en\/ville-de-montreal-ouest\/shop\/programs\/86896\">Clinique de patinage de puissance<\/a> (12 ans et plus)<\/p><p><a href=\"https:\/\/www.amilia.com\/store\/en\/ville-de-montreal-ouest\/shop\/programs\/86896\">Clinique de gardiens de but<\/a> (12 ans et plus)<\/p><\/td><\/tr><tr><td style=\"width: 24.5968%;\" width=\"50%\"><p>12 h 30 \u00e0 13 h 50<\/p><\/td><td style=\"width: 75.4032%;\" width=\"50%\"><p>Hockey libre (5 \u00e0 9 ans)<\/p><\/td><\/tr><tr><td style=\"width: 24.5968%;\" width=\"50%\"><p>14 h \u00e0 15 h 20<\/p><\/td><td style=\"width: 75.4032%;\" width=\"50%\"><p>Hockey libre (10 \u00e0 14 ans)<\/p><\/td><\/tr><tr><td style=\"width: 24.5968%;\" width=\"50%\"><p>15 h 30 \u00e0 16 h 50<\/p><\/td><td style=\"width: 75.4032%;\" width=\"50%\"><p>Hockey libre (13 ans et plus)<\/p><\/td><\/tr><tr><td style=\"width: 24.5968%;\" width=\"50%\"><p>17 h \u00e0 17 h 50<\/p><\/td><td style=\"width: 75.4032%;\" width=\"50%\"><p>Patin libre<\/p><\/td><\/tr><\/tbody><\/table><p><strong>Mardi 28 f\u00e9vrier<\/strong><\/p><table style=\"width: 100%;\" width=\"100%\"><tbody><tr><td style=\"width: 24.5968%;\" width=\"50%\"><p>10 h \u00e0 10 h 50<\/p><\/td><td style=\"width: 75.4032%;\" width=\"50%\"><p><a href=\"https:\/\/www.amilia.com\/store\/en\/ville-de-montreal-ouest\/shop\/programs\/86896\">Clinique de perfectionnement des habilet\u00e9s<\/a> (11 ans et moins)<\/p><p><a href=\"https:\/\/www.amilia.com\/store\/en\/ville-de-montreal-ouest\/shop\/programs\/86896\">Clinique de gardiens de but<\/a> (11 ans et moins)<\/p><\/td><\/tr><tr><td style=\"width: 24.5968%;\" width=\"50%\"><p>11 h \u00e0 11 h 50<\/p><\/td><td style=\"width: 75.4032%;\" width=\"50%\"><p><a href=\"https:\/\/www.amilia.com\/store\/en\/ville-de-montreal-ouest\/shop\/programs\/86896\">Clinique de perfectionnement des habilet\u00e9s<\/a> (12 ans et plus)<\/p><p><a href=\"https:\/\/www.amilia.com\/store\/en\/ville-de-montreal-ouest\/shop\/programs\/86896\">Clinique de gardiens de but<\/a> (12 ans et plus)<\/p><\/td><\/tr><tr><td style=\"width: 24.5968%;\" width=\"50%\"><p>12 h 30 \u00e0 13 h 50<\/p><\/td><td style=\"width: 75.4032%;\" width=\"50%\"><p>Hockey libre (5 \u00e0 9 ans)<\/p><\/td><\/tr><tr><td style=\"width: 24.5968%;\" width=\"50%\"><p>14 h \u00e0 15 h 20<\/p><\/td><td style=\"width: 75.4032%;\" width=\"50%\"><p>Hockey libre (10 \u00e0 14 ans)<\/p><\/td><\/tr><\/tbody><\/table><p><strong>Mercredi 1er mars<\/strong><\/p><table style=\"width: 100%;\" width=\"100%\"><tbody><tr><td style=\"width: 24.5968%;\" width=\"50%\"><p>10 h \u00e0 10 h 50<\/p><\/td><td style=\"width: 75.4032%;\" width=\"50%\"><p><a href=\"https:\/\/www.amilia.com\/store\/en\/ville-de-montreal-ouest\/shop\/programs\/86896\">Clinique de patinage de puissance<\/a> (11 ans et moins)<\/p><\/td><\/tr><tr><td style=\"width: 24.5968%;\" width=\"50%\"><p>11 h \u00e0 11 h 50<\/p><\/td><td style=\"width: 75.4032%;\" width=\"50%\"><p><a href=\"https:\/\/www.amilia.com\/store\/en\/ville-de-montreal-ouest\/shop\/programs\/86896\">Clinique de patinage de puissance<\/a> (12 ans et plus)<\/p><\/td><\/tr><tr><td style=\"width: 24.5968%;\" width=\"50%\"><p>12 h 30 \u00e0 13 h 50<\/p><\/td><td style=\"width: 75.4032%;\" width=\"50%\"><p>Hockey libre (5 \u00e0 9 ans)<\/p><\/td><\/tr><tr><td style=\"width: 24.5968%;\" width=\"50%\"><p>14 h \u00e0 15 h 20<\/p><\/td><td style=\"width: 75.4032%;\" width=\"50%\"><p>Hockey libre (10 \u00e0 14 ans)<\/p><\/td><\/tr><\/tbody><\/table><p><strong>Jeudi 2 mars<\/strong><\/p><table style=\"width: 100%;\" width=\"100%\"><tbody><tr><td style=\"width: 25%;\" width=\"50%\"><p>11 h \u00e0 12 h 20<\/p><\/td><td style=\"width: 75%;\" width=\"50%\"><p>Hockey libre (5 \u00e0 9 ans)<\/p><\/td><\/tr><tr><td style=\"width: 25%;\" width=\"50%\"><p>12 h 30 \u00e0 13 h 50<\/p><\/td><td style=\"width: 75%;\" width=\"50%\"><p>Hockey libre (10 \u00e0 14 ans)<\/p><\/td><\/tr><tr><td style=\"width: 25%;\" width=\"50%\"><p>14 h \u00e0 15 h 20<\/p><\/td><td style=\"width: 75%;\" width=\"50%\"><p>Hockey libre (13 ans et plus)<\/p><\/td><\/tr><tr><td style=\"width: 25%;\" width=\"50%\"><p>15 h 30 \u00e0 16 h 50<\/p><\/td><td style=\"width: 75%;\" width=\"50%\"><p>Patin libre<\/p><\/td><\/tr><\/tbody><\/table><p><strong>Vendredi 3 mars<\/strong><\/p><table style=\"width: 100%;\" width=\"100%\"><tbody><tr><td style=\"width: 25.2016%;\" width=\"50%\"><p>9 h \u00e0 9 h 50<\/p><\/td><td style=\"width: 74.7984%;\" width=\"50%\"><p><a href=\"https:\/\/www.amilia.com\/store\/en\/ville-de-montreal-ouest\/shop\/programs\/86896\">Intro: Apprendre \u00e0 patiner\u00a0<\/a><\/p><\/td><\/tr><tr><td style=\"width: 25.2016%;\" width=\"50%\"><p>10 h \u00e0 10 h 50<\/p><\/td><td style=\"width: 74.7984%;\" width=\"50%\"><p><a href=\"https:\/\/www.amilia.com\/store\/en\/ville-de-montreal-ouest\/shop\/programs\/86896\">Clinique de patinage de puissance<\/a> (11 ans et moins)<\/p><\/td><\/tr><tr><td style=\"width: 25.2016%;\" width=\"50%\"><p>11 h \u00e0 11 h 50<\/p><\/td><td style=\"width: 74.7984%;\" width=\"50%\"><p><a href=\"https:\/\/www.amilia.com\/store\/en\/ville-de-montreal-ouest\/shop\/programs\/86896\">Clinique de patinage de puissance<\/a> (12 ans et plus)<\/p><\/td><\/tr><tr><td style=\"width: 25.2016%;\" width=\"50%\"><p>12 h 30 \u00e0 13 h 50<\/p><\/td><td style=\"width: 74.7984%;\" width=\"50%\"><p>Hockey libre (5 \u00e0 9 ans)<\/p><\/td><\/tr><tr><td style=\"width: 25.2016%;\" width=\"50%\"><p>14 h \u00e0 14 h 50<\/p><\/td><td style=\"width: 74.7984%;\" width=\"50%\"><p>Hockey libre (10 \u00e0 14 ans)<\/p><\/td><\/tr><tr><td style=\"width: 25.2016%;\" width=\"50%\"><p>15 h \u00e0 15 h 50<\/p><\/td><td style=\"width: 74.7984%;\" width=\"50%\"><p>Patin libre<\/p><\/td><\/tr><\/tbody><\/table><p><strong>Samedi 4 mars<\/strong><\/p><table style=\"width: 100%;\" width=\"100%\"><tbody><tr><td style=\"width: 25.6048%;\" width=\"50%\"><p>16 h \u00e0 17 h 50<\/p><\/td><td style=\"width: 74.3952%;\" width=\"50%\"><p>Patin libre<\/p><\/td><\/tr><tr><td style=\"width: 25.6048%;\" width=\"50%\"><p>18 h \u00e0 19 h 30<\/p><\/td><td style=\"width: 74.3952%;\" width=\"50%\"><p>Hockey libre (13 ans et plus)<\/p><\/td><\/tr><\/tbody><\/table><p><strong>Dimanche 5 mars<\/strong><\/p><table style=\"width: 100%;\" width=\"100%\"><tbody><tr><td style=\"width: 25.8065%;\" width=\"50%\"><p>13 h \u00e0 14 h 20<\/p><\/td><td style=\"width: 74.1935%;\" width=\"50%\"><p>Patin libre<\/p><\/td><\/tr><\/tbody><\/table><p><strong>Lundi 6 mars\u00a0<\/strong><\/p><table style=\"width: 100%;\" width=\"100%\"><tbody><tr><td style=\"width: 26.0081%;\" width=\"50%\"><p>13 h \u00e0 13 h 50<\/p><\/td><td style=\"width: 73.9919%;\" width=\"50%\"><p>Patin libre<\/p><\/td><\/tr><tr><td style=\"width: 26.0081%;\" width=\"50%\"><p>14 h \u00e0 15 h 20<\/p><\/td><td style=\"width: 73.9919%;\" width=\"50%\"><p>Hockey libre (5 \u00e0 9 ans)<\/p><\/td><\/tr><tr><td style=\"width: 26.0081%;\" width=\"50%\"><p>15 h 30 \u00e0 16 h 50<\/p><\/td><td style=\"width: 73.9919%;\" width=\"50%\"><p>Hockey libre (10 \u00e0 14 ans)<\/p><\/td><\/tr><tr><td style=\"width: 26.0081%;\" width=\"50%\"><p>17 h \u00e0 18 h 20<\/p><\/td><td style=\"width: 73.9919%;\" width=\"50%\"><p>Hockey libre (13 ans et plus)<\/p><\/td><\/tr><tr><td style=\"width: 26.0081%;\" width=\"50%\"><p>18 h 30 \u00e0 19 h 50<\/p><\/td><td style=\"width: 73.9919%;\" width=\"50%\"><p>Patin libre<\/p><\/td><\/tr><\/tbody><\/table><p><strong>Mardi 7 mars<\/strong><\/p><table style=\"width: 100%;\" width=\"100%\"><tbody><tr><td style=\"width: 25.8065%;\" width=\"50%\"><p>13 h \u00e0 13 h 50<\/p><\/td><td style=\"width: 74.1935%;\" width=\"50%\"><p>Patin libre<\/p><\/td><\/tr><tr><td style=\"width: 25.8065%;\" width=\"50%\"><p>14 h \u00e0 15 h 20<\/p><\/td><td style=\"width: 74.1935%;\" width=\"50%\"><p>Hockey libre (5 \u00e0 9 ans)<\/p><\/td><\/tr><tr><td style=\"width: 25.8065%;\" width=\"50%\"><p>15 h 30 \u00e0 16 h 50<\/p><\/td><td style=\"width: 74.1935%;\" width=\"50%\"><p>Hockey libre (10 \u00e0 14 ans)<\/p><\/td><\/tr><tr><td style=\"width: 25.8065%;\" width=\"50%\"><p>17 h \u00e0 18 h 20<\/p><\/td><td style=\"width: 74.1935%;\" width=\"50%\"><p>Hockey libre (13 ans et plus)<\/p><\/td><\/tr><tr><td style=\"width: 25.8065%;\" width=\"50%\"><p>18 h 30 \u00e0 19 h 50<\/p><\/td><td style=\"width: 74.1935%;\" width=\"50%\"><p>Patin libre<\/p><\/td><\/tr><\/tbody><\/table><p><strong>Mercredi 8 mars<\/strong><\/p><table style=\"width: 100%;\" width=\"100%\"><tbody><tr><td style=\"width: 26.0081%;\" width=\"50%\"><p>13 h \u00e0 13 h 50<\/p><\/td><td style=\"width: 73.9919%;\" width=\"50%\"><p>Hockey libre (5 \u00e0 9 ans)<\/p><\/td><\/tr><tr><td style=\"width: 26.0081%;\" width=\"50%\"><p>14 h \u00e0 14 h 50<\/p><\/td><td style=\"width: 73.9919%;\" width=\"50%\"><p>Hockey libre (10 \u00e0 14 ans)<\/p><\/td><\/tr><tr><td style=\"width: 26.0081%;\" width=\"50%\"><p>15 h \u00e0 15 h 50<\/p><\/td><td style=\"width: 73.9919%;\" width=\"50%\"><p>Hockey libre (13 ans et plus)<\/p><\/td><\/tr><\/tbody><\/table><p><strong>Jeudi 9 mars<\/strong><\/p><table style=\"width: 100%;\" width=\"100%\"><tbody><tr><td style=\"width: 26.4113%;\" width=\"50%\"><p>10 h \u00e0 11 h 20<\/p><\/td><td style=\"width: 73.5887%;\" width=\"50%\"><p>Hockey libre (5 \u00e0 9 ans)<\/p><\/td><\/tr><tr><td style=\"width: 26.4113%;\" width=\"50%\"><p>11 h 30 \u00e0 12 h 50<\/p><\/td><td style=\"width: 73.5887%;\" width=\"50%\"><p>Hockey libre (10 \u00e0 14 ans)<\/p><\/td><\/tr><tr><td style=\"width: 26.4113%;\" width=\"50%\"><p>13 h \u00e0 14 h 20<\/p><\/td><td style=\"width: 73.5887%;\" width=\"50%\"><p>Hockey libre (13 ans et plus)<\/p><\/td><\/tr><tr><td style=\"width: 26.4113%;\" width=\"50%\"><p>14 h 30 \u00e0 15 h 50<\/p><\/td><td style=\"width: 73.5887%;\" width=\"50%\"><p>Patin libre<\/p><\/td><\/tr><tr><td style=\"width: 26.4113%;\" width=\"50%\"><p>16 h \u00e0 17 h 20<\/p><\/td><td style=\"width: 73.5887%;\" width=\"50%\"><p>Hockey libre (5 \u00e0 9 ans)<\/p><\/td><\/tr><tr><td style=\"width: 26.4113%;\" width=\"50%\"><p>17 h 30 \u00e0 18 h 50<\/p><\/td><td style=\"width: 73.5887%;\" width=\"50%\"><p>Hockey libre (10 \u00e0 14 ans)<\/p><\/td><\/tr><tr><td style=\"width: 26.4113%;\" width=\"50%\"><p>19 h \u00e0 19 h 50<\/p><\/td><td style=\"width: 73.5887%;\" width=\"50%\"><p>Hockey libre (13 ans et plus)<\/p><\/td><\/tr><\/tbody><\/table><p><strong>Vendredi 10 mars<\/strong><\/p><table style=\"width: 100%;\" width=\"100%\"><tbody><tr><td style=\"width: 27.0161%;\" width=\"50%\"><p>9 h \u00e0 9 h 50<\/p><\/td><td style=\"width: 72.9839%;\" width=\"50%\"><p><a href=\"https:\/\/www.amilia.com\/store\/en\/ville-de-montreal-ouest\/shop\/programs\/86896\">Intro: Apprendre \u00e0 patiner\u00a0<\/a><\/p><\/td><\/tr><tr><td style=\"width: 27.0161%;\" width=\"50%\"><p>10 h \u00e0 10 h 50<\/p><\/td><td style=\"width: 72.9839%;\" width=\"50%\"><p><a href=\"https:\/\/www.amilia.com\/store\/en\/ville-de-montreal-ouest\/shop\/programs\/86896\">Clinique de patinage de puissance<\/a> (11 ans et moins)<\/p><\/td><\/tr><tr><td style=\"width: 27.0161%;\" width=\"50%\"><p>11 h \u00e0 11 h 50<\/p><\/td><td style=\"width: 72.9839%;\" width=\"50%\"><p><a href=\"https:\/\/www.amilia.com\/store\/en\/ville-de-montreal-ouest\/shop\/programs\/86896\">Clinique de patinage de puissance<\/a> (12 ans et plus)<\/p><\/td><\/tr><tr><td style=\"width: 27.0161%;\" width=\"50%\"><p>12 h 30 \u00e0 13 h 50<\/p><\/td><td style=\"width: 72.9839%;\" width=\"50%\"><p>Hockey libre (5 \u00e0 9 ans)<\/p><\/td><\/tr><tr><td style=\"width: 27.0161%;\" width=\"50%\"><p>14 h \u00e0 14 h 50<\/p><\/td><td style=\"width: 72.9839%;\" width=\"50%\"><p>Hockey libre (10 \u00e0 14 ans)<\/p><\/td><\/tr><tr><td style=\"width: 27.0161%;\" width=\"50%\"><p>15 h \u00e0 15 h 50<\/p><\/td><td style=\"width: 72.9839%;\" width=\"50%\"><p>Patin libre<\/p><\/td><\/tr><tr><td style=\"width: 27.0161%;\" width=\"50%\"><p>17 h \u00e0 17 h 50<\/p><\/td><td style=\"width: 72.9839%;\" width=\"50%\"><p>Hockey libre (5 \u00e0 9 ans)<\/p><\/td><\/tr><tr><td style=\"width: 27.0161%;\" width=\"50%\"><p>18 h \u00e0 18 h 50<\/p><\/td><td style=\"width: 72.9839%;\" width=\"50%\"><p>Hockey libre (10 \u00e0 14 ans)<\/p><\/td><\/tr><tr><td style=\"width: 27.0161%;\" width=\"50%\"><p>19 h \u00e0 19 h 50<\/p><\/td><td style=\"width: 72.9839%;\" width=\"50%\"><p>Hockey libre (13 ans et plus)<\/p><\/td><\/tr><\/tbody><\/table>\t\t\t\t\t\t\t\t<\/div>\n\t\t\t\t<\/div>\n\t\t\t\t<div class=\"elementor-element elementor-element-3645d77 elementor-hidden-mobile elementor-align-center elementor-hidden-desktop elementor-hidden-tablet elementor-widget elementor-widget-button\" data-id=\"3645d77\" data-element_type=\"widget\" data-e-type=\"widget\" data-widget_type=\"button.default\">\n\t\t\t\t<div class=\"elementor-widget-container\">\n\t\t\t\t\t\t\t\t\t<div class=\"elementor-button-wrapper\">\n\t\t\t\t\t<a class=\"elementor-button elementor-button-link elementor-size-sm\" href=\"https:\/\/www.amilia.com\/store\/fr\/ville-de-montreal-ouest\/shop\/facilitybookings\/3333\/date\/2020-10-28T14:45:41.471Z\/duration\/30\">\n\t\t\t\t\t\t<span class=\"elementor-button-content-wrapper\">\n\t\t\t\t\t\t\t\t\t<span class=\"elementor-button-text\">Louez la patinoire<\/span>\n\t\t\t\t\t<\/span>\n\t\t\t\t\t<\/a>\n\t\t\t\t<\/div>\n\t\t\t\t\t\t\t\t<\/div>\n\t\t\t\t<\/div>\n\t\t\t\t\t<\/div>\n\t\t<\/div>\n\t\t\t\t\t<\/div>\n\t\t<\/section>\n\t\t\t\t<\/div>\n\t\t","protected":false},"excerpt":{"rendered":"<p>Patin libre annul\u00e9 le 18 mars Le patin libre de 17 h \u00e0 17 h 50 est annul\u00e9 ce samedi 18 mars. &times; Dismiss this alert. L&rsquo;ar\u00e9na de la L\u00e9gion situ\u00e9e au 220, avenue Bedbrook est temporairement ferm\u00e9e [&hellip;]<\/p>\n","protected":false},"author":1,"featured_media":0,"parent":4370,"menu_order":4,"comment_status":"closed","ping_status":"closed","template":"","meta":{"_acf_changed":false,"footnotes":""},"tags":[],"class_list":["post-4371","page","type-page","status-publish","hentry"],"better_featured_image":null,"acf":{"header_title":"","header_image":{"ID":1582,"id":1582,"title":"mo-west-arena-0019","filename":"mo-west-arena-0019.jpg","filesize":296996,"url":"https:\/\/montreal-ouest.ca\/wp-content\/uploads\/2018\/08\/mo-west-arena-0019.jpg","link":"https:\/\/montreal-ouest.ca\/fr\/loisirs-et-culture\/installations-et-parcs\/arena-de-la-legion\/mo-west-arena-0019-2\/","alt":"","author":"3","description":"","caption":"","name":"mo-west-arena-0019-2","status":"inherit","uploaded_to":4371,"date":"2018-08-30 13:43:11","modified":"2018-08-30 13:43:11","menu_order":0,"mime_type":"image\/jpeg","type":"image","subtype":"jpeg","icon":"https:\/\/montreal-ouest.ca\/wp-includes\/images\/media\/default.png","width":1000,"height":666,"sizes":{"thumbnail":"https:\/\/montreal-ouest.ca\/wp-content\/uploads\/2018\/08\/mo-west-arena-0019-285x285.jpg","thumbnail-width":285,"thumbnail-height":285,"medium":"https:\/\/montreal-ouest.ca\/wp-content\/uploads\/2018\/08\/mo-west-arena-0019-992x661.jpg","medium-width":992,"medium-height":661,"medium_large":"https:\/\/montreal-ouest.ca\/wp-content\/uploads\/2018\/08\/mo-west-arena-0019-768x511.jpg","medium_large-width":768,"medium_large-height":511,"large":"https:\/\/montreal-ouest.ca\/wp-content\/uploads\/2018\/08\/mo-west-arena-0019.jpg","large-width":1000,"large-height":666,"1536x1536":"https:\/\/montreal-ouest.ca\/wp-content\/uploads\/2018\/08\/mo-west-arena-0019.jpg","1536x1536-width":1000,"1536x1536-height":666,"2048x2048":"https:\/\/montreal-ouest.ca\/wp-content\/uploads\/2018\/08\/mo-west-arena-0019.jpg","2048x2048-width":1000,"2048x2048-height":666}},"header_subtitle":"","sidebar_image":false,"hide_sidebar":false,"event_types":false},"publishpress_future_workflow_manual_trigger":{"enabledWorkflows":[]},"_links":{"self":[{"href":"https:\/\/montreal-ouest.ca\/fr\/wp-json\/wp\/v2\/pages\/4371","targetHints":{"allow":["GET"]}}],"collection":[{"href":"https:\/\/montreal-ouest.ca\/fr\/wp-json\/wp\/v2\/pages"}],"about":[{"href":"https:\/\/montreal-ouest.ca\/fr\/wp-json\/wp\/v2\/types\/page"}],"author":[{"embeddable":true,"href":"https:\/\/montreal-ouest.ca\/fr\/wp-json\/wp\/v2\/users\/1"}],"replies":[{"embeddable":true,"href":"https:\/\/montreal-ouest.ca\/fr\/wp-json\/wp\/v2\/comments?post=4371"}],"version-history":[{"count":0,"href":"https:\/\/montreal-ouest.ca\/fr\/wp-json\/wp\/v2\/pages\/4371\/revisions"}],"up":[{"embeddable":true,"href":"https:\/\/montreal-ouest.ca\/fr\/wp-json\/wp\/v2\/pages\/4370"}],"wp:attachment":[{"href":"https:\/\/montreal-ouest.ca\/fr\/wp-json\/wp\/v2\/media?parent=4371"}],"wp:term":[{"taxonomy":"post_tag","embeddable":true,"href":"https:\/\/montreal-ouest.ca\/fr\/wp-json\/wp\/v2\/tags?post=4371"}],"curies":[{"name":"wp","href":"https:\/\/api.w.org\/{rel}","templated":true}]}}