{"id":4370,"date":"2018-07-06T20:39:03","date_gmt":"2018-07-07T00:39:03","guid":{"rendered":"https:\/\/montreal-west.ca\/loisirs\/facilities-parks\/"},"modified":"2026-03-04T17:04:16","modified_gmt":"2026-03-04T21:04:16","slug":"installations-et-parcs","status":"publish","type":"page","link":"https:\/\/montreal-ouest.ca\/fr\/loisirs-et-culture\/installations-et-parcs\/","title":{"rendered":"Installations et parcs"},"content":{"rendered":"\t\t<div data-elementor-type=\"wp-post\" data-elementor-id=\"4370\" class=\"elementor elementor-4370 elementor-886\" data-elementor-post-type=\"page\">\n\t\t\t\t\t\t<section class=\"elementor-section elementor-top-section elementor-element elementor-element-b010d83 elementor-section-boxed elementor-section-height-default elementor-section-height-default\" data-id=\"b010d83\" data-element_type=\"section\" data-e-type=\"section\">\n\t\t\t\t\t\t<div class=\"elementor-container elementor-column-gap-default\">\n\t\t\t\t\t<div class=\"elementor-column elementor-col-100 elementor-top-column elementor-element elementor-element-ae47a7d\" data-id=\"ae47a7d\" data-element_type=\"column\" data-e-type=\"column\">\n\t\t\t<div class=\"elementor-widget-wrap elementor-element-populated\">\n\t\t\t\t\t\t<div class=\"elementor-element elementor-element-e98addf elementor-widget elementor-widget-text-editor\" data-id=\"e98addf\" data-element_type=\"widget\" data-e-type=\"widget\" data-widget_type=\"text-editor.default\">\n\t\t\t\t<div class=\"elementor-widget-container\">\n\t\t\t\t\t\t\t\t\t<p>La Ville de Montr\u00e9al-Ouest poss\u00e8de une douzaine de parcs bien \u00e9quip\u00e9s, des installations sportives et communautaires, une piscine municipale et une patinoire. Certaines de ces installations sont mises \u00e0 la disposition des r\u00e9sidents qui veulent les louer pour leurs propres \u00e9v\u00e9nements.\u00a0<\/p>\t\t\t\t\t\t\t\t<\/div>\n\t\t\t\t<\/div>\n\t\t\t\t\t<\/div>\n\t\t<\/div>\n\t\t\t\t\t<\/div>\n\t\t<\/section>\n\t\t\t\t<section class=\"elementor-section elementor-top-section elementor-element elementor-element-780b5ac elementor-section-boxed elementor-section-height-default elementor-section-height-default\" data-id=\"780b5ac\" data-element_type=\"section\" data-e-type=\"section\">\n\t\t\t\t\t\t<div class=\"elementor-container elementor-column-gap-narrow\">\n\t\t\t\t\t<div class=\"elementor-column elementor-col-25 elementor-top-column elementor-element elementor-element-3ab12d4\" data-id=\"3ab12d4\" data-element_type=\"column\" data-e-type=\"column\">\n\t\t\t<div class=\"elementor-widget-wrap elementor-element-populated\">\n\t\t\t\t\t\t<div class=\"elementor-element elementor-element-611fec1 elementor-widget elementor-widget-image\" data-id=\"611fec1\" data-element_type=\"widget\" data-e-type=\"widget\" data-widget_type=\"image.default\">\n\t\t\t\t<div class=\"elementor-widget-container\">\n\t\t\t\t\t\t\t\t\t\t\t\t<figure class=\"wp-caption\">\n\t\t\t\t\t\t\t\t\t\t\t<a href=\"https:\/\/montreal-ouest.ca\/fr\/loisirs-et-culture\/centre-sportif-et-recreatif\/\">\n\t\t\t\t\t\t\t<img decoding=\"async\" src=\"https:\/\/montreal-ouest.ca\/wp-content\/uploads\/elementor\/thumbs\/Exterieur-1-rjfy5052yv8lbxskwtbq8l6u2h8vojw1je4j4eti9k.png\"  alt=\"Exterieur.png\" loading=\"lazy\" \/>\t\t\t\t\t\t\t\t<\/a>\n\t\t\t\t\t\t\t\t\t\t\t<figcaption class=\"widget-image-caption wp-caption-text\"><a href=\"https:\/\/montreal-ouest.ca\/fr\/loisirs-et-culture\/centre-sportif-et-recreatif\/\">Centre sportif et r\u00e9cr\u00e9atif<\/a><\/figcaption>\n\t\t\t\t\t\t\t\t\t\t<\/figure>\n\t\t\t\t\t\t\t\t\t<\/div>\n\t\t\t\t<\/div>\n\t\t\t\t\t<\/div>\n\t\t<\/div>\n\t\t\t\t<div class=\"elementor-column elementor-col-25 elementor-top-column elementor-element elementor-element-183a728\" data-id=\"183a728\" data-element_type=\"column\" data-e-type=\"column\">\n\t\t\t<div class=\"elementor-widget-wrap elementor-element-populated\">\n\t\t\t\t\t\t<div class=\"elementor-element elementor-element-4657d80 elementor-widget elementor-widget-image\" data-id=\"4657d80\" data-element_type=\"widget\" data-e-type=\"widget\" data-widget_type=\"image.default\">\n\t\t\t\t<div class=\"elementor-widget-container\">\n\t\t\t\t\t\t\t\t\t\t\t\t<figure class=\"wp-caption\">\n\t\t\t\t\t\t\t\t\t\t\t<a href=\"https:\/\/montreal-west.ca\/fr\/loisirs-et-culture\/installations-et-parcs\/centre-communautaire\/\">\n\t\t\t\t\t\t\t<img decoding=\"async\" src=\"https:\/\/montreal-ouest.ca\/wp-content\/uploads\/elementor\/thumbs\/mo-west-fall-2018-0488-o242k5216r8auq6ea2ui6t5n9odxphjpnumin2i6k8.jpg\"  alt=\"mo-west-fall-2018-0488\" loading=\"lazy\" \/>\t\t\t\t\t\t\t\t<\/a>\n\t\t\t\t\t\t\t\t\t\t\t<figcaption class=\"widget-image-caption wp-caption-text\"><a href=\"https:\/\/montreal-west.ca\/fr\/loisirs-et-culture\/installations-et-parcs\/centre-communautaire\/\">Centre communautaire John A Simms<\/a><\/figcaption>\n\t\t\t\t\t\t\t\t\t\t<\/figure>\n\t\t\t\t\t\t\t\t\t<\/div>\n\t\t\t\t<\/div>\n\t\t\t\t\t<\/div>\n\t\t<\/div>\n\t\t\t\t<div class=\"elementor-column elementor-col-25 elementor-top-column elementor-element elementor-element-087b7b5\" data-id=\"087b7b5\" data-element_type=\"column\" data-e-type=\"column\">\n\t\t\t<div class=\"elementor-widget-wrap elementor-element-populated\">\n\t\t\t\t\t\t<div class=\"elementor-element elementor-element-3d8143a elementor-widget elementor-widget-image\" data-id=\"3d8143a\" data-element_type=\"widget\" data-e-type=\"widget\" data-widget_type=\"image.default\">\n\t\t\t\t<div class=\"elementor-widget-container\">\n\t\t\t\t\t\t\t\t\t\t\t\t<figure class=\"wp-caption\">\n\t\t\t\t\t\t\t\t\t\t\t<a href=\"https:\/\/montreal-west.ca\/fr\/loisirs-et-culture\/installations-et-parcs\/parcs\/\">\n\t\t\t\t\t\t\t<img decoding=\"async\" src=\"https:\/\/montreal-ouest.ca\/wp-content\/uploads\/elementor\/thumbs\/dave-reid-o242k36ct35q7i94l2191tmq2wn7a3c8zlbjoikywo.jpg\"  alt=\"Dave Reid Park\" loading=\"lazy\" \/>\t\t\t\t\t\t\t\t<\/a>\n\t\t\t\t\t\t\t\t\t\t\t<figcaption class=\"widget-image-caption wp-caption-text\"><a href=\"https:\/\/montreal-west.ca\/fr\/loisirs-et-culture\/installations-et-parcs\/parcs\/\">Parcs<\/a><\/figcaption>\n\t\t\t\t\t\t\t\t\t\t<\/figure>\n\t\t\t\t\t\t\t\t\t<\/div>\n\t\t\t\t<\/div>\n\t\t\t\t\t<\/div>\n\t\t<\/div>\n\t\t\t\t<div class=\"elementor-column elementor-col-25 elementor-top-column elementor-element elementor-element-3056fd8\" data-id=\"3056fd8\" data-element_type=\"column\" data-e-type=\"column\">\n\t\t\t<div class=\"elementor-widget-wrap elementor-element-populated\">\n\t\t\t\t\t\t<div class=\"elementor-element elementor-element-0af8f86 elementor-widget elementor-widget-image\" data-id=\"0af8f86\" data-element_type=\"widget\" data-e-type=\"widget\" data-widget_type=\"image.default\">\n\t\t\t\t<div class=\"elementor-widget-container\">\n\t\t\t\t\t\t\t\t\t\t\t\t<figure class=\"wp-caption\">\n\t\t\t\t\t\t\t\t\t\t\t<a href=\"https:\/\/montreal-west.ca\/fr\/loisirs-et-culture\/installations-et-parcs\/parcs\/\">\n\t\t\t\t\t\t\t<img decoding=\"async\" src=\"https:\/\/montreal-ouest.ca\/wp-content\/uploads\/elementor\/thumbs\/mo-west-fall-2018-0494-oq71al37y8db066cli264ommt5ta0junsf1z01okoo.jpg\"  alt=\"mo-west-fall-2018-0494\" loading=\"lazy\" \/>\t\t\t\t\t\t\t\t<\/a>\n\t\t\t\t\t\t\t\t\t\t\t<figcaption class=\"widget-image-caption wp-caption-text\"><a href=\"https:\/\/montreal-west.ca\/fr\/loisirs-et-culture\/installations-et-parcs\/jeux-deau\/\">Jeux d'eau<\/a><\/figcaption>\n\t\t\t\t\t\t\t\t\t\t<\/figure>\n\t\t\t\t\t\t\t\t\t<\/div>\n\t\t\t\t<\/div>\n\t\t\t\t\t<\/div>\n\t\t<\/div>\n\t\t\t\t\t<\/div>\n\t\t<\/section>\n\t\t\t\t<section class=\"elementor-section elementor-top-section elementor-element elementor-element-47060a3 elementor-section-boxed elementor-section-height-default elementor-section-height-default\" data-id=\"47060a3\" data-element_type=\"section\" data-e-type=\"section\">\n\t\t\t\t\t\t<div class=\"elementor-container elementor-column-gap-default\">\n\t\t\t\t\t<div class=\"elementor-column elementor-col-25 elementor-top-column elementor-element elementor-element-07ce40a\" data-id=\"07ce40a\" data-element_type=\"column\" data-e-type=\"column\">\n\t\t\t<div class=\"elementor-widget-wrap elementor-element-populated\">\n\t\t\t\t\t\t<div class=\"elementor-element elementor-element-cf638b1 elementor-widget elementor-widget-image\" data-id=\"cf638b1\" data-element_type=\"widget\" data-e-type=\"widget\" data-widget_type=\"image.default\">\n\t\t\t\t<div class=\"elementor-widget-container\">\n\t\t\t\t\t\t\t\t\t\t\t\t<figure class=\"wp-caption\">\n\t\t\t\t\t\t\t\t\t\t\t<a href=\"https:\/\/montreal-ouest.ca\/fr\/loisirs-et-culture\/installations-et-parcs\/patinoire-steve-et-rob-michelin\/\">\n\t\t\t\t\t\t\t<img decoding=\"async\" src=\"https:\/\/montreal-ouest.ca\/wp-content\/uploads\/elementor\/thumbs\/Patinoire-1-rjfy4703304pc0ywmyqalajjnj8i1xod3dwh8u0pmg.png\"  alt=\"Patinoire.png\" loading=\"lazy\" \/>\t\t\t\t\t\t\t\t<\/a>\n\t\t\t\t\t\t\t\t\t\t\t<figcaption class=\"widget-image-caption wp-caption-text\"><a href=\"https:\/\/montreal-ouest.ca\/fr\/loisirs-et-culture\/installations-et-parcs\/patinoire-steve-et-rob-michelin\/\">Patinoire Steve et Rob Michelin<\/a><\/figcaption>\n\t\t\t\t\t\t\t\t\t\t<\/figure>\n\t\t\t\t\t\t\t\t\t<\/div>\n\t\t\t\t<\/div>\n\t\t\t\t\t<\/div>\n\t\t<\/div>\n\t\t\t\t<div class=\"elementor-column elementor-col-25 elementor-top-column elementor-element elementor-element-6b40e85\" data-id=\"6b40e85\" data-element_type=\"column\" data-e-type=\"column\">\n\t\t\t<div class=\"elementor-widget-wrap elementor-element-populated\">\n\t\t\t\t\t\t<div class=\"elementor-element elementor-element-2aaef78 elementor-widget elementor-widget-image\" data-id=\"2aaef78\" data-element_type=\"widget\" data-e-type=\"widget\" data-widget_type=\"image.default\">\n\t\t\t\t<div class=\"elementor-widget-container\">\n\t\t\t\t\t\t\t\t\t\t\t\t<figure class=\"wp-caption\">\n\t\t\t\t\t\t\t\t\t\t\t<a href=\"https:\/\/montreal-west.ca\/fr\/loisirs-et-culture\/installations-et-parcs\/parcs\/\">\n\t\t\t\t\t\t\t<img decoding=\"async\" src=\"https:\/\/montreal-ouest.ca\/wp-content\/uploads\/elementor\/thumbs\/strathearn-rink-piklb814qhtfbuccieagvvvbtyn7xcj2ud6bg3mt2w.jpg\"  alt=\"strathearn rink\" loading=\"lazy\" \/>\t\t\t\t\t\t\t\t<\/a>\n\t\t\t\t\t\t\t\t\t\t\t<figcaption class=\"widget-image-caption wp-caption-text\"><a href=\"https:\/\/montreal-west.ca\/fr\/loisirs-et-culture\/installations-et-parcs\/patinoires-exterieures\/\">Patinoires ext\u00e9rieures<\/a><\/figcaption>\n\t\t\t\t\t\t\t\t\t\t<\/figure>\n\t\t\t\t\t\t\t\t\t<\/div>\n\t\t\t\t<\/div>\n\t\t\t\t\t<\/div>\n\t\t<\/div>\n\t\t\t\t<div class=\"elementor-column elementor-col-25 elementor-top-column elementor-element elementor-element-842153d\" data-id=\"842153d\" data-element_type=\"column\" data-e-type=\"column\">\n\t\t\t<div class=\"elementor-widget-wrap elementor-element-populated\">\n\t\t\t\t\t\t<div class=\"elementor-element elementor-element-00fa9ea elementor-widget elementor-widget-image\" data-id=\"00fa9ea\" data-element_type=\"widget\" data-e-type=\"widget\" data-widget_type=\"image.default\">\n\t\t\t\t<div class=\"elementor-widget-container\">\n\t\t\t\t\t\t\t\t\t\t\t\t<figure class=\"wp-caption\">\n\t\t\t\t\t\t\t\t\t\t\t<a href=\"https:\/\/montreal-west.ca\/fr\/loisirs-et-culture\/installations-et-parcs\/location-des-installations\/\">\n\t\t\t\t\t\t\t<img decoding=\"async\" src=\"https:\/\/montreal-ouest.ca\/wp-content\/uploads\/elementor\/thumbs\/davies-chalet-o242k446zx70j47rfkfvmbe6oaikhsfzbpz15sjkqg.png\"  alt=\"davies chalet\" loading=\"lazy\" \/>\t\t\t\t\t\t\t\t<\/a>\n\t\t\t\t\t\t\t\t\t\t\t<figcaption class=\"widget-image-caption wp-caption-text\"><a href=\"https:\/\/montreal-west.ca\/fr\/loisirs-et-culture\/installations-et-parcs\/location-des-installations\/\">Location des installations<\/a><\/figcaption>\n\t\t\t\t\t\t\t\t\t\t<\/figure>\n\t\t\t\t\t\t\t\t\t<\/div>\n\t\t\t\t<\/div>\n\t\t\t\t\t<\/div>\n\t\t<\/div>\n\t\t\t\t<div class=\"elementor-column elementor-col-25 elementor-top-column elementor-element elementor-element-c1da2c5\" data-id=\"c1da2c5\" data-element_type=\"column\" data-e-type=\"column\">\n\t\t\t<div class=\"elementor-widget-wrap elementor-element-populated\">\n\t\t\t\t\t\t<div class=\"elementor-element elementor-element-df23df3 elementor-widget elementor-widget-image\" data-id=\"df23df3\" data-element_type=\"widget\" data-e-type=\"widget\" data-widget_type=\"image.default\">\n\t\t\t\t<div class=\"elementor-widget-container\">\n\t\t\t\t\t\t\t\t\t\t\t\t<figure class=\"wp-caption\">\n\t\t\t\t\t\t\t\t\t\t\t<a href=\"https:\/\/www.mwtclub.com\/fr\">\n\t\t\t\t\t\t\t<img fetchpriority=\"high\" decoding=\"async\" width=\"1920\" height=\"1440\" src=\"https:\/\/montreal-ouest.ca\/wp-content\/uploads\/2023\/03\/MWTC-1920x1440.jpg\" class=\"attachment-large size-large wp-image-57709\" alt=\"\" srcset=\"https:\/\/montreal-ouest.ca\/wp-content\/uploads\/2023\/03\/MWTC-1920x1440.jpg 1920w, https:\/\/montreal-ouest.ca\/wp-content\/uploads\/2023\/03\/MWTC-992x744.jpg 992w, https:\/\/montreal-ouest.ca\/wp-content\/uploads\/2023\/03\/MWTC-768x576.jpg 768w, https:\/\/montreal-ouest.ca\/wp-content\/uploads\/2023\/03\/MWTC-1536x1152.jpg 1536w, https:\/\/montreal-ouest.ca\/wp-content\/uploads\/2023\/03\/MWTC.jpg 2016w\" sizes=\"(max-width: 1920px) 100vw, 1920px\" \/>\t\t\t\t\t\t\t\t<\/a>\n\t\t\t\t\t\t\t\t\t\t\t<figcaption class=\"widget-image-caption wp-caption-text\"><a href=\"https:\/\/www.mwtclub.com\/fr\" target=\"blank\">Terrains de tennis<\/a><br>(G\u00e9r\u00e9 par le Club de tennis de Montr\u00e9al-Ouest)<\/figcaption>\n\t\t\t\t\t\t\t\t\t\t<\/figure>\n\t\t\t\t\t\t\t\t\t<\/div>\n\t\t\t\t<\/div>\n\t\t\t\t\t<\/div>\n\t\t<\/div>\n\t\t\t\t\t<\/div>\n\t\t<\/section>\n\t\t\t\t<\/div>\n\t\t","protected":false},"excerpt":{"rendered":"<p>La Ville de Montr\u00e9al-Ouest poss\u00e8de une douzaine de parcs bien \u00e9quip\u00e9s, des installations sportives et communautaires, une piscine municipale et une patinoire. Certaines de ces installations sont mises \u00e0 la disposition des r\u00e9sidents qui veulent les louer pour [&hellip;]<\/p>\n","protected":false},"author":1,"featured_media":0,"parent":4336,"menu_order":4,"comment_status":"closed","ping_status":"closed","template":"","meta":{"_acf_changed":false,"footnotes":""},"tags":[],"class_list":["post-4370","page","type-page","status-publish","hentry"],"better_featured_image":null,"acf":{"header_title":"","header_image":{"ID":7383,"id":7383,"title":"banner-strathearn","filename":"banner-strathearn.jpg","filesize":620219,"url":"https:\/\/montreal-ouest.ca\/wp-content\/uploads\/2018\/11\/banner-strathearn.jpg","link":"https:\/\/montreal-ouest.ca\/fr\/loisirs-et-culture\/installations-et-parcs\/banner-strathearn-2\/","alt":"","author":"3","description":"","caption":"","name":"banner-strathearn-2","status":"inherit","uploaded_to":4370,"date":"2018-11-23 16:01:37","modified":"2018-11-23 16:03:36","menu_order":0,"mime_type":"image\/jpeg","type":"image","subtype":"jpeg","icon":"https:\/\/montreal-ouest.ca\/wp-includes\/images\/media\/default.png","width":1599,"height":790,"sizes":{"thumbnail":"https:\/\/montreal-ouest.ca\/wp-content\/uploads\/2018\/11\/banner-strathearn-285x285.jpg","thumbnail-width":285,"thumbnail-height":285,"medium":"https:\/\/montreal-ouest.ca\/wp-content\/uploads\/2018\/11\/banner-strathearn-992x490.jpg","medium-width":992,"medium-height":490,"medium_large":"https:\/\/montreal-ouest.ca\/wp-content\/uploads\/2018\/11\/banner-strathearn-768x379.jpg","medium_large-width":768,"medium_large-height":379,"large":"https:\/\/montreal-ouest.ca\/wp-content\/uploads\/2018\/11\/banner-strathearn.jpg","large-width":1599,"large-height":790,"1536x1536":"https:\/\/montreal-ouest.ca\/wp-content\/uploads\/2018\/11\/banner-strathearn.jpg","1536x1536-width":1536,"1536x1536-height":759,"2048x2048":"https:\/\/montreal-ouest.ca\/wp-content\/uploads\/2018\/11\/banner-strathearn.jpg","2048x2048-width":1599,"2048x2048-height":790}},"header_subtitle":"","sidebar_image":false},"publishpress_future_workflow_manual_trigger":{"enabledWorkflows":[]},"_links":{"self":[{"href":"https:\/\/montreal-ouest.ca\/fr\/wp-json\/wp\/v2\/pages\/4370","targetHints":{"allow":["GET"]}}],"collection":[{"href":"https:\/\/montreal-ouest.ca\/fr\/wp-json\/wp\/v2\/pages"}],"about":[{"href":"https:\/\/montreal-ouest.ca\/fr\/wp-json\/wp\/v2\/types\/page"}],"author":[{"embeddable":true,"href":"https:\/\/montreal-ouest.ca\/fr\/wp-json\/wp\/v2\/users\/1"}],"replies":[{"embeddable":true,"href":"https:\/\/montreal-ouest.ca\/fr\/wp-json\/wp\/v2\/comments?post=4370"}],"version-history":[{"count":0,"href":"https:\/\/montreal-ouest.ca\/fr\/wp-json\/wp\/v2\/pages\/4370\/revisions"}],"up":[{"embeddable":true,"href":"https:\/\/montreal-ouest.ca\/fr\/wp-json\/wp\/v2\/pages\/4336"}],"wp:attachment":[{"href":"https:\/\/montreal-ouest.ca\/fr\/wp-json\/wp\/v2\/media?parent=4370"}],"wp:term":[{"taxonomy":"post_tag","embeddable":true,"href":"https:\/\/montreal-ouest.ca\/fr\/wp-json\/wp\/v2\/tags?post=4370"}],"curies":[{"name":"wp","href":"https:\/\/api.w.org\/{rel}","templated":true}]}}