{"id":4338,"date":"2018-07-06T20:38:33","date_gmt":"2018-07-07T00:38:33","guid":{"rendered":"https:\/\/montreal-west.ca\/volunteering\/"},"modified":"2024-04-09T14:22:00","modified_gmt":"2024-04-09T18:22:00","slug":"benevolat","status":"publish","type":"page","link":"https:\/\/montreal-ouest.ca\/fr\/loisirs-et-culture\/vie-communautaire\/benevolat\/","title":{"rendered":"B\u00e9n\u00e9volat"},"content":{"rendered":"\t\t<div data-elementor-type=\"wp-post\" data-elementor-id=\"4338\" class=\"elementor elementor-4338 elementor-888\" data-elementor-post-type=\"page\">\n\t\t\t\t\t\t<section class=\"elementor-section elementor-top-section elementor-element elementor-element-91dc2bb elementor-section-boxed elementor-section-height-default elementor-section-height-default\" data-id=\"91dc2bb\" data-element_type=\"section\" data-e-type=\"section\">\n\t\t\t\t\t\t<div class=\"elementor-container elementor-column-gap-default\">\n\t\t\t\t\t<div class=\"elementor-column elementor-col-100 elementor-top-column elementor-element elementor-element-418a4a8\" data-id=\"418a4a8\" data-element_type=\"column\" data-e-type=\"column\">\n\t\t\t<div class=\"elementor-widget-wrap elementor-element-populated\">\n\t\t\t\t\t\t<div class=\"elementor-element elementor-element-1aa471f elementor-widget elementor-widget-text-editor\" data-id=\"1aa471f\" data-element_type=\"widget\" data-e-type=\"widget\" data-widget_type=\"text-editor.default\">\n\t\t\t\t<div class=\"elementor-widget-container\">\n\t\t\t\t\t\t\t\t\t<p>Pour bien des gens, faire du b\u00e9n\u00e9volat donne un sens \u00e0 leur vie et leur offre l&rsquo;occasion de rester actifs et de socialiser. Les occasions de b\u00e9n\u00e9volat sur l&rsquo;\u00eele de Montr\u00e9al ne manquent pas. Trouvez l&rsquo;activit\u00e9 b\u00e9n\u00e9vole qui correspond \u00e0 votre horaire, \u00e0 vos comp\u00e9tences et \u00e0 votre personnalit\u00e9.<\/p><h2>Registre du b\u00e9n\u00e9volat<\/h2><p>Les r\u00e9sidents qui souhaitent faire du b\u00e9n\u00e9volat dans la ville et ses environs ont de nombreuses options \u00e0 leur disposition. Vous trouverez ci-dessous une liste non exhaustive des organisations au sein desquelles nos r\u00e9sidents font du b\u00e9n\u00e9volat.<\/p><p><strong>Centre d&rsquo;action b\u00e9n\u00e9vole de Montr\u00e9al<br \/><\/strong><a href=\"https:\/\/www.cabm.net\/benevoles\/offre-benevolat\">Site<\/a><br \/><i><\/i> 514-842-3351<\/p><p><strong>Popote roulante (Meals on Wheels)<br \/><\/strong><a href=\"https:\/\/santropolroulant.org\/fr\/quest-ce-que-le-roulant\/popote-roulante\/\">Site<\/a><br \/>514-842-3351<\/p><p><strong>\u00c9v\u00e9nements de la Ville (ex. le jour du Souvenir, d\u00e9jeuner avec le P\u00e8re No\u00ebl, la f\u00eate du Canada, etc.)<br \/><\/strong><a href=\"https:\/\/montreal-west.ca\/en\/recreation\/community-life\/volunteering\/\" target=\"blank\">Site<\/a> <br \/><i><\/i> 514-484-6186<\/p><p><strong>Biblioth\u00e8que pour jeunes<\/strong><br \/><a href=\"http:\/\/www.mwcl.ca\/\" target=\"blank\">Site<\/a> <br \/><i><\/i> 514-484-7194<\/p><p><strong>Biblioth\u00e8que publique de Montr\u00e9al-Ouest<br \/><\/strong><a href=\"https:\/\/www.mwpl.ca\/bin\/home\" target=\"blank\">Site<\/a> <br \/><i><\/i> 514-481-7522<\/p><p><strong>ARC<br \/><\/strong><a href=\"https:\/\/mwcrasports.ca\/contact\" target=\"blank\">Site<\/a> <br \/><i><\/i> 514-485-8598<\/p><p><strong>Extra Miles<br \/><\/strong><a href=\"https:\/\/www.mwuc.org\/extra-miles-senior-visiting-program\">Site<\/a> <br \/><i><\/i> 514-842-3351<\/p><p><strong>Centre Eva Marsden <br \/><\/strong><a href=\"https:\/\/emcmtl.org\/programs-services\/\">Site<\/a> <br \/><i><\/i> 514-487-1311<\/p><p><strong>D\u00e9p\u00f4t centre communautaire d&rsquo;alimentation<br \/><\/strong><a href=\"https:\/\/depotmtl.org\/fr\/benevolat\/\">Site<\/a> <br \/><i><\/i> 514-483-4680<\/p>\t\t\t\t\t\t\t\t<\/div>\n\t\t\t\t<\/div>\n\t\t\t\t\t<\/div>\n\t\t<\/div>\n\t\t\t\t\t<\/div>\n\t\t<\/section>\n\t\t\t\t<section class=\"elementor-section elementor-top-section elementor-element elementor-element-87bbac3 elementor-section-boxed elementor-section-height-default elementor-section-height-default\" data-id=\"87bbac3\" data-element_type=\"section\" data-e-type=\"section\">\n\t\t\t\t\t\t<div class=\"elementor-container elementor-column-gap-default\">\n\t\t\t\t\t<div class=\"elementor-column elementor-col-100 elementor-top-column elementor-element elementor-element-4d2547c\" data-id=\"4d2547c\" data-element_type=\"column\" data-e-type=\"column\">\n\t\t\t<div class=\"elementor-widget-wrap elementor-element-populated\">\n\t\t\t\t\t\t<div class=\"elementor-element elementor-element-822963a elementor-widget elementor-widget-heading\" data-id=\"822963a\" data-element_type=\"widget\" data-e-type=\"widget\" data-widget_type=\"heading.default\">\n\t\t\t\t<div class=\"elementor-widget-container\">\n\t\t\t\t\t<h2 class=\"elementor-heading-title elementor-size-default\">\u00cates-vous int\u00e9ress\u00e9s \u00e0 faire du b\u00e9n\u00e9volat? Compl\u00e9tez ce formulaire et nous vous contacterons bient\u00f4t.<\/h2>\t\t\t\t<\/div>\n\t\t\t\t<\/div>\n\t\t\t\t<div class=\"elementor-element elementor-element-cea9a22 elementor-widget elementor-widget-text-editor\" data-id=\"cea9a22\" data-element_type=\"widget\" data-e-type=\"widget\" data-widget_type=\"text-editor.default\">\n\t\t\t\t<div class=\"elementor-widget-container\">\n\t\t\t\t\t\t\t\t\t<ul><li>Avez-vous du temps libre?<\/li><li>Aimeriez-vous investir vos talents et comp\u00e9tences dans l&rsquo;am\u00e9lioration des \u00e9v\u00e9nements communautaires de Montr\u00e9al-Ouest?<\/li><li>Aimeriez-vous acqu\u00e9rir de l&rsquo;exp\u00e9rience de travail enrichissante dans un environnement dynamique?\u00a0<\/li><\/ul><p>Si oui, nous vous encourageons \u00e0 contacter notre service des loisirs. Ils sont toujours \u00e0 la recherche de nouveaux b\u00e9n\u00e9voles.\u00a0<\/p>\t\t\t\t\t\t\t\t<\/div>\n\t\t\t\t<\/div>\n\t\t\t\t\t<\/div>\n\t\t<\/div>\n\t\t\t\t\t<\/div>\n\t\t<\/section>\n\t\t\t\t<section class=\"elementor-section elementor-top-section elementor-element elementor-element-5c91599 elementor-section-boxed elementor-section-height-default elementor-section-height-default\" data-id=\"5c91599\" data-element_type=\"section\" data-e-type=\"section\">\n\t\t\t\t\t\t<div class=\"elementor-container elementor-column-gap-default\">\n\t\t\t\t\t<div class=\"elementor-column elementor-col-100 elementor-top-column elementor-element elementor-element-fd5b7c1\" data-id=\"fd5b7c1\" data-element_type=\"column\" data-e-type=\"column\">\n\t\t\t<div class=\"elementor-widget-wrap elementor-element-populated\">\n\t\t\t\t\t\t<div class=\"elementor-element elementor-element-f3d6574 elementor-widget elementor-widget-shortcode\" data-id=\"f3d6574\" data-element_type=\"widget\" data-e-type=\"widget\" data-widget_type=\"shortcode.default\">\n\t\t\t\t<div class=\"elementor-widget-container\">\n\t\t\t\t\t\t\t<div class=\"elementor-shortcode\"><noscript class=\"ninja-forms-noscript-message\">\n\tRemarque\u00a0: JavaScript est requis pour ce contenu.<\/noscript>\n<style>\n\n        \/* PLUGIN WIDE STYLES *\/\n    \n        .nf-form-content .nf-field-element .ninja-forms-field:not(select) {\n                                    border-width:1px;\n                                            border-style:solid;\n                                            border-color:#dddddd;\n                    }\n        .nf-form-content .nf-field-container.listselect-container .field-wrap {\n                                    border-color:#dddddd;\n                    }\n        .nf-form-content .nf-field-container.listselect-container .nf-field-element .ninja-forms-field {\n                                    border-color:#dddddd;\n                    }\n    <\/style><div id=\"nf-form-49-cont\" class=\"nf-form-cont\" aria-live=\"polite\" aria-labelledby=\"nf-form-title-49\" aria-describedby=\"nf-form-errors-49\" role=\"form\">\n\n    <div class=\"nf-loading-spinner\"><\/div>\n\n<\/div>\n        <!-- That data is being printed as a workaround to page builders reordering the order of the scripts loaded-->\n        <script>var formDisplay=1;var nfForms=nfForms||[];var form=[];form.id='49';form.settings={\"objectType\":\"Form Setting\",\"editActive\":true,\"title\":\"Volunteer - FR\",\"form_title\":\"Volunteer - copy\",\"default_label_pos\":\"above\",\"show_title\":\"0\",\"clear_complete\":\"1\",\"hide_complete\":\"1\",\"logged_in\":\"0\",\"wrapper_class\":\"\",\"element_class\":\"\",\"key\":\"\",\"add_submit\":\"1\",\"currency\":\"\",\"unique_field_error\":\"A form with this value has already been submitted.\",\"not_logged_in_msg\":\"\",\"sub_limit_msg\":\"The form has reached its submission limit.\",\"calculations\":[],\"container_styles_show_advanced_css\":\"0\",\"title_styles_show_advanced_css\":\"0\",\"row_styles_show_advanced_css\":\"0\",\"row-odd_styles_show_advanced_css\":\"0\",\"success-msg_styles_show_advanced_css\":\"0\",\"error_msg_styles_show_advanced_css\":\"0\",\"conditions\":[],\"formContentData\":[{\"formContentData\":[{\"order\":1,\"cells\":[{\"order\":0,\"fields\":[\"prenom_1539186121598\"],\"width\":50},{\"order\":1,\"fields\":[\"nom_1542123352297\"],\"width\":50}]},{\"order\":3,\"cells\":[{\"order\":0,\"fields\":[\"courriel_1539186128149\"],\"width\":50},{\"order\":1,\"fields\":[\"telephone_1539186131701\"],\"width\":50}]},{\"order\":5,\"cells\":[{\"order\":0,\"fields\":[\"quand_etes-vous_disponible_comment_aimeriez-vous_faire_du_benevolat_1585837864896\"],\"width\":\"100\"}]},{\"order\":9999,\"cells\":[{\"order\":0,\"fields\":[\"soumettre_1539186171335\"],\"width\":\"100\"}]},{\"order\":10000,\"cells\":[{\"order\":0,\"fields\":[\"department_1566911883230\"],\"width\":\"100\"}]}],\"order\":0,\"type\":\"part\",\"clean\":true,\"title\":\"Part Title\",\"key\":\"imfzwxmj\"}],\"drawerDisabled\":false,\"mp_breadcrumb\":1,\"mp_progress_bar\":1,\"mp_display_titles\":0,\"breadcrumb_container_styles_show_advanced_css\":0,\"breadcrumb_buttons_styles_show_advanced_css\":0,\"breadcrumb_button_hover_styles_show_advanced_css\":0,\"breadcrumb_active_button_styles_show_advanced_css\":0,\"progress_bar_container_styles_show_advanced_css\":0,\"progress_bar_fill_styles_show_advanced_css\":0,\"part_titles_styles_show_advanced_css\":0,\"navigation_container_styles_show_advanced_css\":0,\"previous_button_styles_show_advanced_css\":0,\"next_button_styles_show_advanced_css\":0,\"navigation_hover_styles_show_advanced_css\":0,\"allow_public_link\":0,\"embed_form\":\"\",\"repeatable_fieldsets\":\"\",\"form_title_heading_level\":\"3\",\"ninjaForms\":\"Ninja Forms\",\"changeEmailErrorMsg\":\"Veuillez saisir une adresse de messagerie valide. Ex\\u00a0: &#x6a;&#x65;&#x61;&#x6e;&#x2e;&#x64;&#x75;&#x70;&#x6f;&#x6e;&#x74;&#x40;&#x67;&#x6d;&#x61;&#x69;&#x6c;&#x2e;&#x63;&#x6f;&#x6d;\",\"changeDateErrorMsg\":\"Veuillez saisir une date valide\\u00a0!\",\"confirmFieldErrorMsg\":\"Ces champs doivent correspondre\\u00a0!\",\"fieldNumberNumMinError\":\"Erreur de nombre min.\",\"fieldNumberNumMaxError\":\"Erreur de nombre max.\",\"fieldNumberIncrementBy\":\"Veuillez incr\\u00e9menter par \",\"fieldTextareaRTEInsertLink\":\"Ins\\u00e9rer un lien\",\"fieldTextareaRTEInsertMedia\":\"Ins\\u00e9rer un m\\u00e9dia\",\"fieldTextareaRTESelectAFile\":\"S\\u00e9lectionnez un fichier\",\"tableInsertRowAbove\":\"Insert Row Above\",\"tableInsertRowBelow\":\"Insert Row Below\",\"tableInsertColumnLeft\":\"Insert Column Left\",\"tableInsertColumnRight\":\"Insert Column Right\",\"tableDeleteRow\":\"Delete Row\",\"tableDeleteColumn\":\"Delete Column\",\"tableDeleteTable\":\"Delete Table\",\"tableLegacyNotice\":\"This content has tables in the old editor format. Custom styles are preserved until converted. Editing will update to the new format.\",\"tableLegacyConvert\":\"Convert Now\",\"tableInsertTable\":\"Insert Table\",\"dismiss\":\"Ignorer\",\"insertLink\":\"Ins\\u00e9rer un lien\",\"formErrorsCorrectErrors\":\"Veuillez corriger les erreurs avant d\\u2019envoyer ce formulaire.\",\"formHoneypot\":\"Si vous \\u00eates un \\u00eatre humain et que vous voyez ce champ, veuillez le laisser vide.\",\"validateRequiredField\":\"Ce champ est obligatoire.\",\"honeypotHoneypotError\":\"Erreur Honeypot\",\"fileUploadOldCodeFileUploadInProgress\":\"T\\u00e9l\\u00e9versement du fichier en cours.\",\"fileUploadOldCodeFileUpload\":\"T\\u00c9L\\u00c9VERSEMENT DE FICHIER\",\"currencySymbol\":\"&#36;\",\"fieldsMarkedRequired\":\"Les champs marqu\\u00e9s d\\u2019un <span class=\\\"ninja-forms-req-symbol\\\">*<\\\/span> sont obligatoires\",\"thousands_sep\":\"\\u00a0\",\"decimal_point\":\",\",\"siteLocale\":\"fr_FR\",\"dateFormat\":\"m\\\/d\\\/Y\",\"startOfWeek\":\"1\",\"of\":\"sur\",\"previousMonth\":\"Mois pr\\u00e9c\\u00e9dent\",\"nextMonth\":\"Mois suivant\",\"months\":[\"Janvier\",\"F\\u00e9vrier\",\"Mars\",\"Avril\",\"Mai\",\"Juin\",\"Juillet\",\"Ao\\u00fbt\",\"Septembre\",\"Octobre\",\"Novembre\",\"D\\u00e9cembre\"],\"monthsShort\":[\"Jan\",\"F\\u00e9v\",\"Mar\",\"Avr\",\"Mai\",\"Juin\",\"Juil\",\"Ao\\u00fb\",\"Sep\",\"Oct\",\"Nov\",\"D\\u00e9c\"],\"weekdays\":[\"Dimanche\",\"Lundi\",\"Mardi\",\"Mercredi\",\"Jeudi\",\"Vendredi\",\"Samedi\"],\"weekdaysShort\":[\"Dim\",\"Lun\",\"Mar\",\"Mer\",\"Jeu\",\"Ven\",\"Sam\"],\"weekdaysMin\":[\"Di\",\"Lu\",\"Ma\",\"Me\",\"Je\",\"Ve\",\"Sa\"],\"recaptchaConsentMissing\":\"reCaptcha validation couldn&#039;t load.\",\"recaptchaMissingCookie\":\"reCaptcha v3 validation couldn&#039;t load the cookie needed to submit the form.\",\"recaptchaConsentEvent\":\"Accept reCaptcha cookies before sending the form.\",\"currency_symbol\":\"\",\"beforeForm\":\"\",\"beforeFields\":\"\",\"afterFields\":\"\",\"afterForm\":\"\"};form.fields=[{\"objectType\":\"Field\",\"objectDomain\":\"fields\",\"editActive\":false,\"order\":1,\"idAttribute\":\"id\",\"cellcid\":\"c4257\",\"element_styles_show_advanced_css\":0,\"label_styles_show_advanced_css\":0,\"wrap_styles_show_advanced_css\":0,\"personally_identifiable\":1,\"custom_name_attribute\":\"fname\",\"help_text\":\"\",\"admin_label\":\"\",\"element_class\":\"\",\"container_class\":\"\",\"placeholder\":\"\",\"default\":\"\",\"required\":1,\"label_pos\":\"above\",\"key\":\"prenom_1539186121598\",\"label\":\"Pr\\u00e9nom\",\"type\":\"firstname\",\"value\":\"\",\"id\":874,\"beforeField\":\"\",\"afterField\":\"\",\"parentType\":\"firstname\",\"element_templates\":[\"firstname\",\"input\"],\"old_classname\":\"\",\"wrap_template\":\"wrap\"},{\"objectType\":\"Field\",\"objectDomain\":\"fields\",\"editActive\":false,\"order\":2,\"idAttribute\":\"id\",\"type\":\"lastname\",\"label\":\"Nom\",\"key\":\"nom_1542123352297\",\"cellcid\":\"c4260\",\"element_styles_show_advanced_css\":0,\"label_styles_show_advanced_css\":0,\"wrap_styles_show_advanced_css\":0,\"personally_identifiable\":1,\"custom_name_attribute\":\"lname\",\"help_text\":\"\",\"admin_label\":\"\",\"element_class\":\"\",\"container_class\":\"\",\"placeholder\":\"\",\"default\":\"\",\"required\":1,\"label_pos\":\"above\",\"drawerDisabled\":false,\"value\":\"\",\"id\":875,\"beforeField\":\"\",\"afterField\":\"\",\"parentType\":\"lastname\",\"element_templates\":[\"lastname\",\"input\"],\"old_classname\":\"\",\"wrap_template\":\"wrap\"},{\"objectType\":\"Field\",\"objectDomain\":\"fields\",\"editActive\":false,\"order\":3,\"idAttribute\":\"id\",\"cellcid\":\"c4263\",\"element_styles_show_advanced_css\":0,\"label_styles_show_advanced_css\":0,\"wrap_styles_show_advanced_css\":0,\"personally_identifiable\":1,\"custom_name_attribute\":\"email\",\"help_text\":\"\",\"admin_label\":\"\",\"element_class\":\"\",\"container_class\":\"\",\"placeholder\":\"\",\"default\":\"\",\"required\":1,\"label_pos\":\"above\",\"key\":\"courriel_1539186128149\",\"label\":\"Courriel\",\"type\":\"email\",\"value\":\"\",\"id\":873,\"beforeField\":\"\",\"afterField\":\"\",\"parentType\":\"email\",\"element_templates\":[\"email\",\"input\"],\"old_classname\":\"\",\"wrap_template\":\"wrap\"},{\"objectType\":\"Field\",\"objectDomain\":\"fields\",\"editActive\":false,\"order\":4,\"idAttribute\":\"id\",\"mask\":\"(999) 999-9999\",\"admin_label\":\"\",\"help_text\":\"\",\"manual_key\":\"\",\"input_limit_msg\":\"Character(s) left\",\"input_limit_type\":\"characters\",\"input_limit\":\"\",\"element_class\":\"\",\"container_class\":\"\",\"placeholder\":\"\",\"default\":\"\",\"required\":1,\"label_pos\":\"above\",\"key\":\"telephone_1539186131701\",\"label\":\"T\\u00e9l\\u00e9phone\",\"type\":\"phone\",\"custom_mask\":\"\",\"custom_name_attribute\":\"phone\",\"personally_identifiable\":1,\"wrap_styles_show_advanced_css\":0,\"cellcid\":\"c4265\",\"element_styles_show_advanced_css\":0,\"label_styles_show_advanced_css\":0,\"drawerDisabled\":false,\"value\":\"\",\"id\":872,\"beforeField\":\"\",\"afterField\":\"\",\"parentType\":\"textbox\",\"element_templates\":[\"tel\",\"textbox\",\"input\"],\"old_classname\":\"\",\"wrap_template\":\"wrap\"},{\"objectType\":\"Field\",\"objectDomain\":\"fields\",\"editActive\":false,\"order\":5,\"idAttribute\":\"id\",\"label_pos\":\"above\",\"required\":1,\"default\":\"\",\"placeholder\":\"\",\"container_class\":\"\",\"element_class\":\"\",\"input_limit\":\"\",\"input_limit_type\":\"characters\",\"input_limit_msg\":\"Character(s) left\",\"manual_key\":\"\",\"admin_label\":\"\",\"help_text\":\"\",\"textarea_rte\":\"\",\"disable_rte_mobile\":\"\",\"textarea_media\":\"\",\"wrap_styles_show_advanced_css\":0,\"label_styles_show_advanced_css\":0,\"element_styles_show_advanced_css\":0,\"cellcid\":\"c4268\",\"drawerDisabled\":false,\"label\":\"Quand \\u00eates-vous disponible? Comment aimeriez-vous faire du b\\u00e9n\\u00e9volat?\",\"type\":\"textarea\",\"key\":\"quand_etes-vous_disponible_comment_aimeriez-vous_faire_du_benevolat_1585837864896\",\"value\":\"\",\"id\":871,\"beforeField\":\"\",\"afterField\":\"\",\"parentType\":\"textarea\",\"element_templates\":[\"textarea\",\"input\"],\"old_classname\":\"\",\"wrap_template\":\"wrap\"},{\"objectType\":\"Field\",\"objectDomain\":\"fields\",\"editActive\":false,\"order\":9999,\"idAttribute\":\"id\",\"cellcid\":\"c4271\",\"submit_element_hover_styles_show_advanced_css\":0,\"element_styles_show_advanced_css\":0,\"key\":\"soumettre_1539186171335\",\"wrap_styles_show_advanced_css\":0,\"element_class\":\"\",\"container_class\":\"\",\"processing_label\":\"En traitement\",\"label\":\"Soumettre\",\"type\":\"submit\",\"drawerDisabled\":false,\"id\":870,\"beforeField\":\"\",\"afterField\":\"\",\"value\":\"\",\"label_pos\":\"above\",\"parentType\":\"textbox\",\"element_templates\":[\"submit\",\"button\",\"input\"],\"old_classname\":\"\",\"wrap_template\":\"wrap-no-label\"},{\"objectType\":\"Field\",\"objectDomain\":\"fields\",\"editActive\":false,\"order\":999,\"idAttribute\":\"id\",\"type\":\"hidden\",\"label\":\"Department\",\"key\":\"department_1566911883230\",\"default\":\"Recreation\",\"admin_label\":\"Department\",\"wrap_styles_show_advanced_css\":0,\"label_styles_show_advanced_css\":0,\"element_styles_show_advanced_css\":0,\"cellcid\":\"c4274\",\"drawerDisabled\":false,\"id\":2633,\"beforeField\":\"\",\"afterField\":\"\",\"value\":\"Recreation\",\"label_pos\":\"above\",\"parentType\":\"hidden\",\"element_templates\":[\"hidden\",\"input\"],\"old_classname\":\"\",\"wrap_template\":\"wrap-no-label\"}];nfForms.push(form);<\/script>\n        <script id=\"tmpl-nf-mp-form-content\" type=\"text\/template\">\n\t<div class=\"nf-mp-header\"><\/div>\n\t<div class=\"nf-mp-body\"><\/div>\n\t<div class=\"nf-mp-footer\"><\/div>\n<\/script>\n\n<script id=\"tmpl-nf-mp-header\" type=\"text\/template\">\n\t{{{ data.renderProgressBar() }}}\n\t{{{ data.renderBreadcrumbs() }}}\n\t{{{ data.renderPartTitle() }}}\n<\/script>\n<script id=\"tmpl-nf-mp-part-title\" type=\"text\/template\">\n\t<h3>\n\t\t{{{ data.title }}}\n\t<\/h3>\n<\/script>\n\n<script id=\"tmpl-nf-mp-footer\" type=\"text\/template\">\n\t{{{ data.renderNextPrevious() }}}\n<\/script>\n\n<script id=\"tmpl-nf-mp-next-previous\" type=\"text\/template\">\n\t<ul class=\"nf-next-previous\">\n\t\t<# if ( data.showPrevious ) { #>\n\t\t<li class=\"nf-previous-item\">\n\t\t\t<input type=\"button\" class=\"nf-previous\" value=\"{{{ data.prevLabel }}}\" \/>\n\t\t<\/li>\n\t\t<# } #>\n\n\t\t<# if ( data.showNext ) { #>\n\t\t<li class=\"nf-next-item\">\n\t\t\t<input type=\"button\" class=\"nf-next\" value=\"{{{ data.nextLabel }}}\" \/>\n\t\t<\/li>\n\t\t<# } #>\n\t<\/ul>\n<\/script>\n\n<script id=\"tmpl-nf-mp-breadcrumbs\" type=\"text\/template\">\n\t<ul class=\"nf-breadcrumbs\">\n\t\t<# _.each( data.parts, function( part, index ) { #>\n\t\t<li class=\"{{{ ( data.currentIndex == index ) ? 'active' : '' }}} {{{ ( part.errors ) ? 'errors' : '' }}}\">\n\t\t\t<a href=\"#\" class=\"nf-breadcrumb\" data-index=\"{{{ index }}}\">{{{ ( part.errors ) ? '' : '' }}} {{{ part.title }}}<\/a>\n\t\t<\/li>\n\t\t<# } ); #>\n\t<\/ul>\n<\/script>\n\n<script id=\"tmpl-nf-mp-progress-bar\" type=\"text\/template\">\n    <div class=\"nf-progress-container\">\n        <div class=\"nf-progress\" style=\"width: {{{ data.percent }}}%;\"><\/div>\n    <\/div>\n<\/script>        <script id=\"nf-tmpl-cell\" type=\"text\/template\">\n            <nf-fields><\/nf-fields>\n        <\/script>\n\n        <script id=\"nf-tmpl-row\" type=\"text\/template\">\n            <nf-cells><\/nf-cells>\n        <\/script>\n\n        <\/div>\n\t\t\t\t\t\t<\/div>\n\t\t\t\t<\/div>\n\t\t\t\t\t<\/div>\n\t\t<\/div>\n\t\t\t\t\t<\/div>\n\t\t<\/section>\n\t\t\t\t<\/div>\n\t\t","protected":false},"excerpt":{"rendered":"<p>Pour bien des gens, faire du b\u00e9n\u00e9volat donne un sens \u00e0 leur vie et leur offre l&rsquo;occasion de rester actifs et de socialiser. Les occasions de b\u00e9n\u00e9volat sur l&rsquo;\u00eele de Montr\u00e9al ne manquent pas. Trouvez l&rsquo;activit\u00e9 b\u00e9n\u00e9vole qui [&hellip;]<\/p>\n","protected":false},"author":1,"featured_media":0,"parent":7464,"menu_order":17,"comment_status":"closed","ping_status":"closed","template":"","meta":{"_acf_changed":false,"footnotes":""},"tags":[],"class_list":["post-4338","page","type-page","status-publish","hentry"],"better_featured_image":null,"acf":{"header_title":"","header_image":{"ID":2520,"id":2520,"title":"mo-west-canada-day-0221","filename":"mo-west-canada-day-0221.jpg","filesize":440362,"url":"https:\/\/montreal-ouest.ca\/wp-content\/uploads\/2018\/09\/mo-west-canada-day-0221.jpg","link":"https:\/\/montreal-ouest.ca\/fr\/loisirs-et-culture\/vie-communautaire\/benevolat\/mo-west-canada-day-0221-2\/","alt":"","author":"3","description":"","caption":"","name":"mo-west-canada-day-0221-2","status":"inherit","uploaded_to":4338,"date":"2018-09-12 15:43:39","modified":"2018-10-30 20:02:58","menu_order":0,"mime_type":"image\/jpeg","type":"image","subtype":"jpeg","icon":"https:\/\/montreal-ouest.ca\/wp-includes\/images\/media\/default.png","width":1200,"height":300,"sizes":{"thumbnail":"https:\/\/montreal-ouest.ca\/wp-content\/uploads\/2018\/09\/mo-west-canada-day-0221-285x285.jpg","thumbnail-width":285,"thumbnail-height":285,"medium":"https:\/\/montreal-ouest.ca\/wp-content\/uploads\/2018\/09\/mo-west-canada-day-0221-992x248.jpg","medium-width":992,"medium-height":248,"medium_large":"https:\/\/montreal-ouest.ca\/wp-content\/uploads\/2018\/09\/mo-west-canada-day-0221-768x192.jpg","medium_large-width":768,"medium_large-height":192,"large":"https:\/\/montreal-ouest.ca\/wp-content\/uploads\/2018\/09\/mo-west-canada-day-0221.jpg","large-width":1200,"large-height":300,"1536x1536":"https:\/\/montreal-ouest.ca\/wp-content\/uploads\/2018\/09\/mo-west-canada-day-0221.jpg","1536x1536-width":1200,"1536x1536-height":300,"2048x2048":"https:\/\/montreal-ouest.ca\/wp-content\/uploads\/2018\/09\/mo-west-canada-day-0221.jpg","2048x2048-width":1200,"2048x2048-height":300}},"header_subtitle":"","sidebar_image":false},"publishpress_future_workflow_manual_trigger":{"enabledWorkflows":[]},"_links":{"self":[{"href":"https:\/\/montreal-ouest.ca\/fr\/wp-json\/wp\/v2\/pages\/4338","targetHints":{"allow":["GET"]}}],"collection":[{"href":"https:\/\/montreal-ouest.ca\/fr\/wp-json\/wp\/v2\/pages"}],"about":[{"href":"https:\/\/montreal-ouest.ca\/fr\/wp-json\/wp\/v2\/types\/page"}],"author":[{"embeddable":true,"href":"https:\/\/montreal-ouest.ca\/fr\/wp-json\/wp\/v2\/users\/1"}],"replies":[{"embeddable":true,"href":"https:\/\/montreal-ouest.ca\/fr\/wp-json\/wp\/v2\/comments?post=4338"}],"version-history":[{"count":0,"href":"https:\/\/montreal-ouest.ca\/fr\/wp-json\/wp\/v2\/pages\/4338\/revisions"}],"up":[{"embeddable":true,"href":"https:\/\/montreal-ouest.ca\/fr\/wp-json\/wp\/v2\/pages\/7464"}],"wp:attachment":[{"href":"https:\/\/montreal-ouest.ca\/fr\/wp-json\/wp\/v2\/media?parent=4338"}],"wp:term":[{"taxonomy":"post_tag","embeddable":true,"href":"https:\/\/montreal-ouest.ca\/fr\/wp-json\/wp\/v2\/tags?post=4338"}],"curies":[{"name":"wp","href":"https:\/\/api.w.org\/{rel}","templated":true}]}}