{"id":4307,"date":"2018-07-06T20:30:15","date_gmt":"2018-07-07T00:30:15","guid":{"rendered":"https:\/\/montreal-west.ca\/services-aux-residents\/public-works\/snow\/"},"modified":"2019-08-08T11:36:48","modified_gmt":"2019-08-08T15:36:48","slug":"deneigement","status":"publish","type":"page","link":"https:\/\/montreal-ouest.ca\/fr\/services-aux-residents\/travaux-publics\/deneigement\/","title":{"rendered":"D\u00e9neigement"},"content":{"rendered":"\t\t<div data-elementor-type=\"wp-post\" data-elementor-id=\"4307\" class=\"elementor elementor-4307 elementor-911 elementor-bc-flex-widget\" data-elementor-post-type=\"page\">\n\t\t\t\t\t\t<section class=\"elementor-section elementor-top-section elementor-element elementor-element-e5c4a5b elementor-section-boxed elementor-section-height-default elementor-section-height-default\" data-id=\"e5c4a5b\" data-element_type=\"section\" data-e-type=\"section\">\n\t\t\t\t\t\t<div class=\"elementor-container elementor-column-gap-default\">\n\t\t\t\t\t<div class=\"elementor-column elementor-col-100 elementor-top-column elementor-element elementor-element-042a3c7\" data-id=\"042a3c7\" data-element_type=\"column\" data-e-type=\"column\">\n\t\t\t<div class=\"elementor-widget-wrap elementor-element-populated\">\n\t\t\t\t\t\t<div class=\"elementor-element elementor-element-20a715f elementor-widget elementor-widget-text-editor\" data-id=\"20a715f\" data-element_type=\"widget\" data-e-type=\"widget\" data-widget_type=\"text-editor.default\">\n\t\t\t\t<div class=\"elementor-widget-container\">\n\t\t\t\t\t\t\t\t\t<p>Chaque hiver, dans le cadre de ses op\u00e9rations de d\u00e9neigement, la Ville travaille sans rel\u00e2che \u00e0 mettre du sel, d\u00e9blayer les rues et charger la neige. Au total, la Ville d\u00e9neige plus de 19 kilom\u00e8tres de rues et 38 kilom\u00e8tres de trottoirs.\u00a0Les op\u00e9rations de \u00a0chargement de neige prennent normalement environ 3 jours \u00e0 compl\u00e9ter et se font g\u00e9n\u00e9ralement entre\u00a0 6 h et 18 h.<\/p><h2>Stationnement lors d&rsquo;une op\u00e9ration de d\u00e9neigement<\/h2><p>Afin de faciliter le d\u00e9neigement, la Ville est autoris\u00e9e \u00e0 installer des panneaux temporaires interdisant le stationnement sur certaines rues jusqu\u2019\u00e0 ce que le d\u00e9neigement soit termin\u00e9. Veuillez respecter toute signalisation afin d\u2019\u00e9viter de recevoir une contravention.<\/p><p>Les trottoirs ne doivent pas \u00eatre obstru\u00e9s par des v\u00e9hicules stationn\u00e9s trop pr\u00e8s, ou par les v\u00e9hicules en surplomb d&rsquo;une all\u00e9e sur un trottoir. Les tracteurs de d\u00e9neigement de trottoirs ont besoin de toute la largeur du trottoir afin de nettoyer et d\u2019\u00e9pandre de l\u2019abrasif en toute s\u00e9curit\u00e9. Lorsque la neige est pr\u00e9vue, s\u2019il vous plait stationner votre voiture au moins de 6 pouces (15 cm) de la bordure du trottoir. Cela permettra le passage \u00a0s\u00e9curitaire pour les \u00e9quipements \u00a0d\u2019entretien de trottoirs.<\/p><h2>D\u00e9blaiement<\/h2><p>Pour toute accumulation de moins de 5 cm, les boulevards, les art\u00e8res principales et les trottoirs sont d\u00e9blay\u00e9s et du sel est r\u00e9pandu. Le sel est utilis\u00e9 pour faire fondre la glace sur les routes et les trottoirs assurant ainsi la s\u00e9curit\u00e9 publique.<\/p><p>Toutes les rues sont d\u00e9blay\u00e9es lorsqu\u2019il y a une chute de neige de plus de 5 cm. La priorit\u00e9 est aux art\u00e8res principales, aux zones scolaires, aux zones commerciales et aux trottoirs.<\/p><p>Pendant les op\u00e9rations de d\u00e9neigement, un employ\u00e9 municipal d\u00fbment autoris\u00e9 peut faire remorquer tout v\u00e9hicule qui entrave les op\u00e9rations de d\u00e9neigement et, en certains cas, peut faire d\u00e9vier la circulation.<\/p><h2>Chargement<\/h2><p>Les op\u00e9rations de chargement et d\u2019\u00e9limination de la neige sont entreprises lorsqu\u2019il y a une importante chute de neige (plus de 20 cm). La priorit\u00e9 est aux art\u00e8res principales, aux zones scolaires, aux zones commerciales et aux trottoirs. Le d\u00e9neigement des rues et trottoirs de la Ville est g\u00e9n\u00e9ralement termin\u00e9 dans les 3 jours suivant le d\u00e9but des op\u00e9rations de d\u00e9neigement.<\/p><p>L&rsquo;op\u00e9ration de d\u00e9neigement consiste d&rsquo;abord \u00e0 d\u00e9placer la neige vers la bordure du trottoir afin de permettre \u00e0 la circulation de circuler en toute s\u00e9curit\u00e9. Cette op\u00e9ration entra\u00eene in\u00e9vitablement une accumulation de neige devant les entr\u00e9es de garage. <strong><em>Bien que la Ville suivrait pour enlever ses bancs de neige, elle n\u2019est pas responsable de d\u00e9gager les entr\u00e9es priv\u00e9es avant le chargement \u00e9ventuel de la neige. Les r\u00e9sidents qui veulent avoir acc\u00e8s entre-temps sont responsables de d\u00e9gager le bout de leur entr\u00e9e.<\/em><\/strong><\/p><p>Dans le cadre des op\u00e9rations de d\u00e9neigement normales, et lorsque n\u00e9cessaire, la Ville peut souffler la neige sur votre propri\u00e9t\u00e9. La Ville ne serait pas tenue responsable des dommages caus\u00e9s aux plantes, aux bordures d\u2019all\u00e9es, aux cl\u00f4tures ou tout autre \u00e9l\u00e9ment plac\u00e9 dans l&#8217;emprise municipale.<\/p><h2>Entrepreneurs priv\u00e9s<\/h2><p>La Ville aimerait rappeler \u00e0 tous les entrepreneurs, et les r\u00e9sidents qui les embauchent, des r\u00e8glements en vigueur \u00e0 Montr\u00e9al-Ouest:<\/p><ul><li>tout propri\u00e9taire qui engage un entrepreneur priv\u00e9 pour d\u00e9neiger son entr\u00e9e doit s\u2019assurer que <a href=\"https:\/\/montreal-west.ca\/fr\/services-aux-residents\/permis-de-la-ville\/entrepreneurs\/\">l&rsquo;entrepreneur d\u00e9tienne un permis valide<\/a> pour l\u2019ann\u00e9e en cours, d\u00fbment octroy\u00e9 par la Ville.\u00a0Selon nos r\u00e8glements, les entrepreneurs et les propri\u00e9taires sont responsables de toute infraction aux r\u00e8glements municipaux. Afin d&rsquo;\u00e9viter d&rsquo;\u00e9ventuelles amendes, veuillez vous assurer que votre entrepreneur respecte les r\u00e8glements de la Ville.<\/li><li>la neige provenant des entr\u00e9es priv\u00e9es ne doit pas \u00eatre plac\u00e9e sur le trottoir public, la ruelle ou la rue. La seule exception \u00e0 cette r\u00e8gle est juste avant que la Ville proc\u00e8de \u00e0 l\u2019enl\u00e8vement de la neige dans votre voisinage. Il est alors possible d&rsquo;ajouter de la neige sur les bancs de neige existants. Cette neige doit \u00eatre \u00e9tal\u00e9e sur le long du banc de neige, et non pas empil\u00e9e en un seul endroit. Apr\u00e8s le chargement de neige, <strong>il est strictement interdit de placer de la neige sur les rues et trottoirs.<\/strong><\/li><li>en aucun cas, la neige d\u00e9neig\u00e9e d&rsquo;une entr\u00e9e ne peut \u00eatre plac\u00e9e dans la rue devant une entr\u00e9e voisine ou autour d&rsquo;une borne-fontaine;<\/li><\/ul>\t\t\t\t\t\t\t\t<\/div>\n\t\t\t\t<\/div>\n\t\t\t\t\t<\/div>\n\t\t<\/div>\n\t\t\t\t\t<\/div>\n\t\t<\/section>\n\t\t\t\t<\/div>\n\t\t","protected":false},"excerpt":{"rendered":"<p>Chaque hiver, dans le cadre de ses op\u00e9rations de d\u00e9neigement, la Ville travaille sans rel\u00e2che \u00e0 mettre du sel, d\u00e9blayer les rues et charger la neige. Au total, la Ville d\u00e9neige plus de 19 kilom\u00e8tres de rues et [&hellip;]<\/p>\n","protected":false},"author":1,"featured_media":0,"parent":4299,"menu_order":2,"comment_status":"closed","ping_status":"closed","template":"","meta":{"_acf_changed":false,"footnotes":""},"tags":[],"class_list":["post-4307","page","type-page","status-publish","hentry"],"better_featured_image":null,"acf":{"header_title":"","header_image":{"ID":3227,"id":3227,"title":"banner-snow-street","filename":"banner-snow-street.jpg","filesize":327989,"url":"https:\/\/montreal-ouest.ca\/wp-content\/uploads\/2018\/09\/banner-snow-street.jpg","link":"https:\/\/montreal-ouest.ca\/fr\/services-aux-residents\/travaux-publics\/deneigement\/banner-snow-street-2\/","alt":"snowy Montreal West street","author":"3","description":"","caption":"","name":"banner-snow-street-2","status":"inherit","uploaded_to":4307,"date":"2018-09-19 19:14:21","modified":"2018-09-19 19:14:30","menu_order":0,"mime_type":"image\/jpeg","type":"image","subtype":"jpeg","icon":"https:\/\/montreal-ouest.ca\/wp-includes\/images\/media\/default.png","width":1200,"height":200,"sizes":{"thumbnail":"https:\/\/montreal-ouest.ca\/wp-content\/uploads\/2018\/09\/banner-snow-street-285x200.jpg","thumbnail-width":285,"thumbnail-height":200,"medium":"https:\/\/montreal-ouest.ca\/wp-content\/uploads\/2018\/09\/banner-snow-street-992x165.jpg","medium-width":992,"medium-height":165,"medium_large":"https:\/\/montreal-ouest.ca\/wp-content\/uploads\/2018\/09\/banner-snow-street-768x128.jpg","medium_large-width":768,"medium_large-height":128,"large":"https:\/\/montreal-ouest.ca\/wp-content\/uploads\/2018\/09\/banner-snow-street.jpg","large-width":1200,"large-height":200,"1536x1536":"https:\/\/montreal-ouest.ca\/wp-content\/uploads\/2018\/09\/banner-snow-street.jpg","1536x1536-width":1200,"1536x1536-height":200,"2048x2048":"https:\/\/montreal-ouest.ca\/wp-content\/uploads\/2018\/09\/banner-snow-street.jpg","2048x2048-width":1200,"2048x2048-height":200}},"header_subtitle":"","sidebar_image":false},"publishpress_future_workflow_manual_trigger":{"enabledWorkflows":[]},"_links":{"self":[{"href":"https:\/\/montreal-ouest.ca\/fr\/wp-json\/wp\/v2\/pages\/4307","targetHints":{"allow":["GET"]}}],"collection":[{"href":"https:\/\/montreal-ouest.ca\/fr\/wp-json\/wp\/v2\/pages"}],"about":[{"href":"https:\/\/montreal-ouest.ca\/fr\/wp-json\/wp\/v2\/types\/page"}],"author":[{"embeddable":true,"href":"https:\/\/montreal-ouest.ca\/fr\/wp-json\/wp\/v2\/users\/1"}],"replies":[{"embeddable":true,"href":"https:\/\/montreal-ouest.ca\/fr\/wp-json\/wp\/v2\/comments?post=4307"}],"version-history":[{"count":0,"href":"https:\/\/montreal-ouest.ca\/fr\/wp-json\/wp\/v2\/pages\/4307\/revisions"}],"up":[{"embeddable":true,"href":"https:\/\/montreal-ouest.ca\/fr\/wp-json\/wp\/v2\/pages\/4299"}],"wp:attachment":[{"href":"https:\/\/montreal-ouest.ca\/fr\/wp-json\/wp\/v2\/media?parent=4307"}],"wp:term":[{"taxonomy":"post_tag","embeddable":true,"href":"https:\/\/montreal-ouest.ca\/fr\/wp-json\/wp\/v2\/tags?post=4307"}],"curies":[{"name":"wp","href":"https:\/\/api.w.org\/{rel}","templated":true}]}}