{"id":4242,"date":"2018-07-06T20:23:07","date_gmt":"2018-07-07T00:23:07","guid":{"rendered":"https:\/\/montreal-west.ca\/services-aux-residents\/public-security\/animal-control\/"},"modified":"2025-12-03T17:20:10","modified_gmt":"2025-12-03T21:20:10","slug":"controle-animalier","status":"publish","type":"page","link":"https:\/\/montreal-ouest.ca\/fr\/services-aux-residents\/securite-publique\/controle-animalier\/","title":{"rendered":"Contr\u00f4le animalier"},"content":{"rendered":"\t\t<div data-elementor-type=\"wp-post\" data-elementor-id=\"4242\" class=\"elementor elementor-4242 elementor-924\" data-elementor-post-type=\"page\">\n\t\t\t\t\t\t<section class=\"elementor-section elementor-top-section elementor-element elementor-element-fbbe9e3 elementor-section-boxed elementor-section-height-default elementor-section-height-default\" data-id=\"fbbe9e3\" data-element_type=\"section\" data-e-type=\"section\">\n\t\t\t\t\t\t<div class=\"elementor-container elementor-column-gap-default\">\n\t\t\t\t\t<div class=\"elementor-column elementor-col-100 elementor-top-column elementor-element elementor-element-31557a9\" data-id=\"31557a9\" data-element_type=\"column\" data-e-type=\"column\">\n\t\t\t<div class=\"elementor-widget-wrap elementor-element-populated\">\n\t\t\t\t\t\t<div class=\"elementor-element elementor-element-a440f6d elementor-widget elementor-widget-text-editor\" data-id=\"a440f6d\" data-element_type=\"widget\" data-e-type=\"widget\" data-widget_type=\"text-editor.default\">\n\t\t\t\t<div class=\"elementor-widget-container\">\n\t\t\t\t\t\t\t\t\t<h2>Animaux sauvages<\/h2><p>En vertu de la loi, la Ville ne peut retirer un animal sauvage de votre propri\u00e9t\u00e9. Par contre, nous vous recommandons de lire ces <a href=\"https:\/\/www.spca.com\/services\/animaux-de-la-faune\/\" target=\"_blank\" rel=\"noopener\">trucs pour pr\u00e9venir la pr\u00e9sence d\u2019animaux sauvages<\/a> sur votre terrain. Contactez la SPCA si vous trouvez un animal sauvage bless\u00e9 sur votre terrain.<\/p><p>Contactez le d\u00e9partement des travaux publics au 514 485-8597 si vous trouvez un animal mort sur un terrain public ou sur votre cour avant.<\/p>\t\t\t\t\t\t\t\t<\/div>\n\t\t\t\t<\/div>\n\t\t\t\t\t<\/div>\n\t\t<\/div>\n\t\t\t\t\t<\/div>\n\t\t<\/section>\n\t\t\t\t<section class=\"elementor-section elementor-top-section elementor-element elementor-element-2b5684c elementor-section-boxed elementor-section-height-default elementor-section-height-default\" data-id=\"2b5684c\" data-element_type=\"section\" data-e-type=\"section\">\n\t\t\t\t\t\t<div class=\"elementor-container elementor-column-gap-default\">\n\t\t\t\t\t<div class=\"elementor-column elementor-col-100 elementor-top-column elementor-element elementor-element-d55cc8b\" data-id=\"d55cc8b\" data-element_type=\"column\" data-e-type=\"column\">\n\t\t\t<div class=\"elementor-widget-wrap elementor-element-populated\">\n\t\t\t\t\t\t<div class=\"elementor-element elementor-element-a01ac3d elementor-widget elementor-widget-text-editor\" data-id=\"a01ac3d\" data-element_type=\"widget\" data-e-type=\"widget\" data-widget_type=\"text-editor.default\">\n\t\t\t\t<div class=\"elementor-widget-container\">\n\t\t\t\t\t\t\t\t\t<h2>Animaux domestiques<\/h2><h3>Permis<\/h3><p>Les permis sont obligatoires pour tous les chats et les chiens dans la Ville de Montr\u00e9al-Ouest. Le permis pour chien doit \u00eatre renouvel\u00e9 sur une base annuelle tandis que le permis pour chat est valide pour la dur\u00e9e de vie de l&rsquo;animal. Apprenez-en plus sur les <a href=\"https:\/\/montreal-west.ca\/fr\/services-aux-residents\/permis-de-la-ville\/animaux-domestiques\/\">permis pour animaux<\/a>.<\/p>\t\t\t\t\t\t\t\t<\/div>\n\t\t\t\t<\/div>\n\t\t\t\t<div class=\"elementor-element elementor-element-4c536b9 elementor-alert-info elementor-widget elementor-widget-alert\" data-id=\"4c536b9\" data-element_type=\"widget\" data-e-type=\"widget\" data-widget_type=\"alert.default\">\n\t\t\t\t<div class=\"elementor-widget-container\">\n\t\t\t\t\t\t\t<div class=\"elementor-alert\" role=\"alert\">\n\n\t\t\t\t\t\t<span class=\"elementor-alert-title\">Fermeture temporaire du parc canin<\/span>\n\t\t\t\n\t\t\t\t\t\t<span class=\"elementor-alert-description\">Le parc canin de Montr\u00e9al-Ouest sera ferm\u00e9 le mercredi 3 d\u00e9cembre \u00e0 partir de 20 h 30 jusqu'au jeudi 4 d\u00e9cembre, en raison de travaux \u00e9lectriques. L'heure exacte de r\u00e9ouverture n'est pas encore d\u00e9termin\u00e9e.\n\nNous vous remercions de votre compr\u00e9hension et de votre collaboration.<\/span>\n\t\t\t\n\t\t\t\t\t\t<button type=\"button\" class=\"elementor-alert-dismiss\" aria-label=\"Ignorer cette alerte.\">\n\t\t\t\t\t\t\t\t\t<span aria-hidden=\"true\">&times;<\/span>\n\t\t\t\t\t\t\t<\/button>\n\t\t\t\n\t\t<\/div>\n\t\t\t\t\t\t<\/div>\n\t\t\t\t<\/div>\n\t\t\t\t<div class=\"elementor-element elementor-element-8b8a4c7 elementor-widget elementor-widget-menu-anchor\" data-id=\"8b8a4c7\" data-element_type=\"widget\" data-e-type=\"widget\" data-widget_type=\"menu-anchor.default\">\n\t\t\t\t<div class=\"elementor-widget-container\">\n\t\t\t\t\t\t\t<div class=\"elementor-menu-anchor\" id=\"parc-canin\"><\/div>\n\t\t\t\t\t\t<\/div>\n\t\t\t\t<\/div>\n\t\t\t\t<div class=\"elementor-element elementor-element-904837a elementor-widget elementor-widget-text-editor\" data-id=\"904837a\" data-element_type=\"widget\" data-e-type=\"widget\" data-widget_type=\"text-editor.default\">\n\t\t\t\t<div class=\"elementor-widget-container\">\n\t\t\t\t\t\t\t\t\t<h2>Parc canin<\/h2><p>Un parc canin est l\u2019endroit id\u00e9al o\u00f9 votre chien peut s\u2019\u00e9battre hors laisse, se promener et socialiser \u00e0 volont\u00e9! Le parc canin est situ\u00e9 sur le chemin Ainslie, tout pr\u00e8s de l&rsquo;h\u00f4tel de ville.<\/p><p><strong>Acc\u00e8s au parc canin<\/strong><\/p><p>L\u2019acc\u00e8s au parc canin est contr\u00f4l\u00e9 par une passe \u00e9lectronique que vous pouvez obtenir gratuitement de l\u2019h\u00f4tel de ville.\u00a0<\/p><p>Le nombre de places est limit\u00e9 pour les non-r\u00e9sidents.<\/p><p><strong>Crit\u00e8res pour obtenir une passe pour le parc canin<\/strong><\/p><ul><li>Votre chien doit \u00eatre enregistr\u00e9 \u00e0 la Ville<\/li><li>Vous devez pr\u00e9senter un certificat valide de vaccination contre la rage<\/li><\/ul><p><strong>Heures d&rsquo;ouverture<\/strong><\/p><p>Ouvert tous les jours, de 6 h \u00e0 22 h.<\/p><p>Veuillez noter que le parc canin sera ferm\u00e9 pour entretien les mardis et jeudis de 13 h 30 \u00e0 14 h 15.<\/p>\t\t\t\t\t\t\t\t<\/div>\n\t\t\t\t<\/div>\n\t\t\t\t\t<\/div>\n\t\t<\/div>\n\t\t\t\t\t<\/div>\n\t\t<\/section>\n\t\t\t\t<section class=\"elementor-section elementor-top-section elementor-element elementor-element-7be0ff7 elementor-section-boxed elementor-section-height-default elementor-section-height-default\" data-id=\"7be0ff7\" data-element_type=\"section\" data-e-type=\"section\">\n\t\t\t\t\t\t<div class=\"elementor-container elementor-column-gap-default\">\n\t\t\t\t\t<div class=\"elementor-column elementor-col-100 elementor-top-column elementor-element elementor-element-8914643\" data-id=\"8914643\" data-element_type=\"column\" data-e-type=\"column\">\n\t\t\t<div class=\"elementor-widget-wrap elementor-element-populated\">\n\t\t\t\t\t\t<div class=\"elementor-element elementor-element-d13d038 elementor-widget elementor-widget-toggle\" data-id=\"d13d038\" data-element_type=\"widget\" data-e-type=\"widget\" data-widget_type=\"toggle.default\">\n\t\t\t\t<div class=\"elementor-widget-container\">\n\t\t\t\t\t\t\t<div class=\"elementor-toggle\">\n\t\t\t\t\t\t\t<div class=\"elementor-toggle-item\">\n\t\t\t\t\t<div id=\"elementor-tab-title-2191\" class=\"elementor-tab-title\" data-tab=\"1\" role=\"button\" aria-controls=\"elementor-tab-content-2191\" aria-expanded=\"false\">\n\t\t\t\t\t\t\t\t\t\t\t\t<span class=\"elementor-toggle-icon elementor-toggle-icon-left\" aria-hidden=\"true\">\n\t\t\t\t\t\t\t\t\t\t\t\t\t\t\t<span class=\"elementor-toggle-icon-closed\"><i class=\"fas fa-caret-right\"><\/i><\/span>\n\t\t\t\t\t\t\t\t<span class=\"elementor-toggle-icon-opened\"><i class=\"elementor-toggle-icon-opened fas fa-caret-up\"><\/i><\/span>\n\t\t\t\t\t\t\t\t\t\t\t\t\t<\/span>\n\t\t\t\t\t\t\t\t\t\t\t\t<a class=\"elementor-toggle-title\" tabindex=\"0\">R\u00e8gles d'usage du parc canin<\/a>\n\t\t\t\t\t<\/div>\n\n\t\t\t\t\t<div id=\"elementor-tab-content-2191\" class=\"elementor-tab-content elementor-clearfix\" data-tab=\"1\" role=\"region\" aria-labelledby=\"elementor-tab-title-2191\"><p>Nous avons compil\u00e9 les r\u00e8gles d&rsquo;usage qui suivent pour accompagner les r\u00e8glements du parc canin afin de garder le parc amusant et s\u00e9cure.<\/p><ul><li><strong>Connaissez bien votre chien :<\/strong> tenez compte du caract\u00e8re de votre chien avant de l\u2019amener au parc. N\u2019oubliez pas, il y aura l\u00e0 plusieurs chiens, de race, de taille, de caract\u00e8re et d\u2019entra\u00eenement diff\u00e9rents. Assurez-vous que votre chien jouera bien avec les autres avant d\u2019entrer.<\/li><li><strong>Arr\u00eatez avant d\u2019entrer dans le parc :<\/strong> ne vous pr\u00e9cipitez pas dans le parc; assurez-vous de traverser la premi\u00e8re barri\u00e8re avec votre chien toujours en laisse. Faites une pause, v\u00e9rifiez qu\u2019il n\u2019y a pas plusieurs chiens \u00e0 la seconde barri\u00e8re et alors, retirez la laisse de votre chien et laissez-le entrer. Cela pourrait \u00e9viter une chicane en entrant au parc.<\/li><li><strong>Une fois dans le parc, soyez vigilant :<\/strong> surveillez le langage corporel de votre chien et assurez-vous qu\u2019il se sent \u00e0 l\u2019aise et non menac\u00e9. Si vous d\u00e9celez de la tension ou quelque trouble qui se trame, rappelez votre chien. Soyez attentif aux bagarres!<\/li><li><strong>Soyez attentif \u00e0 votre chien :<\/strong> bien que le parc canin soit aussi un merveilleux endroit de rencontre pour les humains, ne soyez pas distrait au point de perdre votre chien de vue! Ramassez toujours ses excr\u00e9ments, r\u00e9parez les trous qu\u2019il creuse et prenez le contr\u00f4le sans tarder s\u2019il a des ennuis! Vigilance en tout temps. Vous \u00eates responsable du comportement de votre chien.<\/li><li><strong>N\u2019apportez pas de g\u00e2teries pour chiens :<\/strong> les chiens peuvent r\u00e9agir de fa\u00e7on impr\u00e9visible et plusieurs ont des restrictions di\u00e9t\u00e9tiques.<\/li><li><strong>N\u2019apportez pas de jouets de chiens autres que des balles de tennis :<\/strong> les jouets peuvent susciter la possessivit\u00e9 et m\u00eame l\u2019agressivit\u00e9 parmi des chiens g\u00e9n\u00e9ralement amicaux et m\u00eame\u2026 chez les ma\u00eetres!<\/li><li><strong>Gardez votre chien hydrat\u00e9 :<\/strong> bien que le parc soit muni d\u2019une fontaine d\u2019eau potable pour les humains et les chiens, l\u2019eau sera ferm\u00e9e d\u2019octobre \u00e0 avril pour \u00e9viter le gel des tuyaux. Sentez-vous libre d\u2019apporter de l\u2019eau et un bol au parc pendant cette p\u00e9riode.<\/li><li><strong>\u00c9vitez les infestations:<\/strong> si votre chien a des puces ou tout autre type de parasites, gardez-le \u00e0 la maison jusqu\u2019\u00e0 ce que la situation soit r\u00e9tablie. Si votre chien est malade, gardez-le \u00e0 la maison jusqu\u2019\u00e0 son r\u00e9tablissement.<\/li><li><strong>Prenons tous soin du parc :<\/strong> nous avons attendu longtemps pour un parc canin \u00e0 Montr\u00e9al-Ouest. Assurons-nous qu\u2019il soit agr\u00e9able en le gardant propre, s\u00fbr et surtout, plaisant.<\/li><li><strong>Soyez un bon voisin :<\/strong> SVP, respectez les voisins. Des gens travaillent, \u00e9tudient et jouent tout pr\u00e8s. \u00c9vitez de crier ou les aboiements excessifs.<\/li><\/ul><\/div>\n\t\t\t\t<\/div>\n\t\t\t\t\t\t\t\t<\/div>\n\t\t\t\t\t\t<\/div>\n\t\t\t\t<\/div>\n\t\t\t\t\t<\/div>\n\t\t<\/div>\n\t\t\t\t\t<\/div>\n\t\t<\/section>\n\t\t\t\t<section class=\"elementor-section elementor-top-section elementor-element elementor-element-634b50d elementor-section-boxed elementor-section-height-default elementor-section-height-default\" data-id=\"634b50d\" data-element_type=\"section\" data-e-type=\"section\">\n\t\t\t\t\t\t<div class=\"elementor-container elementor-column-gap-default\">\n\t\t\t\t\t<div class=\"elementor-column elementor-col-100 elementor-top-column elementor-element elementor-element-bcb4b9f\" data-id=\"bcb4b9f\" data-element_type=\"column\" data-e-type=\"column\">\n\t\t\t<div class=\"elementor-widget-wrap elementor-element-populated\">\n\t\t\t\t\t\t<div class=\"elementor-element elementor-element-b0808ca elementor-hidden-desktop elementor-hidden-tablet elementor-hidden-mobile elementor-widget elementor-widget-text-editor\" data-id=\"b0808ca\" data-element_type=\"widget\" data-e-type=\"widget\" data-widget_type=\"text-editor.default\">\n\t\t\t\t<div class=\"elementor-widget-container\">\n\t\t\t\t\t\t\t\t\t<h3>Aire d&rsquo;exercice pour chien<\/h3><p>Les chiens sont permis hors laisse tous les jours de 7 h \u00e0 10 h et de 18 h \u00e0 21 h de la fin octobre au 15 avril sur le terrain Hodgson (au coin de Bedbrook et Nelson), sauf lors d\u2019activit\u00e9s organis\u00e9es par la Ville ou l\u2019Association r\u00e9cr\u00e9ative civique.<\/p>\t\t\t\t\t\t\t\t<\/div>\n\t\t\t\t<\/div>\n\t\t\t\t\t<\/div>\n\t\t<\/div>\n\t\t\t\t\t<\/div>\n\t\t<\/section>\n\t\t\t\t<\/div>\n\t\t","protected":false},"excerpt":{"rendered":"<p>Animaux sauvages En vertu de la loi, la Ville ne peut retirer un animal sauvage de votre propri\u00e9t\u00e9. Par contre, nous vous recommandons de lire ces trucs pour pr\u00e9venir la pr\u00e9sence d\u2019animaux sauvages sur votre terrain. Contactez la [&hellip;]<\/p>\n","protected":false},"author":1,"featured_media":0,"parent":4239,"menu_order":7,"comment_status":"closed","ping_status":"closed","template":"","meta":{"_acf_changed":false,"footnotes":""},"tags":[],"class_list":["post-4242","page","type-page","status-publish","hentry"],"better_featured_image":null,"acf":{"header_title":"","header_image":{"ID":8181,"id":8181,"title":"dog-run","filename":"dog-run.jpg","filesize":499465,"url":"https:\/\/montreal-ouest.ca\/wp-content\/uploads\/2018\/12\/dog-run.jpg","link":"https:\/\/montreal-ouest.ca\/fr\/services-aux-residents\/securite-publique\/controle-animalier\/dog-run-2\/","alt":"","author":"3","description":"","caption":"","name":"dog-run-2","status":"inherit","uploaded_to":4242,"date":"2018-12-14 16:27:07","modified":"2018-12-14 16:27:07","menu_order":0,"mime_type":"image\/jpeg","type":"image","subtype":"jpeg","icon":"https:\/\/montreal-ouest.ca\/wp-includes\/images\/media\/default.png","width":2048,"height":1536,"sizes":{"thumbnail":"https:\/\/montreal-ouest.ca\/wp-content\/uploads\/2018\/12\/dog-run-285x285.jpg","thumbnail-width":285,"thumbnail-height":285,"medium":"https:\/\/montreal-ouest.ca\/wp-content\/uploads\/2018\/12\/dog-run-992x744.jpg","medium-width":992,"medium-height":744,"medium_large":"https:\/\/montreal-ouest.ca\/wp-content\/uploads\/2018\/12\/dog-run-768x576.jpg","medium_large-width":768,"medium_large-height":576,"large":"https:\/\/montreal-ouest.ca\/wp-content\/uploads\/2018\/12\/dog-run-1920x1440.jpg","large-width":1920,"large-height":1440,"1536x1536":"https:\/\/montreal-ouest.ca\/wp-content\/uploads\/2018\/12\/dog-run.jpg","1536x1536-width":1536,"1536x1536-height":1152,"2048x2048":"https:\/\/montreal-ouest.ca\/wp-content\/uploads\/2018\/12\/dog-run.jpg","2048x2048-width":2048,"2048x2048-height":1536}},"header_subtitle":"","sidebar_image":false,"hide_sidebar":false},"publishpress_future_workflow_manual_trigger":{"enabledWorkflows":[]},"_links":{"self":[{"href":"https:\/\/montreal-ouest.ca\/fr\/wp-json\/wp\/v2\/pages\/4242","targetHints":{"allow":["GET"]}}],"collection":[{"href":"https:\/\/montreal-ouest.ca\/fr\/wp-json\/wp\/v2\/pages"}],"about":[{"href":"https:\/\/montreal-ouest.ca\/fr\/wp-json\/wp\/v2\/types\/page"}],"author":[{"embeddable":true,"href":"https:\/\/montreal-ouest.ca\/fr\/wp-json\/wp\/v2\/users\/1"}],"replies":[{"embeddable":true,"href":"https:\/\/montreal-ouest.ca\/fr\/wp-json\/wp\/v2\/comments?post=4242"}],"version-history":[{"count":0,"href":"https:\/\/montreal-ouest.ca\/fr\/wp-json\/wp\/v2\/pages\/4242\/revisions"}],"up":[{"embeddable":true,"href":"https:\/\/montreal-ouest.ca\/fr\/wp-json\/wp\/v2\/pages\/4239"}],"wp:attachment":[{"href":"https:\/\/montreal-ouest.ca\/fr\/wp-json\/wp\/v2\/media?parent=4242"}],"wp:term":[{"taxonomy":"post_tag","embeddable":true,"href":"https:\/\/montreal-ouest.ca\/fr\/wp-json\/wp\/v2\/tags?post=4242"}],"curies":[{"name":"wp","href":"https:\/\/api.w.org\/{rel}","templated":true}]}}