{"id":4199,"date":"2018-07-06T20:18:54","date_gmt":"2018-07-07T00:18:54","guid":{"rendered":"https:\/\/montreal-west.ca\/services-aux-residents\/environnement\/4-rs\/"},"modified":"2023-01-24T12:11:01","modified_gmt":"2023-01-24T16:11:01","slug":"recycler-reduire-et-recuperer","status":"publish","type":"page","link":"https:\/\/montreal-ouest.ca\/fr\/services-aux-residents\/environnement\/recycler-reduire-et-recuperer\/","title":{"rendered":"Recycler, r\u00e9duire et r\u00e9cup\u00e9rer"},"content":{"rendered":"\t\t<div data-elementor-type=\"wp-post\" data-elementor-id=\"4199\" class=\"elementor elementor-4199 elementor-934\" data-elementor-post-type=\"page\">\n\t\t\t\t\t\t<section class=\"elementor-section elementor-top-section elementor-element elementor-element-f4cf3c3 elementor-section-boxed elementor-section-height-default elementor-section-height-default\" data-id=\"f4cf3c3\" data-element_type=\"section\" data-e-type=\"section\">\n\t\t\t\t\t\t<div class=\"elementor-container elementor-column-gap-default\">\n\t\t\t\t\t<div class=\"elementor-column elementor-col-100 elementor-top-column elementor-element elementor-element-f7caad7\" data-id=\"f7caad7\" data-element_type=\"column\" data-e-type=\"column\">\n\t\t\t<div class=\"elementor-widget-wrap elementor-element-populated\">\n\t\t\t\t\t\t<div class=\"elementor-element elementor-element-f65cbc1 elementor-widget elementor-widget-text-editor\" data-id=\"f65cbc1\" data-element_type=\"widget\" data-e-type=\"widget\" data-widget_type=\"text-editor.default\">\n\t\t\t\t<div class=\"elementor-widget-container\">\n\t\t\t\t\t\t\t\t\t<h2>Donner une deuxi\u00e8me vie \u00e0 vos objets<\/h2><p><strong>R\u00e9duire, r\u00e9utiliser, recycler, valoriser (les 3RV)<\/strong><\/p><p>Faire le m\u00e9nage des choses que nous avons accumul\u00e9es est souvent per\u00e7ue comme une t\u00e2che ennuyeuse. Personne n\u2019aime jeter des objets, surtout quand ils peuvent \u00eatre r\u00e9utilis\u00e9s par quelqu\u2019un d\u2019autre ou bien vendus. Voici nos suggestions, astuces et trucs pour \u00e9viter que des articles m\u00e9nagers se retrouvent dans les sites d\u2019enfouissement.<\/p>\t\t\t\t\t\t\t\t<\/div>\n\t\t\t\t<\/div>\n\t\t\t\t\t<\/div>\n\t\t<\/div>\n\t\t\t\t\t<\/div>\n\t\t<\/section>\n\t\t\t\t<section class=\"elementor-section elementor-top-section elementor-element elementor-element-6d2766d elementor-section-boxed elementor-section-height-default elementor-section-height-default\" data-id=\"6d2766d\" data-element_type=\"section\" data-e-type=\"section\">\n\t\t\t\t\t\t<div class=\"elementor-container elementor-column-gap-default\">\n\t\t\t\t\t<div class=\"elementor-column elementor-col-100 elementor-top-column elementor-element elementor-element-002224d\" data-id=\"002224d\" data-element_type=\"column\" data-e-type=\"column\">\n\t\t\t<div class=\"elementor-widget-wrap elementor-element-populated\">\n\t\t\t\t\t\t<div class=\"elementor-element elementor-element-ece5215 elementor-widget elementor-widget-accordion\" data-id=\"ece5215\" data-element_type=\"widget\" data-e-type=\"widget\" data-widget_type=\"accordion.default\">\n\t\t\t\t<div class=\"elementor-widget-container\">\n\t\t\t\t\t\n\t\t<div class=\"penega-accordion\">\n\t\t\t\t\t\t\t<div class=\"accordion-card\">\n\t\t\t\t\t<div class=\"accordion-header\" id=\"elementor-tab-title-0\">\n\t\t  \t\t        <button class=\"btn btn-link d-flex align-items-center justify-content-between collapsed\" data-toggle=\"collapse\" data-target=\"#elementor-tab-content-0\" aria-expanded=\"true\" aria-controls=\"elementor-tab-content-0\">\n\t\t\t\t\t\t\tR\u00e9cup\u00e9rer\t\t\t\t\t\t\t<img decoding=\"async\" src=\"https:\/\/montreal-ouest.ca\/wp-content\/themes\/penega\/images\/right-arrow.png\" alt=\"Right arrow\">\n\t\t\t\t\t\t<\/button>\n\t\t\t\t\t<\/div>\n\t\t\t\t\t<div id=\"elementor-tab-content-0\" class=\"collapse\" aria-labbeledby=\"elementor-tab-title-0\" data-parent=\".penega-accordion\">\n\t\t\t\t\t\t<div class=\"card-body\">\n\t\t\t\t\t\t\t<p>Il y a une panoplie d\u2019avantages \u00e0 acheter des articles usag\u00e9s au lieu d\u2019acheter neufs. Pour commencer, des articles usag\u00e9s n\u2019utilisent pas des ressources additionnelles, ne cr\u00e9ent pas de la pollution, ne requi\u00e8rent pas de nouveau emballage et vous font souvent \u00e9conomiser de l\u2019argent! Tentez de r\u00e9parer vos jouets, meubles, \u00e9lectrom\u00e9nagers et v\u00eatements bris\u00e9s avant de les jeter et les remplacer. Dans les cas o\u00f9 vous devez vous en d\u00e9barrasser, informez-vous sur les organismes qui acceptent des dons.<\/p><p>Puisque ces articles seront donn\u00e9s \u00e0 d\u2019autres gens, veuillez vous assurer qu\u2019ils sont propres, fonctionnels et en bonne condition.<\/p>\t\t\t\t\t\t<\/div>\n\t\t\t\t\t<\/div>\n\t\t\t\t<\/div>\n\t\t\t\t\t\t\t\t<div class=\"accordion-card\">\n\t\t\t\t\t<div class=\"accordion-header\" id=\"elementor-tab-title-1\">\n\t\t  \t\t        <button class=\"btn btn-link d-flex align-items-center justify-content-between collapsed\" data-toggle=\"collapse\" data-target=\"#elementor-tab-content-1\" aria-expanded=\"true\" aria-controls=\"elementor-tab-content-1\">\n\t\t\t\t\t\t\tRecycler\t\t\t\t\t\t\t<img decoding=\"async\" src=\"https:\/\/montreal-ouest.ca\/wp-content\/themes\/penega\/images\/right-arrow.png\" alt=\"Right arrow\">\n\t\t\t\t\t\t<\/button>\n\t\t\t\t\t<\/div>\n\t\t\t\t\t<div id=\"elementor-tab-content-1\" class=\"collapse\" aria-labbeledby=\"elementor-tab-title-1\" data-parent=\".penega-accordion\">\n\t\t\t\t\t\t<div class=\"card-body\">\n\t\t\t\t\t\t\t<p>Vous connaissez peut-\u00eatre les <a href=\"http:\/\/ville.montreal.qc.ca\/portal\/page?_pageid=7237,75371938&amp;_dad=portal&amp;_schema=PORTAL\" target=\"_blank\" rel=\"noopener\">\u00e9cocentres de Montr\u00e9al<\/a>, mais saviez-vous que plusieurs autres magasins et organismes recyclent aussi divers articles? Des \u00e9cocentres sont des centres de recyclage sur l\u2019\u00eele de Montr\u00e9al qui sont accessibles \u00e0 tous les r\u00e9sidents de l\u2019\u00eele (une preuve de r\u00e9sidence est obligatoire). Ils acceptent de grands \u00e9lectrom\u00e9nagers non fonctionnels (r\u00e9frig\u00e9rateurs, cuisini\u00e8res, laveuse, s\u00e9cheuse), de petits \u00e9lectrom\u00e9nagers non fonctionnels (four \u00e0 micro-ondes, fer \u00e0 repasser, radios, grille-pain, m\u00e9langeur), des mat\u00e9riaux de construction (cuves, bains, lavabos, tuiles, briques, fen\u00eatres, moulures, planchers en bois franc, portes), les r\u00e9sidus domestiques et dangereux (restant de peinture, canette d\u2019a\u00e9rosol, m\u00e9dicaments, piles, batteries de voitures, filtres \u00e0 huile, huile utilis\u00e9e), des \u00e9lectroniques non fonctionnelles (ordinateurs, \u00e9crans, imprimantes, copieurs, t\u00e9l\u00e9visions, VHS, DVD), des meubles et des v\u00eatements. De plus, chaque \u00e9cocentre a une bo\u00eete de dons pour r\u00e9cup\u00e9rer et r\u00e9utiliser les articles fonctionnels.<\/p><ul><li><strong>Petits \u00e9lectroniques <\/strong>(par ex. t\u00e9l\u00e9phones portables, cam\u00e9ras, lecteurs MP3, cartouches d'encre, cl\u00e9s USB,\u00a0 chargeurs, etc.) : Electrobac \u00e0 l'Ar\u00e9na de la L\u00e9gion (220 Bedbrook)<\/li><li><strong>Piles<\/strong>: H\u00f4tel de ville de Montr\u00e9al-Ouest<\/li><li><strong>Matelas<\/strong>: <a href=\"https:\/\/www.recyc-matelas.com\/\" target=\"_blank\" rel=\"noopener\">Recyc-matelas<\/a><\/li><li><strong>Lunettes<\/strong>: la plupart des cliniques d'optom\u00e9trie et des lunetteries\u00a0<\/li><li><strong>Cintres en m\u00e9tal<\/strong>: la plupart des nettoyeurs<\/li><li><strong>Peinture:<\/strong> la plupart des quincailleries<\/li><li><b>M\u00e9dicaments<\/b>: toutes les pharmacies<\/li><\/ul>\t\t\t\t\t\t<\/div>\n\t\t\t\t\t<\/div>\n\t\t\t\t<\/div>\n\t\t\t\t\t\t\t\t<div class=\"accordion-card\">\n\t\t\t\t\t<div class=\"accordion-header\" id=\"elementor-tab-title-2\">\n\t\t  \t\t        <button class=\"btn btn-link d-flex align-items-center justify-content-between collapsed\" data-toggle=\"collapse\" data-target=\"#elementor-tab-content-2\" aria-expanded=\"true\" aria-controls=\"elementor-tab-content-2\">\n\t\t\t\t\t\t\tR\u00e9utiliser \t\t\t\t\t\t\t<img decoding=\"async\" src=\"https:\/\/montreal-ouest.ca\/wp-content\/themes\/penega\/images\/right-arrow.png\" alt=\"Right arrow\">\n\t\t\t\t\t\t<\/button>\n\t\t\t\t\t<\/div>\n\t\t\t\t\t<div id=\"elementor-tab-content-2\" class=\"collapse\" aria-labbeledby=\"elementor-tab-title-2\" data-parent=\".penega-accordion\">\n\t\t\t\t\t\t<div class=\"card-body\">\n\t\t\t\t\t\t\t<p>Gr\u00e2ce aux m\u00e9dias sociaux et \u00e0 l\u2019internet, il y a maintenant une solution cr\u00e9ative pour pratiquement tout article possible! Faites des projets de bricolage avec vos enfants ou bien int\u00e9grez ces activit\u00e9s dans votre programme si vous \u00eates un enseignant, moniteur de camp de jour, \u00e9ducateur en garderie ou bien nounou. Prenez un vieil objet et transformez-le pour \u00e9gayer un nouvel espace ou votre maison. Vos vieux articles pourraient aussi servir \u00e0 un artiste. Nous avons compil\u00e9 une <a href=\"https:\/\/montreal-west.ca\/wp-content\/uploads\/2018\/09\/reuse-diy.pdf\" target=\"_blank\" rel=\"noopener\">liste de projets de bricolage<\/a> facile \u00e0 faire avec des articles m\u00e9nagers de base qui se retrouvent trop souvent dans nos sites d\u2019enfouissement.<\/p>\t\t\t\t\t\t<\/div>\n\t\t\t\t\t<\/div>\n\t\t\t\t<\/div>\n\t\t\t\t\t\t\t\t<div class=\"accordion-card\">\n\t\t\t\t\t<div class=\"accordion-header\" id=\"elementor-tab-title-3\">\n\t\t  \t\t        <button class=\"btn btn-link d-flex align-items-center justify-content-between collapsed\" data-toggle=\"collapse\" data-target=\"#elementor-tab-content-3\" aria-expanded=\"true\" aria-controls=\"elementor-tab-content-3\">\n\t\t\t\t\t\t\t\u00c9changer, vendre ou louer\t\t\t\t\t\t\t<img decoding=\"async\" src=\"https:\/\/montreal-ouest.ca\/wp-content\/themes\/penega\/images\/right-arrow.png\" alt=\"Right arrow\">\n\t\t\t\t\t\t<\/button>\n\t\t\t\t\t<\/div>\n\t\t\t\t\t<div id=\"elementor-tab-content-3\" class=\"collapse\" aria-labbeledby=\"elementor-tab-title-3\" data-parent=\".penega-accordion\">\n\t\t\t\t\t\t<div class=\"card-body\">\n\t\t\t\t\t\t\t<p>Il y a de fortes chances que quelqu\u2019un d\u2019autre veuille un produit dont vous voulez vous d\u00e9barrasser. Il y a plusieurs diff\u00e9rentes mani\u00e8res d'\u00e9changer, vendre et louer vos objets. Tenir une vente de garage est une bonne fa\u00e7on de d\u00e9sencombrer votre maison. \u00a0Vous pouvez aussi mettre vos trucs en vente en ligne, ou les afficher dans un centre communautaire ou \u00e0 la biblioth\u00e8que. Utilisez des services de location pour des outils, \u00e9quipements de plein air, costumes ou article de f\u00eate et organisez un \u00e9change de v\u00eatements avec vos amis ou voisins.<\/p>\t\t\t\t\t\t<\/div>\n\t\t\t\t\t<\/div>\n\t\t\t\t<\/div>\n\t\t\t\t\t\t<\/div>\n\n\n\t\t\t\t\t\t<\/div>\n\t\t\t\t<\/div>\n\t\t\t\t\t<\/div>\n\t\t<\/div>\n\t\t\t\t\t<\/div>\n\t\t<\/section>\n\t\t\t\t<\/div>\n\t\t","protected":false},"excerpt":{"rendered":"<p>Donner une deuxi\u00e8me vie \u00e0 vos objets R\u00e9duire, r\u00e9utiliser, recycler, valoriser (les 3RV) Faire le m\u00e9nage des choses que nous avons accumul\u00e9es est souvent per\u00e7ue comme une t\u00e2che ennuyeuse. Personne n\u2019aime jeter des objets, surtout quand ils peuvent [&hellip;]<\/p>\n","protected":false},"author":1,"featured_media":0,"parent":4173,"menu_order":7,"comment_status":"closed","ping_status":"closed","template":"","meta":{"_acf_changed":false,"footnotes":""},"tags":[],"class_list":["post-4199","page","type-page","status-publish","hentry"],"better_featured_image":null,"acf":{"header_title":"","header_image":{"ID":6841,"id":6841,"title":"mo-west-fall-2018-0530","filename":"mo-west-fall-2018-0530.jpg","filesize":526124,"url":"https:\/\/montreal-ouest.ca\/wp-content\/uploads\/2018\/11\/mo-west-fall-2018-0530.jpg","link":"https:\/\/montreal-ouest.ca\/fr\/services-aux-residents\/collecte-des-ordures\/mo-west-fall-2018-0530\/","alt":"","author":"3","description":"","caption":"","name":"mo-west-fall-2018-0530","status":"inherit","uploaded_to":4113,"date":"2018-11-01 19:40:14","modified":"2018-11-01 19:41:22","menu_order":0,"mime_type":"image\/jpeg","type":"image","subtype":"jpeg","icon":"https:\/\/montreal-ouest.ca\/wp-includes\/images\/media\/default.png","width":2048,"height":1363,"sizes":{"thumbnail":"https:\/\/montreal-ouest.ca\/wp-content\/uploads\/2018\/11\/mo-west-fall-2018-0530-285x285.jpg","thumbnail-width":285,"thumbnail-height":285,"medium":"https:\/\/montreal-ouest.ca\/wp-content\/uploads\/2018\/11\/mo-west-fall-2018-0530-992x660.jpg","medium-width":992,"medium-height":660,"medium_large":"https:\/\/montreal-ouest.ca\/wp-content\/uploads\/2018\/11\/mo-west-fall-2018-0530-768x511.jpg","medium_large-width":768,"medium_large-height":511,"large":"https:\/\/montreal-ouest.ca\/wp-content\/uploads\/2018\/11\/mo-west-fall-2018-0530-1920x1278.jpg","large-width":1920,"large-height":1278,"1536x1536":"https:\/\/montreal-ouest.ca\/wp-content\/uploads\/2018\/11\/mo-west-fall-2018-0530.jpg","1536x1536-width":1536,"1536x1536-height":1022,"2048x2048":"https:\/\/montreal-ouest.ca\/wp-content\/uploads\/2018\/11\/mo-west-fall-2018-0530.jpg","2048x2048-width":2048,"2048x2048-height":1363}},"header_subtitle":"","sidebar_image":false},"publishpress_future_workflow_manual_trigger":{"enabledWorkflows":[]},"_links":{"self":[{"href":"https:\/\/montreal-ouest.ca\/fr\/wp-json\/wp\/v2\/pages\/4199","targetHints":{"allow":["GET"]}}],"collection":[{"href":"https:\/\/montreal-ouest.ca\/fr\/wp-json\/wp\/v2\/pages"}],"about":[{"href":"https:\/\/montreal-ouest.ca\/fr\/wp-json\/wp\/v2\/types\/page"}],"author":[{"embeddable":true,"href":"https:\/\/montreal-ouest.ca\/fr\/wp-json\/wp\/v2\/users\/1"}],"replies":[{"embeddable":true,"href":"https:\/\/montreal-ouest.ca\/fr\/wp-json\/wp\/v2\/comments?post=4199"}],"version-history":[{"count":0,"href":"https:\/\/montreal-ouest.ca\/fr\/wp-json\/wp\/v2\/pages\/4199\/revisions"}],"up":[{"embeddable":true,"href":"https:\/\/montreal-ouest.ca\/fr\/wp-json\/wp\/v2\/pages\/4173"}],"wp:attachment":[{"href":"https:\/\/montreal-ouest.ca\/fr\/wp-json\/wp\/v2\/media?parent=4199"}],"wp:term":[{"taxonomy":"post_tag","embeddable":true,"href":"https:\/\/montreal-ouest.ca\/fr\/wp-json\/wp\/v2\/tags?post=4199"}],"curies":[{"name":"wp","href":"https:\/\/api.w.org\/{rel}","templated":true}]}}