{"id":4173,"date":"2018-07-06T20:16:30","date_gmt":"2018-07-07T00:16:30","guid":{"rendered":"https:\/\/montreal-west.ca\/?page_id=4173"},"modified":"2023-11-15T17:03:53","modified_gmt":"2023-11-15T21:03:53","slug":"environnement","status":"publish","type":"page","link":"https:\/\/montreal-ouest.ca\/fr\/services-aux-residents\/environnement\/","title":{"rendered":"Environnement"},"content":{"rendered":"\t\t<div data-elementor-type=\"wp-post\" data-elementor-id=\"4173\" class=\"elementor elementor-4173 elementor-943\" data-elementor-post-type=\"page\">\n\t\t\t\t\t\t<section class=\"elementor-section elementor-top-section elementor-element elementor-element-8397517 elementor-section-boxed elementor-section-height-default elementor-section-height-default\" data-id=\"8397517\" data-element_type=\"section\" data-e-type=\"section\">\n\t\t\t\t\t\t<div class=\"elementor-container elementor-column-gap-default\">\n\t\t\t\t\t<div class=\"elementor-column elementor-col-100 elementor-top-column elementor-element elementor-element-143f24b\" data-id=\"143f24b\" data-element_type=\"column\" data-e-type=\"column\">\n\t\t\t<div class=\"elementor-widget-wrap elementor-element-populated\">\n\t\t\t\t\t\t<div class=\"elementor-element elementor-element-24d0bab elementor-widget elementor-widget-text-editor\" data-id=\"24d0bab\" data-element_type=\"widget\" data-e-type=\"widget\" data-widget_type=\"text-editor.default\">\n\t\t\t\t<div class=\"elementor-widget-container\">\n\t\t\t\t\t\t\t\t\t<p>\u00a0<\/p><h2>Achetez un arbre<\/h2><p><strong>Chaque ann\u00e9e, la Ville de Montr\u00e9al-Ouest c\u00e9l\u00e8bre la journ\u00e9e de l\u2019arbre \u00e0 10$.<\/strong><\/p><p>Un nombre limit\u00e9 d\u2019arbres \u00e0 10$ seront mis \u00e0 la disposition des r\u00e9sidents sur le principe du \u00ab premier arriv\u00e9, premier servi \u00bb. Les commandes peuvent \u00eatre plac\u00e9es du 12 au 21 avril 2021.<\/p><p>Pour de plus amples renseignements,\u00a0veuillez contacter <strong>&#x65;&#110;&#x76;&#x69;&#114;&#x6f;&#x6e;&#110;&#x65;&#x6d;&#101;&#x6e;&#x74;&#64;&#x6d;&#x6f;n&#x74;&#114;e&#x61;&#108;-&#x77;&#101;s&#x74;&#46;c&#x61;<\/strong> ou appeler la r\u00e9ception des Travaux publics au 514-485-8597.<\/p><p><a href=\"https:\/\/montreal-west.ca\/fr\/la-distribution-annuelle-darbres-a-10-est-de-retour-2\/\">Compl\u00e9tez le formulaire en ligne pour commander votre arbre<\/a><\/p><hr \/><h2>Recyclage des petits appareils \u00e9lectroniques<\/h2><p>Recyclez vos petits appareils \u00e9lectroniques en les d\u00e9posant dans l&rsquo;electrobac situ\u00e9 au Centre communautaire de Montr\u00e9al-Ouest (8 avenue Westminster Sud).<\/p><p><strong>Quoi mettre dans l&rsquo;electrobac?<\/strong><\/p><p>L\u2019Electrobac recycle une grande vari\u00e9t\u00e9 de petits appareils \u00e9lectroniques, soit des t\u00e9l\u00e9phones portables, des cam\u00e9ras, lecteurs MP3, cartouches d\u2019encre, cl\u00e9s USB et des chargeurs de toutes sortes. Plus de 100 types d\u2019appareils \u00e9lectroniques sont accept\u00e9s. Pour la liste compl\u00e8te, visitez <a href=\"http:\/\/www.electrobac.com\">www.electrobac.com<\/a>.<\/p><p><a href=\"https:\/\/montreal-west.ca\/wp-content\/uploads\/2022\/10\/Quoi-mettre-dans-lelectrobac_FR.jpg\" target=\"_blank\" rel=\"noopener\"><img fetchpriority=\"high\" decoding=\"async\" class=\"aligncenter wp-image-50255\" src=\"https:\/\/montreal-west.ca\/wp-content\/uploads\/2022\/10\/Quoi-mettre-dans-lelectrobac_FR-992x511.jpg\" alt=\"\" width=\"741\" height=\"382\" srcset=\"https:\/\/montreal-ouest.ca\/wp-content\/uploads\/2022\/10\/Quoi-mettre-dans-lelectrobac_FR-992x511.jpg 992w, https:\/\/montreal-ouest.ca\/wp-content\/uploads\/2022\/10\/Quoi-mettre-dans-lelectrobac_FR-768x396.jpg 768w, https:\/\/montreal-ouest.ca\/wp-content\/uploads\/2022\/10\/Quoi-mettre-dans-lelectrobac_FR-1536x792.jpg 1536w, https:\/\/montreal-ouest.ca\/wp-content\/uploads\/2022\/10\/Quoi-mettre-dans-lelectrobac_FR.jpg 1550w\" sizes=\"(max-width: 741px) 100vw, 741px\" \/><\/a><\/p><p>Les d\u00e9chets \u00e9lectroniques contiennent g\u00e9n\u00e9ralement du plomb, du mercure et d&rsquo;autres composants dangereux. Aidez-nous \u00e0 prot\u00e9ger l&rsquo;environnement en recyclant autant de d\u00e9chets \u00e9lectroniques que possible ! En tant qu&rsquo;entreprise certifi\u00e9e BQR, Electrobac suit des consignes strictes pour garantir la protection des donn\u00e9es de vos appareils et une norme environnementale \u00e9lev\u00e9e pour une \u00e9limination durable de tous les appareils \u00e9lectroniques.<\/p><p>Nous vous invitons \u00e0 vous joindre au <strong><a href=\"https:\/\/montreal-west.ca\/fr\/lengagement-de-la-ville-en-faveur-de-leconomie-circulaire\/\" data-cke-saved-href=\"https:\/\/montreal-west.ca\/fr\/lengagement-de-la-ville-en-faveur-de-leconomie-circulaire\/\">mouvement de l&rsquo;\u00e9conomie circulaire<\/a><\/strong> et \u00e0 recycler vos appareils \u00e9lectroniques d\u00e9suets dans l&rsquo;\u00c9lectrobac.<\/p><p><a href=\"https:\/\/montreal-west.ca\/wp-content\/uploads\/2022\/10\/Banner-on-old-cell-phones-fr.png\" target=\"_blank\" rel=\"noopener\"><img decoding=\"async\" class=\"alignleft wp-image-50257\" src=\"https:\/\/montreal-west.ca\/wp-content\/uploads\/2022\/10\/Banner-on-old-cell-phones-fr.png\" alt=\"\" width=\"278\" height=\"278\" srcset=\"https:\/\/montreal-ouest.ca\/wp-content\/uploads\/2022\/10\/Banner-on-old-cell-phones-fr.png 600w, https:\/\/montreal-ouest.ca\/wp-content\/uploads\/2022\/10\/Banner-on-old-cell-phones-fr-285x285.png 285w\" sizes=\"(max-width: 278px) 100vw, 278px\" \/><\/a><\/p>\t\t\t\t\t\t\t\t<\/div>\n\t\t\t\t<\/div>\n\t\t\t\t\t<\/div>\n\t\t<\/div>\n\t\t\t\t\t<\/div>\n\t\t<\/section>\n\t\t\t\t<\/div>\n\t\t","protected":false},"excerpt":{"rendered":"<p>\u00a0 Achetez un arbre Chaque ann\u00e9e, la Ville de Montr\u00e9al-Ouest c\u00e9l\u00e8bre la journ\u00e9e de l\u2019arbre \u00e0 10$. Un nombre limit\u00e9 d\u2019arbres \u00e0 10$ seront mis \u00e0 la disposition des r\u00e9sidents sur le principe du \u00ab premier arriv\u00e9, premier [&hellip;]<\/p>\n","protected":false},"author":1,"featured_media":0,"parent":3996,"menu_order":5,"comment_status":"closed","ping_status":"closed","template":"","meta":{"_acf_changed":false,"footnotes":""},"tags":[],"class_list":["post-4173","page","type-page","status-publish","hentry"],"better_featured_image":null,"acf":{"header_title":"","header_image":{"ID":1987,"id":1987,"title":"mo-west-trees2","filename":"mo-west-trees2.jpg","filesize":533583,"url":"https:\/\/montreal-ouest.ca\/wp-content\/uploads\/2018\/09\/mo-west-trees2.jpg","link":"https:\/\/montreal-ouest.ca\/fr\/services-aux-residents\/environnement\/mo-west-trees2-2\/","alt":"","author":"3","description":"","caption":"","name":"mo-west-trees2-2","status":"inherit","uploaded_to":4173,"date":"2018-09-06 14:33:56","modified":"2018-09-28 13:35:39","menu_order":0,"mime_type":"image\/jpeg","type":"image","subtype":"jpeg","icon":"https:\/\/montreal-ouest.ca\/wp-includes\/images\/media\/default.png","width":1200,"height":300,"sizes":{"thumbnail":"https:\/\/montreal-ouest.ca\/wp-content\/uploads\/2018\/09\/mo-west-trees2-285x285.jpg","thumbnail-width":285,"thumbnail-height":285,"medium":"https:\/\/montreal-ouest.ca\/wp-content\/uploads\/2018\/09\/mo-west-trees2-992x248.jpg","medium-width":992,"medium-height":248,"medium_large":"https:\/\/montreal-ouest.ca\/wp-content\/uploads\/2018\/09\/mo-west-trees2-768x192.jpg","medium_large-width":768,"medium_large-height":192,"large":"https:\/\/montreal-ouest.ca\/wp-content\/uploads\/2018\/09\/mo-west-trees2.jpg","large-width":1200,"large-height":300,"1536x1536":"https:\/\/montreal-ouest.ca\/wp-content\/uploads\/2018\/09\/mo-west-trees2.jpg","1536x1536-width":1200,"1536x1536-height":300,"2048x2048":"https:\/\/montreal-ouest.ca\/wp-content\/uploads\/2018\/09\/mo-west-trees2.jpg","2048x2048-width":1200,"2048x2048-height":300}},"header_subtitle":"","sidebar_image":false,"hide_sidebar":false,"event_types":false},"publishpress_future_workflow_manual_trigger":{"enabledWorkflows":[]},"_links":{"self":[{"href":"https:\/\/montreal-ouest.ca\/fr\/wp-json\/wp\/v2\/pages\/4173","targetHints":{"allow":["GET"]}}],"collection":[{"href":"https:\/\/montreal-ouest.ca\/fr\/wp-json\/wp\/v2\/pages"}],"about":[{"href":"https:\/\/montreal-ouest.ca\/fr\/wp-json\/wp\/v2\/types\/page"}],"author":[{"embeddable":true,"href":"https:\/\/montreal-ouest.ca\/fr\/wp-json\/wp\/v2\/users\/1"}],"replies":[{"embeddable":true,"href":"https:\/\/montreal-ouest.ca\/fr\/wp-json\/wp\/v2\/comments?post=4173"}],"version-history":[{"count":0,"href":"https:\/\/montreal-ouest.ca\/fr\/wp-json\/wp\/v2\/pages\/4173\/revisions"}],"up":[{"embeddable":true,"href":"https:\/\/montreal-ouest.ca\/fr\/wp-json\/wp\/v2\/pages\/3996"}],"wp:attachment":[{"href":"https:\/\/montreal-ouest.ca\/fr\/wp-json\/wp\/v2\/media?parent=4173"}],"wp:term":[{"taxonomy":"post_tag","embeddable":true,"href":"https:\/\/montreal-ouest.ca\/fr\/wp-json\/wp\/v2\/tags?post=4173"}],"curies":[{"name":"wp","href":"https:\/\/api.w.org\/{rel}","templated":true}]}}