{"id":4151,"date":"2018-07-06T20:16:19","date_gmt":"2018-07-07T00:16:19","guid":{"rendered":"https:\/\/montreal-west.ca\/services-aux-residents\/collecte-des-ordures\/special-pickups\/"},"modified":"2025-12-17T16:20:45","modified_gmt":"2025-12-17T20:20:45","slug":"collectes-speciales","status":"publish","type":"page","link":"https:\/\/montreal-ouest.ca\/fr\/services-aux-residents\/collecte-des-ordures\/collectes-speciales\/","title":{"rendered":"Collectes sp\u00e9ciales"},"content":{"rendered":"\t\t<div data-elementor-type=\"wp-post\" data-elementor-id=\"4151\" class=\"elementor elementor-4151 elementor-944\" data-elementor-post-type=\"page\">\n\t\t\t\t\t\t<section class=\"elementor-section elementor-top-section elementor-element elementor-element-f2a2e03 elementor-section-boxed elementor-section-height-default elementor-section-height-default\" data-id=\"f2a2e03\" data-element_type=\"section\" data-e-type=\"section\">\n\t\t\t\t\t\t<div class=\"elementor-container elementor-column-gap-default\">\n\t\t\t\t\t<div class=\"elementor-column elementor-col-100 elementor-top-column elementor-element elementor-element-f50b6e1\" data-id=\"f50b6e1\" data-element_type=\"column\" data-e-type=\"column\">\n\t\t\t<div class=\"elementor-widget-wrap elementor-element-populated\">\n\t\t\t\t\t\t<div class=\"elementor-element elementor-element-07c01bf elementor-widget elementor-widget-text-editor\" data-id=\"07c01bf\" data-element_type=\"widget\" data-e-type=\"widget\" data-widget_type=\"text-editor.default\">\n\t\t\t\t<div class=\"elementor-widget-container\">\n\t\t\t\t\t\t\t\t\t<p>La collecte sp\u00e9ciale est un service payant offert par la ville pour ramasser les items qui sont interdits lors de la <a href=\"https:\/\/montreal-west.ca\/fr\/services-aux-residents\/collecte-des-ordures\/comment-trier-vos-dechets\/\">collecte d\u2019ordure r\u00e9guli\u00e8re<\/a>. Ceci comprend des mat\u00e9riaux de construction ainsi que des accessoires fixes d\u2019une maison (\u00e9viers, cuvettes de toilette, etc.).<\/p><h3>Proc\u00e9dure \u00e0 suivre<\/h3><ol><li>Veuillez placer le mat\u00e9riel en face de votre propri\u00e9t\u00e9 avant de contacter le Service des travaux publics. Tout mat\u00e9riel de construction doit \u00eatre plac\u00e9 dans un sac de construction appropri\u00e9 qui n&rsquo;exc\u00e8de pas 35 livres par sac.<\/li><li><a href=\"https:\/\/montreal-west.ca\/fr\/notre-ville\/nous-joindre\/?service=Travaux%20publics\" target=\"_blank\" rel=\"noopener\">Contactez les Travaux publics<\/a>\u00a0pour demander une collecte sp\u00e9ciale.<\/li><li>Suivant votre demande, un repr\u00e9sentant du service des travaux publics viendra \u00e0 votre rencontre pour \u00e9valuer le co\u00fbt de la collecte. Veuillez noter qu\u2019il y a des frais minimums de 20 $ pour une collecte. Vous recevrez un formulaire avec le co\u00fbt total de la collecte.<\/li><li>Le paiement peut \u00eatre fait \u00e0 l\u2019h\u00f4tel de ville en esp\u00e8ces, par ch\u00e8que (payable \u00e0 la Ville de Montr\u00e9al-Ouest) ou par carte d\u00e9bit. L\u2019h\u00f4tel de ville avisera les travaux publics lorsque le paiement sera re\u00e7u.<\/li><li>Le service des travaux publics sera inform\u00e9 du moment o\u00f9 le paiement sera effectu\u00e9 et les objets seront ensuite r\u00e9cup\u00e9r\u00e9s.<\/li><\/ol><p>Veuillez noter que le mat\u00e9riel doit \u00eatre plac\u00e9 au bord du trottoir pour \u00eatre ramass\u00e9. En aucun cas nos employ\u00e9s ne ramassent le mat\u00e9riel sur la propri\u00e9t\u00e9 priv\u00e9e du r\u00e9sident.<\/p><h3>Quels mat\u00e9riaux ne sont pas ramass\u00e9s lors de la collecte sp\u00e9ciale?<\/h3><p>Les travaux publics ne ramasseront pas des r\u00e9frig\u00e9rateurs, des pneus, de la terre, des roches, de la peinture, du solvant ou tout autre mat\u00e9riel ou produit dangereux.<\/p><h2><span class=\"markijum1po18\" data-markjs=\"true\" data-ogac=\"\" data-ogab=\"\" data-ogsc=\"\" data-ogsb=\"\" data-olk-copy-source=\"MessageBody\">Nouveau service de collecte pour les r\u00e9frig\u00e9rateurs<\/span><\/h2><p>Gr\u00e2ce \u00e0 <span class=\"markijum1po18\" data-markjs=\"true\" data-ogac=\"\" data-ogab=\"\" data-ogsc=\"\" data-ogsb=\"\">GoRecycle<\/span>, les r\u00e9sidents de Montr\u00e9al-Ouest peuvent d\u00e9sormais b\u00e9n\u00e9ficier d\u2019un service gratuit de collecte \u00e0 domicile pour leurs r\u00e9frig\u00e9rateurs, cong\u00e9lateurs, celliers et refroidisseurs \u00e0 vin dont ils souhaitent se d\u00e9partir. Ce service permet de g\u00e9rer ces appareils de mani\u00e8re responsable tout en contribuant \u00e0 la protection de l\u2019environnement.<br \/><br \/>Chaque appareil r\u00e9frig\u00e9rant contient des halocarbures, des gaz polluants nuisibles \u00e0 l\u2019environnement. En confiant votre appareil \u00e0\u00a0<span class=\"markijum1po18\" data-markjs=\"true\" data-ogac=\"\" data-ogab=\"\" data-ogsc=\"\" data-ogsb=\"\">GoRecycle<\/span>, vous contribuez \u00e0 \u00e9viter l\u2019\u00e9mission d\u2019environ 1 tonne de gaz \u00e0 effet de serre.<br \/><br \/><strong>Comment participer ?<\/strong><br \/><u><strong><a  href=\"https:\/\/www.gorecycle.com\/fr\/ramassage-electromenager-gratuit\/\" target=\"_blank\" rel=\"noopener\" data-auth=\"NotApplicable\" data-linkindex=\"6\">Faites une simple demande en ligne<\/a><\/strong><\/u>\u00a0et suivez les instructions faciles de\u00a0<span class=\"markijum1po18\" data-markjs=\"true\" data-ogac=\"\" data-ogab=\"\" data-ogsc=\"\" data-ogsb=\"\">GoRecycle<\/span><\/p>\t\t\t\t\t\t\t\t<\/div>\n\t\t\t\t<\/div>\n\t\t\t\t\t<\/div>\n\t\t<\/div>\n\t\t\t\t\t<\/div>\n\t\t<\/section>\n\t\t\t\t<section class=\"elementor-section elementor-top-section elementor-element elementor-element-532ed56 elementor-section-boxed elementor-section-height-default elementor-section-height-default\" data-id=\"532ed56\" data-element_type=\"section\" data-e-type=\"section\">\n\t\t\t\t\t\t<div class=\"elementor-container elementor-column-gap-default\">\n\t\t\t\t\t<div class=\"elementor-column elementor-col-100 elementor-top-column elementor-element elementor-element-d8abe7f\" data-id=\"d8abe7f\" data-element_type=\"column\" data-e-type=\"column\">\n\t\t\t<div class=\"elementor-widget-wrap elementor-element-populated\">\n\t\t\t\t\t\t<div class=\"elementor-element elementor-element-612e69b elementor-hidden-desktop elementor-hidden-tablet elementor-hidden-phone elementor-widget elementor-widget-toggle\" data-id=\"612e69b\" data-element_type=\"widget\" data-e-type=\"widget\" data-widget_type=\"toggle.default\">\n\t\t\t\t<div class=\"elementor-widget-container\">\n\t\t\t\t\t\t\t<div class=\"elementor-toggle\">\n\t\t\t\t\t\t\t<div class=\"elementor-toggle-item\">\n\t\t\t\t\t<div id=\"elementor-tab-title-1011\" class=\"elementor-tab-title\" data-tab=\"1\" role=\"button\" aria-controls=\"elementor-tab-content-1011\" aria-expanded=\"false\">\n\t\t\t\t\t\t\t\t\t\t\t\t<span class=\"elementor-toggle-icon elementor-toggle-icon-left\" aria-hidden=\"true\">\n\t\t\t\t\t\t\t\t\t\t\t\t\t\t\t<span class=\"elementor-toggle-icon-closed\"><i class=\"fas fa-plus-circle\"><\/i><\/span>\n\t\t\t\t\t\t\t\t<span class=\"elementor-toggle-icon-opened\"><i class=\"elementor-toggle-icon-opened fas fa-minus-circle\"><\/i><\/span>\n\t\t\t\t\t\t\t\t\t\t\t\t\t<\/span>\n\t\t\t\t\t\t\t\t\t\t\t\t<a class=\"elementor-toggle-title\" tabindex=\"0\">O\u00f9 dois-je payer pour ma collecte sp\u00e9ciale?<\/a>\n\t\t\t\t\t<\/div>\n\n\t\t\t\t\t<div id=\"elementor-tab-content-1011\" class=\"elementor-tab-content elementor-clearfix\" data-tab=\"1\" role=\"region\" aria-labelledby=\"elementor-tab-title-1011\"><p>Si vous \u00eates \u00e0 la maison lors de l\u2019\u00e9valuation, vous pouvez payer le repr\u00e9sentant des travaux publics directement par ch\u00e8que (payable \u00e0 la Ville de Montr\u00e9al-Ouest). Autrement le paiement peut \u00eatre fait \u00e0 l\u2019h\u00f4tel de ville en esp\u00e8ces, par ch\u00e8que ou par carte d\u00e9bit. L\u2019h\u00f4tel de ville avisera les travaux publics lorsque le paiement sera re\u00e7u.<\/p><\/div>\n\t\t\t\t<\/div>\n\t\t\t\t\t\t\t<div class=\"elementor-toggle-item\">\n\t\t\t\t\t<div id=\"elementor-tab-title-1012\" class=\"elementor-tab-title\" data-tab=\"2\" role=\"button\" aria-controls=\"elementor-tab-content-1012\" aria-expanded=\"false\">\n\t\t\t\t\t\t\t\t\t\t\t\t<span class=\"elementor-toggle-icon elementor-toggle-icon-left\" aria-hidden=\"true\">\n\t\t\t\t\t\t\t\t\t\t\t\t\t\t\t<span class=\"elementor-toggle-icon-closed\"><i class=\"fas fa-plus-circle\"><\/i><\/span>\n\t\t\t\t\t\t\t\t<span class=\"elementor-toggle-icon-opened\"><i class=\"elementor-toggle-icon-opened fas fa-minus-circle\"><\/i><\/span>\n\t\t\t\t\t\t\t\t\t\t\t\t\t<\/span>\n\t\t\t\t\t\t\t\t\t\t\t\t<a class=\"elementor-toggle-title\" tabindex=\"0\">Quels mat\u00e9riaux ne sont pas ramass\u00e9s lors de la collecte sp\u00e9ciale?<\/a>\n\t\t\t\t\t<\/div>\n\n\t\t\t\t\t<div id=\"elementor-tab-content-1012\" class=\"elementor-tab-content elementor-clearfix\" data-tab=\"2\" role=\"region\" aria-labelledby=\"elementor-tab-title-1012\"><p>Les travaux publics ne ramasseront pas des pneus, de la terre, des roches, de la peinture, du solvant ou tout autre mat\u00e9riel ou produit dangereux.<\/p><\/div>\n\t\t\t\t<\/div>\n\t\t\t\t\t\t\t\t<\/div>\n\t\t\t\t\t\t<\/div>\n\t\t\t\t<\/div>\n\t\t\t\t\t<\/div>\n\t\t<\/div>\n\t\t\t\t\t<\/div>\n\t\t<\/section>\n\t\t\t\t<\/div>\n\t\t","protected":false},"excerpt":{"rendered":"<p>La collecte sp\u00e9ciale est un service payant offert par la ville pour ramasser les items qui sont interdits lors de la collecte d\u2019ordure r\u00e9guli\u00e8re. Ceci comprend des mat\u00e9riaux de construction ainsi que des accessoires fixes d\u2019une maison (\u00e9viers, [&hellip;]<\/p>\n","protected":false},"author":1,"featured_media":0,"parent":4113,"menu_order":12,"comment_status":"closed","ping_status":"closed","template":"","meta":{"_acf_changed":false,"footnotes":""},"tags":[],"class_list":["post-4151","page","type-page","status-publish","hentry"],"better_featured_image":null,"acf":{"header_title":"","header_image":{"ID":6841,"id":6841,"title":"mo-west-fall-2018-0530","filename":"mo-west-fall-2018-0530.jpg","filesize":526124,"url":"https:\/\/montreal-ouest.ca\/wp-content\/uploads\/2018\/11\/mo-west-fall-2018-0530.jpg","link":"https:\/\/montreal-ouest.ca\/fr\/services-aux-residents\/collecte-des-ordures\/mo-west-fall-2018-0530\/","alt":"","author":"3","description":"","caption":"","name":"mo-west-fall-2018-0530","status":"inherit","uploaded_to":4113,"date":"2018-11-01 19:40:14","modified":"2018-11-01 19:41:22","menu_order":0,"mime_type":"image\/jpeg","type":"image","subtype":"jpeg","icon":"https:\/\/montreal-ouest.ca\/wp-includes\/images\/media\/default.png","width":2048,"height":1363,"sizes":{"thumbnail":"https:\/\/montreal-ouest.ca\/wp-content\/uploads\/2018\/11\/mo-west-fall-2018-0530-285x285.jpg","thumbnail-width":285,"thumbnail-height":285,"medium":"https:\/\/montreal-ouest.ca\/wp-content\/uploads\/2018\/11\/mo-west-fall-2018-0530-992x660.jpg","medium-width":992,"medium-height":660,"medium_large":"https:\/\/montreal-ouest.ca\/wp-content\/uploads\/2018\/11\/mo-west-fall-2018-0530-768x511.jpg","medium_large-width":768,"medium_large-height":511,"large":"https:\/\/montreal-ouest.ca\/wp-content\/uploads\/2018\/11\/mo-west-fall-2018-0530-1920x1278.jpg","large-width":1920,"large-height":1278,"1536x1536":"https:\/\/montreal-ouest.ca\/wp-content\/uploads\/2018\/11\/mo-west-fall-2018-0530.jpg","1536x1536-width":1536,"1536x1536-height":1022,"2048x2048":"https:\/\/montreal-ouest.ca\/wp-content\/uploads\/2018\/11\/mo-west-fall-2018-0530.jpg","2048x2048-width":2048,"2048x2048-height":1363}},"header_subtitle":"","sidebar_image":false},"publishpress_future_workflow_manual_trigger":{"enabledWorkflows":[]},"_links":{"self":[{"href":"https:\/\/montreal-ouest.ca\/fr\/wp-json\/wp\/v2\/pages\/4151","targetHints":{"allow":["GET"]}}],"collection":[{"href":"https:\/\/montreal-ouest.ca\/fr\/wp-json\/wp\/v2\/pages"}],"about":[{"href":"https:\/\/montreal-ouest.ca\/fr\/wp-json\/wp\/v2\/types\/page"}],"author":[{"embeddable":true,"href":"https:\/\/montreal-ouest.ca\/fr\/wp-json\/wp\/v2\/users\/1"}],"replies":[{"embeddable":true,"href":"https:\/\/montreal-ouest.ca\/fr\/wp-json\/wp\/v2\/comments?post=4151"}],"version-history":[{"count":0,"href":"https:\/\/montreal-ouest.ca\/fr\/wp-json\/wp\/v2\/pages\/4151\/revisions"}],"up":[{"embeddable":true,"href":"https:\/\/montreal-ouest.ca\/fr\/wp-json\/wp\/v2\/pages\/4113"}],"wp:attachment":[{"href":"https:\/\/montreal-ouest.ca\/fr\/wp-json\/wp\/v2\/media?parent=4151"}],"wp:term":[{"taxonomy":"post_tag","embeddable":true,"href":"https:\/\/montreal-ouest.ca\/fr\/wp-json\/wp\/v2\/tags?post=4151"}],"curies":[{"name":"wp","href":"https:\/\/api.w.org\/{rel}","templated":true}]}}