{"id":4131,"date":"2018-07-06T20:16:01","date_gmt":"2018-07-07T00:16:01","guid":{"rendered":"https:\/\/montreal-west.ca\/services-aux-residents\/waste-collection\/how-to-sort-your-waste\/"},"modified":"2025-02-27T14:30:46","modified_gmt":"2025-02-27T18:30:46","slug":"comment-trier-vos-dechets","status":"publish","type":"page","link":"https:\/\/montreal-ouest.ca\/fr\/services-aux-residents\/collecte-des-ordures\/comment-trier-vos-dechets\/","title":{"rendered":"Comment trier vos d\u00e9chets"},"content":{"rendered":"\t\t<div data-elementor-type=\"wp-post\" data-elementor-id=\"4131\" class=\"elementor elementor-4131 elementor-945\" data-elementor-post-type=\"page\">\n\t\t\t\t\t\t<section class=\"elementor-section elementor-top-section elementor-element elementor-element-1283550 elementor-section-boxed elementor-section-height-default elementor-section-height-default\" data-id=\"1283550\" data-element_type=\"section\" data-e-type=\"section\">\n\t\t\t\t\t\t<div class=\"elementor-container elementor-column-gap-default\">\n\t\t\t\t\t<div class=\"elementor-column elementor-col-100 elementor-top-column elementor-element elementor-element-d371e9d\" data-id=\"d371e9d\" data-element_type=\"column\" data-e-type=\"column\">\n\t\t\t<div class=\"elementor-widget-wrap elementor-element-populated\">\n\t\t\t\t\t\t<div class=\"elementor-element elementor-element-b992de1 elementor-widget elementor-widget-text-editor\" data-id=\"b992de1\" data-element_type=\"widget\" data-e-type=\"widget\" data-widget_type=\"text-editor.default\">\n\t\t\t\t<div class=\"elementor-widget-container\">\n\t\t\t\t\t\t\t\t\t<h2>Vous ne savez pas o\u00f9 placer vos d\u00e9chets?<\/h2><p>Ce n\u2019est pas toujours \u00e9vident de savoir o\u00f9 vont les items avec tous ces bacs. Voici une liste de ce qui est permis ou non par type de collecte.<\/p><p>Vous pouvez aussi vous r\u00e9f\u00e9rer au site gouvernemental <a href=\"https:\/\/www.recyc-quebec.gouv.qc.ca\/points-de-recuperation\" target=\"_blank\" rel=\"noopener\">\u00c7a va o\u00f9<\/a>. Ce super outil vous permet de simplement entrer le nom d\u2019un objet et on vous dira dans quel bac le placer!<\/p><p><a href=\"https:\/\/www.recyc-quebec.gouv.qc.ca\/appmobile-cavaou\" target=\"_blank\" rel=\"noopener\">T\u00e9l\u00e9chargez l\u2019application \u00c7a va ou?<\/a><\/p>\t\t\t\t\t\t\t\t<\/div>\n\t\t\t\t<\/div>\n\t\t\t\t\t<\/div>\n\t\t<\/div>\n\t\t\t\t\t<\/div>\n\t\t<\/section>\n\t\t\t\t<section class=\"elementor-section elementor-top-section elementor-element elementor-element-feac2da elementor-section-boxed elementor-section-height-default elementor-section-height-default\" data-id=\"feac2da\" data-element_type=\"section\" data-e-type=\"section\">\n\t\t\t\t\t\t<div class=\"elementor-container elementor-column-gap-default\">\n\t\t\t\t\t<div class=\"elementor-column elementor-col-100 elementor-top-column elementor-element elementor-element-1105f91\" data-id=\"1105f91\" data-element_type=\"column\" data-e-type=\"column\">\n\t\t\t<div class=\"elementor-widget-wrap elementor-element-populated\">\n\t\t\t\t\t\t<div class=\"elementor-element elementor-element-152293f elementor-widget elementor-widget-toggle\" data-id=\"152293f\" data-element_type=\"widget\" data-e-type=\"widget\" data-widget_type=\"toggle.default\">\n\t\t\t\t<div class=\"elementor-widget-container\">\n\t\t\t\t\t\t\t<div class=\"elementor-toggle\">\n\t\t\t\t\t\t\t<div class=\"elementor-toggle-item\">\n\t\t\t\t\t<div id=\"elementor-tab-title-2211\" class=\"elementor-tab-title\" data-tab=\"1\" role=\"button\" aria-controls=\"elementor-tab-content-2211\" aria-expanded=\"false\">\n\t\t\t\t\t\t\t\t\t\t\t\t<span class=\"elementor-toggle-icon elementor-toggle-icon-left\" aria-hidden=\"true\">\n\t\t\t\t\t\t\t\t\t\t\t\t\t\t\t<span class=\"elementor-toggle-icon-closed\"><i class=\"fas fa-caret-right\"><\/i><\/span>\n\t\t\t\t\t\t\t\t<span class=\"elementor-toggle-icon-opened\"><i class=\"elementor-toggle-icon-opened fas fa-caret-up\"><\/i><\/span>\n\t\t\t\t\t\t\t\t\t\t\t\t\t<\/span>\n\t\t\t\t\t\t\t\t\t\t\t\t<a class=\"elementor-toggle-title\" tabindex=\"0\">Ordures<\/a>\n\t\t\t\t\t<\/div>\n\n\t\t\t\t\t<div id=\"elementor-tab-content-2211\" class=\"elementor-tab-content elementor-clearfix\" data-tab=\"1\" role=\"region\" aria-labelledby=\"elementor-tab-title-2211\"><h3>D\u00e9chets accept\u00e9s<\/h3><ul><li>Ordures m\u00e9nag\u00e8res ordinaires<\/li><li>Articles de maison (frigos, po\u00eales, divans, etc.)<\/li><\/ul><h3>D\u00e9chets refus\u00e9s<\/h3><ul><li>R\u00e9sidus domestiques dangereux<\/li><li>D\u00e9chets recyclables<\/li><li>Mat\u00e9riaux de construction<\/li><li>Accessoires fixes d\u2019une maison (\u00e9viers, cuvettes sanitaires, etc.)<\/li><\/ul><\/div>\n\t\t\t\t<\/div>\n\t\t\t\t\t\t\t<div class=\"elementor-toggle-item\">\n\t\t\t\t\t<div id=\"elementor-tab-title-2212\" class=\"elementor-tab-title\" data-tab=\"2\" role=\"button\" aria-controls=\"elementor-tab-content-2212\" aria-expanded=\"false\">\n\t\t\t\t\t\t\t\t\t\t\t\t<span class=\"elementor-toggle-icon elementor-toggle-icon-left\" aria-hidden=\"true\">\n\t\t\t\t\t\t\t\t\t\t\t\t\t\t\t<span class=\"elementor-toggle-icon-closed\"><i class=\"fas fa-caret-right\"><\/i><\/span>\n\t\t\t\t\t\t\t\t<span class=\"elementor-toggle-icon-opened\"><i class=\"elementor-toggle-icon-opened fas fa-caret-up\"><\/i><\/span>\n\t\t\t\t\t\t\t\t\t\t\t\t\t<\/span>\n\t\t\t\t\t\t\t\t\t\t\t\t<a class=\"elementor-toggle-title\" tabindex=\"0\">R\u00e9cup\u00e9ration<\/a>\n\t\t\t\t\t<\/div>\n\n\t\t\t\t\t<div id=\"elementor-tab-content-2212\" class=\"elementor-tab-content elementor-clearfix\" data-tab=\"2\" role=\"region\" aria-labelledby=\"elementor-tab-title-2212\"><p>Le Qu\u00e9bec a mis en place une importante r\u00e9forme de la collecte s\u00e9lective visant \u00e0 simplifier le processus pour les citoyens et \u00e0 am\u00e9liorer le recyclage dans toute la province.<\/p><p>Gr\u00e2ce aux nouvelles directives, trier ses mati\u00e8res recyclables est plus facile que jamais. Il suffit de retenir trois cat\u00e9gories : <strong>contenants, emballages et imprim\u00e9s. C&rsquo;est tout. <\/strong><\/p><p><strong><u>Qu&rsquo;est-ce qui va dans le bac de r\u00e9cup\u00e9ration?<\/u><\/strong><\/p><ul><li><strong>Les contenants<\/strong><ul><li>Souples ou rigides, les contenants sont faits de papier, carton, verre, plastique ou m\u00e9tal.\u202f\u202f<\/li><li>Un indice pour les reconna\u00eetre\u2009? G\u00e9n\u00e9ralement, les contenants recyclables s\u2019accompagnent d\u2019un bouchon ou d\u2019un couvercle.<\/li><li>Ex : bouteilles de shampoing, bouteilles d&rsquo;huile, contenants de savon \u00e0 lessive, contenants de cr\u00e8me s\u00fbre, etc.<\/li><\/ul><\/li><\/ul><ul><li><strong>L&#8217;emballage<\/strong><ul><li>Comme les contenants, les emballages sont faits de papier, carton, verre, plastique ou m\u00e9tal.\u202f \u202f<\/li><li>Et eux, on les reconna\u00eet comment? Ils servent \u00e0 transporter facilement un produit.<\/li><li>\u202fEx : bo\u00eete \u00e0 \u0153ufs, casseau de fruits, conserves, sac de papier, etc.<\/li><\/ul><\/li><\/ul><ul><li><strong>Papier imprim\u00e9<\/strong><ul><li>Ce sont les papiers et les autres fibres sur lesquelles on retrouve parfois des textes, des motifs ou des images.<\/li><li>Ex : journaux, magazines, feuilles lign\u00e9es ou quadrill\u00e9es, enveloppes, etc.<\/li><\/ul><\/li><\/ul><\/div>\n\t\t\t\t<\/div>\n\t\t\t\t\t\t\t<div class=\"elementor-toggle-item\">\n\t\t\t\t\t<div id=\"elementor-tab-title-2213\" class=\"elementor-tab-title\" data-tab=\"3\" role=\"button\" aria-controls=\"elementor-tab-content-2213\" aria-expanded=\"false\">\n\t\t\t\t\t\t\t\t\t\t\t\t<span class=\"elementor-toggle-icon elementor-toggle-icon-left\" aria-hidden=\"true\">\n\t\t\t\t\t\t\t\t\t\t\t\t\t\t\t<span class=\"elementor-toggle-icon-closed\"><i class=\"fas fa-caret-right\"><\/i><\/span>\n\t\t\t\t\t\t\t\t<span class=\"elementor-toggle-icon-opened\"><i class=\"elementor-toggle-icon-opened fas fa-caret-up\"><\/i><\/span>\n\t\t\t\t\t\t\t\t\t\t\t\t\t<\/span>\n\t\t\t\t\t\t\t\t\t\t\t\t<a class=\"elementor-toggle-title\" tabindex=\"0\">D\u00e9chets organiques<\/a>\n\t\t\t\t\t<\/div>\n\n\t\t\t\t\t<div id=\"elementor-tab-content-2213\" class=\"elementor-tab-content elementor-clearfix\" data-tab=\"3\" role=\"region\" aria-labelledby=\"elementor-tab-title-2213\"><h2>R\u00e9sidus accept\u00e9s<\/h2><p><strong>R\u00e9sidus alimentaires<\/strong><\/p><ul><li>Fruits et l\u00e9gumes<\/li><li>Coquilles d&rsquo;oeufs<\/li><li>Poisson et fruits de mer<\/li><li>Viande (comprenant les os)<\/li><li>Produits laitiers<\/li><li>Produits c\u00e9r\u00e9aliers (pains, p\u00e2tes, c\u00e9r\u00e9ales)<\/li><li>Noix et \u00e9cailles<\/li><li>Grains de th\u00e9 ou de caf\u00e9<\/li><li>Condiments<\/li><li>Huiles et graisses v\u00e9g\u00e9tales ou animales<\/li><li>Sauces et vinaigrettes<\/li><li>\u00c9pices<\/li><\/ul><p><strong>R\u00e9sidus verts<\/strong><\/p><ul><li>D\u00e9bris de jardin (fleurs, plantes mortes, mauvaises herbes)<\/li><li>\u00c9corces, copeaux de bois, bran de scie et paille<\/li><li>Branches d\u2019arbustes et de haies n\u2019exc\u00e9dant pas 1 m\u00e8tre de long et 5 centim\u00e8tres de diam\u00e8tre<\/li><\/ul><p><strong>Autres<\/strong><\/p><ul><li>Assiette de carton non-cir\u00e9e<\/li><li>Mouchoirs de papier<\/li><li>Essuie-tout<\/li><li>Serviette de table<\/li><li>Papier et carton souill\u00e9s<\/li><li>Nourriture pour animaux<\/li><li>Emballage \u00e0 nourriture non plastifi\u00e9 (bo\u00eete \u00e0 pizza, contenant de frites et de boisson en carton, etc.)<\/li><li>Cheveux, poils et plumes<\/li><li>Poussi\u00e8re<\/li><\/ul><h2>R\u00e9sidus refus\u00e9s<\/h2><p><strong>R\u00e9sidus alimentaires<\/strong><\/p><ul><li>Sacs en plastique (y compris les sacs biod\u00e9gradables, compostables ou fabriqu\u00e9s \u00e0 base de ma\u00efs)<\/li><li>Emballages plastifi\u00e9s<\/li><li>Papier cir\u00e9<\/li><li>Styromousse<\/li><\/ul><p><strong>R\u00e9sidus verts<\/strong><\/p><ul><li>Bois<\/li><li>Animaux morts<\/li><\/ul><p><strong>Autres<\/strong><\/p><ul><li>Textiles<\/li><li>Mousse de s\u00e9cheuse<\/li><li>C\u00e9ramique<\/li><li>Mati\u00e8res recyclables<\/li><li>R\u00e9sidus domestiques dangereux<\/li><li>Liti\u00e8re d\u2019animaux souill\u00e9e<\/li><li>Couches et produits sanitaires, serviettes hygi\u00e9niques, tampons, cotons-tiges et soie dentaire<\/li><\/ul><\/div>\n\t\t\t\t<\/div>\n\t\t\t\t\t\t\t\t<\/div>\n\t\t\t\t\t\t<\/div>\n\t\t\t\t<\/div>\n\t\t\t\t\t<\/div>\n\t\t<\/div>\n\t\t\t\t\t<\/div>\n\t\t<\/section>\n\t\t\t\t<section class=\"elementor-section elementor-top-section elementor-element elementor-element-23cc452 elementor-section-boxed elementor-section-height-default elementor-section-height-default\" data-id=\"23cc452\" data-element_type=\"section\" data-e-type=\"section\">\n\t\t\t\t\t\t<div class=\"elementor-container elementor-column-gap-default\">\n\t\t\t\t\t<div class=\"elementor-column elementor-col-100 elementor-top-column elementor-element elementor-element-a3bb8c1\" data-id=\"a3bb8c1\" data-element_type=\"column\" data-e-type=\"column\">\n\t\t\t<div class=\"elementor-widget-wrap elementor-element-populated\">\n\t\t\t\t\t\t<div class=\"elementor-element elementor-element-2adf362 elementor-widget elementor-widget-spacer\" data-id=\"2adf362\" data-element_type=\"widget\" data-e-type=\"widget\" data-widget_type=\"spacer.default\">\n\t\t\t\t<div class=\"elementor-widget-container\">\n\t\t\t\t\t\t\t<div class=\"elementor-spacer\">\n\t\t\t<div class=\"elementor-spacer-inner\"><\/div>\n\t\t<\/div>\n\t\t\t\t\t\t<\/div>\n\t\t\t\t<\/div>\n\t\t\t\t<div class=\"elementor-element elementor-element-ee4228d elementor-widget elementor-widget-heading\" data-id=\"ee4228d\" data-element_type=\"widget\" data-e-type=\"widget\" data-widget_type=\"heading.default\">\n\t\t\t\t<div class=\"elementor-widget-container\">\n\t\t\t\t\t<h2 class=\"elementor-heading-title elementor-size-default\">Bacs de compost: solutions aux probl\u00e8mes les plus fr\u00e9quents<\/h2>\t\t\t\t<\/div>\n\t\t\t\t<\/div>\n\t\t\t\t<div class=\"elementor-element elementor-element-da85b24 elementor-widget elementor-widget-text-editor\" data-id=\"da85b24\" data-element_type=\"widget\" data-e-type=\"widget\" data-widget_type=\"text-editor.default\">\n\t\t\t\t<div class=\"elementor-widget-container\">\n\t\t\t\t\t\t\t\t\t<p><strong>Odeurs<\/strong><\/p><ul><li>Utilisez des sacs en papier ou tapissez le fond du bac brun et contenant de cuisine avec du papier journal.<\/li><li>Rincez le bac apr\u00e8s chaque collecte avec de l&rsquo;eau et un d\u00e9tergent doux ou du vinaigre.<\/li><li>Saupoudrez du bicarbonate de soude dans le bac brun et contenant de cuisine.<\/li><li>Ajoutez une couche de r\u00e9sidus de jardinage au-dessus des restes d&rsquo;aliments.<\/li><li>Placez le bac brun \u00e0 l&rsquo;ombre, \u00e0 l&rsquo;abri du soleil.<\/li><li>Faites vider votre bac \u00e0 toutes Les collectes, m\u00eame s&rsquo;il ne contient que peu de mati\u00e8res.<\/li><li>Gardez le couvercle du contenant de cuisine et du bac brun bien ferm\u00e9 en tout temps.<\/li><li>Placez vos viandes et restants osseux dans un journal et placez-les dans votre cong\u00e9lateur jusqu&rsquo;au jour de la collecte<\/li><\/ul><p><strong>Mouches\/insectes<\/strong><\/p><ul><li>Enveloppez vos restes de viande, de volaille et de poisson dans du papier journal ou sacs en papier avant de les d\u00e9poser dans le bac roulant.<\/li><li>Bien fermer le sac apr\u00e8s chaque utilisation.<\/li><li>\u00c9pandre du sel ou asperger de vinaigre, au besoin.<\/li><\/ul><p><strong>Gel<\/strong><\/p><ul><li>En hiver, afin d&rsquo;\u00e9viter que les mati\u00e8res ne collent, doublez le fond de votre bac avec du papier journal ou un morceau de carton.<\/li><li>\u00c9vitez de mettre des liquides dans le bac roulant.<\/li><\/ul><p><strong>Animaux<\/strong><\/p><ul><li>Appliquez une cr\u00e8me au menthol autour du couvercle.<\/li><li>S\u00e9curisez bien votre bac avec le verrou.<\/li><\/ul>\t\t\t\t\t\t\t\t<\/div>\n\t\t\t\t<\/div>\n\t\t\t\t\t<\/div>\n\t\t<\/div>\n\t\t\t\t\t<\/div>\n\t\t<\/section>\n\t\t\t\t<\/div>\n\t\t","protected":false},"excerpt":{"rendered":"<p>Vous ne savez pas o\u00f9 placer vos d\u00e9chets? Ce n\u2019est pas toujours \u00e9vident de savoir o\u00f9 vont les items avec tous ces bacs. Voici une liste de ce qui est permis ou non par type de collecte. Vous [&hellip;]<\/p>\n","protected":false},"author":1,"featured_media":0,"parent":4113,"menu_order":10,"comment_status":"closed","ping_status":"closed","template":"","meta":{"_acf_changed":false,"footnotes":""},"tags":[],"class_list":["post-4131","page","type-page","status-publish","hentry"],"better_featured_image":null,"acf":{"header_title":"","header_image":{"ID":6841,"id":6841,"title":"mo-west-fall-2018-0530","filename":"mo-west-fall-2018-0530.jpg","filesize":526124,"url":"https:\/\/montreal-ouest.ca\/wp-content\/uploads\/2018\/11\/mo-west-fall-2018-0530.jpg","link":"https:\/\/montreal-ouest.ca\/fr\/services-aux-residents\/collecte-des-ordures\/mo-west-fall-2018-0530\/","alt":"","author":"3","description":"","caption":"","name":"mo-west-fall-2018-0530","status":"inherit","uploaded_to":4113,"date":"2018-11-01 19:40:14","modified":"2018-11-01 19:41:22","menu_order":0,"mime_type":"image\/jpeg","type":"image","subtype":"jpeg","icon":"https:\/\/montreal-ouest.ca\/wp-includes\/images\/media\/default.png","width":2048,"height":1363,"sizes":{"thumbnail":"https:\/\/montreal-ouest.ca\/wp-content\/uploads\/2018\/11\/mo-west-fall-2018-0530-285x285.jpg","thumbnail-width":285,"thumbnail-height":285,"medium":"https:\/\/montreal-ouest.ca\/wp-content\/uploads\/2018\/11\/mo-west-fall-2018-0530-992x660.jpg","medium-width":992,"medium-height":660,"medium_large":"https:\/\/montreal-ouest.ca\/wp-content\/uploads\/2018\/11\/mo-west-fall-2018-0530-768x511.jpg","medium_large-width":768,"medium_large-height":511,"large":"https:\/\/montreal-ouest.ca\/wp-content\/uploads\/2018\/11\/mo-west-fall-2018-0530-1920x1278.jpg","large-width":1920,"large-height":1278,"1536x1536":"https:\/\/montreal-ouest.ca\/wp-content\/uploads\/2018\/11\/mo-west-fall-2018-0530.jpg","1536x1536-width":1536,"1536x1536-height":1022,"2048x2048":"https:\/\/montreal-ouest.ca\/wp-content\/uploads\/2018\/11\/mo-west-fall-2018-0530.jpg","2048x2048-width":2048,"2048x2048-height":1363}},"header_subtitle":"","sidebar_image":false,"event_types":false,"hide_sidebar":false},"publishpress_future_workflow_manual_trigger":{"enabledWorkflows":[]},"_links":{"self":[{"href":"https:\/\/montreal-ouest.ca\/fr\/wp-json\/wp\/v2\/pages\/4131","targetHints":{"allow":["GET"]}}],"collection":[{"href":"https:\/\/montreal-ouest.ca\/fr\/wp-json\/wp\/v2\/pages"}],"about":[{"href":"https:\/\/montreal-ouest.ca\/fr\/wp-json\/wp\/v2\/types\/page"}],"author":[{"embeddable":true,"href":"https:\/\/montreal-ouest.ca\/fr\/wp-json\/wp\/v2\/users\/1"}],"replies":[{"embeddable":true,"href":"https:\/\/montreal-ouest.ca\/fr\/wp-json\/wp\/v2\/comments?post=4131"}],"version-history":[{"count":0,"href":"https:\/\/montreal-ouest.ca\/fr\/wp-json\/wp\/v2\/pages\/4131\/revisions"}],"up":[{"embeddable":true,"href":"https:\/\/montreal-ouest.ca\/fr\/wp-json\/wp\/v2\/pages\/4113"}],"wp:attachment":[{"href":"https:\/\/montreal-ouest.ca\/fr\/wp-json\/wp\/v2\/media?parent=4131"}],"wp:term":[{"taxonomy":"post_tag","embeddable":true,"href":"https:\/\/montreal-ouest.ca\/fr\/wp-json\/wp\/v2\/tags?post=4131"}],"curies":[{"name":"wp","href":"https:\/\/api.w.org\/{rel}","templated":true}]}}