{"id":41133,"date":"2022-01-05T11:00:27","date_gmt":"2022-01-05T15:00:27","guid":{"rendered":"https:\/\/montreal-west.ca\/loisirs-et-culture\/installations-et-parcs\/outdoor-rinks\/"},"modified":"2026-03-09T10:11:06","modified_gmt":"2026-03-09T14:11:06","slug":"patinoires-exterieures","status":"publish","type":"page","link":"https:\/\/montreal-ouest.ca\/fr\/loisirs-et-culture\/installations-et-parcs\/patinoires-exterieures\/","title":{"rendered":"Patinoires ext\u00e9rieures"},"content":{"rendered":"\t\t<div data-elementor-type=\"wp-page\" data-elementor-id=\"41133\" class=\"elementor elementor-41133 elementor-41051\" data-elementor-post-type=\"page\">\n\t\t\t\t\t\t<section class=\"elementor-section elementor-top-section elementor-element elementor-element-dc1817d elementor-section-boxed elementor-section-height-default elementor-section-height-default\" data-id=\"dc1817d\" data-element_type=\"section\" data-e-type=\"section\">\n\t\t\t\t\t\t<div class=\"elementor-container elementor-column-gap-default\">\n\t\t\t\t\t<div class=\"elementor-column elementor-col-100 elementor-top-column elementor-element elementor-element-b4bdca0\" data-id=\"b4bdca0\" data-element_type=\"column\" data-e-type=\"column\">\n\t\t\t<div class=\"elementor-widget-wrap elementor-element-populated\">\n\t\t\t\t\t\t<div class=\"elementor-element elementor-element-85228e9 elementor-alert-info elementor-widget elementor-widget-alert\" data-id=\"85228e9\" data-element_type=\"widget\" data-e-type=\"widget\" data-widget_type=\"alert.default\">\n\t\t\t\t<div class=\"elementor-widget-container\">\n\t\t\t\t\t\t\t<div class=\"elementor-alert\" role=\"alert\">\n\n\t\t\t\t\t\t<span class=\"elementor-alert-title\">Fermeture des patinoires ext\u00e9rieures pour la saison<\/span>\n\t\t\t\n\t\t\t\t\t\t<span class=\"elementor-alert-description\">Le 9 mars 2026 - Toutes les patinoires ext\u00e9rieures sont ferm\u00e9es, les temp\u00e9ratures \u00e9lev\u00e9es et la pluie rendant l\u2019entretien impossible. \u00c0 la saison prochaine!\n\n <\/span>\n\t\t\t\n\t\t\t\t\t\t<button type=\"button\" class=\"elementor-alert-dismiss\" aria-label=\"Ignorer cette alerte.\">\n\t\t\t\t\t\t\t\t\t<span aria-hidden=\"true\">&times;<\/span>\n\t\t\t\t\t\t\t<\/button>\n\t\t\t\n\t\t<\/div>\n\t\t\t\t\t\t<\/div>\n\t\t\t\t<\/div>\n\t\t\t\t<div class=\"elementor-element elementor-element-3027a80 elementor-hidden-desktop elementor-hidden-tablet elementor-hidden-mobile elementor-alert-info elementor-widget elementor-widget-alert\" data-id=\"3027a80\" data-element_type=\"widget\" data-e-type=\"widget\" data-widget_type=\"alert.default\">\n\t\t\t\t<div class=\"elementor-widget-container\">\n\t\t\t\t\t\t\t<div class=\"elementor-alert\" role=\"alert\">\n\n\t\t\t\t\t\t<span class=\"elementor-alert-title\">Fermeture temporaire des patinoires ext\u00e9rieures<\/span>\n\t\t\t\n\t\t\t\t\t\t<span class=\"elementor-alert-description\">Le 9 mars 2026 - Toutes les patinoires ext\u00e9rieures sont temporairement ferm\u00e9es, les temp\u00e9ratures cl\u00e9mentes actuelles rendant la glace trop molle et l\u2019entretien impossible. La Ville reprendra les travaux d\u2019entretien si les conditions m\u00e9t\u00e9orologiques le permettent. \n\nLes r\u00e9sidents sont pri\u00e9s d\u2019\u00e9viter de patiner afin de pr\u00e9venir tout dommage \u00e0 la surface.<\/span>\n\t\t\t\n\t\t\t\t\t\t<button type=\"button\" class=\"elementor-alert-dismiss\" aria-label=\"Ignorer cette alerte.\">\n\t\t\t\t\t\t\t\t\t<span aria-hidden=\"true\">&times;<\/span>\n\t\t\t\t\t\t\t<\/button>\n\t\t\t\n\t\t<\/div>\n\t\t\t\t\t\t<\/div>\n\t\t\t\t<\/div>\n\t\t\t\t<div class=\"elementor-element elementor-element-3b3d8aa elementor-widget elementor-widget-text-editor\" data-id=\"3b3d8aa\" data-element_type=\"widget\" data-e-type=\"widget\" data-widget_type=\"text-editor.default\">\n\t\t\t\t<div class=\"elementor-widget-container\">\n\t\t\t\t\t\t\t\t\t<p>Cette saison, la Ville a 4 patinoires ext\u00e9rieures (lorsque le temps le permet).\u00a0<\/p><h3>Infos pratiques<\/h3><ol><li>Lors de travaux d&rsquo;entretien ou de pr\u00e9paration de la glace, la patinoire est ferm\u00e9e.<\/li><li>Le port du casque, gants et prot\u00e8ge-cou est fortement recommand\u00e9.\u00a0<\/li><li>Il est interdit d&rsquo;utiliser les patinoires en dehors des heures d&rsquo;ouvertures (7 h \u00e0 21 h).<\/li><li>Toute personne qui enfreint les r\u00e8gles mises en place est passible d&rsquo;une amende.<\/li><li>Des aires ext\u00e9rieures pour enfiler les patins \u00e0 proximit\u00e9 de la patinoire seront am\u00e9nag\u00e9es.<\/li><li>L&rsquo;arrosage des patinoires est seulement efficace lorsqu&rsquo;il fait un minimum de -8\u00b0C<\/li><\/ol><h3>Patinoires sans bandes<\/h3><ul><li><b>Interdit<\/b>: Jeu de tag, le hockey, etc,<\/li><\/ul><h3>Patinoires avec bandes\u00a0<\/h3><ul><li>Le hockey est autoris\u00e9 sur les patinoires avec bandes.<\/li><li><b>Interdit:<\/b> Activit\u00e9s li\u00e9es \u00e0 une ligue, un tournoi ou une comp\u00e9tition.<\/li><\/ul><p><em><strong>L&rsquo;\u00e9tat des patinoires est mise \u00e0 jour du lundi au vendredi seulement.<\/strong><\/em><\/p>\t\t\t\t\t\t\t\t<\/div>\n\t\t\t\t<\/div>\n\t\t\t\t<div class=\"elementor-element elementor-element-aa411e2 elementor-widget elementor-widget-text-editor\" data-id=\"aa411e2\" data-element_type=\"widget\" data-e-type=\"widget\" data-widget_type=\"text-editor.default\">\n\t\t\t\t<div class=\"elementor-widget-container\">\n\t\t\t\t\t\t\t\t\t<h3 style=\"text-align: center;\">Parc Paula Cordeau<\/h3><h3 style=\"text-align: center;\">(mis \u00e0 jour le 6 mars 2026)<\/h3><table style=\"width: 78.027%; height: 100px;\"><thead><tr><td style=\"width: 30%;\">Glace<\/td><td style=\"width: 10%;\">\u00c9tat<\/td><td style=\"width: 5%;\">D\u00e9blay\u00e9e<\/td><td style=\"width: 83.606%;\">Condition<\/td><\/tr><\/thead><tbody><tr><td style=\"width: 30%;\">Patinoire libre (sans bandes)<\/td><td style=\"width: 10%;\"><span style=\"color: #ff0000;\">FERM\u00c9E<\/span><\/td><td style=\"width: 5%;\">\u00a0<\/td><td style=\"width: 83.606%;\">\u00a0<\/td><\/tr><\/tbody><\/table><h3 style=\"text-align: center;\">Parc Rugby<\/h3><h3 style=\"text-align: center;\">(mis \u00e0 jour le 6 mars 2026)<\/h3><table style=\"width: 74.956%; height: 144px;\"><thead><tr style=\"height: 24px;\"><td style=\"width: 30%; height: 24px;\">Glace<\/td><td style=\"width: 10%; height: 24px;\">\u00c9tat<\/td><td style=\"width: 5%; height: 24px;\">D\u00e9blay\u00e9e<\/td><td style=\"width: 77.6154%; height: 24px;\">Condition<\/td><\/tr><\/thead><tbody><tr style=\"height: 72px;\"><td style=\"width: 30%; height: 72px;\">Patinoire hockey (avec bandes)<\/td><td style=\"width: 10%; height: 72px;\"><span style=\"color: #ff0000;\">FERM\u00c9E<\/span><\/td><td style=\"width: 5%; height: 72px;\">\u00a0<\/td><td style=\"width: 77.6154%; height: 72px;\">\u00a0<\/td><\/tr><\/tbody><\/table><h3 style=\"text-align: center;\">Parc George Booth<\/h3><h3 style=\"text-align: center;\">(mis \u00e0 jour le 6 mars 2026)<\/h3><div class=\"\" data-block=\"true\" data-editor=\"a1kl3\" data-offset-key=\"e148e-0-0\"><div class=\"_1mf _1mj\" data-offset-key=\"e148e-0-0\">\u00a0<\/div><\/div><table style=\"width: 77.5518%; height: 155px;\"><thead><tr><td style=\"width: 65.0938px; text-align: left;\">Glace<\/td><td style=\"width: 67.0156px;\">\u00c9tat<\/td><td style=\"width: 64.6719px;\">D\u00e9blay\u00e9e<\/td><td style=\"width: 70.5156px;\">Condition<\/td><\/tr><\/thead><tbody><tr><td style=\"width: 65.0938px;\">Patinoire hockey (avec bandes)<\/td><td style=\"width: 67.0156px;\"><span style=\"color: #ff0000;\">FERM\u00c9E<\/span><\/td><td style=\"width: 64.6719px;\">\u00a0<\/td><td style=\"width: 70.5156px;\">\u00a0<\/td><\/tr><\/tbody><\/table><h3 style=\"text-align: center;\">Parc Strathearn<\/h3><h3 style=\"text-align: center;\">(mis \u00e0 jour le 6 mars 2026)<\/h3><table style=\"width: 77.5518%; height: 155px;\"><thead><tr><td style=\"width: 65.0938px; text-align: left;\">Glace<\/td><td style=\"width: 67.0156px;\">\u00c9tat<\/td><td style=\"width: 64.6719px;\">D\u00e9blay\u00e9e<\/td><td style=\"width: 70.5156px;\">Condition<\/td><\/tr><\/thead><tbody><tr><td style=\"width: 65.0938px;\"><p>Patinoire libre<\/p><p>(sans bandes)<\/p><\/td><td style=\"width: 67.0156px;\"><span style=\"color: #ff0000;\">FERM\u00c9E<\/span><\/td><td style=\"width: 64.6719px;\">\u00a0<\/td><td style=\"width: 70.5156px;\">\u00a0<\/td><\/tr><\/tbody><\/table>\t\t\t\t\t\t\t\t<\/div>\n\t\t\t\t<\/div>\n\t\t\t\t\t<\/div>\n\t\t<\/div>\n\t\t\t\t\t<\/div>\n\t\t<\/section>\n\t\t\t\t<section class=\"elementor-section elementor-top-section elementor-element elementor-element-5cc77de elementor-hidden-desktop elementor-hidden-tablet elementor-hidden-mobile elementor-section-boxed elementor-section-height-default elementor-section-height-default\" data-id=\"5cc77de\" data-element_type=\"section\" data-e-type=\"section\">\n\t\t\t\t\t\t<div class=\"elementor-container elementor-column-gap-default\">\n\t\t\t\t\t<div class=\"elementor-column elementor-col-100 elementor-top-column elementor-element elementor-element-e1034e7\" data-id=\"e1034e7\" data-element_type=\"column\" data-e-type=\"column\">\n\t\t\t<div class=\"elementor-widget-wrap elementor-element-populated\">\n\t\t\t\t\t\t<div class=\"elementor-element elementor-element-7e41da0 elementor-alert-info elementor-widget elementor-widget-alert\" data-id=\"7e41da0\" data-element_type=\"widget\" data-e-type=\"widget\" data-widget_type=\"alert.default\">\n\t\t\t\t<div class=\"elementor-widget-container\">\n\t\t\t\t\t\t\t<div class=\"elementor-alert\" role=\"alert\">\n\n\t\t\t\t\t\t<span class=\"elementor-alert-title\">Patinoires ferm\u00e9es pour la saison<\/span>\n\t\t\t\n\t\t\t\t\t\t<span class=\"elementor-alert-description\">Le 7 mars 2022<br>\nEn raison des conditions m\u00e9t\u00e9orologiques d\u00e9favorables, toutes nos patinoires ext\u00e9rieures sont d\u00e9sormais ferm\u00e9es pour la saison.&lt;br.\n\u00c0 l&#039;ann\u00e9e prochaine!<\/span>\n\t\t\t\n\t\t\t\t\t\t<button type=\"button\" class=\"elementor-alert-dismiss\" aria-label=\"Ignorer cette alerte.\">\n\t\t\t\t\t\t\t\t\t<span aria-hidden=\"true\">&times;<\/span>\n\t\t\t\t\t\t\t<\/button>\n\t\t\t\n\t\t<\/div>\n\t\t\t\t\t\t<\/div>\n\t\t\t\t<\/div>\n\t\t\t\t\t<\/div>\n\t\t<\/div>\n\t\t\t\t\t<\/div>\n\t\t<\/section>\n\t\t\t\t<\/div>\n\t\t","protected":false},"excerpt":{"rendered":"<p>Fermeture des patinoires ext\u00e9rieures pour la saison Le 9 mars 2026 &#8211; Toutes les patinoires ext\u00e9rieures sont ferm\u00e9es, les temp\u00e9ratures \u00e9lev\u00e9es et la pluie rendant l\u2019entretien impossible. \u00c0 la saison prochaine! &times; Fermeture temporaire des patinoires ext\u00e9rieures Le [&hellip;]<\/p>\n","protected":false},"author":3,"featured_media":0,"parent":4370,"menu_order":1,"comment_status":"closed","ping_status":"closed","template":"","meta":{"_acf_changed":false,"footnotes":""},"tags":[],"class_list":["post-41133","page","type-page","status-publish","hentry"],"better_featured_image":null,"acf":{"event_types":false,"header_image":{"ID":41083,"id":41083,"title":"hodgson field rink 2","filename":"hodgson-field-rink-2-scaled.jpg","filesize":341167,"url":"https:\/\/montreal-ouest.ca\/wp-content\/uploads\/2022\/01\/hodgson-field-rink-2-scaled.jpg","link":"https:\/\/montreal-ouest.ca\/fr\/recreation\/facilities-parks\/outdoor-rinks\/hodgson-field-rink-2\/","alt":"","author":"3","description":"","caption":"","name":"hodgson-field-rink-2","status":"inherit","uploaded_to":41051,"date":"2022-01-05 15:16:14","modified":"2022-01-05 15:16:14","menu_order":0,"mime_type":"image\/jpeg","type":"image","subtype":"jpeg","icon":"https:\/\/montreal-ouest.ca\/wp-includes\/images\/media\/default.png","width":2048,"height":1536,"sizes":{"thumbnail":"https:\/\/montreal-ouest.ca\/wp-content\/uploads\/2022\/01\/hodgson-field-rink-2-285x285.jpg","thumbnail-width":285,"thumbnail-height":285,"medium":"https:\/\/montreal-ouest.ca\/wp-content\/uploads\/2022\/01\/hodgson-field-rink-2-992x744.jpg","medium-width":992,"medium-height":744,"medium_large":"https:\/\/montreal-ouest.ca\/wp-content\/uploads\/2022\/01\/hodgson-field-rink-2-768x576.jpg","medium_large-width":768,"medium_large-height":576,"large":"https:\/\/montreal-ouest.ca\/wp-content\/uploads\/2022\/01\/hodgson-field-rink-2-1920x1440.jpg","large-width":1920,"large-height":1440,"1536x1536":"https:\/\/montreal-ouest.ca\/wp-content\/uploads\/2022\/01\/hodgson-field-rink-2-1536x1152.jpg","1536x1536-width":1536,"1536x1536-height":1152,"2048x2048":"https:\/\/montreal-ouest.ca\/wp-content\/uploads\/2022\/01\/hodgson-field-rink-2-2048x1536.jpg","2048x2048-width":2048,"2048x2048-height":1536}},"header_title":"","header_subtitle":"","sidebar_image":false,"hide_sidebar":false},"publishpress_future_workflow_manual_trigger":{"enabledWorkflows":[]},"_links":{"self":[{"href":"https:\/\/montreal-ouest.ca\/fr\/wp-json\/wp\/v2\/pages\/41133","targetHints":{"allow":["GET"]}}],"collection":[{"href":"https:\/\/montreal-ouest.ca\/fr\/wp-json\/wp\/v2\/pages"}],"about":[{"href":"https:\/\/montreal-ouest.ca\/fr\/wp-json\/wp\/v2\/types\/page"}],"author":[{"embeddable":true,"href":"https:\/\/montreal-ouest.ca\/fr\/wp-json\/wp\/v2\/users\/3"}],"replies":[{"embeddable":true,"href":"https:\/\/montreal-ouest.ca\/fr\/wp-json\/wp\/v2\/comments?post=41133"}],"version-history":[{"count":0,"href":"https:\/\/montreal-ouest.ca\/fr\/wp-json\/wp\/v2\/pages\/41133\/revisions"}],"up":[{"embeddable":true,"href":"https:\/\/montreal-ouest.ca\/fr\/wp-json\/wp\/v2\/pages\/4370"}],"wp:attachment":[{"href":"https:\/\/montreal-ouest.ca\/fr\/wp-json\/wp\/v2\/media?parent=41133"}],"wp:term":[{"taxonomy":"post_tag","embeddable":true,"href":"https:\/\/montreal-ouest.ca\/fr\/wp-json\/wp\/v2\/tags?post=41133"}],"curies":[{"name":"wp","href":"https:\/\/api.w.org\/{rel}","templated":true}]}}