{"id":4064,"date":"2018-07-06T20:14:19","date_gmt":"2018-07-07T00:14:19","guid":{"rendered":"https:\/\/montreal-west.ca\/services-aux-residents\/administrative-services\/commissioner-of-oaths\/"},"modified":"2018-12-12T10:30:50","modified_gmt":"2018-12-12T14:30:50","slug":"commissaire-a-lassermentation","status":"publish","type":"page","link":"https:\/\/montreal-ouest.ca\/fr\/services-aux-residents\/services-administratifs\/commissaire-a-lassermentation\/","title":{"rendered":"Commissaire \u00e0 l&rsquo;assermentation"},"content":{"rendered":"\t\t<div data-elementor-type=\"wp-post\" data-elementor-id=\"4064\" class=\"elementor elementor-4064 elementor-953 elementor-bc-flex-widget\" data-elementor-post-type=\"page\">\n\t\t\t\t\t\t<section class=\"elementor-section elementor-top-section elementor-element elementor-element-7a93979 elementor-section-boxed elementor-section-height-default elementor-section-height-default\" data-id=\"7a93979\" data-element_type=\"section\" data-e-type=\"section\">\n\t\t\t\t\t\t<div class=\"elementor-container elementor-column-gap-default\">\n\t\t\t\t\t<div class=\"elementor-column elementor-col-100 elementor-top-column elementor-element elementor-element-d2905f9\" data-id=\"d2905f9\" data-element_type=\"column\" data-e-type=\"column\">\n\t\t\t<div class=\"elementor-widget-wrap elementor-element-populated\">\n\t\t\t\t\t\t<div class=\"elementor-element elementor-element-6d7f427 elementor-widget elementor-widget-text-editor\" data-id=\"6d7f427\" data-element_type=\"widget\" data-e-type=\"widget\" data-widget_type=\"text-editor.default\">\n\t\t\t\t<div class=\"elementor-widget-container\">\n\t\t\t\t\t\t\t\t\t<p>La Ville de Montr\u00e9al-Ouest offre les services de deux commissaires \u00e0 l\u2019assermentation \u00e0 ses r\u00e9sidents. Le co\u00fbt des assermentations varie. Veuillez consulter les frais administratifs pour plus d\u2019information. Ce service s\u2019applique uniquement \u00e0 des documents d\u00e9j\u00e0 r\u00e9dig\u00e9s, la Ville ne r\u00e9dige pas ces documents. Veuillez nous contacter au 514 481-8125 pour prendre un rendez-vous.<\/p><p>Ce service est offert pour plusieurs documents officiels tels que:<\/p><ul><li>certificat de vie<\/li><li>d\u00e9claration solennelle<\/li><li>autorisation relative aux d\u00e9placements d\u2019enfants mineurs<\/li><li>preuve de r\u00e9sidence pour la carte d\u2019assurance maladie<\/li><li>certificat d\u2019h\u00e9bergement<\/li><li>certification de documents officiels \u00e9mis par des entit\u00e9s autres\u00a0que du Canada ou des \u00c9tats-Unis<\/li><\/ul><h2>Frais<\/h2><table style=\"border-collapse: collapse; width: 70%;\" border=\"1\"><thead><tr><td style=\"width: 40%%;\">Document<\/td><td style=\"width: 15%;\">Co\u00fbt (r\u00e9sidents)<\/td><td style=\"width: 15%;\">Co\u00fbt (non-r\u00e9sidents)<\/td><\/tr><\/thead><tbody><tr><td style=\"width: 40%;\">Affidavit\/Serment<\/td><td style=\"width: 15%;\">Sans frais<\/td><td style=\"width: 15%;\">10,00$<\/td><\/tr><tr><td style=\"width: 40%;\">\u00c9mission d\u2019un certificat de vie ou d\u2019une preuve de r\u00e9sidence<\/td><td style=\"width: 15%;\">Sans frais<\/td><td style=\"width: 15%;\">10,00$<\/td><\/tr><tr><td style=\"width: 40%;\">Certification de documents officiels \u00e9mis par des entit\u00e9s autres que du Canada ou des \u00c9.U. (jusqu\u2019\u00e0 cinq \u00e0 la fois)<\/td><td style=\"width: 15%;\">Sans frais<\/td><td style=\"width: 15%;\">10,00$<\/td><\/tr><tr><td style=\"width: 40%;\">Certification de documents officiels \u00e9mis par des entit\u00e9s autres\u00a0que du Canada ou des \u00c9.U. (plus de cinq \u00e0 la fois)<\/td><td style=\"width: 15%;\">10,00$<\/td><td style=\"width: 15%;\">25,00$<\/td><\/tr><\/tbody><\/table>\t\t\t\t\t\t\t\t<\/div>\n\t\t\t\t<\/div>\n\t\t\t\t\t<\/div>\n\t\t<\/div>\n\t\t\t\t\t<\/div>\n\t\t<\/section>\n\t\t\t\t<\/div>\n\t\t","protected":false},"excerpt":{"rendered":"<p>La Ville de Montr\u00e9al-Ouest offre les services de deux commissaires \u00e0 l\u2019assermentation \u00e0 ses r\u00e9sidents. Le co\u00fbt des assermentations varie. Veuillez consulter les frais administratifs pour plus d\u2019information. Ce service s\u2019applique uniquement \u00e0 des documents d\u00e9j\u00e0 r\u00e9dig\u00e9s, la [&hellip;]<\/p>\n","protected":false},"author":1,"featured_media":0,"parent":4062,"menu_order":9,"comment_status":"closed","ping_status":"closed","template":"","meta":{"_acf_changed":false,"footnotes":""},"tags":[],"class_list":["post-4064","page","type-page","status-publish","hentry"],"better_featured_image":null,"acf":{"header_title":"","header_image":{"ID":8070,"id":8070,"title":"banner-administrative-services","filename":"banner-administrative-services.jpg","filesize":613011,"url":"https:\/\/montreal-ouest.ca\/wp-content\/uploads\/2018\/12\/banner-administrative-services.jpg","link":"https:\/\/montreal-ouest.ca\/fr\/services-aux-residents\/services-administratifs\/reglements-municipaux\/banner-administrative-services-2\/","alt":"","author":"3","description":"","caption":"","name":"banner-administrative-services-2","status":"inherit","uploaded_to":3804,"date":"2018-12-12 14:25:54","modified":"2018-12-12 14:25:54","menu_order":0,"mime_type":"image\/jpeg","type":"image","subtype":"jpeg","icon":"https:\/\/montreal-ouest.ca\/wp-includes\/images\/media\/default.png","width":2048,"height":966,"sizes":{"thumbnail":"https:\/\/montreal-ouest.ca\/wp-content\/uploads\/2018\/12\/banner-administrative-services-285x285.jpg","thumbnail-width":285,"thumbnail-height":285,"medium":"https:\/\/montreal-ouest.ca\/wp-content\/uploads\/2018\/12\/banner-administrative-services-992x468.jpg","medium-width":992,"medium-height":468,"medium_large":"https:\/\/montreal-ouest.ca\/wp-content\/uploads\/2018\/12\/banner-administrative-services-768x362.jpg","medium_large-width":768,"medium_large-height":362,"large":"https:\/\/montreal-ouest.ca\/wp-content\/uploads\/2018\/12\/banner-administrative-services-1920x906.jpg","large-width":1920,"large-height":906,"1536x1536":"https:\/\/montreal-ouest.ca\/wp-content\/uploads\/2018\/12\/banner-administrative-services.jpg","1536x1536-width":1536,"1536x1536-height":725,"2048x2048":"https:\/\/montreal-ouest.ca\/wp-content\/uploads\/2018\/12\/banner-administrative-services.jpg","2048x2048-width":2048,"2048x2048-height":966}},"header_subtitle":"","sidebar_image":false},"publishpress_future_workflow_manual_trigger":{"enabledWorkflows":[]},"_links":{"self":[{"href":"https:\/\/montreal-ouest.ca\/fr\/wp-json\/wp\/v2\/pages\/4064","targetHints":{"allow":["GET"]}}],"collection":[{"href":"https:\/\/montreal-ouest.ca\/fr\/wp-json\/wp\/v2\/pages"}],"about":[{"href":"https:\/\/montreal-ouest.ca\/fr\/wp-json\/wp\/v2\/types\/page"}],"author":[{"embeddable":true,"href":"https:\/\/montreal-ouest.ca\/fr\/wp-json\/wp\/v2\/users\/1"}],"replies":[{"embeddable":true,"href":"https:\/\/montreal-ouest.ca\/fr\/wp-json\/wp\/v2\/comments?post=4064"}],"version-history":[{"count":0,"href":"https:\/\/montreal-ouest.ca\/fr\/wp-json\/wp\/v2\/pages\/4064\/revisions"}],"up":[{"embeddable":true,"href":"https:\/\/montreal-ouest.ca\/fr\/wp-json\/wp\/v2\/pages\/4062"}],"wp:attachment":[{"href":"https:\/\/montreal-ouest.ca\/fr\/wp-json\/wp\/v2\/media?parent=4064"}],"wp:term":[{"taxonomy":"post_tag","embeddable":true,"href":"https:\/\/montreal-ouest.ca\/fr\/wp-json\/wp\/v2\/tags?post=4064"}],"curies":[{"name":"wp","href":"https:\/\/api.w.org\/{rel}","templated":true}]}}