{"id":4040,"date":"2018-09-10T11:17:31","date_gmt":"2018-09-10T15:17:31","guid":{"rendered":"https:\/\/montreal-west.ca\/services-aux-residents\/urban-planning\/"},"modified":"2019-08-26T14:43:43","modified_gmt":"2019-08-26T18:43:43","slug":"urbanisme","status":"publish","type":"page","link":"https:\/\/montreal-ouest.ca\/fr\/services-aux-residents\/urbanisme\/","title":{"rendered":"Urbanisme"},"content":{"rendered":"\t\t<div data-elementor-type=\"wp-post\" data-elementor-id=\"4040\" class=\"elementor elementor-4040 elementor-2269 elementor-bc-flex-widget\" data-elementor-post-type=\"page\">\n\t\t\t\t\t\t<section class=\"elementor-section elementor-top-section elementor-element elementor-element-2c0f970 elementor-section-boxed elementor-section-height-default elementor-section-height-default\" data-id=\"2c0f970\" data-element_type=\"section\" data-e-type=\"section\">\n\t\t\t\t\t\t<div class=\"elementor-container elementor-column-gap-default\">\n\t\t\t\t\t<div class=\"elementor-column elementor-col-100 elementor-top-column elementor-element elementor-element-d53c1ea\" data-id=\"d53c1ea\" data-element_type=\"column\" data-e-type=\"column\">\n\t\t\t<div class=\"elementor-widget-wrap elementor-element-populated\">\n\t\t\t\t\t\t<div class=\"elementor-element elementor-element-4aec6cd elementor-widget elementor-widget-text-editor\" data-id=\"4aec6cd\" data-element_type=\"widget\" data-e-type=\"widget\" data-widget_type=\"text-editor.default\">\n\t\t\t\t<div class=\"elementor-widget-container\">\n\t\t\t\t\t\t\t\t\t<p>La mission du service de l\u2019urbanisme est de g\u00e9rer le d\u00e9veloppement du territoire et la qualit\u00e9 des constructions de la Ville de Montr\u00e9al-Ouest, tout en conservant le riche patrimoine de la Ville et ses nombreux parcs et grands espaces verts. Le responsable de l\u2019urbanisme assure aussi l\u2019application et le respect des r\u00e8glements de zonage, de construction et des certificats d\u2019autorisation.<\/p><p>Le\u00a0<a href=\"https:\/\/montreal-west.ca\/wp-content\/uploads\/2019\/08\/plan-urbanisme-montreal-ouest.pdf\" target=\"_blank\" rel=\"noopener\">plan d\u2019urbanisme de la Ville<\/a>\u00a0\u00e9tablit les lignes directrices \u00e0 suivre pour tout projet d\u2019am\u00e9nagement de territoire.<\/p><p>Ce d\u00e9partement est responsable des <a href=\"https:\/\/montreal-west.ca\/fr\/services-aux-residents\/urbanisme\/permis-et-autorisations\">demande de permis<\/a>, de l\u2019inspection des b\u00e2timents, <a href=\"https:\/\/montreal-west.ca\/fr\/services-aux-residents\/services-administratifs\/reglements-municipaux\/#elementor-tab-content-0\">des r\u00e8glements d\u2019urbanisme<\/a> et du zonage.<\/p>\t\t\t\t\t\t\t\t<\/div>\n\t\t\t\t<\/div>\n\t\t\t\t\t<\/div>\n\t\t<\/div>\n\t\t\t\t\t<\/div>\n\t\t<\/section>\n\t\t\t\t<\/div>\n\t\t","protected":false},"excerpt":{"rendered":"<p>La mission du service de l\u2019urbanisme est de g\u00e9rer le d\u00e9veloppement du territoire et la qualit\u00e9 des constructions de la Ville de Montr\u00e9al-Ouest, tout en conservant le riche patrimoine de la Ville et ses nombreux parcs et grands [&hellip;]<\/p>\n","protected":false},"author":3,"featured_media":0,"parent":3996,"menu_order":2,"comment_status":"closed","ping_status":"closed","template":"","meta":{"_acf_changed":false,"footnotes":""},"tags":[],"class_list":["post-4040","page","type-page","status-publish","hentry"],"better_featured_image":null,"acf":{"header_image":{"ID":6601,"id":6601,"title":"architectural-design-architecture-blueprint-239886","filename":"architectural-design-architecture-blueprint-239886.jpg","filesize":190862,"url":"https:\/\/montreal-ouest.ca\/wp-content\/uploads\/2018\/10\/architectural-design-architecture-blueprint-239886.jpg","link":"https:\/\/montreal-ouest.ca\/fr\/services-aux-residents\/urbanisme\/architectural-design-architecture-blueprint-239886\/","alt":"","author":"3","description":"","caption":"","name":"architectural-design-architecture-blueprint-239886","status":"inherit","uploaded_to":4040,"date":"2018-10-30 19:17:23","modified":"2018-10-30 19:17:39","menu_order":0,"mime_type":"image\/jpeg","type":"image","subtype":"jpeg","icon":"https:\/\/montreal-ouest.ca\/wp-includes\/images\/media\/default.png","width":6000,"height":4000,"sizes":{"thumbnail":"https:\/\/montreal-ouest.ca\/wp-content\/uploads\/2018\/10\/architectural-design-architecture-blueprint-239886-285x285.jpg","thumbnail-width":285,"thumbnail-height":285,"medium":"https:\/\/montreal-ouest.ca\/wp-content\/uploads\/2018\/10\/architectural-design-architecture-blueprint-239886-992x661.jpg","medium-width":992,"medium-height":661,"medium_large":"https:\/\/montreal-ouest.ca\/wp-content\/uploads\/2018\/10\/architectural-design-architecture-blueprint-239886-768x512.jpg","medium_large-width":768,"medium_large-height":512,"large":"https:\/\/montreal-ouest.ca\/wp-content\/uploads\/2018\/10\/architectural-design-architecture-blueprint-239886-1920x1280.jpg","large-width":1920,"large-height":1280,"1536x1536":"https:\/\/montreal-ouest.ca\/wp-content\/uploads\/2018\/10\/architectural-design-architecture-blueprint-239886.jpg","1536x1536-width":1536,"1536x1536-height":1024,"2048x2048":"https:\/\/montreal-ouest.ca\/wp-content\/uploads\/2018\/10\/architectural-design-architecture-blueprint-239886.jpg","2048x2048-width":2048,"2048x2048-height":1365}},"header_title":"","sidebar_image":false,"header_subtitle":""},"publishpress_future_workflow_manual_trigger":{"enabledWorkflows":[]},"_links":{"self":[{"href":"https:\/\/montreal-ouest.ca\/fr\/wp-json\/wp\/v2\/pages\/4040","targetHints":{"allow":["GET"]}}],"collection":[{"href":"https:\/\/montreal-ouest.ca\/fr\/wp-json\/wp\/v2\/pages"}],"about":[{"href":"https:\/\/montreal-ouest.ca\/fr\/wp-json\/wp\/v2\/types\/page"}],"author":[{"embeddable":true,"href":"https:\/\/montreal-ouest.ca\/fr\/wp-json\/wp\/v2\/users\/3"}],"replies":[{"embeddable":true,"href":"https:\/\/montreal-ouest.ca\/fr\/wp-json\/wp\/v2\/comments?post=4040"}],"version-history":[{"count":0,"href":"https:\/\/montreal-ouest.ca\/fr\/wp-json\/wp\/v2\/pages\/4040\/revisions"}],"up":[{"embeddable":true,"href":"https:\/\/montreal-ouest.ca\/fr\/wp-json\/wp\/v2\/pages\/3996"}],"wp:attachment":[{"href":"https:\/\/montreal-ouest.ca\/fr\/wp-json\/wp\/v2\/media?parent=4040"}],"wp:term":[{"taxonomy":"post_tag","embeddable":true,"href":"https:\/\/montreal-ouest.ca\/fr\/wp-json\/wp\/v2\/tags?post=4040"}],"curies":[{"name":"wp","href":"https:\/\/api.w.org\/{rel}","templated":true}]}}