{"id":3998,"date":"2018-09-10T11:03:25","date_gmt":"2018-09-10T15:03:25","guid":{"rendered":"https:\/\/montreal-west.ca\/resident-services\/permits-authorizations\/parking\/"},"modified":"2026-01-06T15:08:22","modified_gmt":"2026-01-06T19:08:22","slug":"stationnement","status":"publish","type":"page","link":"https:\/\/montreal-ouest.ca\/fr\/services-aux-residents\/permis-de-la-ville\/stationnement\/","title":{"rendered":"Stationnement"},"content":{"rendered":"\t\t<div data-elementor-type=\"wp-post\" data-elementor-id=\"3998\" class=\"elementor elementor-3998 elementor-2261\" data-elementor-post-type=\"page\">\n\t\t\t\t\t\t<section class=\"elementor-section elementor-top-section elementor-element elementor-element-b708c13 elementor-section-boxed elementor-section-height-default elementor-section-height-default\" data-id=\"b708c13\" data-element_type=\"section\" data-e-type=\"section\">\n\t\t\t\t\t\t<div class=\"elementor-container elementor-column-gap-default\">\n\t\t\t\t\t<div class=\"elementor-column elementor-col-100 elementor-top-column elementor-element elementor-element-29fc3ec7\" data-id=\"29fc3ec7\" data-element_type=\"column\" data-e-type=\"column\">\n\t\t\t<div class=\"elementor-widget-wrap elementor-element-populated\">\n\t\t\t\t\t\t<div class=\"elementor-element elementor-element-7af9a84 elementor-hidden-desktop elementor-hidden-tablet elementor-hidden-mobile elementor-alert-info elementor-widget elementor-widget-alert\" data-id=\"7af9a84\" data-element_type=\"widget\" data-e-type=\"widget\" data-widget_type=\"alert.default\">\n\t\t\t\t<div class=\"elementor-widget-container\">\n\t\t\t\t\t\t\t<div class=\"elementor-alert\" role=\"alert\">\n\n\t\t\t\t\t\t<span class=\"elementor-alert-title\">Tol\u00e9rance de stationnement de nuit en cours<\/span>\n\t\t\t\n\t\t\t\t\t\t<span class=\"elementor-alert-description\">La Ville de Montr\u00e9al-Ouest autorisera le stationnement de nuit sur la rue pour les invit\u00e9s des r\u00e9sidents du mercredi soir 17 d\u00e9cembre 2025 jusqu\u2019au lundi matin 5 janvier 2026.<br><br>\n<a href=\"https:\/\/montreal-ouest.ca\/fr\/services-aux-residents\/permis-de-la-ville\/stationnement\/demande-de-permis-de-stationnement-visiteur\">Pour plus d'infos<\/a>\n<\/span>\n\t\t\t\n\t\t\t\t\t\t<button type=\"button\" class=\"elementor-alert-dismiss\" aria-label=\"Ignorer cette alerte.\">\n\t\t\t\t\t\t\t\t\t<span aria-hidden=\"true\">&times;<\/span>\n\t\t\t\t\t\t\t<\/button>\n\t\t\t\n\t\t<\/div>\n\t\t\t\t\t\t<\/div>\n\t\t\t\t<\/div>\n\t\t\t\t<div class=\"elementor-element elementor-element-3ecb097 elementor-widget elementor-widget-text-editor\" data-id=\"3ecb097\" data-element_type=\"widget\" data-e-type=\"widget\" data-widget_type=\"text-editor.default\">\n\t\t\t\t<div class=\"elementor-widget-container\">\n\t\t\t\t\t\t\t\t\t<p><span style=\"font-size: 1.6rem;\">Vous trouverez ci-dessous des renseignements g\u00e9n\u00e9raux sur les restrictions de stationnement dans la Ville de Montr\u00e9al-Ouest ainsi que sur les diff\u00e9rents permis de stationnement offerts aux r\u00e9sidents, commer\u00e7ants et visiteurs.<\/span><br><\/p>\n<h2>Stationnements municipaux<\/h2>\n<p>Il y a 5 stationnements municipaux dans la Ville de Montr\u00e9al-Ouest. Ces espaces offrent du stationnement gratuit pendant 2 heures, 7 jours par semaine entre 8 h et 20 h, ainsi que de nuit entre 20 h et 8 h.<\/p>\n<ul>\n<li>Derri\u00e8re l&rsquo;h\u00f4tel de ville (50 Westminster S.)<\/li>\n<li>Au coin de Percival et Milner<\/li>\n<li>Au coin de Strathearn et Milner<\/li>\n<li>Sur Westminster, proche de Curzon<\/li>\n<li>Sur Northview, proche de Brock N.<\/li>\n<\/ul>\n<h2>Restrictions<\/h2>\n<ul>\n<li>Le stationnement sur rue est interdit entre 2 h et 6 h \u00e0 moins d\u2019indication contraire par la signalisation, \u00e0 l\u2019exception des d\u00e9tenteurs de permis. Veuillez prendre note que le stationnement est interdit de minuit \u00e0 8 h sur les rues Ronald, Roxton, et Westminster, \u00e0 l\u2019exception des d\u00e9tenteurs de permis.<\/li>\n<li>Le temps maximum permis pour le stationnement d\u2019un v\u00e9hicule au m\u00eame endroit est de 4 heures \u00e0 moins d\u2019une indication contraire par la signalisation.<\/li>\n<li>Des restrictions au stationnement sur certaines rues s\u2019appliquent &nbsp;du 1er avril au 15 novembre pour faciliter le balayage de rue (les restrictions sont indiqu\u00e9es sur les panneaux).<\/li>\n<li>Pendant et apr\u00e8s les temp\u00eates de neige, les r\u00e9sidents sont pri\u00e9s de se conformer aux panneaux temporaires d\u2019interdiction de stationner plac\u00e9s par le d\u00e9partement des Travaux publics afin de permettre le passage des v\u00e9hicules de d\u00e9neigement.<\/li>\n<li>Le d\u00e9neigement a lieu entre 6 h et 18 h, n\u2019importe quel jour de la semaine.<\/li>\n<li>Les chasse-neiges utilisent la totalit\u00e9 de la largeur du trottoir pour le nettoyer en toute s\u00e9curit\u00e9 alors il est important de ne pas obstruer leur passage avec un v\u00e9hicule d\u00e9passant de l\u2019entr\u00e9e.<\/li>\n<\/ul>\n<p>Un permis de stationnement est n\u00e9cessaire pour toute situation autre que celles d\u00e9crites ci-dessus.<\/p>\n<h2>Permis de stationnement<\/h2>\t\t\t\t\t\t\t\t<\/div>\n\t\t\t\t<\/div>\n\t\t\t\t<div class=\"elementor-element elementor-element-741ab8b elementor-widget elementor-widget-accordion\" data-id=\"741ab8b\" data-element_type=\"widget\" data-e-type=\"widget\" data-widget_type=\"accordion.default\">\n\t\t\t\t<div class=\"elementor-widget-container\">\n\t\t\t\t\t\n\t\t<div class=\"penega-accordion\">\n\t\t\t\t\t\t\t<div class=\"accordion-card\">\n\t\t\t\t\t<div class=\"accordion-header\" id=\"elementor-tab-title-0\">\n\t\t  \t\t        <button class=\"btn btn-link d-flex align-items-center justify-content-between collapsed\" data-toggle=\"collapse\" data-target=\"#elementor-tab-content-0\" aria-expanded=\"true\" aria-controls=\"elementor-tab-content-0\">\n\t\t\t\t\t\t\tPermis pour r\u00e9sidents (24 heures)\t\t\t\t\t\t\t<img decoding=\"async\" src=\"https:\/\/montreal-ouest.ca\/wp-content\/themes\/penega\/images\/right-arrow.png\" alt=\"Right arrow\">\n\t\t\t\t\t\t<\/button>\n\t\t\t\t\t<\/div>\n\t\t\t\t\t<div id=\"elementor-tab-content-0\" class=\"collapse\" aria-labbeledby=\"elementor-tab-title-0\" data-parent=\".penega-accordion\">\n\t\t\t\t\t\t<div class=\"card-body\">\n\t\t\t\t\t\t\t<p>Ce permis est disponible pour les citoyens avec un nombre insuffisant d'espaces de stationnement sur leur propri\u00e9t\u00e9 pour garer leurs v\u00e9hicules. \u00a0Il vous autorise \u00e0 vous stationner dans la rue pour une dur\u00e9e maximale de 24 heures cons\u00e9cutives. Chaque demande sera\u00a0suivie par une visite d'un agent de la s\u00e9curit\u00e9 publique avant l\u2019octroi du permis. \u00a0Un permis temporaire est remis entretemps.<\/p><p><strong><em>Seulement deux permis pour r\u00e9sident (24 heures) peuvent \u00eatre \u00e9mis pour une seule r\u00e9sidence.\u00a0<\/em><\/strong><\/p><p>Le permis annuel est valide du 1er janvier au 31 d\u00e9cembre tandis que le permis mensuel est valide pour un mois \u00e0 partir de la date d\u2019achat.<\/p><p><b>Situations courantes o\u00f9 un r\u00e9sident serait \u00e9ligible \u00e0 un permis:<\/b><\/p><ul><li>Vous habitez un immeuble r\u00e9sidentiel et il n'y a pas suffisamment d'emplacements de stationnement.<\/li><li>Vous habitez une maison et votre famille poss\u00e8de trois voitures, mais vous n'avez que deux emplacements dans votre garage et votre entr\u00e9e.<\/li><li>Vous habitez un duplex et le propri\u00e9taire refuse de vous louer un emplacement de stationnement.<\/li><\/ul><p><b>Situations courantes o\u00f9 un r\u00e9sident ne serait pas \u00e9ligible \u00e0 un permis:<\/b><\/p><ul><li>Vous habitez un immeuble r\u00e9sidentiel ou un duplex dont les emplacements de stationnement disponibles sont trop dispendieux.<\/li><li>Vous habitez une maison et avez suffisamment d'emplacements pour stationner vos voitures dans le garage et dans l'entr\u00e9e, mais vous devez d\u00e9placer la voiture se trouvant dans l'entr\u00e9e tous les jours pour sortir la voiture du garage.<\/li><li>Vous habitez une maison et poss\u00e9dez trois voitures. Il y a deux emplacements dans votre entr\u00e9e, mais il vous en manque un parce que vous utilisez votre garage \u00e0 des fins de rangement.<\/li><\/ul><h2>Frais<\/h2><h3>Structure r\u00e9guli\u00e8re des frais<\/h3><p>Si vous avez un permis pour r\u00e9sident parce que vous ne disposez pas d'all\u00e9e ou garage avec suffisamment d'espace pour garer vos v\u00e9hicules immatricul\u00e9s, vous \u00eates qualifi\u00e9s pour la structure r\u00e9guli\u00e8re des frais.<\/p><p><strong>Premier v\u00e9hicule<\/strong><\/p><ul><li>Permis annuel: 150 $ par ann\u00e9e<\/li><li>Permis mensuel: 15 $ par mois<\/li><\/ul><p><strong>Deuxi\u00e8me v\u00e9hicule<\/strong><\/p><ul><li>Permis annuel: 250 $ par ann\u00e9e<br \/>Permis mensuel: 25 $ par mois<\/li><\/ul><h3>Structure des frais \u00e0 droits acquis<\/h3><p>Si vous avez un permis pour r\u00e9sident, mais votre garage ou all\u00e9e a suffisamment d'espace pour garer vos v\u00e9hicules sur votre propri\u00e9t\u00e9, vous \u00eates assujettis \u00e0 la structure des frais \u00e0 droits acquis:<\/p><p><strong>Premier v\u00e9hicule<\/strong><\/p><ul><li>Permis annuel: 300 $ par ann\u00e9e<br \/>Permis mensuel: 30 $ par mois<\/li><\/ul><p><strong>Deuxi\u00e8me v\u00e9hicule<\/strong><\/p><ul><li>Permis annuel: 500 $ par ann\u00e9e<br \/>Permis mensuel: 50 $ par mois<\/li><\/ul><h2>Comment obtenir un permis?<\/h2><p>S\u2019il y a du stationnement actuellement sur la propri\u00e9t\u00e9 que vous habitez, pour avoir droit au permis vous devez fournir la preuve que vous n\u2019y avez pas acc\u00e8s.<\/p><ol><li><a href=\"https:\/\/montreal-west.ca\/fr\/services-aux-residents\/permis-de-la-ville\/stationnement\/demande-de-permis-de-stationnement\/\">Remplissez la demande de permis en ligne<\/a>\u00a0ou \u00e0 l'h\u00f4tel de ville.<\/li><li>Fournissez toutes les pi\u00e8ces justificatives exig\u00e9es.<ul><li>Une copie de l'enregistrement du v\u00e9hicule<\/li><li>Les <strong>demandeurs qui sont propri\u00e9taires<\/strong> (ou qui r\u00e9sident avec le propri\u00e9taire) devront joindre une photocopie de l\u2019enregistrement de chacun des v\u00e9hicules se rapportant \u00e0 l\u2019adresse donn\u00e9e ainsi que l\u2019une ou l\u2019autre des pi\u00e8ces suivantes : le permis de conduire du demandeur ou une facture de services publics indiquant l\u2019adresse du demandeur.<\/li><li>Les<strong> demandeurs locataires<\/strong> doivent faire remplir le formulaire d\u2019<a href=\"https:\/\/montreal-west.ca\/wp-content\/uploads\/2018\/10\/Attestation-demande-permis-24-heures.pdf\" target=\"_blank\" rel=\"noopener\">Attestation en appui \u00e0 la demande d\u2019un permis de stationnement de nuit<\/a>\u00a0par le propri\u00e9taire confirmant que le locataire n\u2019a pas acc\u00e8s \u00e0 un emplacement de stationnement sur son terrain.<\/li><\/ul><\/li><\/ol>\t\t\t\t\t\t<\/div>\n\t\t\t\t\t<\/div>\n\t\t\t\t<\/div>\n\t\t\t\t\t\t\t\t<div class=\"accordion-card\">\n\t\t\t\t\t<div class=\"accordion-header\" id=\"elementor-tab-title-1\">\n\t\t  \t\t        <button class=\"btn btn-link d-flex align-items-center justify-content-between collapsed\" data-toggle=\"collapse\" data-target=\"#elementor-tab-content-1\" aria-expanded=\"true\" aria-controls=\"elementor-tab-content-1\">\n\t\t\t\t\t\t\tPermis temporaire de nuit pour visiteurs\t\t\t\t\t\t\t<img decoding=\"async\" src=\"https:\/\/montreal-ouest.ca\/wp-content\/themes\/penega\/images\/right-arrow.png\" alt=\"Right arrow\">\n\t\t\t\t\t\t<\/button>\n\t\t\t\t\t<\/div>\n\t\t\t\t\t<div id=\"elementor-tab-content-1\" class=\"collapse\" aria-labbeledby=\"elementor-tab-title-1\" data-parent=\".penega-accordion\">\n\t\t\t\t\t\t<div class=\"card-body\">\n\t\t\t\t\t\t\t<p>Ce permis gratuit est utile pour les visiteurs et r\u00e9sidents qui requi\u00e8rent un stationnement de nuit d\u2019une dur\u00e9e temporaire. Ces permis de stationnement sont valides pour un maximum de 3 nuits de suite et peuvent \u00eatre obtenus pour un maximum de 30 nuits par plaque, par ann\u00e9e civile. Une demande peut \u00eatre compl\u00e9t\u00e9e au nom d\u2019un visiteur.<\/p><div class=\"col-md-12 form-title\"><p><b>Veuillez noter que toute demande de visiteur doit \u00eatre re\u00e7ue avant 2 h (ou minuit dans le cas des rues Ronald, Roxton et Westminster).<\/b><\/p><\/div><p><a href=\"https:\/\/montreal-ouest.ca\/fr\/services-aux-residents\/permis-de-la-ville\/stationnement\/demande-de-permis-de-stationnement-visiteur\/\" data-wplink-edit=\"true\">Faites votre demande de stationnement temporaire en ligne.<\/a><\/p>\t\t\t\t\t\t<\/div>\n\t\t\t\t\t<\/div>\n\t\t\t\t<\/div>\n\t\t\t\t\t\t\t\t<div class=\"accordion-card\">\n\t\t\t\t\t<div class=\"accordion-header\" id=\"elementor-tab-title-2\">\n\t\t  \t\t        <button class=\"btn btn-link d-flex align-items-center justify-content-between collapsed\" data-toggle=\"collapse\" data-target=\"#elementor-tab-content-2\" aria-expanded=\"true\" aria-controls=\"elementor-tab-content-2\">\n\t\t\t\t\t\t\tPermis de commer\u00e7ant\t\t\t\t\t\t\t<img decoding=\"async\" src=\"https:\/\/montreal-ouest.ca\/wp-content\/themes\/penega\/images\/right-arrow.png\" alt=\"Right arrow\">\n\t\t\t\t\t\t<\/button>\n\t\t\t\t\t<\/div>\n\t\t\t\t\t<div id=\"elementor-tab-content-2\" class=\"collapse\" aria-labbeledby=\"elementor-tab-title-2\" data-parent=\".penega-accordion\">\n\t\t\t\t\t\t<div class=\"card-body\">\n\t\t\t\t\t\t\t<p>Ce permis est disponible aux propri\u00e9taires et employ\u00e9s d\u2019entreprises de Montr\u00e9al-Ouest qui d\u00e9sirent se garer dans un stationnement municipal pour une dur\u00e9e d\u00e9passant les 2 heures permises. Ce permis permet un stationnement de jour dans le stationnement au coin de Milner et Percival. Le permis annuel est valide du 1er janvier au 31 d\u00e9cembre tandis que le permis mensuel est valide pour un mois \u00e0 partir de la date d\u2019achat.<\/p><h3>Frais<\/h3><ul><li>Permis annuel: 125 $ par ann\u00e9e<\/li><li>Permis mensuel: 12,50 $ par mois<\/li><\/ul><p><a href=\"https:\/\/montreal-west.ca\/fr\/services-aux-residents\/permis-de-la-ville\/stationnement\/demande-de-permis-de-stationnement\/\">Faites une demande de permis de commer\u00e7ant en ligne<\/a> ou \u00e0 l'h\u00f4tel de ville.<\/p>\t\t\t\t\t\t<\/div>\n\t\t\t\t\t<\/div>\n\t\t\t\t<\/div>\n\t\t\t\t\t\t\t\t<div class=\"accordion-card\">\n\t\t\t\t\t<div class=\"accordion-header\" id=\"elementor-tab-title-3\">\n\t\t  \t\t        <button class=\"btn btn-link d-flex align-items-center justify-content-between collapsed\" data-toggle=\"collapse\" data-target=\"#elementor-tab-content-3\" aria-expanded=\"true\" aria-controls=\"elementor-tab-content-3\">\n\t\t\t\t\t\t\tPermis de jour dans un stationnement municipal\t\t\t\t\t\t\t<img decoding=\"async\" src=\"https:\/\/montreal-ouest.ca\/wp-content\/themes\/penega\/images\/right-arrow.png\" alt=\"Right arrow\">\n\t\t\t\t\t\t<\/button>\n\t\t\t\t\t<\/div>\n\t\t\t\t\t<div id=\"elementor-tab-content-3\" class=\"collapse\" aria-labbeledby=\"elementor-tab-title-3\" data-parent=\".penega-accordion\">\n\t\t\t\t\t\t<div class=\"card-body\">\n\t\t\t\t\t\t\t<p>Ce permis est disponible aux citoyens qui souhaitent stationner leurs v\u00e9hicules dans l\u2019un des stationnements municipaux pour une longue p\u00e9riode de temps durant le jour ou la nuit. Ce permis permet un stationnement de 24 heures dans les stationnements municipaux Percival et Northview, et n\u2019est disponible que pour les r\u00e9sidents de la Ville de Montr\u00e9al-Ouest. Les permis annuels et mensuels sont valides \u00e0 partir de la date d\u2019achat.<\/p><h3>Frais<\/h3><ul><li>Permis annuel: 300 $ par ann\u00e9e<\/li><li>Permis mensuel: 30 $ par mois<\/li><\/ul><p><a href=\"https:\/\/montreal-west.ca\/fr\/services-aux-residents\/permis-de-la-ville\/stationnement\/demande-de-permis-de-stationnement\/\">Faites une demande de permis de jour en ligne<\/a> ou \u00e0 l'h\u00f4tel de ville.<\/p>\t\t\t\t\t\t<\/div>\n\t\t\t\t\t<\/div>\n\t\t\t\t<\/div>\n\t\t\t\t\t\t\t\t<div class=\"accordion-card\">\n\t\t\t\t\t<div class=\"accordion-header\" id=\"elementor-tab-title-4\">\n\t\t  \t\t        <button class=\"btn btn-link d-flex align-items-center justify-content-between collapsed\" data-toggle=\"collapse\" data-target=\"#elementor-tab-content-4\" aria-expanded=\"true\" aria-controls=\"elementor-tab-content-4\">\n\t\t\t\t\t\t\tZone A\t\t\t\t\t\t\t<img decoding=\"async\" src=\"https:\/\/montreal-ouest.ca\/wp-content\/themes\/penega\/images\/right-arrow.png\" alt=\"Right arrow\">\n\t\t\t\t\t\t<\/button>\n\t\t\t\t\t<\/div>\n\t\t\t\t\t<div id=\"elementor-tab-content-4\" class=\"collapse\" aria-labbeledby=\"elementor-tab-title-4\" data-parent=\".penega-accordion\">\n\t\t\t\t\t\t<div class=\"card-body\">\n\t\t\t\t\t\t\t<p>Les d\u00e9tenteurs du permis de stationnement Zone A peuvent se stationner dans les espaces r\u00e9serv\u00e9s sur le chemin Broughton le long du chemin de fer de 7 h \u00e0 19 h. Un nombre limit\u00e9 de ces permis est offert aux r\u00e9sidents.<\/p><h3>Frais<\/h3><ul><li>15 $ par mois<\/li><li>150 $ par ann\u00e9e<\/li><\/ul><p><a href=\"https:\/\/montreal-west.ca\/fr\/services-aux-residents\/permis-de-la-ville\/stationnement\/demande-de-permis-de-stationnement\/\">Faites une demande de permis Zone A en ligne<\/a> ou \u00e0 l'h\u00f4tel de ville.<\/p>\t\t\t\t\t\t<\/div>\n\t\t\t\t\t<\/div>\n\t\t\t\t<\/div>\n\t\t\t\t\t\t<\/div>\n\n\n\t\t\t\t\t\t<\/div>\n\t\t\t\t<\/div>\n\t\t\t\t<div class=\"elementor-element elementor-element-101061f elementor-widget elementor-widget-text-editor\" data-id=\"101061f\" data-element_type=\"widget\" data-e-type=\"widget\" data-widget_type=\"text-editor.default\">\n\t\t\t\t<div class=\"elementor-widget-container\">\n\t\t\t\t\t\t\t\t\t<h3>Demandes de permis et paiement<\/h3><ol><li>Tous les permis de stationnement requi\u00e8rent une demande qui peut \u00eatre compl\u00e9t\u00e9e en ligne ou \u00e0 l&rsquo;h\u00f4tel de ville.<\/li><li>Une fois votre demande approuv\u00e9e, nous vous enverrons une confirmation par courriel avec le co\u00fbt du permis ainsi que des instructions d\u00e9taill\u00e9es sur les diff\u00e9rentes options de paiement disponibles.<\/li><li>Les permis peuvent \u00eatre pay\u00e9s par voie \u00e9lectronique, au comptoir de service de l\u2019h\u00f4tel de ville ou par la poste.<\/li><\/ol>\t\t\t\t\t\t\t\t<\/div>\n\t\t\t\t<\/div>\n\t\t\t\t\t<\/div>\n\t\t<\/div>\n\t\t\t\t\t<\/div>\n\t\t<\/section>\n\t\t\t\t<section class=\"elementor-section elementor-top-section elementor-element elementor-element-2fba468 elementor-section-boxed elementor-section-height-default elementor-section-height-default\" data-id=\"2fba468\" data-element_type=\"section\" data-e-type=\"section\">\n\t\t\t\t\t\t<div class=\"elementor-container elementor-column-gap-default\">\n\t\t\t\t\t<div class=\"elementor-column elementor-col-100 elementor-top-column elementor-element elementor-element-e9d91ee\" data-id=\"e9d91ee\" data-element_type=\"column\" data-e-type=\"column\">\n\t\t\t<div class=\"elementor-widget-wrap elementor-element-populated\">\n\t\t\t\t\t\t<section class=\"elementor-section elementor-inner-section elementor-element elementor-element-1e2e4c7 elementor-section-boxed elementor-section-height-default elementor-section-height-default\" data-id=\"1e2e4c7\" data-element_type=\"section\" data-e-type=\"section\">\n\t\t\t\t\t\t<div class=\"elementor-container elementor-column-gap-default\">\n\t\t\t\t\t<div class=\"elementor-column elementor-col-50 elementor-inner-column elementor-element elementor-element-0d871f4\" data-id=\"0d871f4\" data-element_type=\"column\" data-e-type=\"column\">\n\t\t\t<div class=\"elementor-widget-wrap elementor-element-populated\">\n\t\t\t\t\t\t<div class=\"elementor-element elementor-element-62acabc elementor-align-center elementor-widget elementor-widget-button\" data-id=\"62acabc\" data-element_type=\"widget\" data-e-type=\"widget\" data-widget_type=\"button.default\">\n\t\t\t\t<div class=\"elementor-widget-container\">\n\t\t\t\t\t\t\t\t\t<div class=\"elementor-button-wrapper\">\n\t\t\t\t\t<a class=\"elementor-button elementor-button-link elementor-size-sm\" href=\"https:\/\/montreal-west.ca\/fr\/services-aux-residents\/permis-de-la-ville\/stationnement\/demande-de-permis-de-stationnement\/\">\n\t\t\t\t\t\t<span class=\"elementor-button-content-wrapper\">\n\t\t\t\t\t\t\t\t\t<span class=\"elementor-button-text\">Demande de permis<br>(r\u00e9sidents, commer\u00e7ants ou de jour)<\/span>\n\t\t\t\t\t<\/span>\n\t\t\t\t\t<\/a>\n\t\t\t\t<\/div>\n\t\t\t\t\t\t\t\t<\/div>\n\t\t\t\t<\/div>\n\t\t\t\t\t<\/div>\n\t\t<\/div>\n\t\t\t\t<div class=\"elementor-column elementor-col-50 elementor-inner-column elementor-element elementor-element-f77a8f3\" data-id=\"f77a8f3\" data-element_type=\"column\" data-e-type=\"column\">\n\t\t\t<div class=\"elementor-widget-wrap elementor-element-populated\">\n\t\t\t\t\t\t<div class=\"elementor-element elementor-element-01c81f5 elementor-align-center elementor-widget elementor-widget-button\" data-id=\"01c81f5\" data-element_type=\"widget\" data-e-type=\"widget\" data-widget_type=\"button.default\">\n\t\t\t\t<div class=\"elementor-widget-container\">\n\t\t\t\t\t\t\t\t\t<div class=\"elementor-button-wrapper\">\n\t\t\t\t\t<a class=\"elementor-button elementor-button-link elementor-size-sm\" href=\"https:\/\/montreal-west.ca\/fr\/portail\/permis-stationnement\/requete\/permis-stationnement\">\n\t\t\t\t\t\t<span class=\"elementor-button-content-wrapper\">\n\t\t\t\t\t\t\t\t\t<span class=\"elementor-button-text\">Demande de permis pour visiteurs<br>(temporaire)<\/span>\n\t\t\t\t\t<\/span>\n\t\t\t\t\t<\/a>\n\t\t\t\t<\/div>\n\t\t\t\t\t\t\t\t<\/div>\n\t\t\t\t<\/div>\n\t\t\t\t\t<\/div>\n\t\t<\/div>\n\t\t\t\t\t<\/div>\n\t\t<\/section>\n\t\t\t\t\t<\/div>\n\t\t<\/div>\n\t\t\t\t\t<\/div>\n\t\t<\/section>\n\t\t\t\t<\/div>\n\t\t","protected":false},"excerpt":{"rendered":"<p>Tol\u00e9rance de stationnement de nuit en cours La Ville de Montr\u00e9al-Ouest autorisera le stationnement de nuit sur la rue pour les invit\u00e9s des r\u00e9sidents du mercredi soir 17 d\u00e9cembre 2025 jusqu\u2019au lundi matin 5 janvier 2026. Pour plus [&hellip;]<\/p>\n","protected":false},"author":3,"featured_media":0,"parent":3997,"menu_order":2,"comment_status":"closed","ping_status":"closed","template":"","meta":{"_acf_changed":false,"footnotes":""},"tags":[],"class_list":["post-3998","page","type-page","status-publish","hentry"],"better_featured_image":null,"acf":{"header_image":{"ID":7508,"id":7508,"title":"banner-parking","filename":"banner-parking-1.jpg","filesize":544680,"url":"https:\/\/montreal-ouest.ca\/wp-content\/uploads\/2018\/11\/banner-parking-1.jpg","link":"https:\/\/montreal-ouest.ca\/fr\/services-aux-residents\/permis-de-la-ville\/stationnement\/demande-de-permis-de-stationnement\/banner-parking\/","alt":"","author":"3","description":"","caption":"","name":"banner-parking","status":"inherit","uploaded_to":4507,"date":"2018-11-27 20:14:24","modified":"2018-11-27 20:14:35","menu_order":0,"mime_type":"image\/jpeg","type":"image","subtype":"jpeg","icon":"https:\/\/montreal-ouest.ca\/wp-includes\/images\/media\/default.png","width":2048,"height":876,"sizes":{"thumbnail":"https:\/\/montreal-ouest.ca\/wp-content\/uploads\/2018\/11\/banner-parking-1-285x285.jpg","thumbnail-width":285,"thumbnail-height":285,"medium":"https:\/\/montreal-ouest.ca\/wp-content\/uploads\/2018\/11\/banner-parking-1-992x424.jpg","medium-width":992,"medium-height":424,"medium_large":"https:\/\/montreal-ouest.ca\/wp-content\/uploads\/2018\/11\/banner-parking-1-768x328.jpg","medium_large-width":768,"medium_large-height":328,"large":"https:\/\/montreal-ouest.ca\/wp-content\/uploads\/2018\/11\/banner-parking-1-1920x821.jpg","large-width":1920,"large-height":821,"1536x1536":"https:\/\/montreal-ouest.ca\/wp-content\/uploads\/2018\/11\/banner-parking-1.jpg","1536x1536-width":1536,"1536x1536-height":657,"2048x2048":"https:\/\/montreal-ouest.ca\/wp-content\/uploads\/2018\/11\/banner-parking-1.jpg","2048x2048-width":2048,"2048x2048-height":876}},"header_title":"","sidebar_image":false,"header_subtitle":"","hide_sidebar":false,"event_types":false},"publishpress_future_workflow_manual_trigger":{"enabledWorkflows":[]},"_links":{"self":[{"href":"https:\/\/montreal-ouest.ca\/fr\/wp-json\/wp\/v2\/pages\/3998","targetHints":{"allow":["GET"]}}],"collection":[{"href":"https:\/\/montreal-ouest.ca\/fr\/wp-json\/wp\/v2\/pages"}],"about":[{"href":"https:\/\/montreal-ouest.ca\/fr\/wp-json\/wp\/v2\/types\/page"}],"author":[{"embeddable":true,"href":"https:\/\/montreal-ouest.ca\/fr\/wp-json\/wp\/v2\/users\/3"}],"replies":[{"embeddable":true,"href":"https:\/\/montreal-ouest.ca\/fr\/wp-json\/wp\/v2\/comments?post=3998"}],"version-history":[{"count":0,"href":"https:\/\/montreal-ouest.ca\/fr\/wp-json\/wp\/v2\/pages\/3998\/revisions"}],"up":[{"embeddable":true,"href":"https:\/\/montreal-ouest.ca\/fr\/wp-json\/wp\/v2\/pages\/3997"}],"wp:attachment":[{"href":"https:\/\/montreal-ouest.ca\/fr\/wp-json\/wp\/v2\/media?parent=3998"}],"wp:term":[{"taxonomy":"post_tag","embeddable":true,"href":"https:\/\/montreal-ouest.ca\/fr\/wp-json\/wp\/v2\/tags?post=3998"}],"curies":[{"name":"wp","href":"https:\/\/api.w.org\/{rel}","templated":true}]}}