{"id":3940,"date":"2018-07-06T20:04:58","date_gmt":"2018-07-07T00:04:58","guid":{"rendered":"https:\/\/montreal-west.ca\/finance-et-administration\/taxes-et-evaluation\/payment\/"},"modified":"2026-02-17T12:23:43","modified_gmt":"2026-02-17T16:23:43","slug":"paiement","status":"publish","type":"page","link":"https:\/\/montreal-ouest.ca\/fr\/finance-et-administration\/taxes-et-evaluation\/paiement\/","title":{"rendered":"Paiement"},"content":{"rendered":"\t\t<div data-elementor-type=\"wp-post\" data-elementor-id=\"3940\" class=\"elementor elementor-3940 elementor-977\" data-elementor-post-type=\"page\">\n\t\t\t\t\t\t<section class=\"elementor-section elementor-top-section elementor-element elementor-element-6bb593b elementor-section-boxed elementor-section-height-default elementor-section-height-default\" data-id=\"6bb593b\" data-element_type=\"section\" data-e-type=\"section\">\n\t\t\t\t\t\t<div class=\"elementor-container elementor-column-gap-default\">\n\t\t\t\t\t<div class=\"elementor-column elementor-col-100 elementor-top-column elementor-element elementor-element-743b6a4\" data-id=\"743b6a4\" data-element_type=\"column\" data-e-type=\"column\">\n\t\t\t<div class=\"elementor-widget-wrap elementor-element-populated\">\n\t\t\t\t\t\t<div class=\"elementor-element elementor-element-26d4cc3 elementor-alert-info elementor-widget elementor-widget-alert\" data-id=\"26d4cc3\" data-element_type=\"widget\" data-e-type=\"widget\" data-widget_type=\"alert.default\">\n\t\t\t\t<div class=\"elementor-widget-container\">\n\t\t\t\t\t\t\t<div class=\"elementor-alert\" role=\"alert\">\n\n\t\t\t\t\t\t<span class=\"elementor-alert-title\">Taxes fonci\u00e8res 2026<\/span>\n\t\t\t\n\t\t\t\t\t\t<span class=\"elementor-alert-description\">Le compte de taxes fonci\u00e8res a \u00e9t\u00e9 exp\u00e9di\u00e9 le 27 janvier 2026. Votre compte est payable en deux versements. Le premier paiement doit \u00eatre re\u00e7u avant le 26 f\u00e9vrier 2026.<br><br>\n\nNous vous encourageons fortement \u00e0 payer par voie \u00e9lectronique. Si vous payez par ch\u00e8que, veuillez inclure les deux ch\u00e8ques puisqu'aucun rappel ne sera exp\u00e9di\u00e9 pour le deuxi\u00e8me versement. Afin d'accommoder les citoyens qui souhaitent payer leurs taxes fonci\u00e8res en personne, le comptoir de service sera exceptionnellement ouvert le vendredi 27 f\u00e9vrier de 8 h 30 \u00e0 13 h.<\/span>\n\t\t\t\n\t\t\t\t\t\t<button type=\"button\" class=\"elementor-alert-dismiss\" aria-label=\"Ignorer cette alerte.\">\n\t\t\t\t\t\t\t\t\t<span aria-hidden=\"true\">&times;<\/span>\n\t\t\t\t\t\t\t<\/button>\n\t\t\t\n\t\t<\/div>\n\t\t\t\t\t\t<\/div>\n\t\t\t\t<\/div>\n\t\t\t\t<div class=\"elementor-element elementor-element-4dc06f7 elementor-widget elementor-widget-text-editor\" data-id=\"4dc06f7\" data-element_type=\"widget\" data-e-type=\"widget\" data-widget_type=\"text-editor.default\">\n\t\t\t\t<div class=\"elementor-widget-container\">\n\t\t\t\t\t\t\t\t\t<h2>Comment payer vos comptes \u00e0 la Ville<\/h2><p><span class=\"elementor-alert-description\">Le mode de paiement \u00e0 privil\u00e9gier est le paiement \u00e9lectronique, via le site des institutions financi\u00e8res. C&rsquo;est la mani\u00e8re la plus rapide et efficace de payer vos comptes.\u00a0\u00a0<\/span><\/p><h3>En ligne<\/h3><p>Plusieurs institutions financi\u00e8res offrent le service de paiement par Internet. Voici une liste des institutions financi\u00e8res participantes:<\/p><ul><li>RBC Banque Royale du Canada<\/li><li>BMO Banque de Montr\u00e9al<\/li><li>Banque Nationale du Canada<\/li><li>Banque Scotia<\/li><li>Desjardins<\/li><li>Banque Laurentienne<\/li><li>Banque TD<\/li><li>CIBC<\/li><\/ul><p>Pour les paiements par internet, veuillez inscrire <b>les 18 chiffres constituant le num\u00e9ro de matricule<\/b> (commen\u00e7ant par 9) \u00a0qui apparaissent sur le compte, sans les traits d\u2019union. Le num\u00e9ro de matricule est rattach\u00e9 \u00e0 la propri\u00e9t\u00e9 et non au propri\u00e9taire alors il est bien important de le v\u00e9rifier lorsque vous d\u00e9m\u00e9nagez. Assurez-vous \u00e9galement de s\u00e9lectionner <em>Ville de Montr\u00e9al-Ouest<\/em>\u00a0dans la liste des fournisseurs.<\/p><p>Veuillez compter un d\u00e9lai d&rsquo;au moins deux jours ouvrables avant la date d&rsquo;\u00e9ch\u00e9ance pour que votre paiement nous soit achemin\u00e9.\u00a0<\/p>\t\t\t\t\t\t\t\t<\/div>\n\t\t\t\t<\/div>\n\t\t\t\t\t<\/div>\n\t\t<\/div>\n\t\t\t\t\t<\/div>\n\t\t<\/section>\n\t\t\t\t<section class=\"elementor-section elementor-top-section elementor-element elementor-element-8be2fe8 elementor-section-boxed elementor-section-height-default elementor-section-height-default\" data-id=\"8be2fe8\" data-element_type=\"section\" data-e-type=\"section\">\n\t\t\t\t\t\t<div class=\"elementor-container elementor-column-gap-default\">\n\t\t\t\t\t<div class=\"elementor-column elementor-col-100 elementor-top-column elementor-element elementor-element-fb5a308\" data-id=\"fb5a308\" data-element_type=\"column\" data-e-type=\"column\">\n\t\t\t<div class=\"elementor-widget-wrap elementor-element-populated\">\n\t\t\t\t\t\t<div class=\"elementor-element elementor-element-1370e8c elementor-hidden-phone elementor-widget elementor-widget-text-editor\" data-id=\"1370e8c\" data-element_type=\"widget\" data-e-type=\"widget\" data-widget_type=\"text-editor.default\">\n\t\t\t\t<div class=\"elementor-widget-container\">\n\t\t\t\t\t\t\t\t\t<h3>En personne<\/h3><p>Le comptoir de service de l\u2019h\u00f4tel de ville est ouvert au public les mardis, mercredis et jeudis de 8 h 30 \u00e0 16 h 30.\u00a0<\/p><p><strong>Mode de paiement accept\u00e9 :<\/strong>\u00a0Ch\u00e8que, d\u00e9bit et comptant<\/p><p><b>Notez que les paiements par carte de cr\u00e9dit ne sont pas accept\u00e9s.<\/b><\/p>\t\t\t\t\t\t\t\t<\/div>\n\t\t\t\t<\/div>\n\t\t\t\t\t<\/div>\n\t\t<\/div>\n\t\t\t\t\t<\/div>\n\t\t<\/section>\n\t\t\t\t<section class=\"elementor-section elementor-top-section elementor-element elementor-element-dd40320 elementor-section-boxed elementor-section-height-default elementor-section-height-default\" data-id=\"dd40320\" data-element_type=\"section\" data-e-type=\"section\">\n\t\t\t\t\t\t<div class=\"elementor-container elementor-column-gap-default\">\n\t\t\t\t\t<div class=\"elementor-column elementor-col-100 elementor-top-column elementor-element elementor-element-36c0f64\" data-id=\"36c0f64\" data-element_type=\"column\" data-e-type=\"column\">\n\t\t\t<div class=\"elementor-widget-wrap elementor-element-populated\">\n\t\t\t\t\t\t<div class=\"elementor-element elementor-element-57b2777 elementor-widget elementor-widget-text-editor\" data-id=\"57b2777\" data-element_type=\"widget\" data-e-type=\"widget\" data-widget_type=\"text-editor.default\">\n\t\t\t\t<div class=\"elementor-widget-container\">\n\t\t\t\t\t\t\t\t\t<h3>Par la poste<\/h3><p>N&rsquo;oubliez pas de joindre le coupon de paiement d\u00e9tachable avec vos ch\u00e8ques. Les ch\u00e8ques postdat\u00e9s doivent \u00eatre libell\u00e9s \u00e0 l&rsquo;ordre de la Ville de Montr\u00e9al-Ouest.<\/p><h2>Paiements tardifs<\/h2><p>Tout paiement fait apr\u00e8s la date limite entra\u00eene des frais d\u2019int\u00e9r\u00eat annuels de 12% calcul\u00e9s quotidiennement \u00e0 partir de la date \u00e0 laquelle ces versements sont exigibles. Des frais de 25$ seront factur\u00e9s pour les ch\u00e8ques sans provision.<\/p>\t\t\t\t\t\t\t\t<\/div>\n\t\t\t\t<\/div>\n\t\t\t\t\t<\/div>\n\t\t<\/div>\n\t\t\t\t\t<\/div>\n\t\t<\/section>\n\t\t\t\t<\/div>\n\t\t","protected":false},"excerpt":{"rendered":"<p>Taxes fonci\u00e8res 2026 Le compte de taxes fonci\u00e8res a \u00e9t\u00e9 exp\u00e9di\u00e9 le 27 janvier 2026. Votre compte est payable en deux versements. Le premier paiement doit \u00eatre re\u00e7u avant le 26 f\u00e9vrier 2026. Nous vous encourageons fortement \u00e0 [&hellip;]<\/p>\n","protected":false},"author":1,"featured_media":0,"parent":3926,"menu_order":10,"comment_status":"closed","ping_status":"closed","template":"","meta":{"_acf_changed":false,"footnotes":""},"tags":[],"class_list":["post-3940","page","type-page","status-publish","hentry"],"better_featured_image":null,"acf":{"header_title":"","header_image":false,"sidebar_image":false},"publishpress_future_workflow_manual_trigger":{"enabledWorkflows":[]},"_links":{"self":[{"href":"https:\/\/montreal-ouest.ca\/fr\/wp-json\/wp\/v2\/pages\/3940","targetHints":{"allow":["GET"]}}],"collection":[{"href":"https:\/\/montreal-ouest.ca\/fr\/wp-json\/wp\/v2\/pages"}],"about":[{"href":"https:\/\/montreal-ouest.ca\/fr\/wp-json\/wp\/v2\/types\/page"}],"author":[{"embeddable":true,"href":"https:\/\/montreal-ouest.ca\/fr\/wp-json\/wp\/v2\/users\/1"}],"replies":[{"embeddable":true,"href":"https:\/\/montreal-ouest.ca\/fr\/wp-json\/wp\/v2\/comments?post=3940"}],"version-history":[{"count":0,"href":"https:\/\/montreal-ouest.ca\/fr\/wp-json\/wp\/v2\/pages\/3940\/revisions"}],"up":[{"embeddable":true,"href":"https:\/\/montreal-ouest.ca\/fr\/wp-json\/wp\/v2\/pages\/3926"}],"wp:attachment":[{"href":"https:\/\/montreal-ouest.ca\/fr\/wp-json\/wp\/v2\/media?parent=3940"}],"wp:term":[{"taxonomy":"post_tag","embeddable":true,"href":"https:\/\/montreal-ouest.ca\/fr\/wp-json\/wp\/v2\/tags?post=3940"}],"curies":[{"name":"wp","href":"https:\/\/api.w.org\/{rel}","templated":true}]}}