{"id":3896,"date":"2018-07-06T19:51:22","date_gmt":"2018-07-06T23:51:22","guid":{"rendered":"https:\/\/montreal-west.ca\/finance-administration\/finances\/budget-reports\/"},"modified":"2026-01-23T10:21:17","modified_gmt":"2026-01-23T14:21:17","slug":"budgets-et-rapports","status":"publish","type":"page","link":"https:\/\/montreal-ouest.ca\/fr\/finance-et-administration\/finances\/budgets-et-rapports\/","title":{"rendered":"Budgets et rapports"},"content":{"rendered":"\t\t<div data-elementor-type=\"wp-post\" data-elementor-id=\"3896\" class=\"elementor elementor-3896 elementor-994\" data-elementor-post-type=\"page\">\n\t\t\t\t\t\t<section class=\"elementor-section elementor-top-section elementor-element elementor-element-6acc8f8 elementor-section-boxed elementor-section-height-default elementor-section-height-default\" data-id=\"6acc8f8\" data-element_type=\"section\" data-e-type=\"section\">\n\t\t\t\t\t\t<div class=\"elementor-container elementor-column-gap-default\">\n\t\t\t\t\t<div class=\"elementor-column elementor-col-100 elementor-top-column elementor-element elementor-element-936cf89\" data-id=\"936cf89\" data-element_type=\"column\" data-e-type=\"column\">\n\t\t\t<div class=\"elementor-widget-wrap elementor-element-populated\">\n\t\t\t\t\t\t<div class=\"elementor-element elementor-element-50fa943 elementor-widget elementor-widget-text-editor\" data-id=\"50fa943\" data-element_type=\"widget\" data-e-type=\"widget\" data-widget_type=\"text-editor.default\">\n\t\t\t\t<div class=\"elementor-widget-container\">\n\t\t\t\t\t\t\t\t\t<p>Sur une base annuelle, la Ville de Montr\u00e9al-Ouest doit adopter un budget pr\u00e9sentant les d\u00e9penses et revenus pr\u00e9vus pour l\u2019ann\u00e9e suivante. Ce budget comprend les revenus tels que les taxes, permis et revenus des loisirs ainsi que les d\u00e9penses telles que les co\u00fbts de fonctionnement des services de la Ville, les paiements \u00e0 l\u2019agglom\u00e9ration et le service de la dette.<\/p><p>Afin de se conformer \u00e0 la loi qu\u00e9b\u00e9coise, les cit\u00e9s et villes ne sont pas permises de poss\u00e9der un d\u00e9ficit budg\u00e9taire. Une fois le budget adopt\u00e9, il est ensuite envoy\u00e9 au <a href=\"https:\/\/www.mamh.gouv.qc.ca\/\" target=\"_blank\" rel=\"noopener\">ministre des Affaires municipales et de l&rsquo;Habitation (MAMH)<\/a>.<\/p><p>Le Conseil municipal adopte g\u00e9n\u00e9ralement le budget lors d\u2019une s\u00e9ance sp\u00e9ciale du Conseil se tenant \u00e0 la mi-d\u00e9cembre et ouverte au public.<\/p>\t\t\t\t\t\t\t\t<\/div>\n\t\t\t\t<\/div>\n\t\t\t\t\t<\/div>\n\t\t<\/div>\n\t\t\t\t\t<\/div>\n\t\t<\/section>\n\t\t\t\t<section class=\"elementor-section elementor-top-section elementor-element elementor-element-94f42d8 elementor-section-boxed elementor-section-height-default elementor-section-height-default\" data-id=\"94f42d8\" data-element_type=\"section\" data-e-type=\"section\">\n\t\t\t\t\t\t<div class=\"elementor-container elementor-column-gap-default\">\n\t\t\t\t\t<div class=\"elementor-column elementor-col-33 elementor-top-column elementor-element elementor-element-4ca14f3\" data-id=\"4ca14f3\" data-element_type=\"column\" data-e-type=\"column\">\n\t\t\t<div class=\"elementor-widget-wrap elementor-element-populated\">\n\t\t\t\t\t\t<div class=\"elementor-element elementor-element-d0d76d1 elementor-widget elementor-widget-text-editor\" data-id=\"d0d76d1\" data-element_type=\"widget\" data-e-type=\"widget\" data-widget_type=\"text-editor.default\">\n\t\t\t\t<div class=\"elementor-widget-container\">\n\t\t\t\t\t\t\t\t\t<h3>Budgets<\/h3><ul><li><a href=\"https:\/\/montreal-ouest.ca\/wp-content\/uploads\/2026\/01\/Budget-2026-FINAL.pdf\">2026<\/a><\/li><li><a href=\"https:\/\/montreal-west.ca\/wp-content\/uploads\/2024\/12\/Budget-2025-FINAL.pdf\">2025<\/a><\/li><li><a href=\"https:\/\/montreal-west.ca\/wp-content\/uploads\/2023\/12\/Budget-2024-FINAL-1.pdf\">2024<\/a><\/li><li><a href=\"https:\/\/montreal-west.ca\/wp-content\/uploads\/2022\/12\/Final-Budget-2023-presentation.pdf\" target=\"_blank\" rel=\"noopener\">2023<\/a><\/li><li><a href=\"https:\/\/montreal-west.ca\/wp-content\/uploads\/2022\/01\/Budget-2022-bilingual-FINAL.pdf\" target=\"_blank\" rel=\"noopener\">2022<\/a><\/li><li><a href=\"https:\/\/montreal-west.ca\/wp-content\/uploads\/2021\/01\/Budget-2021-bilingual-FINALE-1.pdf\">2021<\/a><\/li><li><a href=\"https:\/\/montreal-west.ca\/wp-content\/uploads\/2019\/12\/budget-2020.pdf\" target=\"_blank\" rel=\"noopener\">2020<\/a><\/li><li><a href=\"https:\/\/montreal-west.ca\/wp-content\/uploads\/2019\/01\/budget-2019.pdf\" target=\"_blank\" rel=\"noopener\">2019<\/a><\/li><li><a href=\"https:\/\/montreal-west.ca\/wp-content\/uploads\/2018\/10\/budget-2018.pdf\" target=\"_blank\" rel=\"noopener\">2018<\/a><\/li><li><a href=\"https:\/\/montreal-west.ca\/wp-content\/uploads\/2018\/10\/budget-2017.pdf\" target=\"_blank\" rel=\"noopener\">2017<\/a><\/li><li><a href=\"https:\/\/montreal-west.ca\/wp-content\/uploads\/2018\/10\/budget-2016.pdf\" target=\"_blank\" rel=\"noopener\">2016<\/a><\/li><li><a href=\"https:\/\/montreal-west.ca\/wp-content\/uploads\/2018\/10\/budget-2015.pdf\" target=\"_blank\" rel=\"noopener\">2015<\/a><\/li><li><a href=\"https:\/\/montreal-west.ca\/wp-content\/uploads\/2018\/10\/budget-2014.pdf\" target=\"_blank\" rel=\"noopener\">2014<\/a><\/li><\/ul>\t\t\t\t\t\t\t\t<\/div>\n\t\t\t\t<\/div>\n\t\t\t\t\t<\/div>\n\t\t<\/div>\n\t\t\t\t<div class=\"elementor-column elementor-col-33 elementor-top-column elementor-element elementor-element-901091f\" data-id=\"901091f\" data-element_type=\"column\" data-e-type=\"column\">\n\t\t\t<div class=\"elementor-widget-wrap elementor-element-populated\">\n\t\t\t\t\t\t<div class=\"elementor-element elementor-element-9300889 elementor-widget elementor-widget-text-editor\" data-id=\"9300889\" data-element_type=\"widget\" data-e-type=\"widget\" data-widget_type=\"text-editor.default\">\n\t\t\t\t<div class=\"elementor-widget-container\">\n\t\t\t\t\t\t\t\t\t<h3>Rapports financiers<\/h3><ul><li><a href=\"https:\/\/montreal-west.ca\/wp-content\/uploads\/2025\/05\/Rapport-financier-2024-et-autres-MTL-O.pdf\" target=\"_blank\" rel=\"noopener\">2024<\/a><\/li><li><a href=\"https:\/\/montreal-west.ca\/wp-content\/uploads\/2024\/05\/ZRapport-financier-2023-et-autres-66047-4.pdf\">2023<\/a><\/li><li><a href=\"https:\/\/montreal-west.ca\/wp-content\/uploads\/2023\/04\/Rapport-financier-2022.pdf\" target=\"_blank\" rel=\"noopener\">2022<\/a><\/li><li><a href=\"https:\/\/montreal-west.ca\/wp-content\/uploads\/2022\/04\/Rapport-financier-2021.pdf\" target=\"_blank\" rel=\"noopener\">2021<\/a><\/li><li><a href=\"https:\/\/montreal-west.ca\/wp-content\/uploads\/2021\/05\/SESAM-Rapport-financier-2020.pdf\">2020<\/a><\/li><li><a href=\"https:\/\/montreal-west.ca\/wp-content\/uploads\/2020\/05\/financial-report-2019.pdf\" target=\"_blank\" rel=\"noopener\">2019<\/a><\/li><li><a href=\"https:\/\/montreal-west.ca\/wp-content\/uploads\/2019\/05\/financial-report-2018.pdf\" target=\"_blank\" rel=\"noopener\">2018<\/a><\/li><li><a href=\"https:\/\/montreal-west.ca\/wp-content\/uploads\/2018\/10\/financial-report-2017.pdf\" target=\"_blank\" rel=\"noopener\">2017<\/a><\/li><li><a href=\"https:\/\/montreal-west.ca\/wp-content\/uploads\/2018\/10\/financial-report-2016.pdf\" target=\"_blank\" rel=\"noopener\">2016<\/a><\/li><li><a href=\"https:\/\/montreal-west.ca\/wp-content\/uploads\/2018\/10\/financial-report-2015.pdf\" target=\"_blank\" rel=\"noopener\">2015<\/a><\/li><li><a href=\"https:\/\/montreal-west.ca\/wp-content\/uploads\/2018\/10\/financial-report-2014.pdf\" target=\"_blank\" rel=\"noopener\">2014<\/a><\/li><li><a href=\"https:\/\/montreal-west.ca\/wp-content\/uploads\/2018\/10\/financial-report-2013.pdf\" target=\"_blank\" rel=\"noopener\">2013<\/a><\/li><\/ul>\t\t\t\t\t\t\t\t<\/div>\n\t\t\t\t<\/div>\n\t\t\t\t\t<\/div>\n\t\t<\/div>\n\t\t\t\t<div class=\"elementor-column elementor-col-33 elementor-top-column elementor-element elementor-element-4f7c1e1\" data-id=\"4f7c1e1\" data-element_type=\"column\" data-e-type=\"column\">\n\t\t\t<div class=\"elementor-widget-wrap elementor-element-populated\">\n\t\t\t\t\t\t<div class=\"elementor-element elementor-element-962006a elementor-widget__width-initial elementor-widget elementor-widget-text-editor\" data-id=\"962006a\" data-element_type=\"widget\" data-e-type=\"widget\" data-widget_type=\"text-editor.default\">\n\t\t\t\t<div class=\"elementor-widget-container\">\n\t\t\t\t\t\t\t\t\t<h3>Rapports du maire \/ \u00e9tats financiers<\/h3><ul><li><a href=\"https:\/\/montreal-west.ca\/wp-content\/uploads\/2025\/05\/Rapport-du-maire-2024.pdf\" target=\"_blank\" rel=\"noopener\">2024<\/a><\/li><li><a href=\"https:\/\/montreal-west.ca\/wp-content\/uploads\/2024\/07\/Final-2023-Rapport_du_Maire_FR.pdf\">2023<\/a><\/li><li><a href=\"https:\/\/montreal-west.ca\/wp-content\/uploads\/2023\/10\/2022-Rapport_du_Maire.pdf\">2022<\/a><\/li><li><a href=\"https:\/\/montreal-west.ca\/wp-content\/uploads\/2023\/04\/2022-rapport-du-maire.pdf\" target=\"_blank\" rel=\"noopener\">2021<\/a><\/li><li><a href=\"https:\/\/montreal-west.ca\/wp-content\/uploads\/2022\/04\/Rapport-du-maire-2021.pdf\" target=\"_blank\" rel=\"noopener\">2020<\/a><\/li><li><a href=\"https:\/\/montreal-west.ca\/wp-content\/uploads\/2020\/07\/rapport-du-maire-2019.pdf\" target=\"_blank\" rel=\"noopener\">2019<\/a><\/li><li><a href=\"https:\/\/montreal-west.ca\/wp-content\/uploads\/2020\/07\/Revue-des-e\u0301tats-financier-2018.pdf\" target=\"_blank\" rel=\"noopener\">2018<\/a><\/li><li><a href=\"https:\/\/montreal-west.ca\/wp-content\/uploads\/2018\/10\/rapport-du-maire-2017.pdf\" target=\"_blank\" rel=\"noopener\">2017<\/a><\/li><li><a href=\"https:\/\/montreal-west.ca\/wp-content\/uploads\/2018\/10\/rapport-du-maire-2016.pdf\" target=\"_blank\" rel=\"noopener\">2016<\/a><\/li><li><a href=\"https:\/\/montreal-west.ca\/wp-content\/uploads\/2018\/10\/rapport-du-maire-2015.pdf\" target=\"_blank\" rel=\"noopener\">2015<\/a><\/li><li><a href=\"https:\/\/montreal-west.ca\/wp-content\/uploads\/2018\/10\/rapport-du-maire-2014.pdf\" target=\"_blank\" rel=\"noopener\">2014<\/a><\/li><li><a href=\"https:\/\/montreal-west.ca\/wp-content\/uploads\/2018\/10\/rapport-du-maire-2013.pdf\" target=\"_blank\" rel=\"noopener\">2013<\/a><\/li><\/ul>\t\t\t\t\t\t\t\t<\/div>\n\t\t\t\t<\/div>\n\t\t\t\t\t<\/div>\n\t\t<\/div>\n\t\t\t\t\t<\/div>\n\t\t<\/section>\n\t\t\t\t<\/div>\n\t\t","protected":false},"excerpt":{"rendered":"<p>Sur une base annuelle, la Ville de Montr\u00e9al-Ouest doit adopter un budget pr\u00e9sentant les d\u00e9penses et revenus pr\u00e9vus pour l\u2019ann\u00e9e suivante. Ce budget comprend les revenus tels que les taxes, permis et revenus des loisirs ainsi que les [&hellip;]<\/p>\n","protected":false},"author":1,"featured_media":0,"parent":3895,"menu_order":1,"comment_status":"closed","ping_status":"closed","template":"","meta":{"_acf_changed":false,"footnotes":""},"tags":[],"class_list":["post-3896","page","type-page","status-publish","hentry"],"better_featured_image":null,"acf":{"header_subtitle":"test de sous-titre","sidebar_image":false,"header_title":"","header_image":{"ID":1825,"id":1825,"title":"banner_resident_services","filename":"banner_resident_services.png","filesize":535766,"url":"https:\/\/montreal-ouest.ca\/wp-content\/uploads\/2018\/09\/banner_resident_services.png","link":"https:\/\/montreal-ouest.ca\/fr\/services-aux-residents\/banner_resident_services-2\/","alt":"","author":"1","description":"","caption":"","name":"banner_resident_services-2","status":"inherit","uploaded_to":3996,"date":"2018-09-04 15:12:40","modified":"2018-09-04 15:12:40","menu_order":0,"mime_type":"image\/png","type":"image","subtype":"png","icon":"https:\/\/montreal-ouest.ca\/wp-includes\/images\/media\/default.png","width":1440,"height":350,"sizes":{"thumbnail":"https:\/\/montreal-ouest.ca\/wp-content\/uploads\/2018\/09\/banner_resident_services-285x285.png","thumbnail-width":285,"thumbnail-height":285,"medium":"https:\/\/montreal-ouest.ca\/wp-content\/uploads\/2018\/09\/banner_resident_services-992x241.png","medium-width":992,"medium-height":241,"medium_large":"https:\/\/montreal-ouest.ca\/wp-content\/uploads\/2018\/09\/banner_resident_services-768x187.png","medium_large-width":768,"medium_large-height":187,"large":"https:\/\/montreal-ouest.ca\/wp-content\/uploads\/2018\/09\/banner_resident_services.png","large-width":1440,"large-height":350,"1536x1536":"https:\/\/montreal-ouest.ca\/wp-content\/uploads\/2018\/09\/banner_resident_services.png","1536x1536-width":1440,"1536x1536-height":350,"2048x2048":"https:\/\/montreal-ouest.ca\/wp-content\/uploads\/2018\/09\/banner_resident_services.png","2048x2048-width":1440,"2048x2048-height":350}},"event_types":false,"hide_sidebar":false},"publishpress_future_workflow_manual_trigger":{"enabledWorkflows":[]},"_links":{"self":[{"href":"https:\/\/montreal-ouest.ca\/fr\/wp-json\/wp\/v2\/pages\/3896","targetHints":{"allow":["GET"]}}],"collection":[{"href":"https:\/\/montreal-ouest.ca\/fr\/wp-json\/wp\/v2\/pages"}],"about":[{"href":"https:\/\/montreal-ouest.ca\/fr\/wp-json\/wp\/v2\/types\/page"}],"author":[{"embeddable":true,"href":"https:\/\/montreal-ouest.ca\/fr\/wp-json\/wp\/v2\/users\/1"}],"replies":[{"embeddable":true,"href":"https:\/\/montreal-ouest.ca\/fr\/wp-json\/wp\/v2\/comments?post=3896"}],"version-history":[{"count":0,"href":"https:\/\/montreal-ouest.ca\/fr\/wp-json\/wp\/v2\/pages\/3896\/revisions"}],"up":[{"embeddable":true,"href":"https:\/\/montreal-ouest.ca\/fr\/wp-json\/wp\/v2\/pages\/3895"}],"wp:attachment":[{"href":"https:\/\/montreal-ouest.ca\/fr\/wp-json\/wp\/v2\/media?parent=3896"}],"wp:term":[{"taxonomy":"post_tag","embeddable":true,"href":"https:\/\/montreal-ouest.ca\/fr\/wp-json\/wp\/v2\/tags?post=3896"}],"curies":[{"name":"wp","href":"https:\/\/api.w.org\/{rel}","templated":true}]}}