{"id":3816,"date":"2018-07-06T19:31:53","date_gmt":"2018-07-06T23:31:53","guid":{"rendered":"https:\/\/montreal-west.ca\/notre-ville\/town-management\/"},"modified":"2018-10-16T11:00:58","modified_gmt":"2018-10-16T15:00:58","slug":"direction-generale","status":"publish","type":"page","link":"https:\/\/montreal-ouest.ca\/fr\/notre-ville\/direction-generale\/","title":{"rendered":"Direction g\u00e9n\u00e9rale"},"content":{"rendered":"\t\t<div data-elementor-type=\"wp-post\" data-elementor-id=\"3816\" class=\"elementor elementor-3816 elementor-1008 elementor-bc-flex-widget\" data-elementor-post-type=\"page\">\n\t\t\t\t\t\t<section class=\"elementor-section elementor-top-section elementor-element elementor-element-7697704 elementor-section-boxed elementor-section-height-default elementor-section-height-default\" data-id=\"7697704\" data-element_type=\"section\" data-e-type=\"section\">\n\t\t\t\t\t\t<div class=\"elementor-container elementor-column-gap-default\">\n\t\t\t\t\t<div class=\"elementor-column elementor-col-100 elementor-top-column elementor-element elementor-element-869e84d\" data-id=\"869e84d\" data-element_type=\"column\" data-e-type=\"column\">\n\t\t\t<div class=\"elementor-widget-wrap elementor-element-populated\">\n\t\t\t\t\t\t<div class=\"elementor-element elementor-element-fbcb69c elementor-widget elementor-widget-text-editor\" data-id=\"fbcb69c\" data-element_type=\"widget\" data-e-type=\"widget\" data-widget_type=\"text-editor.default\">\n\t\t\t\t<div class=\"elementor-widget-container\">\n\t\t\t\t\t\t\t\t\t<p>La direction g\u00e9n\u00e9rale de la Ville de Montr\u00e9al-Ouest a le mandat de mettre en oeuvre les orientations strat\u00e9giques \u00e9tablies par le Conseil et assurer l&rsquo;ex\u00e9cution des d\u00e9cisions de ce dernier. La t\u00e2che de la directrice g\u00e9n\u00e9rale consiste donc \u00e0 planifier, r\u00e9aliser et atteindre les objectifs annuels, en plus d&rsquo;assurer les priorit\u00e9s de gestion pour l&rsquo;ensemble des services municipaux. Elle effectue ainsi le lien entre l&rsquo;administration municipale et les \u00e9lus, en plus de transiger avec les diff\u00e9rents paliers gouvernementaux.<\/p><p>\u00c0 la Ville de Montr\u00e9al-Ouest, la direction g\u00e9n\u00e9rale est \u00e9galement responsable du volet des ressources humaines qui a pour mandat d&rsquo;\u00e9laborer et mettre en oeuvre des politiques int\u00e9gr\u00e9es de gestion des ressources humaines et participer au d\u00e9veloppement organisationnel, permettant l&rsquo;am\u00e9lioration continue de l&rsquo;efficacit\u00e9 et l&rsquo;efficience de la structure municipale. Elle travaille au maintien des relations de travail saines, assure le respect et l&rsquo;application de la l\u00e9gislation et fournit aux gestionnaires les conseils et l&rsquo;expertise n\u00e9cessaires en mati\u00e8re de gestion de leurs ressources humaines.<\/p><ul><li><a href=\"https:\/\/montreal-west.ca\/fr\/notre-ville\/direction-generale\/emplois\/\">Emplois<\/a><\/li><\/ul>\t\t\t\t\t\t\t\t<\/div>\n\t\t\t\t<\/div>\n\t\t\t\t\t<\/div>\n\t\t<\/div>\n\t\t\t\t\t<\/div>\n\t\t<\/section>\n\t\t\t\t<\/div>\n\t\t","protected":false},"excerpt":{"rendered":"<p>La direction g\u00e9n\u00e9rale de la Ville de Montr\u00e9al-Ouest a le mandat de mettre en oeuvre les orientations strat\u00e9giques \u00e9tablies par le Conseil et assurer l&rsquo;ex\u00e9cution des d\u00e9cisions de ce dernier. La t\u00e2che de la directrice g\u00e9n\u00e9rale consiste donc [&hellip;]<\/p>\n","protected":false},"author":1,"featured_media":0,"parent":3750,"menu_order":3,"comment_status":"closed","ping_status":"closed","template":"","meta":{"_acf_changed":false,"footnotes":""},"tags":[],"class_list":["post-3816","page","type-page","status-publish","hentry"],"better_featured_image":null,"acf":{"header_title":"","header_image":false,"sidebar_image":false},"publishpress_future_workflow_manual_trigger":{"enabledWorkflows":[]},"_links":{"self":[{"href":"https:\/\/montreal-ouest.ca\/fr\/wp-json\/wp\/v2\/pages\/3816","targetHints":{"allow":["GET"]}}],"collection":[{"href":"https:\/\/montreal-ouest.ca\/fr\/wp-json\/wp\/v2\/pages"}],"about":[{"href":"https:\/\/montreal-ouest.ca\/fr\/wp-json\/wp\/v2\/types\/page"}],"author":[{"embeddable":true,"href":"https:\/\/montreal-ouest.ca\/fr\/wp-json\/wp\/v2\/users\/1"}],"replies":[{"embeddable":true,"href":"https:\/\/montreal-ouest.ca\/fr\/wp-json\/wp\/v2\/comments?post=3816"}],"version-history":[{"count":0,"href":"https:\/\/montreal-ouest.ca\/fr\/wp-json\/wp\/v2\/pages\/3816\/revisions"}],"up":[{"embeddable":true,"href":"https:\/\/montreal-ouest.ca\/fr\/wp-json\/wp\/v2\/pages\/3750"}],"wp:attachment":[{"href":"https:\/\/montreal-ouest.ca\/fr\/wp-json\/wp\/v2\/media?parent=3816"}],"wp:term":[{"taxonomy":"post_tag","embeddable":true,"href":"https:\/\/montreal-ouest.ca\/fr\/wp-json\/wp\/v2\/tags?post=3816"}],"curies":[{"name":"wp","href":"https:\/\/api.w.org\/{rel}","templated":true}]}}