{"id":37218,"date":"2021-09-13T08:43:27","date_gmt":"2021-09-13T12:43:27","guid":{"rendered":"https:\/\/montreal-west.ca\/loisirs-et-culture\/installations-et-parcs\/splash-pads\/"},"modified":"2025-07-15T10:06:24","modified_gmt":"2025-07-15T14:06:24","slug":"jeux-deau","status":"publish","type":"page","link":"https:\/\/montreal-ouest.ca\/fr\/loisirs-et-culture\/installations-et-parcs\/jeux-deau\/","title":{"rendered":"Jeux d&rsquo;eau"},"content":{"rendered":"\t\t<div data-elementor-type=\"wp-post\" data-elementor-id=\"37218\" class=\"elementor elementor-37218 elementor-37205\" data-elementor-post-type=\"page\">\n\t\t\t\t\t\t<section class=\"elementor-section elementor-top-section elementor-element elementor-element-0c362aa elementor-section-boxed elementor-section-height-default elementor-section-height-default\" data-id=\"0c362aa\" data-element_type=\"section\" data-e-type=\"section\">\n\t\t\t\t\t\t<div class=\"elementor-container elementor-column-gap-default\">\n\t\t\t\t\t<div class=\"elementor-column elementor-col-100 elementor-top-column elementor-element elementor-element-a547ad9\" data-id=\"a547ad9\" data-element_type=\"column\" data-e-type=\"column\">\n\t\t\t<div class=\"elementor-widget-wrap elementor-element-populated\">\n\t\t\t\t\t\t<div class=\"elementor-element elementor-element-75ab39b elementor-widget elementor-widget-text-editor\" data-id=\"75ab39b\" data-element_type=\"widget\" data-e-type=\"widget\" data-widget_type=\"text-editor.default\">\n\t\t\t\t<div class=\"elementor-widget-container\">\n\t\t\t\t\t\t\t\t\t<h3>Ouverts de mai \u00e0 octobre, les jeux d&rsquo;eau sont un excellent moyen de se rafra\u00eechir par une chaude journ\u00e9e d&rsquo;\u00e9t\u00e9 pour les r\u00e9sidents de tous \u00e2ges !<\/h3><p>Il y a trois aires de jeux d&rsquo;eau sur l&rsquo;ensemble du territoire de la Ville.<\/p><p><strong>Parc Davies\u00a0<br \/><\/strong>7 h \u00e0 21 h<\/p><p><strong>Parc Strathearn\u00a0<br \/><\/strong>7 h \u00e0 22 h<\/p><p><strong>Parc Rugby\u00a0<br \/><\/strong>7 h \u00e0 22 h<\/p><p><strong>R\u00e8gles de conduite:<\/strong><\/p><ol><li>Les aires de jeux d\u2019eau ne sont pas supervis\u00e9es par la Ville et son usage est \u00e0 vos risques et p\u00e9rils.<\/li><li>Aidez-nous \u00e0 garder ces lieux propres et en bon \u00e9tat.<\/li><li>Veillez \u00e0 ne pas laisser ou jeter tout d\u00e9bris, rebut ou d\u00e9chet sur les aire de jeux d&rsquo;eau permettant ainsi d\u2019\u00e9viter toute blessure ou bris d\u2019\u00e9quipements.<\/li><li>La pr\u00e9sence d\u2019animaux domestiques \u00e0 l\u2019int\u00e9rieur de l\u00a0\u00bbaire de jeux d\u2019eau est strictement interdite pour des raisons d\u2019hygi\u00e8ne et pour la s\u00e9curit\u00e9 des enfants.<\/li><li>En cas de pr\u00e9sence d\u2019animaux non domestiques, veuillez en informer les autorit\u00e9s de la Ville.<\/li><li>En cas d\u2019urgence, composez le 911.<\/li><li>Pour signaler une infraction aux r\u00e8glements municipaux, composez le 514-630-1234 pour rejoindre un(e) agent(e) de s\u00e9curit\u00e9 publique.<\/li><\/ol><p><strong>Amusez-vous!<\/strong><\/p>\t\t\t\t\t\t\t\t<\/div>\n\t\t\t\t<\/div>\n\t\t\t\t\t<\/div>\n\t\t<\/div>\n\t\t\t\t\t<\/div>\n\t\t<\/section>\n\t\t\t\t<\/div>\n\t\t","protected":false},"excerpt":{"rendered":"<p>Ouverts de mai \u00e0 octobre, les jeux d&rsquo;eau sont un excellent moyen de se rafra\u00eechir par une chaude journ\u00e9e d&rsquo;\u00e9t\u00e9 pour les r\u00e9sidents de tous \u00e2ges ! Il y a trois aires de jeux d&rsquo;eau sur l&rsquo;ensemble du [&hellip;]<\/p>\n","protected":false},"author":3,"featured_media":0,"parent":4370,"menu_order":3,"comment_status":"closed","ping_status":"closed","template":"","meta":{"_acf_changed":false,"footnotes":""},"tags":[],"class_list":["post-37218","page","type-page","status-publish","hentry"],"better_featured_image":null,"acf":{"event_types":false,"header_image":{"ID":24366,"id":24366,"title":"mo-west-fall-2018-0494","filename":"mo-west-fall-2018-0494.jpg","filesize":1377663,"url":"https:\/\/montreal-ouest.ca\/wp-content\/uploads\/2020\/05\/mo-west-fall-2018-0494.jpg","link":"https:\/\/montreal-ouest.ca\/fr\/heat-warning-and-opening-of-davies-park-splash-pad\/mo-west-fall-2018-0494\/","alt":"","author":"3","description":"","caption":"","name":"mo-west-fall-2018-0494","status":"inherit","uploaded_to":24365,"date":"2020-05-28 18:10:38","modified":"2020-05-28 18:10:38","menu_order":0,"mime_type":"image\/jpeg","type":"image","subtype":"jpeg","icon":"https:\/\/montreal-ouest.ca\/wp-includes\/images\/media\/default.png","width":1200,"height":799,"sizes":{"thumbnail":"https:\/\/montreal-ouest.ca\/wp-content\/uploads\/2020\/05\/mo-west-fall-2018-0494-285x285.jpg","thumbnail-width":285,"thumbnail-height":285,"medium":"https:\/\/montreal-ouest.ca\/wp-content\/uploads\/2020\/05\/mo-west-fall-2018-0494-992x661.jpg","medium-width":992,"medium-height":661,"medium_large":"https:\/\/montreal-ouest.ca\/wp-content\/uploads\/2020\/05\/mo-west-fall-2018-0494-768x511.jpg","medium_large-width":768,"medium_large-height":511,"large":"https:\/\/montreal-ouest.ca\/wp-content\/uploads\/2020\/05\/mo-west-fall-2018-0494.jpg","large-width":1200,"large-height":799,"1536x1536":"https:\/\/montreal-ouest.ca\/wp-content\/uploads\/2020\/05\/mo-west-fall-2018-0494.jpg","1536x1536-width":1200,"1536x1536-height":799,"2048x2048":"https:\/\/montreal-ouest.ca\/wp-content\/uploads\/2020\/05\/mo-west-fall-2018-0494.jpg","2048x2048-width":1200,"2048x2048-height":799}},"header_title":"","header_subtitle":"","sidebar_image":false,"hide_sidebar":false},"publishpress_future_workflow_manual_trigger":{"enabledWorkflows":[]},"_links":{"self":[{"href":"https:\/\/montreal-ouest.ca\/fr\/wp-json\/wp\/v2\/pages\/37218","targetHints":{"allow":["GET"]}}],"collection":[{"href":"https:\/\/montreal-ouest.ca\/fr\/wp-json\/wp\/v2\/pages"}],"about":[{"href":"https:\/\/montreal-ouest.ca\/fr\/wp-json\/wp\/v2\/types\/page"}],"author":[{"embeddable":true,"href":"https:\/\/montreal-ouest.ca\/fr\/wp-json\/wp\/v2\/users\/3"}],"replies":[{"embeddable":true,"href":"https:\/\/montreal-ouest.ca\/fr\/wp-json\/wp\/v2\/comments?post=37218"}],"version-history":[{"count":0,"href":"https:\/\/montreal-ouest.ca\/fr\/wp-json\/wp\/v2\/pages\/37218\/revisions"}],"up":[{"embeddable":true,"href":"https:\/\/montreal-ouest.ca\/fr\/wp-json\/wp\/v2\/pages\/4370"}],"wp:attachment":[{"href":"https:\/\/montreal-ouest.ca\/fr\/wp-json\/wp\/v2\/media?parent=37218"}],"wp:term":[{"taxonomy":"post_tag","embeddable":true,"href":"https:\/\/montreal-ouest.ca\/fr\/wp-json\/wp\/v2\/tags?post=37218"}],"curies":[{"name":"wp","href":"https:\/\/api.w.org\/{rel}","templated":true}]}}