{"id":17535,"date":"2019-12-16T11:09:14","date_gmt":"2019-12-16T15:09:14","guid":{"rendered":"https:\/\/montreal-west.ca\/services-aux-residents\/senior-services\/government-services\/"},"modified":"2024-09-12T11:07:46","modified_gmt":"2024-09-12T15:07:46","slug":"services-gouvernementaux","status":"publish","type":"page","link":"https:\/\/montreal-ouest.ca\/fr\/services-aux-residents\/services-aux-aines\/services-gouvernementaux\/","title":{"rendered":"Services gouvernementaux"},"content":{"rendered":"\t\t<div data-elementor-type=\"wp-post\" data-elementor-id=\"17535\" class=\"elementor elementor-17535 elementor-17440\" data-elementor-post-type=\"page\">\n\t\t\t\t\t\t<section class=\"elementor-section elementor-top-section elementor-element elementor-element-5d25995b elementor-section-boxed elementor-section-height-default elementor-section-height-default\" data-id=\"5d25995b\" data-element_type=\"section\" data-e-type=\"section\">\n\t\t\t\t\t\t<div class=\"elementor-container elementor-column-gap-default\">\n\t\t\t\t\t<div class=\"elementor-column elementor-col-100 elementor-top-column elementor-element elementor-element-b9851c5\" data-id=\"b9851c5\" data-element_type=\"column\" data-e-type=\"column\">\n\t\t\t<div class=\"elementor-widget-wrap elementor-element-populated\">\n\t\t\t\t\t\t<div class=\"elementor-element elementor-element-688c3509 elementor-widget elementor-widget-text-editor\" data-id=\"688c3509\" data-element_type=\"widget\" data-e-type=\"widget\" data-widget_type=\"text-editor.default\">\n\t\t\t\t<div class=\"elementor-widget-container\">\n\t\t\t\t\t\t\t\t\t<h3>Chaque palier gouvernemental offre ses propres services et programmes aux a\u00een\u00e9s. Voici quelques-uns de ces programmes.<\/h3><h2>F\u00e9d\u00e9ral<\/h2><p>Le <strong>Suppl\u00e9ment de revenu garanti<\/strong> est une prestation mensuelle non imposable offerte aux b\u00e9n\u00e9ficiaires de la pension de la S\u00e9curit\u00e9 de la vieillesse qui ont un faible revenu et qui vivent au Canada. <br \/><i class=\"fa fa-external-link\"><\/i> <a href=\"https:\/\/www.canada.ca\/fr\/services\/prestations\/pensionspubliques\/rpc\/securite-vieillesse\/supplement-revenu-garanti.html\" target=\"_blank\" rel=\"noopener\">Site web<\/a> <br \/><i class=\"fa fa-phone\"><\/i> 1-800-277-9914<\/p><p><strong>Service Canada<\/strong> Pour un \u00e2ge d\u2019or s\u00fbr et paisible, renseignez-vous sur les divers programmes et services pour les a\u00een\u00e9s.<br \/><i class=\"fa fa-external-link\"><\/i> <a href=\"https:\/\/www.canada.ca\/fr\/emploi-developpement-social\/campagne\/aines.html\" target=\"_blank\" rel=\"noopener\">Site web<\/a> <br \/><i class=\"fa fa-phone\"><\/i> 1-800-O-CANADA (1-800-622-6232)<\/p><p><strong>Anciens combattants Canada<\/strong>: nous offrons des services et des avantages pour am\u00e9liorer le bien-\u00eatre de militaire ou v\u00e9t\u00e9ran des FAC ou de la GRC, ou d&rsquo;un membre de la famille tout au long de leur vie.<br \/><i class=\"fa fa-external-link\"><\/i> <a href=\"https:\/\/www.veterans.gc.ca\/fr\" target=\"_blank\" rel=\"noopener\">Site web<\/a> <br \/><i class=\"fa fa-phone\"><\/i> 1-866-522-2122<\/p><p><strong>Num\u00e9ro d&rsquo;assurance sociale:<\/strong>\u00a0Le num\u00e9ro d&rsquo;assurance sociale (NAS) est un num\u00e9ro de 9 chiffres dont vous avez besoin pour travailler au Canada ou pour avoir acc\u00e8s aux programmes et aux prestations offerts par le gouvernement.<br \/><i class=\"fa fa-external-link\"><\/i> <a href=\"https:\/\/www.canada.ca\/fr\/emploi-developpement-social\/services\/numero-assurance-sociale.html\" target=\"_blank\" rel=\"noopener\">Site web<\/a> <br \/><i class=\"fa fa-phone\"><\/i> 1-800-206-7218<\/p><hr \/><h2>Provincial<\/h2><p><strong>R\u00e9gime des rentes du Qu\u00e9bec <\/strong>est un r\u00e9gime d&rsquo;assurance public obligatoire pour les personnes \u00e2g\u00e9es de 18 ans et plus qui travaillent et dont le revenu annuel d\u00e9passe 3\u00a0500\u00a0$. Il offre \u00e0 ces personnes et \u00e0 celles qui ont d\u00e9j\u00e0 travaill\u00e9 au Qu\u00e9bec, ainsi qu&rsquo;\u00e0 leurs proches, une protection financi\u00e8re de base lors de la retraite, du d\u00e9c\u00e8s ou en cas d&rsquo;invalidit\u00e9.<br \/><i class=\"fa fa-external-link\"><\/i> <a href=\"https:\/\/www.rrq.gouv.qc.ca\/fr\/programmes\/regime_rentes\/Pages\/regime_rentes.aspx\" target=\"_blank\" rel=\"noopener\">Site web<\/a> <br \/><i class=\"fa fa-phone\"><\/i> 514-873-2433<\/p><p><strong>Programmes et services pour les a\u00een\u00e9s: <\/strong>Le site contient des renseignements sur les diff\u00e9rents programmes et services gouvernementaux offerts aux a\u00een\u00e9s.<br \/><i class=\"fa fa-external-link\"><\/i> <a href=\"https:\/\/www.rrq.gouv.qc.ca\/fr\/programmes\/regime_rentes\/Pages\/regime_rentes.aspx\">Site web<\/a> <br \/><i class=\"fa fa-phone\"><\/i> 1-877-644-4545<\/p><p><strong>R\u00e9gie de l\u2019assurance maladie du Qu\u00e9bec<\/strong> administre le r\u00e9gime public d&rsquo;assurance maladie et d&rsquo;assurance m\u00e9dicaments. Elle r\u00e9mun\u00e8re \u00e9galement les professionnels de la sant\u00e9.<br \/><i class=\"fa fa-external-link\"><\/i> <a href=\"http:\/\/www.ramq.gouv.qc.ca\/fr\/regie\/Pages\/mission.aspx\" target=\"_blank\" rel=\"noopener\">Site web<\/a> <br \/><i class=\"fa fa-phone\"><\/i> 514-864-3411<\/p>\t\t\t\t\t\t\t\t<\/div>\n\t\t\t\t<\/div>\n\t\t\t\t\t<\/div>\n\t\t<\/div>\n\t\t\t\t\t<\/div>\n\t\t<\/section>\n\t\t\t\t<\/div>\n\t\t","protected":false},"excerpt":{"rendered":"<p>Chaque palier gouvernemental offre ses propres services et programmes aux a\u00een\u00e9s. Voici quelques-uns de ces programmes. F\u00e9d\u00e9ral Le Suppl\u00e9ment de revenu garanti est une prestation mensuelle non imposable offerte aux b\u00e9n\u00e9ficiaires de la pension de la S\u00e9curit\u00e9 de [&hellip;]<\/p>\n","protected":false},"author":3,"featured_media":0,"parent":17498,"menu_order":0,"comment_status":"closed","ping_status":"closed","template":"","meta":{"_acf_changed":false,"footnotes":""},"tags":[],"class_list":["post-17535","page","type-page","status-publish","hentry"],"better_featured_image":null,"acf":{"event_types":false,"header_image":{"ID":17443,"id":17443,"title":"Female making notes","filename":"senior-woman-writing.jpg","filesize":178291,"url":"https:\/\/montreal-ouest.ca\/wp-content\/uploads\/2019\/12\/senior-woman-writing.jpg","link":"https:\/\/montreal-ouest.ca\/fr\/resident-services\/senior-services\/government-services\/female-making-notes\/","alt":"","author":"3","description":"","caption":"Image of senior female making notes in notepad","name":"female-making-notes","status":"inherit","uploaded_to":17440,"date":"2019-12-16 15:10:56","modified":"2019-12-16 15:10:56","menu_order":0,"mime_type":"image\/jpeg","type":"image","subtype":"jpeg","icon":"https:\/\/montreal-ouest.ca\/wp-includes\/images\/media\/default.png","width":500,"height":333,"sizes":{"thumbnail":"https:\/\/montreal-ouest.ca\/wp-content\/uploads\/2019\/12\/senior-woman-writing-285x285.jpg","thumbnail-width":285,"thumbnail-height":285,"medium":"https:\/\/montreal-ouest.ca\/wp-content\/uploads\/2019\/12\/senior-woman-writing.jpg","medium-width":500,"medium-height":333,"medium_large":"https:\/\/montreal-ouest.ca\/wp-content\/uploads\/2019\/12\/senior-woman-writing.jpg","medium_large-width":500,"medium_large-height":333,"large":"https:\/\/montreal-ouest.ca\/wp-content\/uploads\/2019\/12\/senior-woman-writing.jpg","large-width":500,"large-height":333,"1536x1536":"https:\/\/montreal-ouest.ca\/wp-content\/uploads\/2019\/12\/senior-woman-writing.jpg","1536x1536-width":500,"1536x1536-height":333,"2048x2048":"https:\/\/montreal-ouest.ca\/wp-content\/uploads\/2019\/12\/senior-woman-writing.jpg","2048x2048-width":500,"2048x2048-height":333}},"header_title":"","header_subtitle":"","sidebar_image":false,"hide_sidebar":false},"publishpress_future_workflow_manual_trigger":{"enabledWorkflows":[]},"_links":{"self":[{"href":"https:\/\/montreal-ouest.ca\/fr\/wp-json\/wp\/v2\/pages\/17535","targetHints":{"allow":["GET"]}}],"collection":[{"href":"https:\/\/montreal-ouest.ca\/fr\/wp-json\/wp\/v2\/pages"}],"about":[{"href":"https:\/\/montreal-ouest.ca\/fr\/wp-json\/wp\/v2\/types\/page"}],"author":[{"embeddable":true,"href":"https:\/\/montreal-ouest.ca\/fr\/wp-json\/wp\/v2\/users\/3"}],"replies":[{"embeddable":true,"href":"https:\/\/montreal-ouest.ca\/fr\/wp-json\/wp\/v2\/comments?post=17535"}],"version-history":[{"count":0,"href":"https:\/\/montreal-ouest.ca\/fr\/wp-json\/wp\/v2\/pages\/17535\/revisions"}],"up":[{"embeddable":true,"href":"https:\/\/montreal-ouest.ca\/fr\/wp-json\/wp\/v2\/pages\/17498"}],"wp:attachment":[{"href":"https:\/\/montreal-ouest.ca\/fr\/wp-json\/wp\/v2\/media?parent=17535"}],"wp:term":[{"taxonomy":"post_tag","embeddable":true,"href":"https:\/\/montreal-ouest.ca\/fr\/wp-json\/wp\/v2\/tags?post=17535"}],"curies":[{"name":"wp","href":"https:\/\/api.w.org\/{rel}","templated":true}]}}