{"id":17534,"date":"2019-12-16T11:04:50","date_gmt":"2019-12-16T15:04:50","guid":{"rendered":"https:\/\/montreal-west.ca\/services-aux-residents\/senior-services\/recreation-and-activities\/"},"modified":"2025-07-17T10:28:18","modified_gmt":"2025-07-17T14:28:18","slug":"loisirs-et-activites","status":"publish","type":"page","link":"https:\/\/montreal-ouest.ca\/fr\/services-aux-residents\/services-aux-aines\/loisirs-et-activites\/","title":{"rendered":"Loisirs et activit\u00e9s"},"content":{"rendered":"\t\t<div data-elementor-type=\"wp-post\" data-elementor-id=\"17534\" class=\"elementor elementor-17534 elementor-17429\" data-elementor-post-type=\"page\">\n\t\t\t\t\t\t<section class=\"elementor-section elementor-top-section elementor-element elementor-element-ff5ffcd elementor-section-boxed elementor-section-height-default elementor-section-height-default\" data-id=\"ff5ffcd\" data-element_type=\"section\" data-e-type=\"section\">\n\t\t\t\t\t\t<div class=\"elementor-container elementor-column-gap-default\">\n\t\t\t\t\t<div class=\"elementor-column elementor-col-100 elementor-top-column elementor-element elementor-element-c9d8888\" data-id=\"c9d8888\" data-element_type=\"column\" data-e-type=\"column\">\n\t\t\t<div class=\"elementor-widget-wrap elementor-element-populated\">\n\t\t\t\t\t\t<div class=\"elementor-element elementor-element-31b5960 elementor-widget elementor-widget-text-editor\" data-id=\"31b5960\" data-element_type=\"widget\" data-e-type=\"widget\" data-widget_type=\"text-editor.default\">\n\t\t\t\t<div class=\"elementor-widget-container\">\n\t\t\t\t\t\t\t\t\t<h2>Services municipaux<\/h2><p><strong>60+ Club<\/strong><\/p><p>Le Club 60+ de Montr\u00e9al-Ouest est une organisation qui offre une grande vari\u00e9t\u00e9 d\u2019activit\u00e9s et de sorties agr\u00e9ables aux gens \u00e2g\u00e9s de 60 ans et plus. Le Club favorise la socialisation, une meilleure qualit\u00e9 de vie et un sentiment de communaut\u00e9 en offrant \u00e0 ses membres des conf\u00e9rences, des d\u00eeners saisonniers, des sorties d\u2019un jour et des voyages avec nuit\u00e9e (pour ne nommer que \u00e7a).<\/p><p><i class=\"fa fa-external-link\"><\/i> <a href=\"https:\/\/montreal-west.ca\/en\/recreation\/community-life\/50-club\/\">Site web<\/a><br \/><i class=\"fa fa-phone\"><\/i> 514-484-6186<\/p><p><strong>Fitness courses<\/strong><\/p><p>Une vari\u00e9t\u00e9 de cours de mise en forme sont offerts par la Ville. Consultez la liste des cours et inscrivez-vous en ligne ou au Centre communautaire.<\/p><p><a href=\"https:\/\/montreal-west.ca\/en\/recreation\/activities-information-online-registration\/\">Site web<\/a><\/p><p><i class=\"fa fa-phone\"><\/i> 514-484-6186<\/p><p><strong>Piscine<\/strong><\/p><p><span style=\"color: #ff0000;\"><em>FERM\u00c9E PENDANT LA CONSTRUCTION DU NOUVEAU CENTRE SPORTIF ET R\u00c9CR\u00c9ATIF<\/em><\/span><\/p><p>La piscine municipale de Montr\u00e9al-Ouest \u00a0est l\u2019endroit id\u00e9al pour se rafra\u00eechir lors des chaudes journ\u00e9es d\u2019\u00e9t\u00e9. Les a\u00een\u00e9s de 65 ans et plus b\u00e9n\u00e9ficient d\u2019un tarif r\u00e9duit.<\/p><p><a href=\"https:\/\/montreal-west.ca\/en\/recreation\/facilities-parks\/municipal-pool\/\">Site web<\/a><br \/><i class=\"fa fa-phone\"><\/i> 514-489-6472 (only in service during the pool season)<\/p><p><strong>Le GO pour bouger \u2013 programmes de mise en forme en ligne<\/strong><\/p><p>Offert par Sant\u00e9 Montr\u00e9al, GO pour bouger! vous aide \u00e0 rester actif et \u00e0 am\u00e9liorer votre condition physique. Cinq programmes d\u2019exercices adapt\u00e9s \u00e0 votre niveau de forme.<\/p><p><i class=\"fa fa-external-link\"><\/i> <a href=\"https:\/\/santemontreal.qc.ca\/en\/public\/advice-and-prevention\/physical-activity-for-seniors\/\">Site web<\/a><\/p><p><strong>Biblioth\u00e8que publique de Montr\u00e9al-Ouest<\/strong><\/p><p>La<a href=\"https:\/\/www.mwpl.ca\/bin\/home#0\"><span style=\"text-decoration: underline;\">\u00a0<\/span>biblioth\u00e8que publique de Montr\u00e9al-Ouest<\/a>\u00a0poss\u00e8de une collection de plus de 10 000 livres, livres \u00e9lectroniques, livres audio \u00e9lectroniques, magazines, magazines \u00e9lectroniques et DVD.<\/p><p><i class=\"fa fa-external-link\"><\/i> <a href=\"https:\/\/www.mwpl.ca\/bin\/home\">Site web<\/a><br \/><i class=\"fa fa-phone\"><\/i> 514-481-7441<\/p><p><strong>West End Quilters<\/strong><\/p><p>Le <strong>West End Quilters <\/strong>est un collectif de passionn\u00e9s de courtepointe. Ils se r\u00e9unissent \u00e0 Montr\u00e9al pour partager leurs projets et leurs connaissances li\u00e9s \u00e0 la courtepointe.<\/p><hr \/><h2>Clubs<\/h2><p>En fonction depuis plus de 100 ans, le\u00a0<a href=\"http:\/\/mtlwestcurl.org\/\" target=\"_blank\" rel=\"noopener\">Montreal West Curling Club<\/a> est un club de curling agr\u00e9able et enjou\u00e9. Joignez-vous \u00e0 nous pour une saison de curling haute en couleur!<\/p><p><i class=\"fa fa-external-link\"><\/i> <a href=\"http:\/\/mtlwestcurl.org\/\">Site web<\/a><br \/><i class=\"fa fa-phone\"><\/i> 514-486-5831<\/p><hr \/><h2>Centres communautaires<\/h2><p><strong>Contactivity Centre<\/strong> is a non-profit community centre for active seniors.<br \/><i class=\"fa fa-external-link\"><\/i> <a href=\"https:\/\/contactivitycentre.org\/\">Site web<\/a><br \/><i class=\"fa fa-phone\"><\/i> 514-932-2326<\/p><p>Espoir nouveau aspire \u00e0 fournir un environnement convivial o\u00f9 les personnes \u00e2g\u00e9es peuvent s&rsquo;\u00e9panouir gr\u00e2ce \u00e0 une vari\u00e9t\u00e9 de services et d&rsquo;activit\u00e9s sociales et communautaires. En favorisant l&rsquo;acc\u00e8s au b\u00e9n\u00e9volat, \u00e0 l&rsquo;engagement civique et \u00e0 d&rsquo;autres services, New Hope vise \u00e0 rompre l&rsquo;isolement et \u00e0 favoriser la sant\u00e9 globale de la communaut\u00e9, au b\u00e9n\u00e9fice du bien-\u00eatre g\u00e9n\u00e9ral de la population vieillissante.<\/p><p><i class=\"fa fa-external-link\"><\/i> <a href=\"http:\/\/newhopendg.com\/\">Site web<\/a><br \/><i class=\"fa fa-phone\"><\/i> 514-484-0425<\/p><p><strong>Centre \u00e9vasion:\u00a0<\/strong>Nos services encouragent les a\u00een\u00e9s \u00e0 maintenir une vie autonome tout en offrant du r\u00e9pit aux proches aidants.<\/p><p><i class=\"fa fa-external-link\"><\/i> <a href=\"http:\/\/www.centreevasion.com\">Site web<\/a><br \/><i class=\"fa fa-phone\"><\/i> 514-738-5151<\/p><p><strong>Creative Social Center Montreal<\/strong><br \/><i class=\"fa fa-phone\"><\/i> 514-488-0907<\/p>\t\t\t\t\t\t\t\t<\/div>\n\t\t\t\t<\/div>\n\t\t\t\t\t<\/div>\n\t\t<\/div>\n\t\t\t\t\t<\/div>\n\t\t<\/section>\n\t\t\t\t<\/div>\n\t\t","protected":false},"excerpt":{"rendered":"<p>Services municipaux 60+ Club Le Club 60+ de Montr\u00e9al-Ouest est une organisation qui offre une grande vari\u00e9t\u00e9 d\u2019activit\u00e9s et de sorties agr\u00e9ables aux gens \u00e2g\u00e9s de 60 ans et plus. Le Club favorise la socialisation, une meilleure qualit\u00e9 [&hellip;]<\/p>\n","protected":false},"author":3,"featured_media":0,"parent":17498,"menu_order":0,"comment_status":"closed","ping_status":"closed","template":"","meta":{"_acf_changed":false,"footnotes":""},"tags":[],"class_list":["post-17534","page","type-page","status-publish","hentry"],"better_featured_image":null,"acf":{"event_types":false,"header_image":{"ID":17436,"id":17436,"title":"seniors-training","filename":"seniors-training.jpg","filesize":494843,"url":"https:\/\/montreal-ouest.ca\/wp-content\/uploads\/2019\/12\/seniors-training.jpg","link":"https:\/\/montreal-ouest.ca\/fr\/resident-services\/senior-services\/recreation-and-activities\/seniors-training\/","alt":"","author":"3","description":"","caption":"","name":"seniors-training","status":"inherit","uploaded_to":17429,"date":"2019-12-16 15:08:09","modified":"2019-12-16 15:08:09","menu_order":0,"mime_type":"image\/jpeg","type":"image","subtype":"jpeg","icon":"https:\/\/montreal-ouest.ca\/wp-includes\/images\/media\/default.png","width":1000,"height":667,"sizes":{"thumbnail":"https:\/\/montreal-ouest.ca\/wp-content\/uploads\/2019\/12\/seniors-training-285x285.jpg","thumbnail-width":285,"thumbnail-height":285,"medium":"https:\/\/montreal-ouest.ca\/wp-content\/uploads\/2019\/12\/seniors-training-992x662.jpg","medium-width":992,"medium-height":662,"medium_large":"https:\/\/montreal-ouest.ca\/wp-content\/uploads\/2019\/12\/seniors-training-768x512.jpg","medium_large-width":768,"medium_large-height":512,"large":"https:\/\/montreal-ouest.ca\/wp-content\/uploads\/2019\/12\/seniors-training.jpg","large-width":1000,"large-height":667,"1536x1536":"https:\/\/montreal-ouest.ca\/wp-content\/uploads\/2019\/12\/seniors-training.jpg","1536x1536-width":1000,"1536x1536-height":667,"2048x2048":"https:\/\/montreal-ouest.ca\/wp-content\/uploads\/2019\/12\/seniors-training.jpg","2048x2048-width":1000,"2048x2048-height":667}},"header_title":"","header_subtitle":"","sidebar_image":false,"hide_sidebar":false},"publishpress_future_workflow_manual_trigger":{"enabledWorkflows":[]},"_links":{"self":[{"href":"https:\/\/montreal-ouest.ca\/fr\/wp-json\/wp\/v2\/pages\/17534","targetHints":{"allow":["GET"]}}],"collection":[{"href":"https:\/\/montreal-ouest.ca\/fr\/wp-json\/wp\/v2\/pages"}],"about":[{"href":"https:\/\/montreal-ouest.ca\/fr\/wp-json\/wp\/v2\/types\/page"}],"author":[{"embeddable":true,"href":"https:\/\/montreal-ouest.ca\/fr\/wp-json\/wp\/v2\/users\/3"}],"replies":[{"embeddable":true,"href":"https:\/\/montreal-ouest.ca\/fr\/wp-json\/wp\/v2\/comments?post=17534"}],"version-history":[{"count":0,"href":"https:\/\/montreal-ouest.ca\/fr\/wp-json\/wp\/v2\/pages\/17534\/revisions"}],"up":[{"embeddable":true,"href":"https:\/\/montreal-ouest.ca\/fr\/wp-json\/wp\/v2\/pages\/17498"}],"wp:attachment":[{"href":"https:\/\/montreal-ouest.ca\/fr\/wp-json\/wp\/v2\/media?parent=17534"}],"wp:term":[{"taxonomy":"post_tag","embeddable":true,"href":"https:\/\/montreal-ouest.ca\/fr\/wp-json\/wp\/v2\/tags?post=17534"}],"curies":[{"name":"wp","href":"https:\/\/api.w.org\/{rel}","templated":true}]}}