{"id":17533,"date":"2019-12-16T11:01:26","date_gmt":"2019-12-16T15:01:26","guid":{"rendered":"https:\/\/montreal-west.ca\/services-aux-residents\/senior-services\/fraud-and-safety\/"},"modified":"2025-07-10T10:40:49","modified_gmt":"2025-07-10T14:40:49","slug":"fraude-et-securite","status":"publish","type":"page","link":"https:\/\/montreal-ouest.ca\/fr\/services-aux-residents\/services-aux-aines\/fraude-et-securite\/","title":{"rendered":"Fraude et s\u00e9curit\u00e9"},"content":{"rendered":"\t\t<div data-elementor-type=\"wp-post\" data-elementor-id=\"17533\" class=\"elementor elementor-17533 elementor-17420\" data-elementor-post-type=\"page\">\n\t\t\t\t\t\t<section class=\"elementor-section elementor-top-section elementor-element elementor-element-6f7e5e0 elementor-section-boxed elementor-section-height-default elementor-section-height-default\" data-id=\"6f7e5e0\" data-element_type=\"section\" data-e-type=\"section\">\n\t\t\t\t\t\t<div class=\"elementor-container elementor-column-gap-default\">\n\t\t\t\t\t<div class=\"elementor-column elementor-col-100 elementor-top-column elementor-element elementor-element-69cbf7e5\" data-id=\"69cbf7e5\" data-element_type=\"column\" data-e-type=\"column\">\n\t\t\t<div class=\"elementor-widget-wrap elementor-element-populated\">\n\t\t\t\t\t\t<div class=\"elementor-element elementor-element-76ff3719 elementor-widget elementor-widget-text-editor\" data-id=\"76ff3719\" data-element_type=\"widget\" data-e-type=\"widget\" data-widget_type=\"text-editor.default\">\n\t\t\t\t<div class=\"elementor-widget-container\">\n\t\t\t\t\t\t\t\t\t<h2>Fraude<\/h2><p>Les avanc\u00e9es technologiques rendent les escroqueries de plus en plus difficiles \u00e0 reconna\u00eetre au premier coup d&rsquo;\u0153il. Il est donc important d&rsquo;en \u00eatre conscient afin de mieux vous prot\u00e9ger contre la fraude et les abus financiers.<\/p><h3>Astuces pour \u00e9viter la fraude<\/h3><p>L&rsquo;Association des banquiers canadiens (ABC) met une mine de renseignements \u00e0 la disposition des ain\u00e9s pour les aider \u00e0 \u00e9viter les abus financiers et la fraude. Voici leurs 9 astuces pour \u00e9viter la fraude :<\/p><ol><li><strong>Prot\u00e9gez vos renseignements personnels et financiers.<\/strong>\u00a0Ne r\u00e9pondez jamais aux demandes de renseignements personnels et financiers sauf si vous avez amorc\u00e9 la communication vous-m\u00eame ou que vous connaissez l\u2019organisation avec laquelle vous faites affaire.<\/li><li><strong>D\u00e9truisez tous vos documents financiers avant de les jeter \u00e0 la poubelle ou au recyclage.<\/strong>\u00a0D\u00e9chiquetez, d\u00e9chirez ou br\u00fblez les relev\u00e9s bancaires ou de cartes de cr\u00e9dit et tout autre document qui contient des renseignements de nature personnelle.<\/li><li><strong>Ne donnez jamais de renseignements personnels par t\u00e9l\u00e9phone<\/strong>, sauf si vous avez fait l\u2019appel.<\/li><li><strong>Signalez imm\u00e9diatement le vol ou la perte de la carte de cr\u00e9dit, la carte de d\u00e9bit, le permis de conduire, la carte d\u2019assurance sociale, le passeport, etc.<\/strong>\u00a0\u2014 De cette fa\u00e7on, votre banque peut bloquer ou annuler votre carte de sorte que personne d\u2019autre ne pourra s\u2019en servir.<\/li><li><strong>Consultez un conseiller financier exp\u00e9riment\u00e9 et fiable.<\/strong>\u00a0Connaissez-vous une personne avec qui vous pouvez discuter de questions financi\u00e8res? C\u2019est une bonne id\u00e9e d\u2019avoir une personne de confiance dans votre entourage, qu\u2019il s\u2019agisse d\u2019un conseiller, d\u2019un comptable ou d\u2019un employ\u00e9 dans votre succursale bancaire.<\/li><li><strong>Examinez vos relev\u00e9s financiers tous les mois.\u00a0<\/strong>V\u00e9rifiez si c\u2019est bien vous qui avez effectu\u00e9 toutes les transactions.<\/li><li><strong>Ne partagez jamais votre NIP ou votre mot de passe avec qui que ce soit et choisissez des mots de passe qui sont difficiles \u00e0 deviner.<\/strong>\u00a0Cachez votre NIP avec votre main et votre corps lorsque vous utilisez un GAB ou un clavier num\u00e9rique en magasin. Ne choisissez pas des mots de passe ou des NIP qui seraient faciles \u00e0 deviner, comme une partie de votre adresse, votre num\u00e9ro de t\u00e9l\u00e9phone, votre date de naissance ou celle d\u2019un membre de votre famille.<\/li><li><strong>Tenez \u00e0 jour les logiciels antivirus et anti-espions sur vos ordinateurs, tablettes et appareils mobiles.<\/strong>\u00a0Il s\u2019agit d\u2019un \u00e9l\u00e9ment essentiel de la protection de vos renseignements personnels. De cette fa\u00e7on, personne ne peut acc\u00e9der aux renseignements personnels et financiers sur votre ordinateur.<\/li><li><strong>Visitez les sites Web qui sont l\u00e9gitimes.<\/strong>\u00a0Et faites des achats en ligne seulement aupr\u00e8s d\u2019entreprises de bonne r\u00e9putation.<\/li><\/ol><p><strong>N\u2019oubliez pas\u00a0<\/strong>: votre banque ne vous enverra jamais un message \u00e9lectronique vous demandant de divulguer des renseignements personnels, comme votre num\u00e9ro de carte de cr\u00e9dit, le mot de passe des services en ligne ou le nom de jeune fille de votre m\u00e8re.<\/p><h3>Ressources<\/h3><p>Le <strong>Centre antifraude du Canada (CAFC)<\/strong> est l&rsquo;organisme central du Canada charg\u00e9 de recueillir l&rsquo;information et les renseignements criminels sur les plaintes de fraude et de vol d&rsquo;identit\u00e9.<br \/><i class=\"fa fa-external-link\"><\/i> <a href=\"http:\/\/www.antifraudcentre-centreantifraude.ca\/index-fra.htm\">Site web<\/a> <br \/><i class=\"fa fa-phone\"><\/i> 1-888-495-8501<\/p><p><strong>Le petit livre noir de la fraude:<\/strong>\u00a0apprenez \u00e0 d\u00e9tecter les derni\u00e8res fraudes et prot\u00e9gez vos proches, vous-m\u00eame et votre argent.<br \/><i class=\"fa fa-external-link\"><\/i> <a href=\"https:\/\/www.bureaudelaconcurrence.gc.ca\/eic\/site\/cb-bc.nsf\/fra\/04333.html\">Site web<\/a><\/p><hr \/><h2>S\u00e9curit\u00e9<\/h2><p><b>Urgences\u00a0<\/b>(police, ambulance et incendie)<br \/><i class=\"fa fa-phone\"><\/i> 911<\/p><p><strong>S\u00e9curit\u00e9 publique de Montr\u00e9al-Ouest\u00a0<\/strong>(centre de r\u00e9partition 24 heures)<br \/><i class=\"fa fa-phone\"><\/i> 514-630-1234<\/p><p><strong>Poste de quartier 9<br \/><\/strong>5501 Av Westminster<br \/>C\u00f4te-Saint-Luc, QC<br \/>H4W 2J2 <br \/><i class=\"fa fa-phone\"><\/i> 514-280-0109<\/p><p><strong>T\u00e9l\u00e9check<\/strong> est un service dirig\u00e9 par des b\u00e9n\u00e9voles et vous devez vous inscrire pour recevoir un appel t\u00e9l\u00e9phonique tous les matins de la semaine pour v\u00e9rifier que vous \u00eates bien (surtout efficace pour ceux qui demeurent seuls).\u00a0 Ce service est offert \u00e0 un co\u00fbt minime.<br \/><i class=\"fa fa-external-link\"><\/i> <a href=\"https:\/\/contactivitycentre.org\/volunteer-services\/\" target=\"_blank\" rel=\"noopener\">Site web<\/a> <br \/><i class=\"fa fa-phone\"><\/i> 514-932-2326<\/p><p><strong>Programme d&rsquo;aide \u00e0 l&rsquo;\u00e9vacuation d&rsquo;urgence<\/strong>\u00a0est un programme offert aux personnes en situation de handicap ou de mobilit\u00e9 r\u00e9duite.<br \/><i class=\"fa fa-external-link\"><\/i> <a href=\"http:\/\/ville.montreal.qc.ca\/sim\/programme-daide-levacuation-durgence\">Site web<\/a> <br \/><i class=\"fa fa-phone\"><\/i> 514-872-3775<\/p><p><strong>La s\u00e9curit\u00e9 routi\u00e8re n&rsquo;a pas d&rsquo;\u00e2ge<br \/><\/strong>\u00a0<a href=\"https:\/\/saaq.gouv.qc.ca\/securite-routiere\/clienteles\/aines\">SAAQ<\/a><\/p><hr \/>\t\t\t\t\t\t\t\t<\/div>\n\t\t\t\t<\/div>\n\t\t\t\t\t<\/div>\n\t\t<\/div>\n\t\t\t\t\t<\/div>\n\t\t<\/section>\n\t\t\t\t<\/div>\n\t\t","protected":false},"excerpt":{"rendered":"<p>Fraude Les avanc\u00e9es technologiques rendent les escroqueries de plus en plus difficiles \u00e0 reconna\u00eetre au premier coup d&rsquo;\u0153il. Il est donc important d&rsquo;en \u00eatre conscient afin de mieux vous prot\u00e9ger contre la fraude et les abus financiers. Astuces [&hellip;]<\/p>\n","protected":false},"author":3,"featured_media":0,"parent":17498,"menu_order":0,"comment_status":"closed","ping_status":"closed","template":"","meta":{"_acf_changed":false,"footnotes":""},"tags":[],"class_list":["post-17533","page","type-page","status-publish","hentry"],"better_featured_image":null,"acf":{"event_types":false,"header_image":{"ID":17424,"id":17424,"title":"credit-card-851506_1920","filename":"credit-card-851506_1920.jpg","filesize":314734,"url":"https:\/\/montreal-ouest.ca\/wp-content\/uploads\/2019\/12\/credit-card-851506_1920.jpg","link":"https:\/\/montreal-ouest.ca\/fr\/resident-services\/senior-services\/fraud-and-safety\/credit-card-851506_1920\/","alt":"","author":"3","description":"","caption":"","name":"credit-card-851506_1920","status":"inherit","uploaded_to":17420,"date":"2019-12-16 15:03:45","modified":"2019-12-16 15:03:45","menu_order":0,"mime_type":"image\/jpeg","type":"image","subtype":"jpeg","icon":"https:\/\/montreal-ouest.ca\/wp-includes\/images\/media\/default.png","width":1920,"height":1280,"sizes":{"thumbnail":"https:\/\/montreal-ouest.ca\/wp-content\/uploads\/2019\/12\/credit-card-851506_1920-285x285.jpg","thumbnail-width":285,"thumbnail-height":285,"medium":"https:\/\/montreal-ouest.ca\/wp-content\/uploads\/2019\/12\/credit-card-851506_1920-992x661.jpg","medium-width":992,"medium-height":661,"medium_large":"https:\/\/montreal-ouest.ca\/wp-content\/uploads\/2019\/12\/credit-card-851506_1920-768x512.jpg","medium_large-width":768,"medium_large-height":512,"large":"https:\/\/montreal-ouest.ca\/wp-content\/uploads\/2019\/12\/credit-card-851506_1920-1920x1280.jpg","large-width":1920,"large-height":1280,"1536x1536":"https:\/\/montreal-ouest.ca\/wp-content\/uploads\/2019\/12\/credit-card-851506_1920.jpg","1536x1536-width":1536,"1536x1536-height":1024,"2048x2048":"https:\/\/montreal-ouest.ca\/wp-content\/uploads\/2019\/12\/credit-card-851506_1920.jpg","2048x2048-width":1920,"2048x2048-height":1280}},"header_title":"","header_subtitle":"","sidebar_image":false,"hide_sidebar":false},"publishpress_future_workflow_manual_trigger":{"enabledWorkflows":[]},"_links":{"self":[{"href":"https:\/\/montreal-ouest.ca\/fr\/wp-json\/wp\/v2\/pages\/17533","targetHints":{"allow":["GET"]}}],"collection":[{"href":"https:\/\/montreal-ouest.ca\/fr\/wp-json\/wp\/v2\/pages"}],"about":[{"href":"https:\/\/montreal-ouest.ca\/fr\/wp-json\/wp\/v2\/types\/page"}],"author":[{"embeddable":true,"href":"https:\/\/montreal-ouest.ca\/fr\/wp-json\/wp\/v2\/users\/3"}],"replies":[{"embeddable":true,"href":"https:\/\/montreal-ouest.ca\/fr\/wp-json\/wp\/v2\/comments?post=17533"}],"version-history":[{"count":0,"href":"https:\/\/montreal-ouest.ca\/fr\/wp-json\/wp\/v2\/pages\/17533\/revisions"}],"up":[{"embeddable":true,"href":"https:\/\/montreal-ouest.ca\/fr\/wp-json\/wp\/v2\/pages\/17498"}],"wp:attachment":[{"href":"https:\/\/montreal-ouest.ca\/fr\/wp-json\/wp\/v2\/media?parent=17533"}],"wp:term":[{"taxonomy":"post_tag","embeddable":true,"href":"https:\/\/montreal-ouest.ca\/fr\/wp-json\/wp\/v2\/tags?post=17533"}],"curies":[{"name":"wp","href":"https:\/\/api.w.org\/{rel}","templated":true}]}}