{"id":11518,"date":"2019-05-01T16:26:23","date_gmt":"2019-05-01T20:26:23","guid":{"rendered":"https:\/\/montreal-west.ca\/services-aux-residents\/travaux-publics\/infrastructure\/"},"modified":"2021-09-21T16:18:33","modified_gmt":"2021-09-21T20:18:33","slug":"infrastructure","status":"publish","type":"page","link":"https:\/\/montreal-ouest.ca\/fr\/services-aux-residents\/travaux-publics\/infrastructure\/","title":{"rendered":"Travaux d&rsquo;infrastructure"},"content":{"rendered":"\t\t<div data-elementor-type=\"wp-post\" data-elementor-id=\"11518\" class=\"elementor elementor-11518 elementor-11191 elementor-bc-flex-widget\" data-elementor-post-type=\"page\">\n\t\t\t\t\t\t<section class=\"elementor-section elementor-top-section elementor-element elementor-element-dc1210d elementor-section-boxed elementor-section-height-default elementor-section-height-default\" data-id=\"dc1210d\" data-element_type=\"section\" data-e-type=\"section\">\n\t\t\t\t\t\t<div class=\"elementor-container elementor-column-gap-default\">\n\t\t\t\t\t<div class=\"elementor-column elementor-col-100 elementor-top-column elementor-element elementor-element-8ddb7fe\" data-id=\"8ddb7fe\" data-element_type=\"column\" data-e-type=\"column\">\n\t\t\t<div class=\"elementor-widget-wrap elementor-element-populated\">\n\t\t\t\t\t\t<div class=\"elementor-element elementor-element-a94741f elementor-widget elementor-widget-text-editor\" data-id=\"a94741f\" data-element_type=\"widget\" data-e-type=\"widget\" data-widget_type=\"text-editor.default\">\n\t\t\t\t<div class=\"elementor-widget-container\">\n\t\t\t\t\t\t\t\t\t<p>Chaque ann\u00e9e, la Ville de Montr\u00e9al-Ouest entreprend diff\u00e9rents projets d&rsquo;infrastructures \u00e0 travers la ville. Vous trouverez ici une liste des travaux en cours.<\/p><p>Comme pour tout projet d&rsquo;envergure, il y aura des inconv\u00e9nients pendant les travaux et nous vous remercions de votre patience et votre compr\u00e9hension. Nous sommes certains que les inconv\u00e9nients \u00e0 court terme seront minimes par rapport aux b\u00e9n\u00e9fices \u00e0 long terme.<\/p><h3>Responsabilit\u00e9s des citoyens<\/h3><ul><li>Pour votre s\u00e9curit\u00e9, nous vous prions de suivre les indications de chantier (cl\u00f4tures, barricades) et de respecter la signalisation et les d\u00e9tours temporaires.<\/li><li>Vous devez aviser le Service des travaux publics de tout d\u00e9m\u00e9nagement, livraison ou transport n\u00e9cessitant un acc\u00e8s direct \u00e0 votre propri\u00e9t\u00e9 pr\u00e9vu pendant les travaux.<\/li><li>Toute question, tout commentaire ou toute plainte doit \u00eatre communiqu\u00e9 au surveillant de chantier ou au <a href=\"https:\/\/montreal-west.ca\/fr\/notre-ville\/nous-joindre\/\">Service des travaux publics<\/a>.<\/li><\/ul>\t\t\t\t\t\t\t\t<\/div>\n\t\t\t\t<\/div>\n\t\t\t\t<div class=\"elementor-element elementor-element-4ec0c0c elementor-widget elementor-widget-accordion\" data-id=\"4ec0c0c\" data-element_type=\"widget\" data-e-type=\"widget\" data-widget_type=\"accordion.default\">\n\t\t\t\t<div class=\"elementor-widget-container\">\n\t\t\t\t\t\n\t\t<div class=\"penega-accordion\">\n\t\t\t\t\t\t\t<div class=\"accordion-card\">\n\t\t\t\t\t<div class=\"accordion-header\" id=\"elementor-tab-title-0\">\n\t\t  \t\t        <button class=\"btn btn-link d-flex align-items-center justify-content-between collapsed\" data-toggle=\"collapse\" data-target=\"#elementor-tab-content-0\" aria-expanded=\"true\" aria-controls=\"elementor-tab-content-0\">\n\t\t\t\t\t\t\tRenouvellement des infrastructures 2021\t\t\t\t\t\t\t<img decoding=\"async\" src=\"https:\/\/montreal-ouest.ca\/wp-content\/themes\/penega\/images\/right-arrow.png\" alt=\"Right arrow\">\n\t\t\t\t\t\t<\/button>\n\t\t\t\t\t<\/div>\n\t\t\t\t\t<div id=\"elementor-tab-content-0\" class=\"collapse\" aria-labbeledby=\"elementor-tab-title-0\" data-parent=\".penega-accordion\">\n\t\t\t\t\t\t<div class=\"card-body\">\n\t\t\t\t\t\t\t<h2>Reconstruction de l'Avenue Fenwick<\/h2><p><em>Travaux en cours<\/em><\/p><p><em><span style=\"color: #ff0000;\">Avis du 21 septembre 2021\u00a0<\/span><\/em><\/p><p><em><span style=\"color: #ff0000;\">Une nouvelle fuite de gaz est survenue aujourd'hui au cours des travaux d\u2019infrastructures de l\u2019avenue Fenwick. Le protocole d\u2019intervention a \u00e9t\u00e9 mis en place imm\u00e9diatement par le Service d'incendie de Montr\u00e9al (SIM) et la fuite a \u00e9t\u00e9 maitris\u00e9e tr\u00e8s rapidement. Toutes les parties prenantes travaillent \u00e0 pied d\u2019\u0153uvre pour assurer le bon d\u00e9roulement du projet en toute s\u00e9curit\u00e9.<\/span><\/em><\/p><ul><li>Reconstruction compl\u00e8te des r\u00e9seaux d\u2019\u00e9gouts et d\u2019eau<\/li><li>Remplacement de la plateforme, des trottoirs, des lampadaires et des bouches d\u2019incendie<\/li><\/ul><p>D\u00e9but du projet: 6 juillet 2021. Les conduites d'eau temporaires seront install\u00e9es et connect\u00e9es \u00e0 toutes les maisons touch\u00e9es. Les travaux d'excavation d\u00e9buteront apr\u00e8s l\u2019installation des conduits d\u2019eau temporaires.<\/p><p>L'ensemble du projet de reconstruction devrait \u00eatre termin\u00e9 \u00e0 la mi-octobre.<\/p><p>Pendant ce temps, les tron\u00e7ons de rue touch\u00e9s par les travaux seront ferm\u00e9s \u00e0 la circulation, surtout pendant la journ\u00e9e. L\u2019acc\u00e8s aux v\u00e9hicules d\u2019urgence sera maintenu en tout temps.<\/p><p>Pour toutes questions sur ce projet, veuillez utiliser <strong><a href=\"https:\/\/montreal-west.ca\/fr\/notre-ville\/nous-joindre\/\">le formulaire disponible sur cette page<\/a><\/strong> en s\u00e9lectionnant <em><strong>Travaux publics<\/strong><\/em> dans les d\u00e9partements, et <em><strong>Renouvellement des infrastructures 2021<\/strong><\/em> dans les sujets.<\/p><p><i class=\"fa\" style=\"font-size: 24px;\">\uf15b\u00a0<\/i> <a href=\"https:\/\/montreal-west.ca\/wp-content\/uploads\/2021\/06\/21-0739-MTL-OUEST-Seance-explicative-des-travaux.pdf\">Pr\u00e9sentation Avizo de la s\u00e9ance d'information<\/a><\/p><p><i class=\"fa\" style=\"font-size: 24px;\">\uf15b\u00a0<\/i> <a href=\"https:\/\/montreal-west.ca\/wp-content\/uploads\/2021\/09\/Fuite-de-gaz_FAQ.pdf\">Informations suite \u00e0 la fuite de gaz du 30 ao\u00fbt 2021<\/a><\/p><hr \/><h2>Resurfa\u00e7age du chemin Avon<\/h2><p><em>Travaux compl\u00e9t\u00e9s<\/em><\/p><ul><li>Resurfa\u00e7age de la surface asphalt\u00e9e<\/li><li>R\u00e9parations de la fondation de la rue sur le chemin Avon entre Westminster Sud et Ronald<\/li><\/ul>\t\t\t\t\t\t<\/div>\n\t\t\t\t\t<\/div>\n\t\t\t\t<\/div>\n\t\t\t\t\t\t\t\t<div class=\"accordion-card\">\n\t\t\t\t\t<div class=\"accordion-header\" id=\"elementor-tab-title-1\">\n\t\t  \t\t        <button class=\"btn btn-link d-flex align-items-center justify-content-between collapsed\" data-toggle=\"collapse\" data-target=\"#elementor-tab-content-1\" aria-expanded=\"true\" aria-controls=\"elementor-tab-content-1\">\n\t\t\t\t\t\t\tTravaux compl\u00e9t\u00e9s en 2019\t\t\t\t\t\t\t<img decoding=\"async\" src=\"https:\/\/montreal-ouest.ca\/wp-content\/themes\/penega\/images\/right-arrow.png\" alt=\"Right arrow\">\n\t\t\t\t\t\t<\/button>\n\t\t\t\t\t<\/div>\n\t\t\t\t\t<div id=\"elementor-tab-content-1\" class=\"collapse\" aria-labbeledby=\"elementor-tab-title-1\" data-parent=\".penega-accordion\">\n\t\t\t\t\t\t<div class=\"card-body\">\n\t\t\t\t\t\t\t<h3>R\u00e9fection de l'avenue Wolseley Nord (entre Racliffe et Edinburgh)<\/h3><ul><li>Travaux d'excavation et de fondation<\/li><li>Remplacement des \u00e9gouts pluviaux et sanitaires<\/li><li>Remplacement de l'aqueduc<\/li><li>Remplacement de toutes les entr\u00e9es de service entre la conduite principale et la ligne de lot<\/li><li>Travaux de r\u00e9fection de chauss\u00e9e, de pavage et de trottoirs<\/li><\/ul><h3>Reconstruction de l'avenue Crestwood<\/h3><ul><li>Travaux d'excavation et de fondation<\/li><li>Remplacement des \u00e9gouts<\/li><li>Remplacement des conduites d'eau<\/li><li>Remplacement des trottoirs en b\u00e9ton et de la chauss\u00e9e<\/li><\/ul>\t\t\t\t\t\t<\/div>\n\t\t\t\t\t<\/div>\n\t\t\t\t<\/div>\n\t\t\t\t\t\t<\/div>\n\n\n\t\t\t\t\t\t<\/div>\n\t\t\t\t<\/div>\n\t\t\t\t\t<\/div>\n\t\t<\/div>\n\t\t\t\t\t<\/div>\n\t\t<\/section>\n\t\t\t\t<\/div>\n\t\t","protected":false},"excerpt":{"rendered":"<p>Chaque ann\u00e9e, la Ville de Montr\u00e9al-Ouest entreprend diff\u00e9rents projets d&rsquo;infrastructures \u00e0 travers la ville. Vous trouverez ici une liste des travaux en cours. Comme pour tout projet d&rsquo;envergure, il y aura des inconv\u00e9nients pendant les travaux et nous [&hellip;]<\/p>\n","protected":false},"author":3,"featured_media":0,"parent":4299,"menu_order":0,"comment_status":"closed","ping_status":"closed","template":"","meta":{"_acf_changed":false,"footnotes":""},"tags":[],"class_list":["post-11518","page","type-page","status-publish","hentry"],"better_featured_image":null,"acf":{"event_types":false,"header_image":{"ID":11203,"id":11203,"title":"bagger-constructing-construction-2489","filename":"bagger-constructing-construction-2489.jpg","filesize":4194593,"url":"https:\/\/montreal-ouest.ca\/wp-content\/uploads\/2019\/05\/bagger-constructing-construction-2489.jpg","link":"https:\/\/montreal-ouest.ca\/fr\/resident-services\/public-works\/infrastructure\/bagger-constructing-construction-2489\/","alt":"","author":"3","description":"","caption":"","name":"bagger-constructing-construction-2489","status":"inherit","uploaded_to":11191,"date":"2019-05-01 20:33:16","modified":"2019-05-01 20:33:16","menu_order":0,"mime_type":"image\/jpeg","type":"image","subtype":"jpeg","icon":"https:\/\/montreal-ouest.ca\/wp-includes\/images\/media\/default.png","width":5760,"height":3840,"sizes":{"thumbnail":"https:\/\/montreal-ouest.ca\/wp-content\/uploads\/2019\/05\/bagger-constructing-construction-2489-285x285.jpg","thumbnail-width":285,"thumbnail-height":285,"medium":"https:\/\/montreal-ouest.ca\/wp-content\/uploads\/2019\/05\/bagger-constructing-construction-2489-992x661.jpg","medium-width":992,"medium-height":661,"medium_large":"https:\/\/montreal-ouest.ca\/wp-content\/uploads\/2019\/05\/bagger-constructing-construction-2489-768x512.jpg","medium_large-width":768,"medium_large-height":512,"large":"https:\/\/montreal-ouest.ca\/wp-content\/uploads\/2019\/05\/bagger-constructing-construction-2489-1920x1280.jpg","large-width":1920,"large-height":1280,"1536x1536":"https:\/\/montreal-ouest.ca\/wp-content\/uploads\/2019\/05\/bagger-constructing-construction-2489.jpg","1536x1536-width":1536,"1536x1536-height":1024,"2048x2048":"https:\/\/montreal-ouest.ca\/wp-content\/uploads\/2019\/05\/bagger-constructing-construction-2489.jpg","2048x2048-width":2048,"2048x2048-height":1365}},"header_title":"","header_subtitle":"","sidebar_image":false,"hide_sidebar":false},"publishpress_future_workflow_manual_trigger":{"enabledWorkflows":[]},"_links":{"self":[{"href":"https:\/\/montreal-ouest.ca\/fr\/wp-json\/wp\/v2\/pages\/11518","targetHints":{"allow":["GET"]}}],"collection":[{"href":"https:\/\/montreal-ouest.ca\/fr\/wp-json\/wp\/v2\/pages"}],"about":[{"href":"https:\/\/montreal-ouest.ca\/fr\/wp-json\/wp\/v2\/types\/page"}],"author":[{"embeddable":true,"href":"https:\/\/montreal-ouest.ca\/fr\/wp-json\/wp\/v2\/users\/3"}],"replies":[{"embeddable":true,"href":"https:\/\/montreal-ouest.ca\/fr\/wp-json\/wp\/v2\/comments?post=11518"}],"version-history":[{"count":0,"href":"https:\/\/montreal-ouest.ca\/fr\/wp-json\/wp\/v2\/pages\/11518\/revisions"}],"up":[{"embeddable":true,"href":"https:\/\/montreal-ouest.ca\/fr\/wp-json\/wp\/v2\/pages\/4299"}],"wp:attachment":[{"href":"https:\/\/montreal-ouest.ca\/fr\/wp-json\/wp\/v2\/media?parent=11518"}],"wp:term":[{"taxonomy":"post_tag","embeddable":true,"href":"https:\/\/montreal-ouest.ca\/fr\/wp-json\/wp\/v2\/tags?post=11518"}],"curies":[{"name":"wp","href":"https:\/\/api.w.org\/{rel}","templated":true}]}}